{"id":110063,"date":"2023-06-08T08:48:08","date_gmt":"2023-06-08T07:48:08","guid":{"rendered":"https:\/\/egidimadeinitaly.com\/ecomsite\/negozio\/uncategorized\/robert-sonneman-lustre\/"},"modified":"2024-11-28T19:49:58","modified_gmt":"2024-11-28T18:49:58","slug":"robert-sonneman-lustre","status":"publish","type":"product","link":"https:\/\/egidimadeinitaly.com\/fr\/negozio\/objets-dart\/objets-dart-modernes\/robert-sonneman-lustre\/","title":{"rendered":"Robert Sonneman Lustre"},"content":{"rendered":"<p>Des feuilles de m\u00e9tal nacr\u00e9 formant des tubes caract\u00e9risent ce de <strong>Robert Sonneman<\/strong>.<\/p>\n<p>Ligne simple mais visuellement complexe.<br \/>\nUn design embl\u00e9matique des ann\u00e9es 1970.<br \/>\nCe lustre est une sculpture \u00e0 suspendre au plafond pour \u00e9clairer votre maison.<\/p>\n<p>Une touche de design iconique pour illuminer votre int\u00e9rieur.<\/p>\n","protected":false},"excerpt":{"rendered":"<p>Lustre en m\u00e9tal nacr\u00e9 <strong>Robert Sonneman<\/strong><\/p>\n","protected":false},"featured_media":108667,"template":"","meta":{"_acf_changed":false},"product_brand":[],"product_cat":[6412,6492],"product_tag":[],"class_list":{"0":"post-110063","1":"product","2":"type-product","3":"status-publish","4":"has-post-thumbnail","6":"product_cat-objets-dart-modernes","7":"product_cat-objets-dart","9":"first","10":"instock","11":"taxable","12":"shipping-taxable","13":"product-type-simple"},"acf":[],"yoast_head":"<!-- This site is optimized with the Yoast SEO Premium plugin v27.3 (Yoast SEO v27.4) - https:\/\/yoast.com\/product\/yoast-seo-premium-wordpress\/ -->\n<title>Robert Sonneman Lustre - Egidi MadeinItaly<\/title>\n<meta name=\"description\" content=\"Lustre en m\u00e9tal nacr\u00e9 Robert Sonneman \u00c9clairez votre maison avec une lampe suspendue de Modernariato sur Egidi MadeinItaly\" \/>\n<meta name=\"robots\" content=\"index, follow, max-snippet:-1, max-image-preview:large, max-video-preview:-1\" \/>\n<link rel=\"canonical\" href=\"https:\/\/egidimadeinitaly.com\/fr\/produit\/design-fr\/luminaires-fr-2\/lustres-fr\/robert-sonneman-lustre\/\" \/>\n<meta property=\"og:locale\" content=\"fr_FR\" \/>\n<meta property=\"og:type\" content=\"article\" \/>\n<meta property=\"og:title\" content=\"Robert Sonneman Lustre\" \/>\n<meta property=\"og:description\" content=\"Lustre en m\u00e9tal nacr\u00e9 Robert Sonneman\" \/>\n<meta property=\"og:url\" content=\"https:\/\/egidimadeinitaly.com\/fr\/produit\/design-fr\/luminaires-fr-2\/lustres-fr\/robert-sonneman-lustre\/\" \/>\n<meta property=\"og:site_name\" content=\"Egidi MadeinItaly\" \/>\n<meta property=\"article:publisher\" content=\"https:\/\/www.facebook.com\/egidimadeinitaly\/\" \/>\n<meta property=\"article:modified_time\" content=\"2024-11-28T18:49:58+00:00\" \/>\n<meta property=\"og:image\" content=\"https:\/\/egidimadeinitaly.com\/wp-content\/uploads\/2022\/04\/22-04-05-Egidi-madeinItaly-23-2-scaled.jpg\" \/>\n\t<meta property=\"og:image:width\" content=\"2560\" \/>\n\t<meta property=\"og:image:height\" content=\"2048\" \/>\n\t<meta property=\"og:image:type\" content=\"image\/jpeg\" \/>\n<script type=\"application\/ld+json\" class=\"yoast-schema-graph\">{\"@context\":\"https:\\\/\\\/schema.org\",\"@graph\":[{\"@type\":\"WebPage\",\"@id\":\"https:\\\/\\\/egidimadeinitaly.com\\\/fr\\\/negozio\\\/objets-dart\\\/objets-dart-modernes\\\/robert-sonneman-lustre\\\/\",\"url\":\"https:\\\/\\\/egidimadeinitaly.com\\\/fr\\\/produit\\\/design-fr\\\/luminaires-fr-2\\\/lustres-fr\\\/robert-sonneman-lustre\\\/\",\"name\":\"Robert Sonneman Lustre - Egidi MadeinItaly\",\"isPartOf\":{\"@id\":\"https:\\\/\\\/egidimadeinitaly.com\\\/fr\\\/#website\"},\"primaryImageOfPage\":{\"@id\":\"https:\\\/\\\/egidimadeinitaly.com\\\/fr\\\/produit\\\/design-fr\\\/luminaires-fr-2\\\/lustres-fr\\\/robert-sonneman-lustre\\\/#primaryimage\"},\"image\":{\"@id\":\"https:\\\/\\\/egidimadeinitaly.com\\\/fr\\\/produit\\\/design-fr\\\/luminaires-fr-2\\\/lustres-fr\\\/robert-sonneman-lustre\\\/#primaryimage\"},\"thumbnailUrl\":\"https:\\\/\\\/egidimadeinitaly.com\\\/v25\\\/wp-content\\\/uploads\\\/2022\\\/04\\\/22-04-05-Egidi-madeinItaly-23-2-scaled.jpg\",\"datePublished\":\"2023-06-08T07:48:08+00:00\",\"dateModified\":\"2024-11-28T18:49:58+00:00\",\"description\":\"Lustre en m\u00e9tal nacr\u00e9 Robert Sonneman \u00c9clairez votre maison avec une lampe suspendue de Modernariato sur Egidi MadeinItaly\",\"breadcrumb\":{\"@id\":\"https:\\\/\\\/egidimadeinitaly.com\\\/fr\\\/produit\\\/design-fr\\\/luminaires-fr-2\\\/lustres-fr\\\/robert-sonneman-lustre\\\/#breadcrumb\"},\"inLanguage\":\"fr-FR\",\"potentialAction\":[{\"@type\":\"ReadAction\",\"target\":[\"https:\\\/\\\/egidimadeinitaly.com\\\/fr\\\/produit\\\/design-fr\\\/luminaires-fr-2\\\/lustres-fr\\\/robert-sonneman-lustre\\\/\"]}]},{\"@type\":\"ImageObject\",\"inLanguage\":\"fr-FR\",\"@id\":\"https:\\\/\\\/egidimadeinitaly.com\\\/fr\\\/produit\\\/design-fr\\\/luminaires-fr-2\\\/lustres-fr\\\/robert-sonneman-lustre\\\/#primaryimage\",\"url\":\"https:\\\/\\\/egidimadeinitaly.com\\\/v25\\\/wp-content\\\/uploads\\\/2022\\\/04\\\/22-04-05-Egidi-madeinItaly-23-2-scaled.jpg\",\"contentUrl\":\"https:\\\/\\\/egidimadeinitaly.com\\\/v25\\\/wp-content\\\/uploads\\\/2022\\\/04\\\/22-04-05-Egidi-madeinItaly-23-2-scaled.jpg\",\"width\":2560,\"height\":2048,\"caption\":\"Robert Sonneman Lustre\"},{\"@type\":\"BreadcrumbList\",\"@id\":\"https:\\\/\\\/egidimadeinitaly.com\\\/fr\\\/produit\\\/design-fr\\\/luminaires-fr-2\\\/lustres-fr\\\/robert-sonneman-lustre\\\/#breadcrumb\",\"itemListElement\":[{\"@type\":\"ListItem\",\"position\":1,\"name\":\"Home\",\"item\":\"https:\\\/\\\/egidimadeinitaly.com\\\/fr\\\/\"},{\"@type\":\"ListItem\",\"position\":2,\"name\":\"Produits\",\"item\":\"https:\\\/\\\/egidimadeinitaly.com\\\/fr\\\/shop\\\/\"},{\"@type\":\"ListItem\",\"position\":3,\"name\":\"Objets d\u2019art\",\"item\":\"https:\\\/\\\/egidimadeinitaly.com\\\/fr\\\/product-category\\\/objets-dart\\\/\"},{\"@type\":\"ListItem\",\"position\":4,\"name\":\"Objets d'art modernes\",\"item\":\"https:\\\/\\\/egidimadeinitaly.com\\\/fr\\\/product-category\\\/objets-dart\\\/objets-dart-modernes\\\/\"},{\"@type\":\"ListItem\",\"position\":5,\"name\":\"Robert Sonneman Lustre\"}]},{\"@type\":\"WebSite\",\"@id\":\"https:\\\/\\\/egidimadeinitaly.com\\\/fr\\\/#website\",\"url\":\"https:\\\/\\\/egidimadeinitaly.com\\\/fr\\\/\",\"name\":\"Egidi MadeinItaly\",\"description\":\"Fine Art\",\"potentialAction\":[{\"@type\":\"SearchAction\",\"target\":{\"@type\":\"EntryPoint\",\"urlTemplate\":\"https:\\\/\\\/egidimadeinitaly.com\\\/fr\\\/?s={search_term_string}\"},\"query-input\":{\"@type\":\"PropertyValueSpecification\",\"valueRequired\":true,\"valueName\":\"search_term_string\"}}],\"inLanguage\":\"fr-FR\"}]}<\/script>\n<!-- \/ Yoast SEO Premium plugin. -->","yoast_head_json":{"title":"Robert Sonneman Lustre - Egidi MadeinItaly","description":"Lustre en m\u00e9tal nacr\u00e9 Robert Sonneman \u00c9clairez votre maison avec une lampe suspendue de Modernariato sur Egidi MadeinItaly","robots":{"index":"index","follow":"follow","max-snippet":"max-snippet:-1","max-image-preview":"max-image-preview:large","max-video-preview":"max-video-preview:-1"},"canonical":"https:\/\/egidimadeinitaly.com\/fr\/produit\/design-fr\/luminaires-fr-2\/lustres-fr\/robert-sonneman-lustre\/","og_locale":"fr_FR","og_type":"article","og_title":"Robert Sonneman Lustre","og_description":"Lustre en m\u00e9tal nacr\u00e9 Robert Sonneman","og_url":"https:\/\/egidimadeinitaly.com\/fr\/produit\/design-fr\/luminaires-fr-2\/lustres-fr\/robert-sonneman-lustre\/","og_site_name":"Egidi MadeinItaly","article_publisher":"https:\/\/www.facebook.com\/egidimadeinitaly\/","article_modified_time":"2024-11-28T18:49:58+00:00","og_image":[{"width":2560,"height":2048,"url":"https:\/\/egidimadeinitaly.com\/wp-content\/uploads\/2022\/04\/22-04-05-Egidi-madeinItaly-23-2-scaled.jpg","type":"image\/jpeg"}],"schema":{"@context":"https:\/\/schema.org","@graph":[{"@type":"WebPage","@id":"https:\/\/egidimadeinitaly.com\/fr\/negozio\/objets-dart\/objets-dart-modernes\/robert-sonneman-lustre\/","url":"https:\/\/egidimadeinitaly.com\/fr\/produit\/design-fr\/luminaires-fr-2\/lustres-fr\/robert-sonneman-lustre\/","name":"Robert Sonneman Lustre - Egidi MadeinItaly","isPartOf":{"@id":"https:\/\/egidimadeinitaly.com\/fr\/#website"},"primaryImageOfPage":{"@id":"https:\/\/egidimadeinitaly.com\/fr\/produit\/design-fr\/luminaires-fr-2\/lustres-fr\/robert-sonneman-lustre\/#primaryimage"},"image":{"@id":"https:\/\/egidimadeinitaly.com\/fr\/produit\/design-fr\/luminaires-fr-2\/lustres-fr\/robert-sonneman-lustre\/#primaryimage"},"thumbnailUrl":"https:\/\/egidimadeinitaly.com\/v25\/wp-content\/uploads\/2022\/04\/22-04-05-Egidi-madeinItaly-23-2-scaled.jpg","datePublished":"2023-06-08T07:48:08+00:00","dateModified":"2024-11-28T18:49:58+00:00","description":"Lustre en m\u00e9tal nacr\u00e9 Robert Sonneman \u00c9clairez votre maison avec une lampe suspendue de Modernariato sur Egidi MadeinItaly","breadcrumb":{"@id":"https:\/\/egidimadeinitaly.com\/fr\/produit\/design-fr\/luminaires-fr-2\/lustres-fr\/robert-sonneman-lustre\/#breadcrumb"},"inLanguage":"fr-FR","potentialAction":[{"@type":"ReadAction","target":["https:\/\/egidimadeinitaly.com\/fr\/produit\/design-fr\/luminaires-fr-2\/lustres-fr\/robert-sonneman-lustre\/"]}]},{"@type":"ImageObject","inLanguage":"fr-FR","@id":"https:\/\/egidimadeinitaly.com\/fr\/produit\/design-fr\/luminaires-fr-2\/lustres-fr\/robert-sonneman-lustre\/#primaryimage","url":"https:\/\/egidimadeinitaly.com\/v25\/wp-content\/uploads\/2022\/04\/22-04-05-Egidi-madeinItaly-23-2-scaled.jpg","contentUrl":"https:\/\/egidimadeinitaly.com\/v25\/wp-content\/uploads\/2022\/04\/22-04-05-Egidi-madeinItaly-23-2-scaled.jpg","width":2560,"height":2048,"caption":"Robert Sonneman Lustre"},{"@type":"BreadcrumbList","@id":"https:\/\/egidimadeinitaly.com\/fr\/produit\/design-fr\/luminaires-fr-2\/lustres-fr\/robert-sonneman-lustre\/#breadcrumb","itemListElement":[{"@type":"ListItem","position":1,"name":"Home","item":"https:\/\/egidimadeinitaly.com\/fr\/"},{"@type":"ListItem","position":2,"name":"Produits","item":"https:\/\/egidimadeinitaly.com\/fr\/shop\/"},{"@type":"ListItem","position":3,"name":"Objets d\u2019art","item":"https:\/\/egidimadeinitaly.com\/fr\/product-category\/objets-dart\/"},{"@type":"ListItem","position":4,"name":"Objets d'art modernes","item":"https:\/\/egidimadeinitaly.com\/fr\/product-category\/objets-dart\/objets-dart-modernes\/"},{"@type":"ListItem","position":5,"name":"Robert Sonneman Lustre"}]},{"@type":"WebSite","@id":"https:\/\/egidimadeinitaly.com\/fr\/#website","url":"https:\/\/egidimadeinitaly.com\/fr\/","name":"Egidi MadeinItaly","description":"Fine Art","potentialAction":[{"@type":"SearchAction","target":{"@type":"EntryPoint","urlTemplate":"https:\/\/egidimadeinitaly.com\/fr\/?s={search_term_string}"},"query-input":{"@type":"PropertyValueSpecification","valueRequired":true,"valueName":"search_term_string"}}],"inLanguage":"fr-FR"}]}},"_links":{"self":[{"href":"https:\/\/egidimadeinitaly.com\/fr\/wp-json\/wp\/v2\/product\/110063","targetHints":{"allow":["GET"]}}],"collection":[{"href":"https:\/\/egidimadeinitaly.com\/fr\/wp-json\/wp\/v2\/product"}],"about":[{"href":"https:\/\/egidimadeinitaly.com\/fr\/wp-json\/wp\/v2\/types\/product"}],"wp:featuredmedia":[{"embeddable":true,"href":"https:\/\/egidimadeinitaly.com\/fr\/wp-json\/wp\/v2\/media\/108667"}],"wp:attachment":[{"href":"https:\/\/egidimadeinitaly.com\/fr\/wp-json\/wp\/v2\/media?parent=110063"}],"wp:term":[{"taxonomy":"product_brand","embeddable":true,"href":"https:\/\/egidimadeinitaly.com\/fr\/wp-json\/wp\/v2\/product_brand?post=110063"},{"taxonomy":"product_cat","embeddable":true,"href":"https:\/\/egidimadeinitaly.com\/fr\/wp-json\/wp\/v2\/product_cat?post=110063"},{"taxonomy":"product_tag","embeddable":true,"href":"https:\/\/egidimadeinitaly.com\/fr\/wp-json\/wp\/v2\/product_tag?post=110063"}],"curies":[{"name":"wp","href":"https:\/\/api.w.org\/{rel}","templated":true}]}}