{"id":109606,"date":"2022-05-09T12:51:43","date_gmt":"2022-05-09T11:51:43","guid":{"rendered":"https:\/\/egidimadeinitaly.com\/ecomsite\/?post_type=product&#038;p=109606"},"modified":"2023-01-14T17:03:19","modified_gmt":"2023-01-14T16:03:19","slug":"aldo-caron-sculpture-en-bronze","status":"publish","type":"product","link":"https:\/\/egidimadeinitaly.com\/fr\/negozio\/sculpture-fr-2\/sculpture-moderne-fr\/aldo-caron-sculpture-en-bronze\/","title":{"rendered":"Aldo Caron Sculpture en bronze"},"content":{"rendered":"<p>Comme plusieurs de ses \u0153uvres datant des ann\u00e9es 1970 \u00e0 1990, il s&rsquo;agit d&rsquo;un travail plastique rigoureux, compos\u00e9 de formes d\u00e9chiquet\u00e9es et de plans peu \u00e9pais avec des saillies, des f\u00ealures et des fissures entrecoup\u00e9s de lignes courbes irr\u00e9guli\u00e8res.<\/p>\n<p>M\u00eame pour ses bronzes, l&rsquo;artiste ne renonce pas aux effets de couleur qui lui sont si chers en peinture.<\/p>\n<p>Pour ce faire, il fait \u00e9galement vibrer la surface en utilisant diff\u00e9rentes patines \u00e0 certains endroits de la toile.<\/p>\n<p>L&rsquo;\u0153uvre en question a \u00e9t\u00e9 r\u00e9alis\u00e9e par <strong>Aldo Caron<\/strong>, un artiste qui utilise des formes figuratives pour ses portraits.<\/p>\n<p>Il est \u00e9galement l&rsquo;un des principaux repr\u00e9sentants de l&rsquo;<strong>art informel<\/strong> italien, tant en <strong>peinture<\/strong> qu&rsquo;en <strong>sculpture<\/strong>.<\/p>\n<p>&nbsp;<\/p>\n","protected":false},"excerpt":{"rendered":"<p>Sculpture bronze r\u00e9alis\u00e9 en 1975, durant la p\u00e9riode romaine du sculpteur Aldo Caron<\/p>\n","protected":false},"featured_media":109245,"template":"","meta":{"_acf_changed":false},"product_brand":[],"product_cat":[6417,6421],"product_tag":[5422,5645,6262,1324,5306],"class_list":{"0":"post-109606","1":"product","2":"type-product","3":"status-publish","4":"has-post-thumbnail","6":"product_cat-sculpture-fr-2","7":"product_cat-sculpture-moderne-fr","8":"product_tag-annees-70","9":"product_tag-art-abstrait","10":"product_tag-art-informel","11":"product_tag-bronzes-fr","12":"product_tag-objets-de-collection","14":"first","15":"outofstock","16":"taxable","17":"shipping-taxable","18":"product-type-simple"},"acf":[],"yoast_head":"<!-- This site is optimized with the Yoast SEO Premium plugin v27.5 (Yoast SEO v27.5) - https:\/\/yoast.com\/product\/yoast-seo-premium-wordpress\/ -->\n<title>Aldo Caron Sculpture en bronze - Egidi MadeinItaly<\/title>\n<meta name=\"description\" content=\"Sculpture abstraite en bronze sign\u00e9e et dat\u00e9e Aldo Caron l&#039;un des principaux repr\u00e9sentants de l&#039;art informel en vente sur Egidi MadeinItaly\" \/>\n<meta name=\"robots\" content=\"index, follow, max-snippet:-1, max-image-preview:large, max-video-preview:-1\" \/>\n<link rel=\"canonical\" href=\"https:\/\/egidimadeinitaly.com\/fr\/negozio\/sculpture-fr-2\/sculpture-moderne-fr\/aldo-caron-sculpture-en-bronze\/\" \/>\n<meta property=\"og:locale\" content=\"fr_FR\" \/>\n<meta property=\"og:type\" content=\"article\" \/>\n<meta property=\"og:title\" content=\"Aldo Caron Sculpture en bronze\" \/>\n<meta property=\"og:description\" content=\"Sculpture bronze r\u00e9alis\u00e9 en 1975, durant la p\u00e9riode romaine du sculpteur Aldo Caron\" \/>\n<meta property=\"og:url\" content=\"https:\/\/egidimadeinitaly.com\/fr\/negozio\/sculpture-fr-2\/sculpture-moderne-fr\/aldo-caron-sculpture-en-bronze\/\" \/>\n<meta property=\"og:site_name\" content=\"Egidi MadeinItaly\" \/>\n<meta property=\"article:publisher\" content=\"https:\/\/www.facebook.com\/egidimadeinitaly\/\" \/>\n<meta property=\"article:modified_time\" content=\"2023-01-14T16:03:19+00:00\" \/>\n<meta property=\"og:image\" content=\"https:\/\/egidimadeinitaly.com\/wp-content\/uploads\/2022\/04\/2021-12-18-EgidimadeinItaly-21-2-1-scaled-e1678818626795.jpg\" \/>\n\t<meta property=\"og:image:width\" content=\"900\" \/>\n\t<meta property=\"og:image:height\" content=\"900\" \/>\n\t<meta property=\"og:image:type\" content=\"image\/jpeg\" \/>\n<script type=\"application\/ld+json\" class=\"yoast-schema-graph\">{\"@context\":\"https:\\\/\\\/schema.org\",\"@graph\":[{\"@type\":\"WebPage\",\"@id\":\"https:\\\/\\\/egidimadeinitaly.com\\\/fr\\\/negozio\\\/sculpture-fr-2\\\/sculpture-moderne-fr\\\/aldo-caron-sculpture-en-bronze\\\/\",\"url\":\"https:\\\/\\\/egidimadeinitaly.com\\\/fr\\\/negozio\\\/sculpture-fr-2\\\/sculpture-moderne-fr\\\/aldo-caron-sculpture-en-bronze\\\/\",\"name\":\"Aldo Caron Sculpture en bronze - Egidi MadeinItaly\",\"isPartOf\":{\"@id\":\"https:\\\/\\\/egidimadeinitaly.com\\\/fr\\\/#website\"},\"primaryImageOfPage\":{\"@id\":\"https:\\\/\\\/egidimadeinitaly.com\\\/fr\\\/negozio\\\/sculpture-fr-2\\\/sculpture-moderne-fr\\\/aldo-caron-sculpture-en-bronze\\\/#primaryimage\"},\"image\":{\"@id\":\"https:\\\/\\\/egidimadeinitaly.com\\\/fr\\\/negozio\\\/sculpture-fr-2\\\/sculpture-moderne-fr\\\/aldo-caron-sculpture-en-bronze\\\/#primaryimage\"},\"thumbnailUrl\":\"https:\\\/\\\/egidimadeinitaly.com\\\/v25\\\/wp-content\\\/uploads\\\/2022\\\/04\\\/2021-12-18-EgidimadeinItaly-21-2-1-scaled-e1678818626795.jpg\",\"datePublished\":\"2022-05-09T11:51:43+00:00\",\"dateModified\":\"2023-01-14T16:03:19+00:00\",\"description\":\"Sculpture abstraite en bronze sign\u00e9e et dat\u00e9e Aldo Caron l'un des principaux repr\u00e9sentants de l'art informel en vente sur Egidi MadeinItaly\",\"breadcrumb\":{\"@id\":\"https:\\\/\\\/egidimadeinitaly.com\\\/fr\\\/negozio\\\/sculpture-fr-2\\\/sculpture-moderne-fr\\\/aldo-caron-sculpture-en-bronze\\\/#breadcrumb\"},\"inLanguage\":\"fr-FR\",\"potentialAction\":[{\"@type\":\"ReadAction\",\"target\":[\"https:\\\/\\\/egidimadeinitaly.com\\\/fr\\\/negozio\\\/sculpture-fr-2\\\/sculpture-moderne-fr\\\/aldo-caron-sculpture-en-bronze\\\/\"]}]},{\"@type\":\"ImageObject\",\"inLanguage\":\"fr-FR\",\"@id\":\"https:\\\/\\\/egidimadeinitaly.com\\\/fr\\\/negozio\\\/sculpture-fr-2\\\/sculpture-moderne-fr\\\/aldo-caron-sculpture-en-bronze\\\/#primaryimage\",\"url\":\"https:\\\/\\\/egidimadeinitaly.com\\\/v25\\\/wp-content\\\/uploads\\\/2022\\\/04\\\/2021-12-18-EgidimadeinItaly-21-2-1-scaled-e1678818626795.jpg\",\"contentUrl\":\"https:\\\/\\\/egidimadeinitaly.com\\\/v25\\\/wp-content\\\/uploads\\\/2022\\\/04\\\/2021-12-18-EgidimadeinItaly-21-2-1-scaled-e1678818626795.jpg\",\"width\":900,\"height\":900,\"caption\":\"Aldo Caron Sculpture en bronze\"},{\"@type\":\"BreadcrumbList\",\"@id\":\"https:\\\/\\\/egidimadeinitaly.com\\\/fr\\\/negozio\\\/sculpture-fr-2\\\/sculpture-moderne-fr\\\/aldo-caron-sculpture-en-bronze\\\/#breadcrumb\",\"itemListElement\":[{\"@type\":\"ListItem\",\"position\":1,\"name\":\"Home\",\"item\":\"https:\\\/\\\/egidimadeinitaly.com\\\/fr\\\/\"},{\"@type\":\"ListItem\",\"position\":2,\"name\":\"Produits\",\"item\":\"https:\\\/\\\/egidimadeinitaly.com\\\/fr\\\/shop\\\/\"},{\"@type\":\"ListItem\",\"position\":3,\"name\":\"Sculpture\",\"item\":\"https:\\\/\\\/egidimadeinitaly.com\\\/fr\\\/product-category\\\/sculpture-fr-2\\\/\"},{\"@type\":\"ListItem\",\"position\":4,\"name\":\"Sculpture moderne\",\"item\":\"https:\\\/\\\/egidimadeinitaly.com\\\/fr\\\/product-category\\\/sculpture-fr-2\\\/sculpture-moderne-fr\\\/\"},{\"@type\":\"ListItem\",\"position\":5,\"name\":\"Aldo Caron Sculpture en bronze\"}]},{\"@type\":\"WebSite\",\"@id\":\"https:\\\/\\\/egidimadeinitaly.com\\\/fr\\\/#website\",\"url\":\"https:\\\/\\\/egidimadeinitaly.com\\\/fr\\\/\",\"name\":\"Egidi MadeinItaly\",\"description\":\"Fine Art\",\"potentialAction\":[{\"@type\":\"SearchAction\",\"target\":{\"@type\":\"EntryPoint\",\"urlTemplate\":\"https:\\\/\\\/egidimadeinitaly.com\\\/fr\\\/?s={search_term_string}\"},\"query-input\":{\"@type\":\"PropertyValueSpecification\",\"valueRequired\":true,\"valueName\":\"search_term_string\"}}],\"inLanguage\":\"fr-FR\"}]}<\/script>\n<!-- \/ Yoast SEO Premium plugin. -->","yoast_head_json":{"title":"Aldo Caron Sculpture en bronze - Egidi MadeinItaly","description":"Sculpture abstraite en bronze sign\u00e9e et dat\u00e9e Aldo Caron l'un des principaux repr\u00e9sentants de l'art informel en vente sur Egidi MadeinItaly","robots":{"index":"index","follow":"follow","max-snippet":"max-snippet:-1","max-image-preview":"max-image-preview:large","max-video-preview":"max-video-preview:-1"},"canonical":"https:\/\/egidimadeinitaly.com\/fr\/negozio\/sculpture-fr-2\/sculpture-moderne-fr\/aldo-caron-sculpture-en-bronze\/","og_locale":"fr_FR","og_type":"article","og_title":"Aldo Caron Sculpture en bronze","og_description":"Sculpture bronze r\u00e9alis\u00e9 en 1975, durant la p\u00e9riode romaine du sculpteur Aldo Caron","og_url":"https:\/\/egidimadeinitaly.com\/fr\/negozio\/sculpture-fr-2\/sculpture-moderne-fr\/aldo-caron-sculpture-en-bronze\/","og_site_name":"Egidi MadeinItaly","article_publisher":"https:\/\/www.facebook.com\/egidimadeinitaly\/","article_modified_time":"2023-01-14T16:03:19+00:00","og_image":[{"width":900,"height":900,"url":"https:\/\/egidimadeinitaly.com\/wp-content\/uploads\/2022\/04\/2021-12-18-EgidimadeinItaly-21-2-1-scaled-e1678818626795.jpg","type":"image\/jpeg"}],"schema":{"@context":"https:\/\/schema.org","@graph":[{"@type":"WebPage","@id":"https:\/\/egidimadeinitaly.com\/fr\/negozio\/sculpture-fr-2\/sculpture-moderne-fr\/aldo-caron-sculpture-en-bronze\/","url":"https:\/\/egidimadeinitaly.com\/fr\/negozio\/sculpture-fr-2\/sculpture-moderne-fr\/aldo-caron-sculpture-en-bronze\/","name":"Aldo Caron Sculpture en bronze - Egidi MadeinItaly","isPartOf":{"@id":"https:\/\/egidimadeinitaly.com\/fr\/#website"},"primaryImageOfPage":{"@id":"https:\/\/egidimadeinitaly.com\/fr\/negozio\/sculpture-fr-2\/sculpture-moderne-fr\/aldo-caron-sculpture-en-bronze\/#primaryimage"},"image":{"@id":"https:\/\/egidimadeinitaly.com\/fr\/negozio\/sculpture-fr-2\/sculpture-moderne-fr\/aldo-caron-sculpture-en-bronze\/#primaryimage"},"thumbnailUrl":"https:\/\/egidimadeinitaly.com\/v25\/wp-content\/uploads\/2022\/04\/2021-12-18-EgidimadeinItaly-21-2-1-scaled-e1678818626795.jpg","datePublished":"2022-05-09T11:51:43+00:00","dateModified":"2023-01-14T16:03:19+00:00","description":"Sculpture abstraite en bronze sign\u00e9e et dat\u00e9e Aldo Caron l'un des principaux repr\u00e9sentants de l'art informel en vente sur Egidi MadeinItaly","breadcrumb":{"@id":"https:\/\/egidimadeinitaly.com\/fr\/negozio\/sculpture-fr-2\/sculpture-moderne-fr\/aldo-caron-sculpture-en-bronze\/#breadcrumb"},"inLanguage":"fr-FR","potentialAction":[{"@type":"ReadAction","target":["https:\/\/egidimadeinitaly.com\/fr\/negozio\/sculpture-fr-2\/sculpture-moderne-fr\/aldo-caron-sculpture-en-bronze\/"]}]},{"@type":"ImageObject","inLanguage":"fr-FR","@id":"https:\/\/egidimadeinitaly.com\/fr\/negozio\/sculpture-fr-2\/sculpture-moderne-fr\/aldo-caron-sculpture-en-bronze\/#primaryimage","url":"https:\/\/egidimadeinitaly.com\/v25\/wp-content\/uploads\/2022\/04\/2021-12-18-EgidimadeinItaly-21-2-1-scaled-e1678818626795.jpg","contentUrl":"https:\/\/egidimadeinitaly.com\/v25\/wp-content\/uploads\/2022\/04\/2021-12-18-EgidimadeinItaly-21-2-1-scaled-e1678818626795.jpg","width":900,"height":900,"caption":"Aldo Caron Sculpture en bronze"},{"@type":"BreadcrumbList","@id":"https:\/\/egidimadeinitaly.com\/fr\/negozio\/sculpture-fr-2\/sculpture-moderne-fr\/aldo-caron-sculpture-en-bronze\/#breadcrumb","itemListElement":[{"@type":"ListItem","position":1,"name":"Home","item":"https:\/\/egidimadeinitaly.com\/fr\/"},{"@type":"ListItem","position":2,"name":"Produits","item":"https:\/\/egidimadeinitaly.com\/fr\/shop\/"},{"@type":"ListItem","position":3,"name":"Sculpture","item":"https:\/\/egidimadeinitaly.com\/fr\/product-category\/sculpture-fr-2\/"},{"@type":"ListItem","position":4,"name":"Sculpture moderne","item":"https:\/\/egidimadeinitaly.com\/fr\/product-category\/sculpture-fr-2\/sculpture-moderne-fr\/"},{"@type":"ListItem","position":5,"name":"Aldo Caron Sculpture en bronze"}]},{"@type":"WebSite","@id":"https:\/\/egidimadeinitaly.com\/fr\/#website","url":"https:\/\/egidimadeinitaly.com\/fr\/","name":"Egidi MadeinItaly","description":"Fine Art","potentialAction":[{"@type":"SearchAction","target":{"@type":"EntryPoint","urlTemplate":"https:\/\/egidimadeinitaly.com\/fr\/?s={search_term_string}"},"query-input":{"@type":"PropertyValueSpecification","valueRequired":true,"valueName":"search_term_string"}}],"inLanguage":"fr-FR"}]}},"_links":{"self":[{"href":"https:\/\/egidimadeinitaly.com\/fr\/wp-json\/wp\/v2\/product\/109606","targetHints":{"allow":["GET"]}}],"collection":[{"href":"https:\/\/egidimadeinitaly.com\/fr\/wp-json\/wp\/v2\/product"}],"about":[{"href":"https:\/\/egidimadeinitaly.com\/fr\/wp-json\/wp\/v2\/types\/product"}],"wp:featuredmedia":[{"embeddable":true,"href":"https:\/\/egidimadeinitaly.com\/fr\/wp-json\/wp\/v2\/media\/109245"}],"wp:attachment":[{"href":"https:\/\/egidimadeinitaly.com\/fr\/wp-json\/wp\/v2\/media?parent=109606"}],"wp:term":[{"taxonomy":"product_brand","embeddable":true,"href":"https:\/\/egidimadeinitaly.com\/fr\/wp-json\/wp\/v2\/product_brand?post=109606"},{"taxonomy":"product_cat","embeddable":true,"href":"https:\/\/egidimadeinitaly.com\/fr\/wp-json\/wp\/v2\/product_cat?post=109606"},{"taxonomy":"product_tag","embeddable":true,"href":"https:\/\/egidimadeinitaly.com\/fr\/wp-json\/wp\/v2\/product_tag?post=109606"}],"curies":[{"name":"wp","href":"https:\/\/api.w.org\/{rel}","templated":true}]}}