{"id":108282,"date":"2022-01-29T13:21:52","date_gmt":"2022-01-29T12:21:52","guid":{"rendered":"https:\/\/egidimadeinitaly.com\/ecomsite\/?post_type=product&#038;p=108282"},"modified":"2024-11-28T18:12:13","modified_gmt":"2024-11-28T17:12:13","slug":"carlo-bossoli-gouache","status":"publish","type":"product","link":"https:\/\/egidimadeinitaly.com\/fr\/negozio\/art-ancien\/carlo-bossoli-gouache\/","title":{"rendered":"Carlo Bossoli Gouache"},"content":{"rendered":"<p>Lisbonne \u2013 Piazza del Commercio<br \/>\nVue de la ville portugaise depuis la mer.<br \/>\nLa profondeur de la sc\u00e8ne est d\u00e9termin\u00e9e par la taille des b\u00e2timents qui se suivent vers la mer, sur des arri\u00e8re-plans architecturaux.<\/p>\n<p>Cette repr\u00e9sentation est soulign\u00e9e par l&rsquo; alternance des zones d\u2019ombre et de lumi\u00e8re projet\u00e9es par les nuages.<\/p>\n<p>Cadre en bois dor\u00e9.<\/p>\n<h2 style=\"text-align: center;\">Vous poss\u00e9dez une \u0153uvre de Carlo Bossoli et vous voulez la vendre ?<\/h2>\n<p style=\"text-align: center;\">Appelez-nous au num\u00e9ro +39 3356585431 ou envoyez-nous un message WhatsApp au +39 3356585431<\/p>\n<p style=\"text-align: center;\"><span style=\"color: #ff6600;\"><strong>VOUS POUVEZ NOUS FAIRE CONFIANCE<\/strong><\/span><\/p>\n<p style=\"text-align: center;\">Les meilleures estimations, comp\u00e9tence, s\u00e9rieux<\/p>\n<p style=\"text-align: center;\">\n","protected":false},"excerpt":{"rendered":"<p><strong>Carlo Bossoli<\/strong> (1815-1884) tempera sur papier sign\u00e9 et dat\u00e9 en bas vers la droite \u00ab\u00a0<em>C. Bossoli 1861&Prime;<\/em><\/p>\n","protected":false},"featured_media":104785,"template":"","meta":{"_acf_changed":false},"product_brand":[],"product_cat":[6374],"product_tag":[5635,5995,5361,5457],"class_list":{"0":"post-108282","1":"product","2":"type-product","3":"status-publish","4":"has-post-thumbnail","6":"product_cat-art-ancien","7":"product_tag-art-fr","8":"product_tag-art-italien","9":"product_tag-decoration-murale","10":"product_tag-paysage","12":"first","13":"outofstock","14":"taxable","15":"shipping-taxable","16":"product-type-simple"},"acf":[],"yoast_head":"<!-- This site is optimized with the Yoast SEO Premium plugin v27.3 (Yoast SEO v27.4) - https:\/\/yoast.com\/product\/yoast-seo-premium-wordpress\/ -->\n<title>Carlo Bossoli Gouache - Egidi MadeinItaly<\/title>\n<meta name=\"description\" content=\"Carlo Bossoli gouache sur papier appliqu\u00e9 sur toile sign\u00e9 C. Bossoli Lisbon 1861 en vente sur Egidi MadeinItaly Art Ancien\" \/>\n<meta name=\"robots\" content=\"index, follow, max-snippet:-1, max-image-preview:large, max-video-preview:-1\" \/>\n<link rel=\"canonical\" href=\"https:\/\/egidimadeinitaly.com\/fr\/produit\/art-ancien\/oeuvres-anciennes-sur-papier-fr\/carlo-bossoli-gouache\/\" \/>\n<meta property=\"og:locale\" content=\"fr_FR\" \/>\n<meta property=\"og:type\" content=\"article\" \/>\n<meta property=\"og:title\" content=\"Carlo Bossoli Gouache\" \/>\n<meta property=\"og:description\" content=\"Carlo Bossoli (1815-1884) tempera sur papier sign\u00e9 et dat\u00e9 en bas vers la droite &quot;C. Bossoli 1861&quot;\" \/>\n<meta property=\"og:url\" content=\"https:\/\/egidimadeinitaly.com\/fr\/produit\/art-ancien\/oeuvres-anciennes-sur-papier-fr\/carlo-bossoli-gouache\/\" \/>\n<meta property=\"og:site_name\" content=\"Egidi MadeinItaly\" \/>\n<meta property=\"article:publisher\" content=\"https:\/\/www.facebook.com\/egidimadeinitaly\/\" \/>\n<meta property=\"article:modified_time\" content=\"2024-11-28T17:12:13+00:00\" \/>\n<meta property=\"og:image\" content=\"https:\/\/egidimadeinitaly.com\/wp-content\/uploads\/2021\/10\/2021-10-07-EgidimainItaly-17-scaled-e1701423453501.jpg\" \/>\n\t<meta property=\"og:image:width\" content=\"900\" \/>\n\t<meta property=\"og:image:height\" content=\"900\" \/>\n\t<meta property=\"og:image:type\" content=\"image\/jpeg\" \/>\n<script type=\"application\/ld+json\" class=\"yoast-schema-graph\">{\"@context\":\"https:\\\/\\\/schema.org\",\"@graph\":[{\"@type\":\"WebPage\",\"@id\":\"https:\\\/\\\/egidimadeinitaly.com\\\/fr\\\/negozio\\\/art-ancien\\\/carlo-bossoli-gouache\\\/\",\"url\":\"https:\\\/\\\/egidimadeinitaly.com\\\/fr\\\/produit\\\/art-ancien\\\/oeuvres-anciennes-sur-papier-fr\\\/carlo-bossoli-gouache\\\/\",\"name\":\"Carlo Bossoli Gouache - Egidi MadeinItaly\",\"isPartOf\":{\"@id\":\"https:\\\/\\\/egidimadeinitaly.com\\\/fr\\\/#website\"},\"primaryImageOfPage\":{\"@id\":\"https:\\\/\\\/egidimadeinitaly.com\\\/fr\\\/produit\\\/art-ancien\\\/oeuvres-anciennes-sur-papier-fr\\\/carlo-bossoli-gouache\\\/#primaryimage\"},\"image\":{\"@id\":\"https:\\\/\\\/egidimadeinitaly.com\\\/fr\\\/produit\\\/art-ancien\\\/oeuvres-anciennes-sur-papier-fr\\\/carlo-bossoli-gouache\\\/#primaryimage\"},\"thumbnailUrl\":\"https:\\\/\\\/egidimadeinitaly.com\\\/v25\\\/wp-content\\\/uploads\\\/2021\\\/10\\\/2021-10-07-EgidimainItaly-17-scaled-e1701423453501.jpg\",\"datePublished\":\"2022-01-29T12:21:52+00:00\",\"dateModified\":\"2024-11-28T17:12:13+00:00\",\"description\":\"Carlo Bossoli gouache sur papier appliqu\u00e9 sur toile sign\u00e9 C. Bossoli Lisbon 1861 en vente sur Egidi MadeinItaly Art Ancien\",\"breadcrumb\":{\"@id\":\"https:\\\/\\\/egidimadeinitaly.com\\\/fr\\\/produit\\\/art-ancien\\\/oeuvres-anciennes-sur-papier-fr\\\/carlo-bossoli-gouache\\\/#breadcrumb\"},\"inLanguage\":\"fr-FR\",\"potentialAction\":[{\"@type\":\"ReadAction\",\"target\":[\"https:\\\/\\\/egidimadeinitaly.com\\\/fr\\\/produit\\\/art-ancien\\\/oeuvres-anciennes-sur-papier-fr\\\/carlo-bossoli-gouache\\\/\"]}]},{\"@type\":\"ImageObject\",\"inLanguage\":\"fr-FR\",\"@id\":\"https:\\\/\\\/egidimadeinitaly.com\\\/fr\\\/produit\\\/art-ancien\\\/oeuvres-anciennes-sur-papier-fr\\\/carlo-bossoli-gouache\\\/#primaryimage\",\"url\":\"https:\\\/\\\/egidimadeinitaly.com\\\/v25\\\/wp-content\\\/uploads\\\/2021\\\/10\\\/2021-10-07-EgidimainItaly-17-scaled-e1701423453501.jpg\",\"contentUrl\":\"https:\\\/\\\/egidimadeinitaly.com\\\/v25\\\/wp-content\\\/uploads\\\/2021\\\/10\\\/2021-10-07-EgidimainItaly-17-scaled-e1701423453501.jpg\",\"width\":900,\"height\":900,\"caption\":\"Carlo Bossoli Place du Commerce Lisbonne\"},{\"@type\":\"BreadcrumbList\",\"@id\":\"https:\\\/\\\/egidimadeinitaly.com\\\/fr\\\/produit\\\/art-ancien\\\/oeuvres-anciennes-sur-papier-fr\\\/carlo-bossoli-gouache\\\/#breadcrumb\",\"itemListElement\":[{\"@type\":\"ListItem\",\"position\":1,\"name\":\"Home\",\"item\":\"https:\\\/\\\/egidimadeinitaly.com\\\/fr\\\/\"},{\"@type\":\"ListItem\",\"position\":2,\"name\":\"Produits\",\"item\":\"https:\\\/\\\/egidimadeinitaly.com\\\/fr\\\/shop\\\/\"},{\"@type\":\"ListItem\",\"position\":3,\"name\":\"Art ancien\",\"item\":\"https:\\\/\\\/egidimadeinitaly.com\\\/fr\\\/product-category\\\/art-ancien\\\/\"},{\"@type\":\"ListItem\",\"position\":4,\"name\":\"Carlo Bossoli Gouache\"}]},{\"@type\":\"WebSite\",\"@id\":\"https:\\\/\\\/egidimadeinitaly.com\\\/fr\\\/#website\",\"url\":\"https:\\\/\\\/egidimadeinitaly.com\\\/fr\\\/\",\"name\":\"Egidi MadeinItaly\",\"description\":\"Fine Art\",\"potentialAction\":[{\"@type\":\"SearchAction\",\"target\":{\"@type\":\"EntryPoint\",\"urlTemplate\":\"https:\\\/\\\/egidimadeinitaly.com\\\/fr\\\/?s={search_term_string}\"},\"query-input\":{\"@type\":\"PropertyValueSpecification\",\"valueRequired\":true,\"valueName\":\"search_term_string\"}}],\"inLanguage\":\"fr-FR\"}]}<\/script>\n<!-- \/ Yoast SEO Premium plugin. -->","yoast_head_json":{"title":"Carlo Bossoli Gouache - Egidi MadeinItaly","description":"Carlo Bossoli gouache sur papier appliqu\u00e9 sur toile sign\u00e9 C. Bossoli Lisbon 1861 en vente sur Egidi MadeinItaly Art Ancien","robots":{"index":"index","follow":"follow","max-snippet":"max-snippet:-1","max-image-preview":"max-image-preview:large","max-video-preview":"max-video-preview:-1"},"canonical":"https:\/\/egidimadeinitaly.com\/fr\/produit\/art-ancien\/oeuvres-anciennes-sur-papier-fr\/carlo-bossoli-gouache\/","og_locale":"fr_FR","og_type":"article","og_title":"Carlo Bossoli Gouache","og_description":"Carlo Bossoli (1815-1884) tempera sur papier sign\u00e9 et dat\u00e9 en bas vers la droite \"C. Bossoli 1861\"","og_url":"https:\/\/egidimadeinitaly.com\/fr\/produit\/art-ancien\/oeuvres-anciennes-sur-papier-fr\/carlo-bossoli-gouache\/","og_site_name":"Egidi MadeinItaly","article_publisher":"https:\/\/www.facebook.com\/egidimadeinitaly\/","article_modified_time":"2024-11-28T17:12:13+00:00","og_image":[{"width":900,"height":900,"url":"https:\/\/egidimadeinitaly.com\/wp-content\/uploads\/2021\/10\/2021-10-07-EgidimainItaly-17-scaled-e1701423453501.jpg","type":"image\/jpeg"}],"schema":{"@context":"https:\/\/schema.org","@graph":[{"@type":"WebPage","@id":"https:\/\/egidimadeinitaly.com\/fr\/negozio\/art-ancien\/carlo-bossoli-gouache\/","url":"https:\/\/egidimadeinitaly.com\/fr\/produit\/art-ancien\/oeuvres-anciennes-sur-papier-fr\/carlo-bossoli-gouache\/","name":"Carlo Bossoli Gouache - Egidi MadeinItaly","isPartOf":{"@id":"https:\/\/egidimadeinitaly.com\/fr\/#website"},"primaryImageOfPage":{"@id":"https:\/\/egidimadeinitaly.com\/fr\/produit\/art-ancien\/oeuvres-anciennes-sur-papier-fr\/carlo-bossoli-gouache\/#primaryimage"},"image":{"@id":"https:\/\/egidimadeinitaly.com\/fr\/produit\/art-ancien\/oeuvres-anciennes-sur-papier-fr\/carlo-bossoli-gouache\/#primaryimage"},"thumbnailUrl":"https:\/\/egidimadeinitaly.com\/v25\/wp-content\/uploads\/2021\/10\/2021-10-07-EgidimainItaly-17-scaled-e1701423453501.jpg","datePublished":"2022-01-29T12:21:52+00:00","dateModified":"2024-11-28T17:12:13+00:00","description":"Carlo Bossoli gouache sur papier appliqu\u00e9 sur toile sign\u00e9 C. Bossoli Lisbon 1861 en vente sur Egidi MadeinItaly Art Ancien","breadcrumb":{"@id":"https:\/\/egidimadeinitaly.com\/fr\/produit\/art-ancien\/oeuvres-anciennes-sur-papier-fr\/carlo-bossoli-gouache\/#breadcrumb"},"inLanguage":"fr-FR","potentialAction":[{"@type":"ReadAction","target":["https:\/\/egidimadeinitaly.com\/fr\/produit\/art-ancien\/oeuvres-anciennes-sur-papier-fr\/carlo-bossoli-gouache\/"]}]},{"@type":"ImageObject","inLanguage":"fr-FR","@id":"https:\/\/egidimadeinitaly.com\/fr\/produit\/art-ancien\/oeuvres-anciennes-sur-papier-fr\/carlo-bossoli-gouache\/#primaryimage","url":"https:\/\/egidimadeinitaly.com\/v25\/wp-content\/uploads\/2021\/10\/2021-10-07-EgidimainItaly-17-scaled-e1701423453501.jpg","contentUrl":"https:\/\/egidimadeinitaly.com\/v25\/wp-content\/uploads\/2021\/10\/2021-10-07-EgidimainItaly-17-scaled-e1701423453501.jpg","width":900,"height":900,"caption":"Carlo Bossoli Place du Commerce Lisbonne"},{"@type":"BreadcrumbList","@id":"https:\/\/egidimadeinitaly.com\/fr\/produit\/art-ancien\/oeuvres-anciennes-sur-papier-fr\/carlo-bossoli-gouache\/#breadcrumb","itemListElement":[{"@type":"ListItem","position":1,"name":"Home","item":"https:\/\/egidimadeinitaly.com\/fr\/"},{"@type":"ListItem","position":2,"name":"Produits","item":"https:\/\/egidimadeinitaly.com\/fr\/shop\/"},{"@type":"ListItem","position":3,"name":"Art ancien","item":"https:\/\/egidimadeinitaly.com\/fr\/product-category\/art-ancien\/"},{"@type":"ListItem","position":4,"name":"Carlo Bossoli Gouache"}]},{"@type":"WebSite","@id":"https:\/\/egidimadeinitaly.com\/fr\/#website","url":"https:\/\/egidimadeinitaly.com\/fr\/","name":"Egidi MadeinItaly","description":"Fine Art","potentialAction":[{"@type":"SearchAction","target":{"@type":"EntryPoint","urlTemplate":"https:\/\/egidimadeinitaly.com\/fr\/?s={search_term_string}"},"query-input":{"@type":"PropertyValueSpecification","valueRequired":true,"valueName":"search_term_string"}}],"inLanguage":"fr-FR"}]}},"_links":{"self":[{"href":"https:\/\/egidimadeinitaly.com\/fr\/wp-json\/wp\/v2\/product\/108282","targetHints":{"allow":["GET"]}}],"collection":[{"href":"https:\/\/egidimadeinitaly.com\/fr\/wp-json\/wp\/v2\/product"}],"about":[{"href":"https:\/\/egidimadeinitaly.com\/fr\/wp-json\/wp\/v2\/types\/product"}],"wp:featuredmedia":[{"embeddable":true,"href":"https:\/\/egidimadeinitaly.com\/fr\/wp-json\/wp\/v2\/media\/104785"}],"wp:attachment":[{"href":"https:\/\/egidimadeinitaly.com\/fr\/wp-json\/wp\/v2\/media?parent=108282"}],"wp:term":[{"taxonomy":"product_brand","embeddable":true,"href":"https:\/\/egidimadeinitaly.com\/fr\/wp-json\/wp\/v2\/product_brand?post=108282"},{"taxonomy":"product_cat","embeddable":true,"href":"https:\/\/egidimadeinitaly.com\/fr\/wp-json\/wp\/v2\/product_cat?post=108282"},{"taxonomy":"product_tag","embeddable":true,"href":"https:\/\/egidimadeinitaly.com\/fr\/wp-json\/wp\/v2\/product_tag?post=108282"}],"curies":[{"name":"wp","href":"https:\/\/api.w.org\/{rel}","templated":true}]}}