{"id":108271,"date":"2023-03-13T14:20:01","date_gmt":"2023-03-13T13:20:01","guid":{"rendered":"https:\/\/egidimadeinitaly.com\/ecomsite\/?post_type=product&#038;p=108271"},"modified":"2025-08-18T06:54:50","modified_gmt":"2025-08-18T05:54:50","slug":"guy-harloff-grand-tableau","status":"publish","type":"product","link":"https:\/\/egidimadeinitaly.com\/fr\/negozio\/art-moderne\/tableaux-modernes-fr\/guy-harloff-grand-tableau\/","title":{"rendered":"Guy Harloff grand tableau"},"content":{"rendered":"<p>Guy Harloff (1933-1991) est un artiste autodidacte dont les premi\u00e8res exp\u00e9riences picturales remontent au d\u00e9but des ann\u00e9es 1950.<br \/>\nEn 1954, il r\u00e9alise sa premi\u00e8re exposition personnelle \u00e0 la <a href=\"https:\/\/egidimadeinitaly.com\/fr\/galleria-numero-de-fiamma-vigo\/\">Galleria Numero de Florence<\/a>, o\u00f9 il avait d\u00e9j\u00e0 particip\u00e9 \u00e0 une exposition collective en octobre 1953.<\/p>\n","protected":false},"excerpt":{"rendered":"<p><em>&lsquo;Composition&rsquo;<\/em>\u00a0 technique mixte sur papier appliqu\u00e9e sur du masonite. Inscription non autographe : Guy Harloff \/ mai 1954, Positano. Provenance : Galleria Numero Firenze. \u0152uvre archiv\u00e9e aux archives Guy Harloff, au Nicoletta Colombo Art Studio \u00e0 Milan.<\/p>\n","protected":false},"featured_media":108305,"template":"","meta":{"_acf_changed":false},"product_brand":[],"product_cat":[6377,6416],"product_tag":[1237,6262,6135,5361],"class_list":{"0":"post-108271","1":"product","2":"type-product","3":"status-publish","4":"has-post-thumbnail","6":"product_cat-art-moderne","7":"product_cat-tableaux-modernes-fr","8":"product_tag-annees-50","9":"product_tag-art-informel","10":"product_tag-art-moderne","11":"product_tag-decoration-murale","13":"first","14":"instock","15":"taxable","16":"shipping-taxable","17":"purchasable","18":"product-type-simple"},"acf":[],"yoast_head":"<!-- This site is optimized with the Yoast SEO Premium plugin v27.4 (Yoast SEO v27.5) - https:\/\/yoast.com\/product\/yoast-seo-premium-wordpress\/ -->\n<title>Guy Harloff grand tableau - Egidi MadeinItaly<\/title>\n<meta name=\"description\" content=\"Composition grande peinture de Guy Harloff Sign\u00e9e, situ\u00e9e et dat\u00e9e au dos Positano &#039;54. Archiv\u00e9. Art informel en vente sur Egidi MadeinItaly E-commerce\" \/>\n<meta name=\"robots\" content=\"index, follow, max-snippet:-1, max-image-preview:large, max-video-preview:-1\" \/>\n<link rel=\"canonical\" href=\"https:\/\/egidimadeinitaly.com\/fr\/produit\/art-ancien-et-moderne\/tableaux-et-peintures\/guy-harloff-grand-tableau\/\" \/>\n<meta property=\"og:locale\" content=\"fr_FR\" \/>\n<meta property=\"og:type\" content=\"article\" \/>\n<meta property=\"og:title\" content=\"Guy Harloff grand tableau\" \/>\n<meta property=\"og:description\" content=\"&#039;Composition&#039;\u00a0 technique mixte sur papier appliqu\u00e9e sur du masonite. Inscription non autographe : Guy Harloff \/ mai 1954, Positano. Provenance : Galleria Numero Firenze. \u0152uvre archiv\u00e9e aux archives Guy Harloff, au Nicoletta Colombo Art Studio \u00e0 Milan.\" \/>\n<meta property=\"og:url\" content=\"https:\/\/egidimadeinitaly.com\/fr\/produit\/art-ancien-et-moderne\/tableaux-et-peintures\/guy-harloff-grand-tableau\/\" \/>\n<meta property=\"og:site_name\" content=\"Egidi MadeinItaly\" \/>\n<meta property=\"article:publisher\" content=\"https:\/\/www.facebook.com\/egidimadeinitaly\/\" \/>\n<meta property=\"article:modified_time\" content=\"2025-08-18T05:54:50+00:00\" \/>\n<meta property=\"og:image\" content=\"https:\/\/egidimadeinitaly.com\/v25\/wp-content\/uploads\/2022\/03\/FE680543-D062-4868-8381-B618C9B95449-scaled-e1683893218833.jpeg\" \/>\n\t<meta property=\"og:image:width\" content=\"1024\" \/>\n\t<meta property=\"og:image:height\" content=\"684\" \/>\n\t<meta property=\"og:image:type\" content=\"image\/jpeg\" \/>\n<script type=\"application\/ld+json\" class=\"yoast-schema-graph\">{\"@context\":\"https:\\\/\\\/schema.org\",\"@graph\":[{\"@type\":\"WebPage\",\"@id\":\"https:\\\/\\\/egidimadeinitaly.com\\\/fr\\\/negozio\\\/art-moderne\\\/tableaux-modernes-fr\\\/guy-harloff-grand-tableau\\\/\",\"url\":\"https:\\\/\\\/egidimadeinitaly.com\\\/fr\\\/produit\\\/art-ancien-et-moderne\\\/tableaux-et-peintures\\\/guy-harloff-grand-tableau\\\/\",\"name\":\"Guy Harloff grand tableau - Egidi MadeinItaly\",\"isPartOf\":{\"@id\":\"https:\\\/\\\/egidimadeinitaly.com\\\/fr\\\/#website\"},\"primaryImageOfPage\":{\"@id\":\"https:\\\/\\\/egidimadeinitaly.com\\\/fr\\\/produit\\\/art-ancien-et-moderne\\\/tableaux-et-peintures\\\/guy-harloff-grand-tableau\\\/#primaryimage\"},\"image\":{\"@id\":\"https:\\\/\\\/egidimadeinitaly.com\\\/fr\\\/produit\\\/art-ancien-et-moderne\\\/tableaux-et-peintures\\\/guy-harloff-grand-tableau\\\/#primaryimage\"},\"thumbnailUrl\":\"https:\\\/\\\/egidimadeinitaly.com\\\/v25\\\/wp-content\\\/uploads\\\/2022\\\/03\\\/FE680543-D062-4868-8381-B618C9B95449-scaled-e1683893218833.jpeg\",\"datePublished\":\"2023-03-13T13:20:01+00:00\",\"dateModified\":\"2025-08-18T05:54:50+00:00\",\"description\":\"Composition grande peinture de Guy Harloff Sign\u00e9e, situ\u00e9e et dat\u00e9e au dos Positano '54. Archiv\u00e9. Art informel en vente sur Egidi MadeinItaly E-commerce\",\"breadcrumb\":{\"@id\":\"https:\\\/\\\/egidimadeinitaly.com\\\/fr\\\/produit\\\/art-ancien-et-moderne\\\/tableaux-et-peintures\\\/guy-harloff-grand-tableau\\\/#breadcrumb\"},\"inLanguage\":\"fr-FR\",\"potentialAction\":[{\"@type\":\"ReadAction\",\"target\":[\"https:\\\/\\\/egidimadeinitaly.com\\\/fr\\\/produit\\\/art-ancien-et-moderne\\\/tableaux-et-peintures\\\/guy-harloff-grand-tableau\\\/\"]}]},{\"@type\":\"ImageObject\",\"inLanguage\":\"fr-FR\",\"@id\":\"https:\\\/\\\/egidimadeinitaly.com\\\/fr\\\/produit\\\/art-ancien-et-moderne\\\/tableaux-et-peintures\\\/guy-harloff-grand-tableau\\\/#primaryimage\",\"url\":\"https:\\\/\\\/egidimadeinitaly.com\\\/v25\\\/wp-content\\\/uploads\\\/2022\\\/03\\\/FE680543-D062-4868-8381-B618C9B95449-scaled-e1683893218833.jpeg\",\"contentUrl\":\"https:\\\/\\\/egidimadeinitaly.com\\\/v25\\\/wp-content\\\/uploads\\\/2022\\\/03\\\/FE680543-D062-4868-8381-B618C9B95449-scaled-e1683893218833.jpeg\",\"width\":1024,\"height\":684,\"caption\":\"Guy Harloff grand tableau\"},{\"@type\":\"BreadcrumbList\",\"@id\":\"https:\\\/\\\/egidimadeinitaly.com\\\/fr\\\/produit\\\/art-ancien-et-moderne\\\/tableaux-et-peintures\\\/guy-harloff-grand-tableau\\\/#breadcrumb\",\"itemListElement\":[{\"@type\":\"ListItem\",\"position\":1,\"name\":\"Home\",\"item\":\"https:\\\/\\\/egidimadeinitaly.com\\\/fr\\\/\"},{\"@type\":\"ListItem\",\"position\":2,\"name\":\"Produits\",\"item\":\"https:\\\/\\\/egidimadeinitaly.com\\\/fr\\\/shop\\\/\"},{\"@type\":\"ListItem\",\"position\":3,\"name\":\"Art moderne\",\"item\":\"https:\\\/\\\/egidimadeinitaly.com\\\/fr\\\/product-category\\\/art-moderne\\\/\"},{\"@type\":\"ListItem\",\"position\":4,\"name\":\"Tableaux modernes\",\"item\":\"https:\\\/\\\/egidimadeinitaly.com\\\/fr\\\/product-category\\\/art-moderne\\\/tableaux-modernes-fr\\\/\"},{\"@type\":\"ListItem\",\"position\":5,\"name\":\"Guy Harloff grand tableau\"}]},{\"@type\":\"WebSite\",\"@id\":\"https:\\\/\\\/egidimadeinitaly.com\\\/fr\\\/#website\",\"url\":\"https:\\\/\\\/egidimadeinitaly.com\\\/fr\\\/\",\"name\":\"Egidi MadeinItaly\",\"description\":\"Fine Art\",\"potentialAction\":[{\"@type\":\"SearchAction\",\"target\":{\"@type\":\"EntryPoint\",\"urlTemplate\":\"https:\\\/\\\/egidimadeinitaly.com\\\/fr\\\/?s={search_term_string}\"},\"query-input\":{\"@type\":\"PropertyValueSpecification\",\"valueRequired\":true,\"valueName\":\"search_term_string\"}}],\"inLanguage\":\"fr-FR\"}]}<\/script>\n<!-- \/ Yoast SEO Premium plugin. -->","yoast_head_json":{"title":"Guy Harloff grand tableau - Egidi MadeinItaly","description":"Composition grande peinture de Guy Harloff Sign\u00e9e, situ\u00e9e et dat\u00e9e au dos Positano '54. Archiv\u00e9. Art informel en vente sur Egidi MadeinItaly E-commerce","robots":{"index":"index","follow":"follow","max-snippet":"max-snippet:-1","max-image-preview":"max-image-preview:large","max-video-preview":"max-video-preview:-1"},"canonical":"https:\/\/egidimadeinitaly.com\/fr\/produit\/art-ancien-et-moderne\/tableaux-et-peintures\/guy-harloff-grand-tableau\/","og_locale":"fr_FR","og_type":"article","og_title":"Guy Harloff grand tableau","og_description":"'Composition'\u00a0 technique mixte sur papier appliqu\u00e9e sur du masonite. Inscription non autographe : Guy Harloff \/ mai 1954, Positano. Provenance : Galleria Numero Firenze. \u0152uvre archiv\u00e9e aux archives Guy Harloff, au Nicoletta Colombo Art Studio \u00e0 Milan.","og_url":"https:\/\/egidimadeinitaly.com\/fr\/produit\/art-ancien-et-moderne\/tableaux-et-peintures\/guy-harloff-grand-tableau\/","og_site_name":"Egidi MadeinItaly","article_publisher":"https:\/\/www.facebook.com\/egidimadeinitaly\/","article_modified_time":"2025-08-18T05:54:50+00:00","og_image":[{"width":1024,"height":684,"url":"https:\/\/egidimadeinitaly.com\/v25\/wp-content\/uploads\/2022\/03\/FE680543-D062-4868-8381-B618C9B95449-scaled-e1683893218833.jpeg","type":"image\/jpeg"}],"schema":{"@context":"https:\/\/schema.org","@graph":[{"@type":"WebPage","@id":"https:\/\/egidimadeinitaly.com\/fr\/negozio\/art-moderne\/tableaux-modernes-fr\/guy-harloff-grand-tableau\/","url":"https:\/\/egidimadeinitaly.com\/fr\/produit\/art-ancien-et-moderne\/tableaux-et-peintures\/guy-harloff-grand-tableau\/","name":"Guy Harloff grand tableau - Egidi MadeinItaly","isPartOf":{"@id":"https:\/\/egidimadeinitaly.com\/fr\/#website"},"primaryImageOfPage":{"@id":"https:\/\/egidimadeinitaly.com\/fr\/produit\/art-ancien-et-moderne\/tableaux-et-peintures\/guy-harloff-grand-tableau\/#primaryimage"},"image":{"@id":"https:\/\/egidimadeinitaly.com\/fr\/produit\/art-ancien-et-moderne\/tableaux-et-peintures\/guy-harloff-grand-tableau\/#primaryimage"},"thumbnailUrl":"https:\/\/egidimadeinitaly.com\/v25\/wp-content\/uploads\/2022\/03\/FE680543-D062-4868-8381-B618C9B95449-scaled-e1683893218833.jpeg","datePublished":"2023-03-13T13:20:01+00:00","dateModified":"2025-08-18T05:54:50+00:00","description":"Composition grande peinture de Guy Harloff Sign\u00e9e, situ\u00e9e et dat\u00e9e au dos Positano '54. Archiv\u00e9. Art informel en vente sur Egidi MadeinItaly E-commerce","breadcrumb":{"@id":"https:\/\/egidimadeinitaly.com\/fr\/produit\/art-ancien-et-moderne\/tableaux-et-peintures\/guy-harloff-grand-tableau\/#breadcrumb"},"inLanguage":"fr-FR","potentialAction":[{"@type":"ReadAction","target":["https:\/\/egidimadeinitaly.com\/fr\/produit\/art-ancien-et-moderne\/tableaux-et-peintures\/guy-harloff-grand-tableau\/"]}]},{"@type":"ImageObject","inLanguage":"fr-FR","@id":"https:\/\/egidimadeinitaly.com\/fr\/produit\/art-ancien-et-moderne\/tableaux-et-peintures\/guy-harloff-grand-tableau\/#primaryimage","url":"https:\/\/egidimadeinitaly.com\/v25\/wp-content\/uploads\/2022\/03\/FE680543-D062-4868-8381-B618C9B95449-scaled-e1683893218833.jpeg","contentUrl":"https:\/\/egidimadeinitaly.com\/v25\/wp-content\/uploads\/2022\/03\/FE680543-D062-4868-8381-B618C9B95449-scaled-e1683893218833.jpeg","width":1024,"height":684,"caption":"Guy Harloff grand tableau"},{"@type":"BreadcrumbList","@id":"https:\/\/egidimadeinitaly.com\/fr\/produit\/art-ancien-et-moderne\/tableaux-et-peintures\/guy-harloff-grand-tableau\/#breadcrumb","itemListElement":[{"@type":"ListItem","position":1,"name":"Home","item":"https:\/\/egidimadeinitaly.com\/fr\/"},{"@type":"ListItem","position":2,"name":"Produits","item":"https:\/\/egidimadeinitaly.com\/fr\/shop\/"},{"@type":"ListItem","position":3,"name":"Art moderne","item":"https:\/\/egidimadeinitaly.com\/fr\/product-category\/art-moderne\/"},{"@type":"ListItem","position":4,"name":"Tableaux modernes","item":"https:\/\/egidimadeinitaly.com\/fr\/product-category\/art-moderne\/tableaux-modernes-fr\/"},{"@type":"ListItem","position":5,"name":"Guy Harloff grand tableau"}]},{"@type":"WebSite","@id":"https:\/\/egidimadeinitaly.com\/fr\/#website","url":"https:\/\/egidimadeinitaly.com\/fr\/","name":"Egidi MadeinItaly","description":"Fine Art","potentialAction":[{"@type":"SearchAction","target":{"@type":"EntryPoint","urlTemplate":"https:\/\/egidimadeinitaly.com\/fr\/?s={search_term_string}"},"query-input":{"@type":"PropertyValueSpecification","valueRequired":true,"valueName":"search_term_string"}}],"inLanguage":"fr-FR"}]}},"_links":{"self":[{"href":"https:\/\/egidimadeinitaly.com\/fr\/wp-json\/wp\/v2\/product\/108271","targetHints":{"allow":["GET"]}}],"collection":[{"href":"https:\/\/egidimadeinitaly.com\/fr\/wp-json\/wp\/v2\/product"}],"about":[{"href":"https:\/\/egidimadeinitaly.com\/fr\/wp-json\/wp\/v2\/types\/product"}],"wp:featuredmedia":[{"embeddable":true,"href":"https:\/\/egidimadeinitaly.com\/fr\/wp-json\/wp\/v2\/media\/108305"}],"wp:attachment":[{"href":"https:\/\/egidimadeinitaly.com\/fr\/wp-json\/wp\/v2\/media?parent=108271"}],"wp:term":[{"taxonomy":"product_brand","embeddable":true,"href":"https:\/\/egidimadeinitaly.com\/fr\/wp-json\/wp\/v2\/product_brand?post=108271"},{"taxonomy":"product_cat","embeddable":true,"href":"https:\/\/egidimadeinitaly.com\/fr\/wp-json\/wp\/v2\/product_cat?post=108271"},{"taxonomy":"product_tag","embeddable":true,"href":"https:\/\/egidimadeinitaly.com\/fr\/wp-json\/wp\/v2\/product_tag?post=108271"}],"curies":[{"name":"wp","href":"https:\/\/api.w.org\/{rel}","templated":true}]}}