{"id":108207,"date":"2022-02-12T16:01:31","date_gmt":"2022-02-12T15:01:31","guid":{"rendered":"https:\/\/egidimadeinitaly.com\/ecomsite\/?post_type=product&#038;p=108207"},"modified":"2023-01-07T17:42:27","modified_gmt":"2023-01-07T16:42:27","slug":"man-ray-gravure-aquatinte","status":"publish","type":"product","link":"https:\/\/egidimadeinitaly.com\/fr\/negozio\/art-moderne\/oeuvres-modernes-sur-papiers\/man-ray-gravure-aquatinte\/","title":{"rendered":"Man Ray gravure aquatinte"},"content":{"rendered":"<p>\u00c9preuve num\u00e9rot\u00e9e et sign\u00e9e au crayon par l&rsquo;artiste sur papier v\u00e9lin d&rsquo;Arches cr\u00e8me.<\/p>\n<p>Au dos, l&rsquo;\u00e9tiquette de la Galleria People Torino o\u00f9 l&rsquo;\u0153uvre a \u00e9t\u00e9 expos\u00e9e.<\/p>\n<p>L&rsquo;\u0153uvre est sous verre. Avec cadre en aluminium.<br \/>\n<i><\/i><\/p>\n<p><i>Man Ray Opera Grafica,\u00a0<\/i>Lucio Anselmino, Turin et Studio Marconi, Milan, 1973-1984<\/p>\n","protected":false},"excerpt":{"rendered":"<p>\u00ab\u00a0Transfiguration d&rsquo;un cactus\u00a0\u00bb gravure et aquatinte en couleurs 1971 (depuis l&rsquo;original du 1945), sign\u00e9 et num\u00e9rot\u00e9 40\/99.<\/p>\n","protected":false},"featured_media":108011,"template":"","meta":{"_acf_changed":false},"product_brand":[],"product_cat":[6377,6414],"product_tag":[6242,5361],"class_list":{"0":"post-108207","1":"product","2":"type-product","3":"status-publish","4":"has-post-thumbnail","6":"product_cat-art-moderne","7":"product_cat-oeuvres-modernes-sur-papiers","8":"product_tag-avant-garde","9":"product_tag-decoration-murale","11":"first","12":"outofstock","13":"taxable","14":"shipping-taxable","15":"product-type-simple"},"acf":[],"yoast_head":"<!-- This site is optimized with the Yoast SEO Premium plugin v27.3 (Yoast SEO v27.4) - https:\/\/yoast.com\/product\/yoast-seo-premium-wordpress\/ -->\n<title>Man Ray gravure aquatinte - Egidi MadeinItaly<\/title>\n<meta name=\"description\" content=\"Man Ray Transfiguration d&#039;un cactus gravure aquatinte en couleurs sign\u00e9 et num\u00e9rot\u00e9 40\/99 Objet tendences sur Egidi MadeinItaly\" \/>\n<meta name=\"robots\" content=\"index, follow, max-snippet:-1, max-image-preview:large, max-video-preview:-1\" \/>\n<link rel=\"canonical\" href=\"https:\/\/egidimadeinitaly.com\/fr\/ecomsite\/fr\/produit\/art-ancien-et-moderne\/oeuvres-sur-papier\/man-ray-gravure-aquatinte\/\" \/>\n<meta property=\"og:locale\" content=\"fr_FR\" \/>\n<meta property=\"og:type\" content=\"article\" \/>\n<meta property=\"og:title\" content=\"Man Ray gravure aquatinte\" \/>\n<meta property=\"og:description\" content=\"&quot;Transfiguration d&#039;un cactus&quot; gravure et aquatinte en couleurs 1971 (depuis l&#039;original du 1945), sign\u00e9 et num\u00e9rot\u00e9 40\/99.\" \/>\n<meta property=\"og:url\" content=\"https:\/\/egidimadeinitaly.com\/ecomsite\/fr\/produit\/art-ancien-et-moderne\/oeuvres-sur-papier\/man-ray-gravure-aquatinte\/\" \/>\n<meta property=\"og:site_name\" content=\"Egidi MadeinItaly\" \/>\n<meta property=\"article:publisher\" content=\"https:\/\/www.facebook.com\/egidimadeinitaly\/\" \/>\n<meta property=\"article:modified_time\" content=\"2023-01-07T16:42:27+00:00\" \/>\n<meta property=\"og:image\" content=\"https:\/\/egidimadeinitaly.com\/wp-content\/uploads\/2022\/01\/Egidi-20-158-scaled-e1670854846843.jpg\" \/>\n\t<meta property=\"og:image:width\" content=\"2560\" \/>\n\t<meta property=\"og:image:height\" content=\"1709\" \/>\n\t<meta property=\"og:image:type\" content=\"image\/jpeg\" \/>\n<script type=\"application\/ld+json\" class=\"yoast-schema-graph\">{\"@context\":\"https:\\\/\\\/schema.org\",\"@graph\":[{\"@type\":\"WebPage\",\"@id\":\"https:\\\/\\\/egidimadeinitaly.com\\\/fr\\\/negozio\\\/art-moderne\\\/oeuvres-modernes-sur-papiers\\\/man-ray-gravure-aquatinte\\\/\",\"url\":\"https:\\\/\\\/egidimadeinitaly.com\\\/ecomsite\\\/fr\\\/produit\\\/art-ancien-et-moderne\\\/oeuvres-sur-papier\\\/man-ray-gravure-aquatinte\\\/\",\"name\":\"Man Ray gravure aquatinte - Egidi MadeinItaly\",\"isPartOf\":{\"@id\":\"https:\\\/\\\/egidimadeinitaly.com\\\/fr\\\/#website\"},\"primaryImageOfPage\":{\"@id\":\"https:\\\/\\\/egidimadeinitaly.com\\\/ecomsite\\\/fr\\\/produit\\\/art-ancien-et-moderne\\\/oeuvres-sur-papier\\\/man-ray-gravure-aquatinte\\\/#primaryimage\"},\"image\":{\"@id\":\"https:\\\/\\\/egidimadeinitaly.com\\\/ecomsite\\\/fr\\\/produit\\\/art-ancien-et-moderne\\\/oeuvres-sur-papier\\\/man-ray-gravure-aquatinte\\\/#primaryimage\"},\"thumbnailUrl\":\"https:\\\/\\\/egidimadeinitaly.com\\\/v25\\\/wp-content\\\/uploads\\\/2022\\\/01\\\/Egidi-20-158-scaled-e1670854846843.jpg\",\"datePublished\":\"2022-02-12T15:01:31+00:00\",\"dateModified\":\"2023-01-07T16:42:27+00:00\",\"description\":\"Man Ray Transfiguration d'un cactus gravure aquatinte en couleurs sign\u00e9 et num\u00e9rot\u00e9 40\\\/99 Objet tendences sur Egidi MadeinItaly\",\"breadcrumb\":{\"@id\":\"https:\\\/\\\/egidimadeinitaly.com\\\/ecomsite\\\/fr\\\/produit\\\/art-ancien-et-moderne\\\/oeuvres-sur-papier\\\/man-ray-gravure-aquatinte\\\/#breadcrumb\"},\"inLanguage\":\"fr-FR\",\"potentialAction\":[{\"@type\":\"ReadAction\",\"target\":[\"https:\\\/\\\/egidimadeinitaly.com\\\/ecomsite\\\/fr\\\/produit\\\/art-ancien-et-moderne\\\/oeuvres-sur-papier\\\/man-ray-gravure-aquatinte\\\/\"]}]},{\"@type\":\"ImageObject\",\"inLanguage\":\"fr-FR\",\"@id\":\"https:\\\/\\\/egidimadeinitaly.com\\\/ecomsite\\\/fr\\\/produit\\\/art-ancien-et-moderne\\\/oeuvres-sur-papier\\\/man-ray-gravure-aquatinte\\\/#primaryimage\",\"url\":\"https:\\\/\\\/egidimadeinitaly.com\\\/v25\\\/wp-content\\\/uploads\\\/2022\\\/01\\\/Egidi-20-158-scaled-e1670854846843.jpg\",\"contentUrl\":\"https:\\\/\\\/egidimadeinitaly.com\\\/v25\\\/wp-content\\\/uploads\\\/2022\\\/01\\\/Egidi-20-158-scaled-e1670854846843.jpg\",\"width\":2560,\"height\":1709,\"caption\":\"Man Ray \\\"Transfiguration d'un cactus\\\"\"},{\"@type\":\"BreadcrumbList\",\"@id\":\"https:\\\/\\\/egidimadeinitaly.com\\\/ecomsite\\\/fr\\\/produit\\\/art-ancien-et-moderne\\\/oeuvres-sur-papier\\\/man-ray-gravure-aquatinte\\\/#breadcrumb\",\"itemListElement\":[{\"@type\":\"ListItem\",\"position\":1,\"name\":\"Home\",\"item\":\"https:\\\/\\\/egidimadeinitaly.com\\\/fr\\\/\"},{\"@type\":\"ListItem\",\"position\":2,\"name\":\"Produits\",\"item\":\"https:\\\/\\\/egidimadeinitaly.com\\\/fr\\\/shop\\\/\"},{\"@type\":\"ListItem\",\"position\":3,\"name\":\"Art moderne\",\"item\":\"https:\\\/\\\/egidimadeinitaly.com\\\/fr\\\/product-category\\\/art-moderne\\\/\"},{\"@type\":\"ListItem\",\"position\":4,\"name\":\"\u0152uvres modernes sur papiers\",\"item\":\"https:\\\/\\\/egidimadeinitaly.com\\\/fr\\\/product-category\\\/art-moderne\\\/oeuvres-modernes-sur-papiers\\\/\"},{\"@type\":\"ListItem\",\"position\":5,\"name\":\"Man Ray gravure aquatinte\"}]},{\"@type\":\"WebSite\",\"@id\":\"https:\\\/\\\/egidimadeinitaly.com\\\/fr\\\/#website\",\"url\":\"https:\\\/\\\/egidimadeinitaly.com\\\/fr\\\/\",\"name\":\"Egidi MadeinItaly\",\"description\":\"Fine Art\",\"potentialAction\":[{\"@type\":\"SearchAction\",\"target\":{\"@type\":\"EntryPoint\",\"urlTemplate\":\"https:\\\/\\\/egidimadeinitaly.com\\\/fr\\\/?s={search_term_string}\"},\"query-input\":{\"@type\":\"PropertyValueSpecification\",\"valueRequired\":true,\"valueName\":\"search_term_string\"}}],\"inLanguage\":\"fr-FR\"}]}<\/script>\n<!-- \/ Yoast SEO Premium plugin. -->","yoast_head_json":{"title":"Man Ray gravure aquatinte - Egidi MadeinItaly","description":"Man Ray Transfiguration d'un cactus gravure aquatinte en couleurs sign\u00e9 et num\u00e9rot\u00e9 40\/99 Objet tendences sur Egidi MadeinItaly","robots":{"index":"index","follow":"follow","max-snippet":"max-snippet:-1","max-image-preview":"max-image-preview:large","max-video-preview":"max-video-preview:-1"},"canonical":"https:\/\/egidimadeinitaly.com\/fr\/ecomsite\/fr\/produit\/art-ancien-et-moderne\/oeuvres-sur-papier\/man-ray-gravure-aquatinte\/","og_locale":"fr_FR","og_type":"article","og_title":"Man Ray gravure aquatinte","og_description":"\"Transfiguration d'un cactus\" gravure et aquatinte en couleurs 1971 (depuis l'original du 1945), sign\u00e9 et num\u00e9rot\u00e9 40\/99.","og_url":"https:\/\/egidimadeinitaly.com\/ecomsite\/fr\/produit\/art-ancien-et-moderne\/oeuvres-sur-papier\/man-ray-gravure-aquatinte\/","og_site_name":"Egidi MadeinItaly","article_publisher":"https:\/\/www.facebook.com\/egidimadeinitaly\/","article_modified_time":"2023-01-07T16:42:27+00:00","og_image":[{"width":2560,"height":1709,"url":"https:\/\/egidimadeinitaly.com\/wp-content\/uploads\/2022\/01\/Egidi-20-158-scaled-e1670854846843.jpg","type":"image\/jpeg"}],"schema":{"@context":"https:\/\/schema.org","@graph":[{"@type":"WebPage","@id":"https:\/\/egidimadeinitaly.com\/fr\/negozio\/art-moderne\/oeuvres-modernes-sur-papiers\/man-ray-gravure-aquatinte\/","url":"https:\/\/egidimadeinitaly.com\/ecomsite\/fr\/produit\/art-ancien-et-moderne\/oeuvres-sur-papier\/man-ray-gravure-aquatinte\/","name":"Man Ray gravure aquatinte - Egidi MadeinItaly","isPartOf":{"@id":"https:\/\/egidimadeinitaly.com\/fr\/#website"},"primaryImageOfPage":{"@id":"https:\/\/egidimadeinitaly.com\/ecomsite\/fr\/produit\/art-ancien-et-moderne\/oeuvres-sur-papier\/man-ray-gravure-aquatinte\/#primaryimage"},"image":{"@id":"https:\/\/egidimadeinitaly.com\/ecomsite\/fr\/produit\/art-ancien-et-moderne\/oeuvres-sur-papier\/man-ray-gravure-aquatinte\/#primaryimage"},"thumbnailUrl":"https:\/\/egidimadeinitaly.com\/v25\/wp-content\/uploads\/2022\/01\/Egidi-20-158-scaled-e1670854846843.jpg","datePublished":"2022-02-12T15:01:31+00:00","dateModified":"2023-01-07T16:42:27+00:00","description":"Man Ray Transfiguration d'un cactus gravure aquatinte en couleurs sign\u00e9 et num\u00e9rot\u00e9 40\/99 Objet tendences sur Egidi MadeinItaly","breadcrumb":{"@id":"https:\/\/egidimadeinitaly.com\/ecomsite\/fr\/produit\/art-ancien-et-moderne\/oeuvres-sur-papier\/man-ray-gravure-aquatinte\/#breadcrumb"},"inLanguage":"fr-FR","potentialAction":[{"@type":"ReadAction","target":["https:\/\/egidimadeinitaly.com\/ecomsite\/fr\/produit\/art-ancien-et-moderne\/oeuvres-sur-papier\/man-ray-gravure-aquatinte\/"]}]},{"@type":"ImageObject","inLanguage":"fr-FR","@id":"https:\/\/egidimadeinitaly.com\/ecomsite\/fr\/produit\/art-ancien-et-moderne\/oeuvres-sur-papier\/man-ray-gravure-aquatinte\/#primaryimage","url":"https:\/\/egidimadeinitaly.com\/v25\/wp-content\/uploads\/2022\/01\/Egidi-20-158-scaled-e1670854846843.jpg","contentUrl":"https:\/\/egidimadeinitaly.com\/v25\/wp-content\/uploads\/2022\/01\/Egidi-20-158-scaled-e1670854846843.jpg","width":2560,"height":1709,"caption":"Man Ray \"Transfiguration d'un cactus\""},{"@type":"BreadcrumbList","@id":"https:\/\/egidimadeinitaly.com\/ecomsite\/fr\/produit\/art-ancien-et-moderne\/oeuvres-sur-papier\/man-ray-gravure-aquatinte\/#breadcrumb","itemListElement":[{"@type":"ListItem","position":1,"name":"Home","item":"https:\/\/egidimadeinitaly.com\/fr\/"},{"@type":"ListItem","position":2,"name":"Produits","item":"https:\/\/egidimadeinitaly.com\/fr\/shop\/"},{"@type":"ListItem","position":3,"name":"Art moderne","item":"https:\/\/egidimadeinitaly.com\/fr\/product-category\/art-moderne\/"},{"@type":"ListItem","position":4,"name":"\u0152uvres modernes sur papiers","item":"https:\/\/egidimadeinitaly.com\/fr\/product-category\/art-moderne\/oeuvres-modernes-sur-papiers\/"},{"@type":"ListItem","position":5,"name":"Man Ray gravure aquatinte"}]},{"@type":"WebSite","@id":"https:\/\/egidimadeinitaly.com\/fr\/#website","url":"https:\/\/egidimadeinitaly.com\/fr\/","name":"Egidi MadeinItaly","description":"Fine Art","potentialAction":[{"@type":"SearchAction","target":{"@type":"EntryPoint","urlTemplate":"https:\/\/egidimadeinitaly.com\/fr\/?s={search_term_string}"},"query-input":{"@type":"PropertyValueSpecification","valueRequired":true,"valueName":"search_term_string"}}],"inLanguage":"fr-FR"}]}},"_links":{"self":[{"href":"https:\/\/egidimadeinitaly.com\/fr\/wp-json\/wp\/v2\/product\/108207","targetHints":{"allow":["GET"]}}],"collection":[{"href":"https:\/\/egidimadeinitaly.com\/fr\/wp-json\/wp\/v2\/product"}],"about":[{"href":"https:\/\/egidimadeinitaly.com\/fr\/wp-json\/wp\/v2\/types\/product"}],"wp:featuredmedia":[{"embeddable":true,"href":"https:\/\/egidimadeinitaly.com\/fr\/wp-json\/wp\/v2\/media\/108011"}],"wp:attachment":[{"href":"https:\/\/egidimadeinitaly.com\/fr\/wp-json\/wp\/v2\/media?parent=108207"}],"wp:term":[{"taxonomy":"product_brand","embeddable":true,"href":"https:\/\/egidimadeinitaly.com\/fr\/wp-json\/wp\/v2\/product_brand?post=108207"},{"taxonomy":"product_cat","embeddable":true,"href":"https:\/\/egidimadeinitaly.com\/fr\/wp-json\/wp\/v2\/product_cat?post=108207"},{"taxonomy":"product_tag","embeddable":true,"href":"https:\/\/egidimadeinitaly.com\/fr\/wp-json\/wp\/v2\/product_tag?post=108207"}],"curies":[{"name":"wp","href":"https:\/\/api.w.org\/{rel}","templated":true}]}}