{"id":108157,"date":"2023-02-07T16:16:38","date_gmt":"2023-02-07T15:16:38","guid":{"rendered":"https:\/\/egidimadeinitaly.com\/ecomsite\/?post_type=product&#038;p=108157"},"modified":"2024-12-02T18:48:42","modified_gmt":"2024-12-02T17:48:42","slug":"sculpture-riccardo-gatti-faenza","status":"publish","type":"product","link":"https:\/\/egidimadeinitaly.com\/fr\/negozio\/objets-dart\/objets-dart-modernes\/sculpture-riccardo-gatti-faenza\/","title":{"rendered":"Sculpture Riccardo Gatti Faenza"},"content":{"rendered":"<p>Sculpture en c\u00e9ramique \u00e9maill\u00e9e avec un fort lustre m\u00e9tallique.<\/p>\n<p>Design des ann\u00e9es 30.<\/p>\n<p>Fabrication Gatti, Faenza, milieu des ann\u00e9es 1950.<\/p>\n<p>Sign\u00e9 sous la base<\/p>\n","protected":false},"excerpt":{"rendered":"<p>Antilope mourante<\/p>\n","protected":false},"featured_media":107334,"template":"","meta":{"_acf_changed":false},"product_brand":[],"product_cat":[6412,6492],"product_tag":[5956,5306],"class_list":{"0":"post-108157","1":"product","2":"type-product","3":"status-publish","4":"has-post-thumbnail","6":"product_cat-objets-dart-modernes","7":"product_cat-objets-dart","8":"product_tag-ceramique","9":"product_tag-objets-de-collection","11":"first","12":"instock","13":"taxable","14":"shipping-taxable","15":"product-type-simple"},"acf":[],"yoast_head":"<!-- This site is optimized with the Yoast SEO Premium plugin v27.3 (Yoast SEO v27.4) - https:\/\/yoast.com\/product\/yoast-seo-premium-wordpress\/ -->\n<title>Sculpture Riccardo Gatti Faenza - Egidi MadeinItaly<\/title>\n<meta name=\"description\" content=\"Riccardo Gatti Faenza Sculpture en c\u00e9ramique zoomorphe \u00e9maill\u00e9 des ann\u00e9es 50 Objets d&#039;art moderne en vente sur Egidi MadeinItaly\" \/>\n<meta name=\"robots\" content=\"index, follow, max-snippet:-1, max-image-preview:large, max-video-preview:-1\" \/>\n<link rel=\"canonical\" href=\"https:\/\/egidimadeinitaly.com\/fr\/produit\/design-fr\/arts-decoratifs\/ceramiques-fr\/sculpture-riccardo-gatti-faenza\/\" \/>\n<meta property=\"og:locale\" content=\"fr_FR\" \/>\n<meta property=\"og:type\" content=\"article\" \/>\n<meta property=\"og:title\" content=\"Sculpture Riccardo Gatti Faenza\" \/>\n<meta property=\"og:description\" content=\"Antilope mourante\" \/>\n<meta property=\"og:url\" content=\"https:\/\/egidimadeinitaly.com\/fr\/produit\/design-fr\/arts-decoratifs\/ceramiques-fr\/sculpture-riccardo-gatti-faenza\/\" \/>\n<meta property=\"og:site_name\" content=\"Egidi MadeinItaly\" \/>\n<meta property=\"article:publisher\" content=\"https:\/\/www.facebook.com\/egidimadeinitaly\/\" \/>\n<meta property=\"article:modified_time\" content=\"2024-12-02T17:48:42+00:00\" \/>\n<meta property=\"og:image\" content=\"https:\/\/egidimadeinitaly.com\/wp-content\/uploads\/2022\/01\/0D2D5118-AFFA-43D8-A637-8DBFB1E2AD53-scaled-e1680435361521.jpeg\" \/>\n\t<meta property=\"og:image:width\" content=\"2560\" \/>\n\t<meta property=\"og:image:height\" content=\"2560\" \/>\n\t<meta property=\"og:image:type\" content=\"image\/jpeg\" \/>\n<script type=\"application\/ld+json\" class=\"yoast-schema-graph\">{\"@context\":\"https:\\\/\\\/schema.org\",\"@graph\":[{\"@type\":\"WebPage\",\"@id\":\"https:\\\/\\\/egidimadeinitaly.com\\\/fr\\\/negozio\\\/objets-dart\\\/objets-dart-modernes\\\/sculpture-riccardo-gatti-faenza\\\/\",\"url\":\"https:\\\/\\\/egidimadeinitaly.com\\\/fr\\\/produit\\\/design-fr\\\/arts-decoratifs\\\/ceramiques-fr\\\/sculpture-riccardo-gatti-faenza\\\/\",\"name\":\"Sculpture Riccardo Gatti Faenza - Egidi MadeinItaly\",\"isPartOf\":{\"@id\":\"https:\\\/\\\/egidimadeinitaly.com\\\/fr\\\/#website\"},\"primaryImageOfPage\":{\"@id\":\"https:\\\/\\\/egidimadeinitaly.com\\\/fr\\\/produit\\\/design-fr\\\/arts-decoratifs\\\/ceramiques-fr\\\/sculpture-riccardo-gatti-faenza\\\/#primaryimage\"},\"image\":{\"@id\":\"https:\\\/\\\/egidimadeinitaly.com\\\/fr\\\/produit\\\/design-fr\\\/arts-decoratifs\\\/ceramiques-fr\\\/sculpture-riccardo-gatti-faenza\\\/#primaryimage\"},\"thumbnailUrl\":\"https:\\\/\\\/egidimadeinitaly.com\\\/v25\\\/wp-content\\\/uploads\\\/2022\\\/01\\\/0D2D5118-AFFA-43D8-A637-8DBFB1E2AD53-scaled-e1680435361521.jpeg\",\"datePublished\":\"2023-02-07T15:16:38+00:00\",\"dateModified\":\"2024-12-02T17:48:42+00:00\",\"description\":\"Riccardo Gatti Faenza Sculpture en c\u00e9ramique zoomorphe \u00e9maill\u00e9 des ann\u00e9es 50 Objets d'art moderne en vente sur Egidi MadeinItaly\",\"breadcrumb\":{\"@id\":\"https:\\\/\\\/egidimadeinitaly.com\\\/fr\\\/produit\\\/design-fr\\\/arts-decoratifs\\\/ceramiques-fr\\\/sculpture-riccardo-gatti-faenza\\\/#breadcrumb\"},\"inLanguage\":\"fr-FR\",\"potentialAction\":[{\"@type\":\"ReadAction\",\"target\":[\"https:\\\/\\\/egidimadeinitaly.com\\\/fr\\\/produit\\\/design-fr\\\/arts-decoratifs\\\/ceramiques-fr\\\/sculpture-riccardo-gatti-faenza\\\/\"]}]},{\"@type\":\"ImageObject\",\"inLanguage\":\"fr-FR\",\"@id\":\"https:\\\/\\\/egidimadeinitaly.com\\\/fr\\\/produit\\\/design-fr\\\/arts-decoratifs\\\/ceramiques-fr\\\/sculpture-riccardo-gatti-faenza\\\/#primaryimage\",\"url\":\"https:\\\/\\\/egidimadeinitaly.com\\\/v25\\\/wp-content\\\/uploads\\\/2022\\\/01\\\/0D2D5118-AFFA-43D8-A637-8DBFB1E2AD53-scaled-e1680435361521.jpeg\",\"contentUrl\":\"https:\\\/\\\/egidimadeinitaly.com\\\/v25\\\/wp-content\\\/uploads\\\/2022\\\/01\\\/0D2D5118-AFFA-43D8-A637-8DBFB1E2AD53-scaled-e1680435361521.jpeg\",\"width\":2560,\"height\":2560,\"caption\":\"Antilope mourante de Riccardo Gatti Faenza\"},{\"@type\":\"BreadcrumbList\",\"@id\":\"https:\\\/\\\/egidimadeinitaly.com\\\/fr\\\/produit\\\/design-fr\\\/arts-decoratifs\\\/ceramiques-fr\\\/sculpture-riccardo-gatti-faenza\\\/#breadcrumb\",\"itemListElement\":[{\"@type\":\"ListItem\",\"position\":1,\"name\":\"Home\",\"item\":\"https:\\\/\\\/egidimadeinitaly.com\\\/fr\\\/\"},{\"@type\":\"ListItem\",\"position\":2,\"name\":\"Produits\",\"item\":\"https:\\\/\\\/egidimadeinitaly.com\\\/fr\\\/shop\\\/\"},{\"@type\":\"ListItem\",\"position\":3,\"name\":\"Objets d\u2019art\",\"item\":\"https:\\\/\\\/egidimadeinitaly.com\\\/fr\\\/product-category\\\/objets-dart\\\/\"},{\"@type\":\"ListItem\",\"position\":4,\"name\":\"Objets d'art modernes\",\"item\":\"https:\\\/\\\/egidimadeinitaly.com\\\/fr\\\/product-category\\\/objets-dart\\\/objets-dart-modernes\\\/\"},{\"@type\":\"ListItem\",\"position\":5,\"name\":\"Sculpture Riccardo Gatti Faenza\"}]},{\"@type\":\"WebSite\",\"@id\":\"https:\\\/\\\/egidimadeinitaly.com\\\/fr\\\/#website\",\"url\":\"https:\\\/\\\/egidimadeinitaly.com\\\/fr\\\/\",\"name\":\"Egidi MadeinItaly\",\"description\":\"Fine Art\",\"potentialAction\":[{\"@type\":\"SearchAction\",\"target\":{\"@type\":\"EntryPoint\",\"urlTemplate\":\"https:\\\/\\\/egidimadeinitaly.com\\\/fr\\\/?s={search_term_string}\"},\"query-input\":{\"@type\":\"PropertyValueSpecification\",\"valueRequired\":true,\"valueName\":\"search_term_string\"}}],\"inLanguage\":\"fr-FR\"}]}<\/script>\n<!-- \/ Yoast SEO Premium plugin. -->","yoast_head_json":{"title":"Sculpture Riccardo Gatti Faenza - Egidi MadeinItaly","description":"Riccardo Gatti Faenza Sculpture en c\u00e9ramique zoomorphe \u00e9maill\u00e9 des ann\u00e9es 50 Objets d'art moderne en vente sur Egidi MadeinItaly","robots":{"index":"index","follow":"follow","max-snippet":"max-snippet:-1","max-image-preview":"max-image-preview:large","max-video-preview":"max-video-preview:-1"},"canonical":"https:\/\/egidimadeinitaly.com\/fr\/produit\/design-fr\/arts-decoratifs\/ceramiques-fr\/sculpture-riccardo-gatti-faenza\/","og_locale":"fr_FR","og_type":"article","og_title":"Sculpture Riccardo Gatti Faenza","og_description":"Antilope mourante","og_url":"https:\/\/egidimadeinitaly.com\/fr\/produit\/design-fr\/arts-decoratifs\/ceramiques-fr\/sculpture-riccardo-gatti-faenza\/","og_site_name":"Egidi MadeinItaly","article_publisher":"https:\/\/www.facebook.com\/egidimadeinitaly\/","article_modified_time":"2024-12-02T17:48:42+00:00","og_image":[{"width":2560,"height":2560,"url":"https:\/\/egidimadeinitaly.com\/wp-content\/uploads\/2022\/01\/0D2D5118-AFFA-43D8-A637-8DBFB1E2AD53-scaled-e1680435361521.jpeg","type":"image\/jpeg"}],"schema":{"@context":"https:\/\/schema.org","@graph":[{"@type":"WebPage","@id":"https:\/\/egidimadeinitaly.com\/fr\/negozio\/objets-dart\/objets-dart-modernes\/sculpture-riccardo-gatti-faenza\/","url":"https:\/\/egidimadeinitaly.com\/fr\/produit\/design-fr\/arts-decoratifs\/ceramiques-fr\/sculpture-riccardo-gatti-faenza\/","name":"Sculpture Riccardo Gatti Faenza - Egidi MadeinItaly","isPartOf":{"@id":"https:\/\/egidimadeinitaly.com\/fr\/#website"},"primaryImageOfPage":{"@id":"https:\/\/egidimadeinitaly.com\/fr\/produit\/design-fr\/arts-decoratifs\/ceramiques-fr\/sculpture-riccardo-gatti-faenza\/#primaryimage"},"image":{"@id":"https:\/\/egidimadeinitaly.com\/fr\/produit\/design-fr\/arts-decoratifs\/ceramiques-fr\/sculpture-riccardo-gatti-faenza\/#primaryimage"},"thumbnailUrl":"https:\/\/egidimadeinitaly.com\/v25\/wp-content\/uploads\/2022\/01\/0D2D5118-AFFA-43D8-A637-8DBFB1E2AD53-scaled-e1680435361521.jpeg","datePublished":"2023-02-07T15:16:38+00:00","dateModified":"2024-12-02T17:48:42+00:00","description":"Riccardo Gatti Faenza Sculpture en c\u00e9ramique zoomorphe \u00e9maill\u00e9 des ann\u00e9es 50 Objets d'art moderne en vente sur Egidi MadeinItaly","breadcrumb":{"@id":"https:\/\/egidimadeinitaly.com\/fr\/produit\/design-fr\/arts-decoratifs\/ceramiques-fr\/sculpture-riccardo-gatti-faenza\/#breadcrumb"},"inLanguage":"fr-FR","potentialAction":[{"@type":"ReadAction","target":["https:\/\/egidimadeinitaly.com\/fr\/produit\/design-fr\/arts-decoratifs\/ceramiques-fr\/sculpture-riccardo-gatti-faenza\/"]}]},{"@type":"ImageObject","inLanguage":"fr-FR","@id":"https:\/\/egidimadeinitaly.com\/fr\/produit\/design-fr\/arts-decoratifs\/ceramiques-fr\/sculpture-riccardo-gatti-faenza\/#primaryimage","url":"https:\/\/egidimadeinitaly.com\/v25\/wp-content\/uploads\/2022\/01\/0D2D5118-AFFA-43D8-A637-8DBFB1E2AD53-scaled-e1680435361521.jpeg","contentUrl":"https:\/\/egidimadeinitaly.com\/v25\/wp-content\/uploads\/2022\/01\/0D2D5118-AFFA-43D8-A637-8DBFB1E2AD53-scaled-e1680435361521.jpeg","width":2560,"height":2560,"caption":"Antilope mourante de Riccardo Gatti Faenza"},{"@type":"BreadcrumbList","@id":"https:\/\/egidimadeinitaly.com\/fr\/produit\/design-fr\/arts-decoratifs\/ceramiques-fr\/sculpture-riccardo-gatti-faenza\/#breadcrumb","itemListElement":[{"@type":"ListItem","position":1,"name":"Home","item":"https:\/\/egidimadeinitaly.com\/fr\/"},{"@type":"ListItem","position":2,"name":"Produits","item":"https:\/\/egidimadeinitaly.com\/fr\/shop\/"},{"@type":"ListItem","position":3,"name":"Objets d\u2019art","item":"https:\/\/egidimadeinitaly.com\/fr\/product-category\/objets-dart\/"},{"@type":"ListItem","position":4,"name":"Objets d'art modernes","item":"https:\/\/egidimadeinitaly.com\/fr\/product-category\/objets-dart\/objets-dart-modernes\/"},{"@type":"ListItem","position":5,"name":"Sculpture Riccardo Gatti Faenza"}]},{"@type":"WebSite","@id":"https:\/\/egidimadeinitaly.com\/fr\/#website","url":"https:\/\/egidimadeinitaly.com\/fr\/","name":"Egidi MadeinItaly","description":"Fine Art","potentialAction":[{"@type":"SearchAction","target":{"@type":"EntryPoint","urlTemplate":"https:\/\/egidimadeinitaly.com\/fr\/?s={search_term_string}"},"query-input":{"@type":"PropertyValueSpecification","valueRequired":true,"valueName":"search_term_string"}}],"inLanguage":"fr-FR"}]}},"_links":{"self":[{"href":"https:\/\/egidimadeinitaly.com\/fr\/wp-json\/wp\/v2\/product\/108157","targetHints":{"allow":["GET"]}}],"collection":[{"href":"https:\/\/egidimadeinitaly.com\/fr\/wp-json\/wp\/v2\/product"}],"about":[{"href":"https:\/\/egidimadeinitaly.com\/fr\/wp-json\/wp\/v2\/types\/product"}],"wp:featuredmedia":[{"embeddable":true,"href":"https:\/\/egidimadeinitaly.com\/fr\/wp-json\/wp\/v2\/media\/107334"}],"wp:attachment":[{"href":"https:\/\/egidimadeinitaly.com\/fr\/wp-json\/wp\/v2\/media?parent=108157"}],"wp:term":[{"taxonomy":"product_brand","embeddable":true,"href":"https:\/\/egidimadeinitaly.com\/fr\/wp-json\/wp\/v2\/product_brand?post=108157"},{"taxonomy":"product_cat","embeddable":true,"href":"https:\/\/egidimadeinitaly.com\/fr\/wp-json\/wp\/v2\/product_cat?post=108157"},{"taxonomy":"product_tag","embeddable":true,"href":"https:\/\/egidimadeinitaly.com\/fr\/wp-json\/wp\/v2\/product_tag?post=108157"}],"curies":[{"name":"wp","href":"https:\/\/api.w.org\/{rel}","templated":true}]}}