{"id":107910,"date":"2022-01-28T16:24:18","date_gmt":"2022-01-28T15:24:18","guid":{"rendered":"https:\/\/egidimadeinitaly.com\/ecomsite\/?post_type=product&#038;p=107910"},"modified":"2023-01-07T17:46:41","modified_gmt":"2023-01-07T16:46:41","slug":"pietro-melandri-vase-en-terre-cuite","status":"publish","type":"product","link":"https:\/\/egidimadeinitaly.com\/fr\/negozio\/objets-dart\/objets-dart-modernes\/pietro-melandri-vase-en-terre-cuite\/","title":{"rendered":"Pietro Melandri vase en terre-cuite"},"content":{"rendered":"<p>Sign\u00e9 Melandri Faenza <span style=\"font-weight: 400;\">sur le fond<\/span><\/p>\n<p>Seulement un artiste complet comme <strong>Pietro Melandri<\/strong> aurait pu penser et cr\u00e9er cette merveilleuse sculpture. Il \u00e9tait en effet c\u00e9ramiste mais aussi sc\u00e9nographe et peintre. Il a collabor\u00e9 activement avec <strong>Gio Ponti<\/strong>.<\/p>\n","protected":false},"excerpt":{"rendered":"<p>Grand vase en terre cuite majolique gris-vert avec des reflets m\u00e9talliques dor\u00e9s.<\/p>\n","protected":false},"featured_media":107283,"template":"","meta":{"_acf_changed":false},"product_brand":[],"product_cat":[6412,6492],"product_tag":[5956,5306],"class_list":{"0":"post-107910","1":"product","2":"type-product","3":"status-publish","4":"has-post-thumbnail","6":"product_cat-objets-dart-modernes","7":"product_cat-objets-dart","8":"product_tag-ceramique","9":"product_tag-objets-de-collection","11":"first","12":"outofstock","13":"taxable","14":"shipping-taxable","15":"product-type-simple"},"acf":[],"yoast_head":"<!-- This site is optimized with the Yoast SEO Premium plugin v27.3 (Yoast SEO v27.4) - https:\/\/yoast.com\/product\/yoast-seo-premium-wordpress\/ -->\n<title>Pietro Melandri vase en terre-cuite - Egidi MadeinItaly<\/title>\n<meta name=\"description\" content=\"Vase Pietro Melandri en terre cuite gris-vert du d\u00e9but des ann\u00e9es 1940 pour rendre votre maison unique avec des objets d&#039;art moderne rares et uniques\" \/>\n<meta name=\"robots\" content=\"index, follow, max-snippet:-1, max-image-preview:large, max-video-preview:-1\" \/>\n<link rel=\"canonical\" href=\"https:\/\/egidimadeinitaly.com\/fr\/ecomsite\/fr\/produit\/design-fr\/arts-decoratifs\/ceramiques-fr\/pietro-melandri-vase-en-terre-cuite\/\" \/>\n<meta property=\"og:locale\" content=\"fr_FR\" \/>\n<meta property=\"og:type\" content=\"article\" \/>\n<meta property=\"og:title\" content=\"Pietro Melandri vase en terre-cuite\" \/>\n<meta property=\"og:description\" content=\"Grand vase en terre cuite majolique gris-vert avec des reflets m\u00e9talliques dor\u00e9s.\" \/>\n<meta property=\"og:url\" content=\"https:\/\/egidimadeinitaly.com\/ecomsite\/fr\/produit\/design-fr\/arts-decoratifs\/ceramiques-fr\/pietro-melandri-vase-en-terre-cuite\/\" \/>\n<meta property=\"og:site_name\" content=\"Egidi MadeinItaly\" \/>\n<meta property=\"article:publisher\" content=\"https:\/\/www.facebook.com\/egidimadeinitaly\/\" \/>\n<meta property=\"article:modified_time\" content=\"2023-01-07T16:46:41+00:00\" \/>\n<meta property=\"og:image\" content=\"https:\/\/egidimadeinitaly.com\/wp-content\/uploads\/2022\/01\/481BEC35-C060-4DBD-9E3F-A8409F459409-scaled-e1691006929523.jpeg\" \/>\n\t<meta property=\"og:image:width\" content=\"400\" \/>\n\t<meta property=\"og:image:height\" content=\"500\" \/>\n\t<meta property=\"og:image:type\" content=\"image\/jpeg\" \/>\n<script type=\"application\/ld+json\" class=\"yoast-schema-graph\">{\"@context\":\"https:\\\/\\\/schema.org\",\"@graph\":[{\"@type\":\"WebPage\",\"@id\":\"https:\\\/\\\/egidimadeinitaly.com\\\/fr\\\/negozio\\\/objets-dart\\\/objets-dart-modernes\\\/pietro-melandri-vase-en-terre-cuite\\\/\",\"url\":\"https:\\\/\\\/egidimadeinitaly.com\\\/ecomsite\\\/fr\\\/produit\\\/design-fr\\\/arts-decoratifs\\\/ceramiques-fr\\\/pietro-melandri-vase-en-terre-cuite\\\/\",\"name\":\"Pietro Melandri vase en terre-cuite - Egidi MadeinItaly\",\"isPartOf\":{\"@id\":\"https:\\\/\\\/egidimadeinitaly.com\\\/fr\\\/#website\"},\"primaryImageOfPage\":{\"@id\":\"https:\\\/\\\/egidimadeinitaly.com\\\/ecomsite\\\/fr\\\/produit\\\/design-fr\\\/arts-decoratifs\\\/ceramiques-fr\\\/pietro-melandri-vase-en-terre-cuite\\\/#primaryimage\"},\"image\":{\"@id\":\"https:\\\/\\\/egidimadeinitaly.com\\\/ecomsite\\\/fr\\\/produit\\\/design-fr\\\/arts-decoratifs\\\/ceramiques-fr\\\/pietro-melandri-vase-en-terre-cuite\\\/#primaryimage\"},\"thumbnailUrl\":\"https:\\\/\\\/egidimadeinitaly.com\\\/v25\\\/wp-content\\\/uploads\\\/2022\\\/01\\\/481BEC35-C060-4DBD-9E3F-A8409F459409-scaled-e1691006929523.jpeg\",\"datePublished\":\"2022-01-28T15:24:18+00:00\",\"dateModified\":\"2023-01-07T16:46:41+00:00\",\"description\":\"Vase Pietro Melandri en terre cuite gris-vert du d\u00e9but des ann\u00e9es 1940 pour rendre votre maison unique avec des objets d'art moderne rares et uniques\",\"breadcrumb\":{\"@id\":\"https:\\\/\\\/egidimadeinitaly.com\\\/ecomsite\\\/fr\\\/produit\\\/design-fr\\\/arts-decoratifs\\\/ceramiques-fr\\\/pietro-melandri-vase-en-terre-cuite\\\/#breadcrumb\"},\"inLanguage\":\"fr-FR\",\"potentialAction\":[{\"@type\":\"ReadAction\",\"target\":[\"https:\\\/\\\/egidimadeinitaly.com\\\/ecomsite\\\/fr\\\/produit\\\/design-fr\\\/arts-decoratifs\\\/ceramiques-fr\\\/pietro-melandri-vase-en-terre-cuite\\\/\"]}]},{\"@type\":\"ImageObject\",\"inLanguage\":\"fr-FR\",\"@id\":\"https:\\\/\\\/egidimadeinitaly.com\\\/ecomsite\\\/fr\\\/produit\\\/design-fr\\\/arts-decoratifs\\\/ceramiques-fr\\\/pietro-melandri-vase-en-terre-cuite\\\/#primaryimage\",\"url\":\"https:\\\/\\\/egidimadeinitaly.com\\\/v25\\\/wp-content\\\/uploads\\\/2022\\\/01\\\/481BEC35-C060-4DBD-9E3F-A8409F459409-scaled-e1691006929523.jpeg\",\"contentUrl\":\"https:\\\/\\\/egidimadeinitaly.com\\\/v25\\\/wp-content\\\/uploads\\\/2022\\\/01\\\/481BEC35-C060-4DBD-9E3F-A8409F459409-scaled-e1691006929523.jpeg\",\"width\":400,\"height\":500,\"caption\":\"Vase en terre-cuite Pietro Melandri\"},{\"@type\":\"BreadcrumbList\",\"@id\":\"https:\\\/\\\/egidimadeinitaly.com\\\/ecomsite\\\/fr\\\/produit\\\/design-fr\\\/arts-decoratifs\\\/ceramiques-fr\\\/pietro-melandri-vase-en-terre-cuite\\\/#breadcrumb\",\"itemListElement\":[{\"@type\":\"ListItem\",\"position\":1,\"name\":\"Home\",\"item\":\"https:\\\/\\\/egidimadeinitaly.com\\\/fr\\\/\"},{\"@type\":\"ListItem\",\"position\":2,\"name\":\"Produits\",\"item\":\"https:\\\/\\\/egidimadeinitaly.com\\\/fr\\\/shop\\\/\"},{\"@type\":\"ListItem\",\"position\":3,\"name\":\"Objets d\u2019art\",\"item\":\"https:\\\/\\\/egidimadeinitaly.com\\\/fr\\\/product-category\\\/objets-dart\\\/\"},{\"@type\":\"ListItem\",\"position\":4,\"name\":\"Objets d'art modernes\",\"item\":\"https:\\\/\\\/egidimadeinitaly.com\\\/fr\\\/product-category\\\/objets-dart\\\/objets-dart-modernes\\\/\"},{\"@type\":\"ListItem\",\"position\":5,\"name\":\"Pietro Melandri vase en terre-cuite\"}]},{\"@type\":\"WebSite\",\"@id\":\"https:\\\/\\\/egidimadeinitaly.com\\\/fr\\\/#website\",\"url\":\"https:\\\/\\\/egidimadeinitaly.com\\\/fr\\\/\",\"name\":\"Egidi MadeinItaly\",\"description\":\"Fine Art\",\"potentialAction\":[{\"@type\":\"SearchAction\",\"target\":{\"@type\":\"EntryPoint\",\"urlTemplate\":\"https:\\\/\\\/egidimadeinitaly.com\\\/fr\\\/?s={search_term_string}\"},\"query-input\":{\"@type\":\"PropertyValueSpecification\",\"valueRequired\":true,\"valueName\":\"search_term_string\"}}],\"inLanguage\":\"fr-FR\"}]}<\/script>\n<!-- \/ Yoast SEO Premium plugin. -->","yoast_head_json":{"title":"Pietro Melandri vase en terre-cuite - Egidi MadeinItaly","description":"Vase Pietro Melandri en terre cuite gris-vert du d\u00e9but des ann\u00e9es 1940 pour rendre votre maison unique avec des objets d'art moderne rares et uniques","robots":{"index":"index","follow":"follow","max-snippet":"max-snippet:-1","max-image-preview":"max-image-preview:large","max-video-preview":"max-video-preview:-1"},"canonical":"https:\/\/egidimadeinitaly.com\/fr\/ecomsite\/fr\/produit\/design-fr\/arts-decoratifs\/ceramiques-fr\/pietro-melandri-vase-en-terre-cuite\/","og_locale":"fr_FR","og_type":"article","og_title":"Pietro Melandri vase en terre-cuite","og_description":"Grand vase en terre cuite majolique gris-vert avec des reflets m\u00e9talliques dor\u00e9s.","og_url":"https:\/\/egidimadeinitaly.com\/ecomsite\/fr\/produit\/design-fr\/arts-decoratifs\/ceramiques-fr\/pietro-melandri-vase-en-terre-cuite\/","og_site_name":"Egidi MadeinItaly","article_publisher":"https:\/\/www.facebook.com\/egidimadeinitaly\/","article_modified_time":"2023-01-07T16:46:41+00:00","og_image":[{"width":400,"height":500,"url":"https:\/\/egidimadeinitaly.com\/wp-content\/uploads\/2022\/01\/481BEC35-C060-4DBD-9E3F-A8409F459409-scaled-e1691006929523.jpeg","type":"image\/jpeg"}],"schema":{"@context":"https:\/\/schema.org","@graph":[{"@type":"WebPage","@id":"https:\/\/egidimadeinitaly.com\/fr\/negozio\/objets-dart\/objets-dart-modernes\/pietro-melandri-vase-en-terre-cuite\/","url":"https:\/\/egidimadeinitaly.com\/ecomsite\/fr\/produit\/design-fr\/arts-decoratifs\/ceramiques-fr\/pietro-melandri-vase-en-terre-cuite\/","name":"Pietro Melandri vase en terre-cuite - Egidi MadeinItaly","isPartOf":{"@id":"https:\/\/egidimadeinitaly.com\/fr\/#website"},"primaryImageOfPage":{"@id":"https:\/\/egidimadeinitaly.com\/ecomsite\/fr\/produit\/design-fr\/arts-decoratifs\/ceramiques-fr\/pietro-melandri-vase-en-terre-cuite\/#primaryimage"},"image":{"@id":"https:\/\/egidimadeinitaly.com\/ecomsite\/fr\/produit\/design-fr\/arts-decoratifs\/ceramiques-fr\/pietro-melandri-vase-en-terre-cuite\/#primaryimage"},"thumbnailUrl":"https:\/\/egidimadeinitaly.com\/v25\/wp-content\/uploads\/2022\/01\/481BEC35-C060-4DBD-9E3F-A8409F459409-scaled-e1691006929523.jpeg","datePublished":"2022-01-28T15:24:18+00:00","dateModified":"2023-01-07T16:46:41+00:00","description":"Vase Pietro Melandri en terre cuite gris-vert du d\u00e9but des ann\u00e9es 1940 pour rendre votre maison unique avec des objets d'art moderne rares et uniques","breadcrumb":{"@id":"https:\/\/egidimadeinitaly.com\/ecomsite\/fr\/produit\/design-fr\/arts-decoratifs\/ceramiques-fr\/pietro-melandri-vase-en-terre-cuite\/#breadcrumb"},"inLanguage":"fr-FR","potentialAction":[{"@type":"ReadAction","target":["https:\/\/egidimadeinitaly.com\/ecomsite\/fr\/produit\/design-fr\/arts-decoratifs\/ceramiques-fr\/pietro-melandri-vase-en-terre-cuite\/"]}]},{"@type":"ImageObject","inLanguage":"fr-FR","@id":"https:\/\/egidimadeinitaly.com\/ecomsite\/fr\/produit\/design-fr\/arts-decoratifs\/ceramiques-fr\/pietro-melandri-vase-en-terre-cuite\/#primaryimage","url":"https:\/\/egidimadeinitaly.com\/v25\/wp-content\/uploads\/2022\/01\/481BEC35-C060-4DBD-9E3F-A8409F459409-scaled-e1691006929523.jpeg","contentUrl":"https:\/\/egidimadeinitaly.com\/v25\/wp-content\/uploads\/2022\/01\/481BEC35-C060-4DBD-9E3F-A8409F459409-scaled-e1691006929523.jpeg","width":400,"height":500,"caption":"Vase en terre-cuite Pietro Melandri"},{"@type":"BreadcrumbList","@id":"https:\/\/egidimadeinitaly.com\/ecomsite\/fr\/produit\/design-fr\/arts-decoratifs\/ceramiques-fr\/pietro-melandri-vase-en-terre-cuite\/#breadcrumb","itemListElement":[{"@type":"ListItem","position":1,"name":"Home","item":"https:\/\/egidimadeinitaly.com\/fr\/"},{"@type":"ListItem","position":2,"name":"Produits","item":"https:\/\/egidimadeinitaly.com\/fr\/shop\/"},{"@type":"ListItem","position":3,"name":"Objets d\u2019art","item":"https:\/\/egidimadeinitaly.com\/fr\/product-category\/objets-dart\/"},{"@type":"ListItem","position":4,"name":"Objets d'art modernes","item":"https:\/\/egidimadeinitaly.com\/fr\/product-category\/objets-dart\/objets-dart-modernes\/"},{"@type":"ListItem","position":5,"name":"Pietro Melandri vase en terre-cuite"}]},{"@type":"WebSite","@id":"https:\/\/egidimadeinitaly.com\/fr\/#website","url":"https:\/\/egidimadeinitaly.com\/fr\/","name":"Egidi MadeinItaly","description":"Fine Art","potentialAction":[{"@type":"SearchAction","target":{"@type":"EntryPoint","urlTemplate":"https:\/\/egidimadeinitaly.com\/fr\/?s={search_term_string}"},"query-input":{"@type":"PropertyValueSpecification","valueRequired":true,"valueName":"search_term_string"}}],"inLanguage":"fr-FR"}]}},"_links":{"self":[{"href":"https:\/\/egidimadeinitaly.com\/fr\/wp-json\/wp\/v2\/product\/107910","targetHints":{"allow":["GET"]}}],"collection":[{"href":"https:\/\/egidimadeinitaly.com\/fr\/wp-json\/wp\/v2\/product"}],"about":[{"href":"https:\/\/egidimadeinitaly.com\/fr\/wp-json\/wp\/v2\/types\/product"}],"wp:featuredmedia":[{"embeddable":true,"href":"https:\/\/egidimadeinitaly.com\/fr\/wp-json\/wp\/v2\/media\/107283"}],"wp:attachment":[{"href":"https:\/\/egidimadeinitaly.com\/fr\/wp-json\/wp\/v2\/media?parent=107910"}],"wp:term":[{"taxonomy":"product_brand","embeddable":true,"href":"https:\/\/egidimadeinitaly.com\/fr\/wp-json\/wp\/v2\/product_brand?post=107910"},{"taxonomy":"product_cat","embeddable":true,"href":"https:\/\/egidimadeinitaly.com\/fr\/wp-json\/wp\/v2\/product_cat?post=107910"},{"taxonomy":"product_tag","embeddable":true,"href":"https:\/\/egidimadeinitaly.com\/fr\/wp-json\/wp\/v2\/product_tag?post=107910"}],"curies":[{"name":"wp","href":"https:\/\/api.w.org\/{rel}","templated":true}]}}