{"id":106543,"date":"2023-07-10T16:15:19","date_gmt":"2023-07-10T15:15:19","guid":{"rendered":"https:\/\/egidimadeinitaly.com\/ecomsite\/?post_type=product&#038;p=106543"},"modified":"2023-01-07T15:11:51","modified_gmt":"2023-01-07T14:11:51","slug":"peinture-ancienne-vierge-marie","status":"publish","type":"product","link":"https:\/\/egidimadeinitaly.com\/fr\/negozio\/art-ancien\/tableaux-anciens-fr\/peinture-ancienne-vierge-marie\/","title":{"rendered":"Peinture Ancienne Vierge Marie"},"content":{"rendered":"<p>Cette peinture d&rsquo;une intensit\u00e9 et d&rsquo;une f\u00e9licit\u00e9 rares est pr\u00e9sent\u00e9e sur son panneau cuspid\u00e9 original du Xe-Ve si\u00e8cle en bois de peuplier.<\/p>\n<p>Notre toute jeune Marie a d\u00e9j\u00e0 l&rsquo;aur\u00e9ole de la sanctification tout en gardant le regard baiss\u00e9.<\/p>\n<p>Un voile semi-transparent prot\u00e8ge ses cheveux, qui entourent son beau visage \u00e0 l&rsquo;expression pensive mais sereine.<\/p>\n<p>La douce posture de la Vierge Marie rappelle sans aucun doute la production la plus pure de la peinture toscane de la pr\u00e9-Renaissance et l&rsquo;expression douce de son visage est un puissant rappel des grands ma\u00eetres florentins des ann\u00e9es 1400.<\/p>\n<p>Alessandro Filipepi, n\u00e9 Sandro Botticelli, est le premier artiste qui vient \u00e0 l&rsquo;esprit en regardant cette suave peinture \u00e0 l&rsquo;huile polychrome.<\/p>\n<p>Le tableau a fait l&rsquo;objet d&rsquo;une restauration conservatrice exhaustive qui a pr\u00e9serv\u00e9 son originalit\u00e9 g\u00e9n\u00e9rale, notamment dans la partie du visage rest\u00e9e pratiquement intacte.<\/p>\n<p>Sur demande, une fiche technique est disponible aupr\u00e8s de l&rsquo;atelier de restauration qui a travaill\u00e9 sur notre tableau ; il s&rsquo;agit de l&rsquo;un des meilleurs ateliers de restauration en Italie.<\/p>\n<p>Le panneau est agr\u00e9ment\u00e9 d&rsquo;un cadre ancien en bois dor\u00e9 du XIXe si\u00e8cle.<\/p>\n","protected":false},"excerpt":{"rendered":"<p>Peinture \u00e0 sujet sacr\u00e9 d&rsquo;une rare intensit\u00e9 et b\u00e9atitude pr\u00e9sent\u00e9e sur son panneau cuspid\u00e9 d&rsquo;origine du cinqui\u00e8me si\u00e8cle en bois de peuplier.<\/p>\n","protected":false},"featured_media":104687,"template":"","meta":{"_acf_changed":false},"product_brand":[],"product_cat":[6374,6408],"product_tag":[4245,5732,5306],"class_list":{"0":"post-106543","1":"product","2":"type-product","3":"status-publish","4":"has-post-thumbnail","6":"product_cat-art-ancien","7":"product_cat-tableaux-anciens-fr","8":"product_tag-art-sacre","9":"product_tag-beaux-arts-fr","10":"product_tag-objets-de-collection","12":"first","13":"outofstock","14":"taxable","15":"shipping-taxable","16":"product-type-simple"},"acf":[],"yoast_head":"<!-- This site is optimized with the Yoast SEO Premium plugin v27.4 (Yoast SEO v27.5) - https:\/\/yoast.com\/product\/yoast-seo-premium-wordpress\/ -->\n<title>Peinture Ancienne Vierge Marie - Egidi MadeinItaly<\/title>\n<meta name=\"description\" content=\"Peinture ancienne sur bois repr\u00e9sentant la Vierge Marie Peinture toscane de la p\u00e9riode pr\u00e9-Renaissance Tableau ancien en vente sur Egidi MadeinItaly\" \/>\n<meta name=\"robots\" content=\"index, follow, max-snippet:-1, max-image-preview:large, max-video-preview:-1\" \/>\n<link rel=\"canonical\" href=\"https:\/\/egidimadeinitaly.com\/fr\/negozio\/art-ancien\/tableaux-anciens-fr\/peinture-ancienne-vierge-marie\/\" \/>\n<meta property=\"og:locale\" content=\"fr_FR\" \/>\n<meta property=\"og:type\" content=\"article\" \/>\n<meta property=\"og:title\" content=\"Peinture Ancienne Vierge Marie\" \/>\n<meta property=\"og:description\" content=\"Peinture \u00e0 sujet sacr\u00e9 d&#039;une rare intensit\u00e9 et b\u00e9atitude pr\u00e9sent\u00e9e sur son panneau cuspid\u00e9 d&#039;origine du cinqui\u00e8me si\u00e8cle en bois de peuplier.\" \/>\n<meta property=\"og:url\" content=\"https:\/\/egidimadeinitaly.com\/fr\/negozio\/art-ancien\/tableaux-anciens-fr\/peinture-ancienne-vierge-marie\/\" \/>\n<meta property=\"og:site_name\" content=\"Egidi MadeinItaly\" \/>\n<meta property=\"article:publisher\" content=\"https:\/\/www.facebook.com\/egidimadeinitaly\/\" \/>\n<meta property=\"og:image\" content=\"https:\/\/egidimadeinitaly.com\/wp-content\/uploads\/2021\/10\/071B23FE-22B3-4710-B4E6-D2E647514597-scaled-e1677839597718.jpeg\" \/>\n\t<meta property=\"og:image:width\" content=\"2560\" \/>\n\t<meta property=\"og:image:height\" content=\"2560\" \/>\n\t<meta property=\"og:image:type\" content=\"image\/jpeg\" \/>\n<script type=\"application\/ld+json\" class=\"yoast-schema-graph\">{\"@context\":\"https:\\\/\\\/schema.org\",\"@graph\":[{\"@type\":\"WebPage\",\"@id\":\"https:\\\/\\\/egidimadeinitaly.com\\\/fr\\\/negozio\\\/art-ancien\\\/tableaux-anciens-fr\\\/peinture-ancienne-vierge-marie\\\/\",\"url\":\"https:\\\/\\\/egidimadeinitaly.com\\\/fr\\\/negozio\\\/art-ancien\\\/tableaux-anciens-fr\\\/peinture-ancienne-vierge-marie\\\/\",\"name\":\"Peinture Ancienne Vierge Marie - Egidi MadeinItaly\",\"isPartOf\":{\"@id\":\"https:\\\/\\\/egidimadeinitaly.com\\\/fr\\\/#website\"},\"primaryImageOfPage\":{\"@id\":\"https:\\\/\\\/egidimadeinitaly.com\\\/fr\\\/negozio\\\/art-ancien\\\/tableaux-anciens-fr\\\/peinture-ancienne-vierge-marie\\\/#primaryimage\"},\"image\":{\"@id\":\"https:\\\/\\\/egidimadeinitaly.com\\\/fr\\\/negozio\\\/art-ancien\\\/tableaux-anciens-fr\\\/peinture-ancienne-vierge-marie\\\/#primaryimage\"},\"thumbnailUrl\":\"https:\\\/\\\/egidimadeinitaly.com\\\/v25\\\/wp-content\\\/uploads\\\/2021\\\/10\\\/071B23FE-22B3-4710-B4E6-D2E647514597-scaled-e1677839597718.jpeg\",\"datePublished\":\"2023-07-10T15:15:19+00:00\",\"description\":\"Peinture ancienne sur bois repr\u00e9sentant la Vierge Marie Peinture toscane de la p\u00e9riode pr\u00e9-Renaissance Tableau ancien en vente sur Egidi MadeinItaly\",\"breadcrumb\":{\"@id\":\"https:\\\/\\\/egidimadeinitaly.com\\\/fr\\\/negozio\\\/art-ancien\\\/tableaux-anciens-fr\\\/peinture-ancienne-vierge-marie\\\/#breadcrumb\"},\"inLanguage\":\"fr-FR\",\"potentialAction\":[{\"@type\":\"ReadAction\",\"target\":[\"https:\\\/\\\/egidimadeinitaly.com\\\/fr\\\/negozio\\\/art-ancien\\\/tableaux-anciens-fr\\\/peinture-ancienne-vierge-marie\\\/\"]}]},{\"@type\":\"ImageObject\",\"inLanguage\":\"fr-FR\",\"@id\":\"https:\\\/\\\/egidimadeinitaly.com\\\/fr\\\/negozio\\\/art-ancien\\\/tableaux-anciens-fr\\\/peinture-ancienne-vierge-marie\\\/#primaryimage\",\"url\":\"https:\\\/\\\/egidimadeinitaly.com\\\/v25\\\/wp-content\\\/uploads\\\/2021\\\/10\\\/071B23FE-22B3-4710-B4E6-D2E647514597-scaled-e1677839597718.jpeg\",\"contentUrl\":\"https:\\\/\\\/egidimadeinitaly.com\\\/v25\\\/wp-content\\\/uploads\\\/2021\\\/10\\\/071B23FE-22B3-4710-B4E6-D2E647514597-scaled-e1677839597718.jpeg\",\"width\":2560,\"height\":2560,\"caption\":\"Peinture ancienne sur bois Vierge Marie\"},{\"@type\":\"BreadcrumbList\",\"@id\":\"https:\\\/\\\/egidimadeinitaly.com\\\/fr\\\/negozio\\\/art-ancien\\\/tableaux-anciens-fr\\\/peinture-ancienne-vierge-marie\\\/#breadcrumb\",\"itemListElement\":[{\"@type\":\"ListItem\",\"position\":1,\"name\":\"Home\",\"item\":\"https:\\\/\\\/egidimadeinitaly.com\\\/fr\\\/\"},{\"@type\":\"ListItem\",\"position\":2,\"name\":\"Produits\",\"item\":\"https:\\\/\\\/egidimadeinitaly.com\\\/fr\\\/shop\\\/\"},{\"@type\":\"ListItem\",\"position\":3,\"name\":\"Art ancien\",\"item\":\"https:\\\/\\\/egidimadeinitaly.com\\\/fr\\\/product-category\\\/art-ancien\\\/\"},{\"@type\":\"ListItem\",\"position\":4,\"name\":\"Tableaux anciens\",\"item\":\"https:\\\/\\\/egidimadeinitaly.com\\\/fr\\\/product-category\\\/art-ancien\\\/tableaux-anciens-fr\\\/\"},{\"@type\":\"ListItem\",\"position\":5,\"name\":\"Peinture Ancienne Vierge Marie\"}]},{\"@type\":\"WebSite\",\"@id\":\"https:\\\/\\\/egidimadeinitaly.com\\\/fr\\\/#website\",\"url\":\"https:\\\/\\\/egidimadeinitaly.com\\\/fr\\\/\",\"name\":\"Egidi MadeinItaly\",\"description\":\"Fine Art\",\"potentialAction\":[{\"@type\":\"SearchAction\",\"target\":{\"@type\":\"EntryPoint\",\"urlTemplate\":\"https:\\\/\\\/egidimadeinitaly.com\\\/fr\\\/?s={search_term_string}\"},\"query-input\":{\"@type\":\"PropertyValueSpecification\",\"valueRequired\":true,\"valueName\":\"search_term_string\"}}],\"inLanguage\":\"fr-FR\"}]}<\/script>\n<!-- \/ Yoast SEO Premium plugin. -->","yoast_head_json":{"title":"Peinture Ancienne Vierge Marie - Egidi MadeinItaly","description":"Peinture ancienne sur bois repr\u00e9sentant la Vierge Marie Peinture toscane de la p\u00e9riode pr\u00e9-Renaissance Tableau ancien en vente sur Egidi MadeinItaly","robots":{"index":"index","follow":"follow","max-snippet":"max-snippet:-1","max-image-preview":"max-image-preview:large","max-video-preview":"max-video-preview:-1"},"canonical":"https:\/\/egidimadeinitaly.com\/fr\/negozio\/art-ancien\/tableaux-anciens-fr\/peinture-ancienne-vierge-marie\/","og_locale":"fr_FR","og_type":"article","og_title":"Peinture Ancienne Vierge Marie","og_description":"Peinture \u00e0 sujet sacr\u00e9 d'une rare intensit\u00e9 et b\u00e9atitude pr\u00e9sent\u00e9e sur son panneau cuspid\u00e9 d'origine du cinqui\u00e8me si\u00e8cle en bois de peuplier.","og_url":"https:\/\/egidimadeinitaly.com\/fr\/negozio\/art-ancien\/tableaux-anciens-fr\/peinture-ancienne-vierge-marie\/","og_site_name":"Egidi MadeinItaly","article_publisher":"https:\/\/www.facebook.com\/egidimadeinitaly\/","og_image":[{"width":2560,"height":2560,"url":"https:\/\/egidimadeinitaly.com\/wp-content\/uploads\/2021\/10\/071B23FE-22B3-4710-B4E6-D2E647514597-scaled-e1677839597718.jpeg","type":"image\/jpeg"}],"schema":{"@context":"https:\/\/schema.org","@graph":[{"@type":"WebPage","@id":"https:\/\/egidimadeinitaly.com\/fr\/negozio\/art-ancien\/tableaux-anciens-fr\/peinture-ancienne-vierge-marie\/","url":"https:\/\/egidimadeinitaly.com\/fr\/negozio\/art-ancien\/tableaux-anciens-fr\/peinture-ancienne-vierge-marie\/","name":"Peinture Ancienne Vierge Marie - Egidi MadeinItaly","isPartOf":{"@id":"https:\/\/egidimadeinitaly.com\/fr\/#website"},"primaryImageOfPage":{"@id":"https:\/\/egidimadeinitaly.com\/fr\/negozio\/art-ancien\/tableaux-anciens-fr\/peinture-ancienne-vierge-marie\/#primaryimage"},"image":{"@id":"https:\/\/egidimadeinitaly.com\/fr\/negozio\/art-ancien\/tableaux-anciens-fr\/peinture-ancienne-vierge-marie\/#primaryimage"},"thumbnailUrl":"https:\/\/egidimadeinitaly.com\/v25\/wp-content\/uploads\/2021\/10\/071B23FE-22B3-4710-B4E6-D2E647514597-scaled-e1677839597718.jpeg","datePublished":"2023-07-10T15:15:19+00:00","description":"Peinture ancienne sur bois repr\u00e9sentant la Vierge Marie Peinture toscane de la p\u00e9riode pr\u00e9-Renaissance Tableau ancien en vente sur Egidi MadeinItaly","breadcrumb":{"@id":"https:\/\/egidimadeinitaly.com\/fr\/negozio\/art-ancien\/tableaux-anciens-fr\/peinture-ancienne-vierge-marie\/#breadcrumb"},"inLanguage":"fr-FR","potentialAction":[{"@type":"ReadAction","target":["https:\/\/egidimadeinitaly.com\/fr\/negozio\/art-ancien\/tableaux-anciens-fr\/peinture-ancienne-vierge-marie\/"]}]},{"@type":"ImageObject","inLanguage":"fr-FR","@id":"https:\/\/egidimadeinitaly.com\/fr\/negozio\/art-ancien\/tableaux-anciens-fr\/peinture-ancienne-vierge-marie\/#primaryimage","url":"https:\/\/egidimadeinitaly.com\/v25\/wp-content\/uploads\/2021\/10\/071B23FE-22B3-4710-B4E6-D2E647514597-scaled-e1677839597718.jpeg","contentUrl":"https:\/\/egidimadeinitaly.com\/v25\/wp-content\/uploads\/2021\/10\/071B23FE-22B3-4710-B4E6-D2E647514597-scaled-e1677839597718.jpeg","width":2560,"height":2560,"caption":"Peinture ancienne sur bois Vierge Marie"},{"@type":"BreadcrumbList","@id":"https:\/\/egidimadeinitaly.com\/fr\/negozio\/art-ancien\/tableaux-anciens-fr\/peinture-ancienne-vierge-marie\/#breadcrumb","itemListElement":[{"@type":"ListItem","position":1,"name":"Home","item":"https:\/\/egidimadeinitaly.com\/fr\/"},{"@type":"ListItem","position":2,"name":"Produits","item":"https:\/\/egidimadeinitaly.com\/fr\/shop\/"},{"@type":"ListItem","position":3,"name":"Art ancien","item":"https:\/\/egidimadeinitaly.com\/fr\/product-category\/art-ancien\/"},{"@type":"ListItem","position":4,"name":"Tableaux anciens","item":"https:\/\/egidimadeinitaly.com\/fr\/product-category\/art-ancien\/tableaux-anciens-fr\/"},{"@type":"ListItem","position":5,"name":"Peinture Ancienne Vierge Marie"}]},{"@type":"WebSite","@id":"https:\/\/egidimadeinitaly.com\/fr\/#website","url":"https:\/\/egidimadeinitaly.com\/fr\/","name":"Egidi MadeinItaly","description":"Fine Art","potentialAction":[{"@type":"SearchAction","target":{"@type":"EntryPoint","urlTemplate":"https:\/\/egidimadeinitaly.com\/fr\/?s={search_term_string}"},"query-input":{"@type":"PropertyValueSpecification","valueRequired":true,"valueName":"search_term_string"}}],"inLanguage":"fr-FR"}]}},"_links":{"self":[{"href":"https:\/\/egidimadeinitaly.com\/fr\/wp-json\/wp\/v2\/product\/106543","targetHints":{"allow":["GET"]}}],"collection":[{"href":"https:\/\/egidimadeinitaly.com\/fr\/wp-json\/wp\/v2\/product"}],"about":[{"href":"https:\/\/egidimadeinitaly.com\/fr\/wp-json\/wp\/v2\/types\/product"}],"wp:featuredmedia":[{"embeddable":true,"href":"https:\/\/egidimadeinitaly.com\/fr\/wp-json\/wp\/v2\/media\/104687"}],"wp:attachment":[{"href":"https:\/\/egidimadeinitaly.com\/fr\/wp-json\/wp\/v2\/media?parent=106543"}],"wp:term":[{"taxonomy":"product_brand","embeddable":true,"href":"https:\/\/egidimadeinitaly.com\/fr\/wp-json\/wp\/v2\/product_brand?post=106543"},{"taxonomy":"product_cat","embeddable":true,"href":"https:\/\/egidimadeinitaly.com\/fr\/wp-json\/wp\/v2\/product_cat?post=106543"},{"taxonomy":"product_tag","embeddable":true,"href":"https:\/\/egidimadeinitaly.com\/fr\/wp-json\/wp\/v2\/product_tag?post=106543"}],"curies":[{"name":"wp","href":"https:\/\/api.w.org\/{rel}","templated":true}]}}