{"id":106502,"date":"2024-01-07T16:53:36","date_gmt":"2024-01-07T15:53:36","guid":{"rendered":"https:\/\/egidimadeinitaly.com\/ecomsite\/?post_type=product&#038;p=106502"},"modified":"2024-11-03T17:17:11","modified_gmt":"2024-11-03T16:17:11","slug":"luigi-broggini-sculpture-en-bronze","status":"publish","type":"product","link":"https:\/\/egidimadeinitaly.com\/fr\/negozio\/sculpture-fr-2\/sculpture-moderne-fr\/luigi-broggini-sculpture-en-bronze\/","title":{"rendered":"Luigi Broggini Sculpture en Bronze"},"content":{"rendered":"<p>Datable d\u00e9but ann\u00e9es 1940 elle fait partie de la s\u00e9rie des <i>Danseuses<\/i> cr\u00e9\u00e9es par le sculpteur Luigi Broggini (1908-1983).<\/p>\n<p>L&rsquo;\u0153uvre est catalogu\u00e9e et accompagn\u00e9e de l&rsquo;expertise \u00e9tablie personnellement par Stefano Broggini, le fils de l&rsquo;artiste, dont nous avons eu l&rsquo;honneur d&rsquo;\u00eatre re\u00e7us.<\/p>\n<p class=\"p1\">\n","protected":false},"excerpt":{"rendered":"<p>Sculpture en bronze <strong><em>Danseuse<\/em><\/strong> de l&rsquo;artiste lombard Luigi Broggini (1908-1983).<\/p>\n","protected":false},"featured_media":106497,"template":"","meta":{"_acf_changed":false},"product_brand":[],"product_cat":[6417,6421],"product_tag":[5406,6135,1324,5306],"class_list":{"0":"post-106502","1":"product","2":"type-product","3":"status-publish","4":"has-post-thumbnail","6":"product_cat-sculpture-fr-2","7":"product_cat-sculpture-moderne-fr","8":"product_tag-annees-40-fr","9":"product_tag-art-moderne","10":"product_tag-bronzes-fr","11":"product_tag-objets-de-collection","13":"first","14":"instock","15":"taxable","16":"shipping-taxable","17":"purchasable","18":"product-type-simple"},"acf":[],"yoast_head":"<!-- This site is optimized with the Yoast SEO Premium plugin v27.3 (Yoast SEO v27.4) - https:\/\/yoast.com\/product\/yoast-seo-premium-wordpress\/ -->\n<title>Luigi Broggini Sculpture en Bronze - Egidi MadeinItaly<\/title>\n<meta name=\"description\" content=\"Danseuse rare sculpture en bronze de Luigi Broggini d\u00e9but ann\u00e9es 40 L&#039;art moderne d&#039;excellence sur Egidi MadeinItaly\" \/>\n<meta name=\"robots\" content=\"index, follow, max-snippet:-1, max-image-preview:large, max-video-preview:-1\" \/>\n<link rel=\"canonical\" href=\"https:\/\/egidimadeinitaly.com\/fr\/produit\/sculpture-fr-2\/sculpture-moderne-fr\/luigi-broggini-sculpture-en-bronze\/\" \/>\n<meta property=\"og:locale\" content=\"fr_FR\" \/>\n<meta property=\"og:type\" content=\"article\" \/>\n<meta property=\"og:title\" content=\"Luigi Broggini Sculpture en Bronze\" \/>\n<meta property=\"og:description\" content=\"Sculpture en bronze Danseuse de l&#039;artiste lombard Luigi Broggini (1908-1983).\" \/>\n<meta property=\"og:url\" content=\"https:\/\/egidimadeinitaly.com\/fr\/produit\/sculpture-fr-2\/sculpture-moderne-fr\/luigi-broggini-sculpture-en-bronze\/\" \/>\n<meta property=\"og:site_name\" content=\"Egidi MadeinItaly\" \/>\n<meta property=\"article:publisher\" content=\"https:\/\/www.facebook.com\/egidimadeinitaly\/\" \/>\n<meta property=\"article:modified_time\" content=\"2024-11-03T16:17:11+00:00\" \/>\n<meta property=\"og:image\" content=\"https:\/\/egidimadeinitaly.com\/wp-content\/uploads\/2022\/01\/2021-09-30-15.26.31-1-scaled-e1680172832242.jpg\" \/>\n\t<meta property=\"og:image:width\" content=\"900\" \/>\n\t<meta property=\"og:image:height\" content=\"900\" \/>\n\t<meta property=\"og:image:type\" content=\"image\/jpeg\" \/>\n<script type=\"application\/ld+json\" class=\"yoast-schema-graph\">{\"@context\":\"https:\\\/\\\/schema.org\",\"@graph\":[{\"@type\":\"WebPage\",\"@id\":\"https:\\\/\\\/egidimadeinitaly.com\\\/fr\\\/negozio\\\/sculpture-fr-2\\\/sculpture-moderne-fr\\\/luigi-broggini-sculpture-en-bronze\\\/\",\"url\":\"https:\\\/\\\/egidimadeinitaly.com\\\/fr\\\/produit\\\/sculpture-fr-2\\\/sculpture-moderne-fr\\\/luigi-broggini-sculpture-en-bronze\\\/\",\"name\":\"Luigi Broggini Sculpture en Bronze - Egidi MadeinItaly\",\"isPartOf\":{\"@id\":\"https:\\\/\\\/egidimadeinitaly.com\\\/fr\\\/#website\"},\"primaryImageOfPage\":{\"@id\":\"https:\\\/\\\/egidimadeinitaly.com\\\/fr\\\/produit\\\/sculpture-fr-2\\\/sculpture-moderne-fr\\\/luigi-broggini-sculpture-en-bronze\\\/#primaryimage\"},\"image\":{\"@id\":\"https:\\\/\\\/egidimadeinitaly.com\\\/fr\\\/produit\\\/sculpture-fr-2\\\/sculpture-moderne-fr\\\/luigi-broggini-sculpture-en-bronze\\\/#primaryimage\"},\"thumbnailUrl\":\"https:\\\/\\\/egidimadeinitaly.com\\\/v25\\\/wp-content\\\/uploads\\\/2022\\\/01\\\/2021-09-30-15.26.31-1-scaled-e1680172832242.jpg\",\"datePublished\":\"2024-01-07T15:53:36+00:00\",\"dateModified\":\"2024-11-03T16:17:11+00:00\",\"description\":\"Danseuse rare sculpture en bronze de Luigi Broggini d\u00e9but ann\u00e9es 40 L'art moderne d'excellence sur Egidi MadeinItaly\",\"breadcrumb\":{\"@id\":\"https:\\\/\\\/egidimadeinitaly.com\\\/fr\\\/produit\\\/sculpture-fr-2\\\/sculpture-moderne-fr\\\/luigi-broggini-sculpture-en-bronze\\\/#breadcrumb\"},\"inLanguage\":\"fr-FR\",\"potentialAction\":[{\"@type\":\"ReadAction\",\"target\":[\"https:\\\/\\\/egidimadeinitaly.com\\\/fr\\\/produit\\\/sculpture-fr-2\\\/sculpture-moderne-fr\\\/luigi-broggini-sculpture-en-bronze\\\/\"]}]},{\"@type\":\"ImageObject\",\"inLanguage\":\"fr-FR\",\"@id\":\"https:\\\/\\\/egidimadeinitaly.com\\\/fr\\\/produit\\\/sculpture-fr-2\\\/sculpture-moderne-fr\\\/luigi-broggini-sculpture-en-bronze\\\/#primaryimage\",\"url\":\"https:\\\/\\\/egidimadeinitaly.com\\\/v25\\\/wp-content\\\/uploads\\\/2022\\\/01\\\/2021-09-30-15.26.31-1-scaled-e1680172832242.jpg\",\"contentUrl\":\"https:\\\/\\\/egidimadeinitaly.com\\\/v25\\\/wp-content\\\/uploads\\\/2022\\\/01\\\/2021-09-30-15.26.31-1-scaled-e1680172832242.jpg\",\"width\":900,\"height\":900,\"caption\":\"Danseuse Luigi Broggini Bronze\"},{\"@type\":\"BreadcrumbList\",\"@id\":\"https:\\\/\\\/egidimadeinitaly.com\\\/fr\\\/produit\\\/sculpture-fr-2\\\/sculpture-moderne-fr\\\/luigi-broggini-sculpture-en-bronze\\\/#breadcrumb\",\"itemListElement\":[{\"@type\":\"ListItem\",\"position\":1,\"name\":\"Home\",\"item\":\"https:\\\/\\\/egidimadeinitaly.com\\\/fr\\\/\"},{\"@type\":\"ListItem\",\"position\":2,\"name\":\"Produits\",\"item\":\"https:\\\/\\\/egidimadeinitaly.com\\\/fr\\\/shop\\\/\"},{\"@type\":\"ListItem\",\"position\":3,\"name\":\"Sculpture\",\"item\":\"https:\\\/\\\/egidimadeinitaly.com\\\/fr\\\/product-category\\\/sculpture-fr-2\\\/\"},{\"@type\":\"ListItem\",\"position\":4,\"name\":\"Sculpture moderne\",\"item\":\"https:\\\/\\\/egidimadeinitaly.com\\\/fr\\\/product-category\\\/sculpture-fr-2\\\/sculpture-moderne-fr\\\/\"},{\"@type\":\"ListItem\",\"position\":5,\"name\":\"Luigi Broggini Sculpture en Bronze\"}]},{\"@type\":\"WebSite\",\"@id\":\"https:\\\/\\\/egidimadeinitaly.com\\\/fr\\\/#website\",\"url\":\"https:\\\/\\\/egidimadeinitaly.com\\\/fr\\\/\",\"name\":\"Egidi MadeinItaly\",\"description\":\"Fine Art\",\"potentialAction\":[{\"@type\":\"SearchAction\",\"target\":{\"@type\":\"EntryPoint\",\"urlTemplate\":\"https:\\\/\\\/egidimadeinitaly.com\\\/fr\\\/?s={search_term_string}\"},\"query-input\":{\"@type\":\"PropertyValueSpecification\",\"valueRequired\":true,\"valueName\":\"search_term_string\"}}],\"inLanguage\":\"fr-FR\"}]}<\/script>\n<!-- \/ Yoast SEO Premium plugin. -->","yoast_head_json":{"title":"Luigi Broggini Sculpture en Bronze - Egidi MadeinItaly","description":"Danseuse rare sculpture en bronze de Luigi Broggini d\u00e9but ann\u00e9es 40 L'art moderne d'excellence sur Egidi MadeinItaly","robots":{"index":"index","follow":"follow","max-snippet":"max-snippet:-1","max-image-preview":"max-image-preview:large","max-video-preview":"max-video-preview:-1"},"canonical":"https:\/\/egidimadeinitaly.com\/fr\/produit\/sculpture-fr-2\/sculpture-moderne-fr\/luigi-broggini-sculpture-en-bronze\/","og_locale":"fr_FR","og_type":"article","og_title":"Luigi Broggini Sculpture en Bronze","og_description":"Sculpture en bronze Danseuse de l'artiste lombard Luigi Broggini (1908-1983).","og_url":"https:\/\/egidimadeinitaly.com\/fr\/produit\/sculpture-fr-2\/sculpture-moderne-fr\/luigi-broggini-sculpture-en-bronze\/","og_site_name":"Egidi MadeinItaly","article_publisher":"https:\/\/www.facebook.com\/egidimadeinitaly\/","article_modified_time":"2024-11-03T16:17:11+00:00","og_image":[{"width":900,"height":900,"url":"https:\/\/egidimadeinitaly.com\/wp-content\/uploads\/2022\/01\/2021-09-30-15.26.31-1-scaled-e1680172832242.jpg","type":"image\/jpeg"}],"schema":{"@context":"https:\/\/schema.org","@graph":[{"@type":"WebPage","@id":"https:\/\/egidimadeinitaly.com\/fr\/negozio\/sculpture-fr-2\/sculpture-moderne-fr\/luigi-broggini-sculpture-en-bronze\/","url":"https:\/\/egidimadeinitaly.com\/fr\/produit\/sculpture-fr-2\/sculpture-moderne-fr\/luigi-broggini-sculpture-en-bronze\/","name":"Luigi Broggini Sculpture en Bronze - Egidi MadeinItaly","isPartOf":{"@id":"https:\/\/egidimadeinitaly.com\/fr\/#website"},"primaryImageOfPage":{"@id":"https:\/\/egidimadeinitaly.com\/fr\/produit\/sculpture-fr-2\/sculpture-moderne-fr\/luigi-broggini-sculpture-en-bronze\/#primaryimage"},"image":{"@id":"https:\/\/egidimadeinitaly.com\/fr\/produit\/sculpture-fr-2\/sculpture-moderne-fr\/luigi-broggini-sculpture-en-bronze\/#primaryimage"},"thumbnailUrl":"https:\/\/egidimadeinitaly.com\/v25\/wp-content\/uploads\/2022\/01\/2021-09-30-15.26.31-1-scaled-e1680172832242.jpg","datePublished":"2024-01-07T15:53:36+00:00","dateModified":"2024-11-03T16:17:11+00:00","description":"Danseuse rare sculpture en bronze de Luigi Broggini d\u00e9but ann\u00e9es 40 L'art moderne d'excellence sur Egidi MadeinItaly","breadcrumb":{"@id":"https:\/\/egidimadeinitaly.com\/fr\/produit\/sculpture-fr-2\/sculpture-moderne-fr\/luigi-broggini-sculpture-en-bronze\/#breadcrumb"},"inLanguage":"fr-FR","potentialAction":[{"@type":"ReadAction","target":["https:\/\/egidimadeinitaly.com\/fr\/produit\/sculpture-fr-2\/sculpture-moderne-fr\/luigi-broggini-sculpture-en-bronze\/"]}]},{"@type":"ImageObject","inLanguage":"fr-FR","@id":"https:\/\/egidimadeinitaly.com\/fr\/produit\/sculpture-fr-2\/sculpture-moderne-fr\/luigi-broggini-sculpture-en-bronze\/#primaryimage","url":"https:\/\/egidimadeinitaly.com\/v25\/wp-content\/uploads\/2022\/01\/2021-09-30-15.26.31-1-scaled-e1680172832242.jpg","contentUrl":"https:\/\/egidimadeinitaly.com\/v25\/wp-content\/uploads\/2022\/01\/2021-09-30-15.26.31-1-scaled-e1680172832242.jpg","width":900,"height":900,"caption":"Danseuse Luigi Broggini Bronze"},{"@type":"BreadcrumbList","@id":"https:\/\/egidimadeinitaly.com\/fr\/produit\/sculpture-fr-2\/sculpture-moderne-fr\/luigi-broggini-sculpture-en-bronze\/#breadcrumb","itemListElement":[{"@type":"ListItem","position":1,"name":"Home","item":"https:\/\/egidimadeinitaly.com\/fr\/"},{"@type":"ListItem","position":2,"name":"Produits","item":"https:\/\/egidimadeinitaly.com\/fr\/shop\/"},{"@type":"ListItem","position":3,"name":"Sculpture","item":"https:\/\/egidimadeinitaly.com\/fr\/product-category\/sculpture-fr-2\/"},{"@type":"ListItem","position":4,"name":"Sculpture moderne","item":"https:\/\/egidimadeinitaly.com\/fr\/product-category\/sculpture-fr-2\/sculpture-moderne-fr\/"},{"@type":"ListItem","position":5,"name":"Luigi Broggini Sculpture en Bronze"}]},{"@type":"WebSite","@id":"https:\/\/egidimadeinitaly.com\/fr\/#website","url":"https:\/\/egidimadeinitaly.com\/fr\/","name":"Egidi MadeinItaly","description":"Fine Art","potentialAction":[{"@type":"SearchAction","target":{"@type":"EntryPoint","urlTemplate":"https:\/\/egidimadeinitaly.com\/fr\/?s={search_term_string}"},"query-input":{"@type":"PropertyValueSpecification","valueRequired":true,"valueName":"search_term_string"}}],"inLanguage":"fr-FR"}]}},"_links":{"self":[{"href":"https:\/\/egidimadeinitaly.com\/fr\/wp-json\/wp\/v2\/product\/106502","targetHints":{"allow":["GET"]}}],"collection":[{"href":"https:\/\/egidimadeinitaly.com\/fr\/wp-json\/wp\/v2\/product"}],"about":[{"href":"https:\/\/egidimadeinitaly.com\/fr\/wp-json\/wp\/v2\/types\/product"}],"wp:featuredmedia":[{"embeddable":true,"href":"https:\/\/egidimadeinitaly.com\/fr\/wp-json\/wp\/v2\/media\/106497"}],"wp:attachment":[{"href":"https:\/\/egidimadeinitaly.com\/fr\/wp-json\/wp\/v2\/media?parent=106502"}],"wp:term":[{"taxonomy":"product_brand","embeddable":true,"href":"https:\/\/egidimadeinitaly.com\/fr\/wp-json\/wp\/v2\/product_brand?post=106502"},{"taxonomy":"product_cat","embeddable":true,"href":"https:\/\/egidimadeinitaly.com\/fr\/wp-json\/wp\/v2\/product_cat?post=106502"},{"taxonomy":"product_tag","embeddable":true,"href":"https:\/\/egidimadeinitaly.com\/fr\/wp-json\/wp\/v2\/product_tag?post=106502"}],"curies":[{"name":"wp","href":"https:\/\/api.w.org\/{rel}","templated":true}]}}