{"id":105924,"date":"2023-12-01T09:03:38","date_gmt":"2023-12-01T08:03:38","guid":{"rendered":"https:\/\/egidimadeinitaly.com\/ecomsite\/?post_type=product&#038;p=105924"},"modified":"2024-12-02T16:56:26","modified_gmt":"2024-12-02T15:56:26","slug":"elisabetta-mayo-daloisio-sculpture-en-bronze","status":"publish","type":"product","link":"https:\/\/egidimadeinitaly.com\/fr\/negozio\/sculpture-fr-2\/sculpture-moderne-fr\/elisabetta-mayo-daloisio-sculpture-en-bronze\/","title":{"rendered":"Elisabetta Mayo d&rsquo;Aloisio Sculpture en bronze"},"content":{"rendered":"<blockquote><p>\u00a0<em>Le masque d&rsquo;Adam est tout ce qui reste de la premi\u00e8re sculpture, un groupe d\u2019une conception originale et tr\u00e8s dynamique<\/em>.<\/p><\/blockquote>\n<p><span style=\"font-weight: 400;\">Cette phrase est tir\u00e9e du pamphlet intitul\u00e9 \u00ab <\/span><i><span style=\"font-weight: 400;\">&lsquo;L&rsquo;Abruzzo nel mio cuore<\/span><\/i><span style=\"font-weight: 400;\"> \u00bb (en fran\u00e7ais \u00ab Les Abruzzes dans mon c\u0153ur \u00bb), de 1929, un t\u00e9moignage pr\u00e9cieux concernant l\u2019histoire d\u2019un chef-d&rsquo;\u0153uvre en partie perdu. En effet, il ne reste que cette tr\u00e8s belle t\u00eate de ce magnifique groupe de sculptures d\u2019<strong>Elisabetta Mayo<\/strong> intitul\u00e9 \u00ab Le sommeil d\u2019 Adam \u00bb.<\/span><\/p>\n<p><span style=\"font-weight: 400;\">Pour nous la d\u00e9crire, c\u00e9dons de nouveau la parole \u00e0 l&rsquo;auteur, Beatrice Testa :<\/span><\/p>\n<blockquote><p><span style=\"font-weight: 400;\"><em>Un masque \u00e9trange et effrayant, o\u00f9 la physionomie du tout premier homme, enlaidie par la r\u00e9bellion et le p\u00e9ch\u00e9, semble fr\u00f4ler l&rsquo;horreur de la plus basse animalit\u00e9. Derri\u00e8re les bosses du front, les pommettes saillantes, les poches sous les yeux gonfl\u00e9s d&rsquo;un sommeil trouble et la bouche flasque et ignoble, se perd le sursaut d&rsquo;une m\u00e9chancet\u00e9 sournoise et moqueuse<\/em>.<\/span><\/p><\/blockquote>\n<p><span style=\"font-weight: 400;\">Cette description r\u00e9aliste mais impitoyable ne nous emp\u00eache pas d&rsquo;appr\u00e9cier l&rsquo;ind\u00e9niable force plastique de l&rsquo;\u0153uvre et son charme incomparable.<\/span><\/p>\n","protected":false},"excerpt":{"rendered":"<p>Masque d\u2019Adam d\u2019Elisabetta Mayo d\u2019Aloisio (Naples 1894-Rome 1972).<\/p>\n<p>Bronze sur base de marbre sign\u00e9 Mayo Marque Fond Art &#8211; Lagana Napoli.<\/p>\n","protected":false},"featured_media":105640,"template":"","meta":{"_acf_changed":false},"product_brand":[],"product_cat":[6417,6421],"product_tag":[6135,6154,5306],"class_list":{"0":"post-105924","1":"product","2":"type-product","3":"status-publish","4":"has-post-thumbnail","6":"product_cat-sculpture-fr-2","7":"product_cat-sculpture-moderne-fr","8":"product_tag-art-moderne","9":"product_tag-ecole-romaine","10":"product_tag-objets-de-collection","12":"first","13":"instock","14":"taxable","15":"shipping-taxable","16":"purchasable","17":"product-type-simple"},"acf":[],"yoast_head":"<!-- This site is optimized with the Yoast SEO Premium plugin v27.3 (Yoast SEO v27.4) - https:\/\/yoast.com\/product\/yoast-seo-premium-wordpress\/ -->\n<title>Elisabetta Mayo d&#039;Aloisio Sculpture en bronze - Egidi MadeinItaly<\/title>\n<meta name=\"description\" content=\"Sculpture moderne en bronze sign\u00e9 Elisabetta Mayo d&#039;Aloisio Marque Fondart Lagana Napoli disponible sur Egidi MadeinItaly E-commerce\" \/>\n<meta name=\"robots\" content=\"index, follow, max-snippet:-1, max-image-preview:large, max-video-preview:-1\" \/>\n<link rel=\"canonical\" href=\"https:\/\/egidimadeinitaly.com\/fr\/produit\/sculpture-fr-2\/sculpture-moderne-fr\/elisabetta-mayo-daloisio-sculpture-en-bronze\/\" \/>\n<meta property=\"og:locale\" content=\"fr_FR\" \/>\n<meta property=\"og:type\" content=\"article\" \/>\n<meta property=\"og:title\" content=\"Elisabetta Mayo d&#039;Aloisio Sculpture en bronze\" \/>\n<meta property=\"og:description\" content=\"Masque d\u2019Adam d\u2019Elisabetta Mayo d\u2019Aloisio (Naples 1894-Rome 1972).  Bronze sur base de marbre sign\u00e9 Mayo Marque Fond Art - Lagana Napoli.\" \/>\n<meta property=\"og:url\" content=\"https:\/\/egidimadeinitaly.com\/fr\/produit\/sculpture-fr-2\/sculpture-moderne-fr\/elisabetta-mayo-daloisio-sculpture-en-bronze\/\" \/>\n<meta property=\"og:site_name\" content=\"Egidi MadeinItaly\" \/>\n<meta property=\"article:publisher\" content=\"https:\/\/www.facebook.com\/egidimadeinitaly\/\" \/>\n<meta property=\"article:modified_time\" content=\"2024-12-02T15:56:26+00:00\" \/>\n<meta property=\"og:image\" content=\"https:\/\/egidimadeinitaly.com\/wp-content\/uploads\/2021\/11\/169C9F22-6476-4FC4-8F3D-A042A557DC42-e1682671519467.jpeg\" \/>\n\t<meta property=\"og:image:width\" content=\"700\" \/>\n\t<meta property=\"og:image:height\" content=\"700\" \/>\n\t<meta property=\"og:image:type\" content=\"image\/jpeg\" \/>\n<script type=\"application\/ld+json\" class=\"yoast-schema-graph\">{\"@context\":\"https:\\\/\\\/schema.org\",\"@graph\":[{\"@type\":\"WebPage\",\"@id\":\"https:\\\/\\\/egidimadeinitaly.com\\\/fr\\\/negozio\\\/sculpture-fr-2\\\/sculpture-moderne-fr\\\/elisabetta-mayo-daloisio-sculpture-en-bronze\\\/\",\"url\":\"https:\\\/\\\/egidimadeinitaly.com\\\/fr\\\/produit\\\/sculpture-fr-2\\\/sculpture-moderne-fr\\\/elisabetta-mayo-daloisio-sculpture-en-bronze\\\/\",\"name\":\"Elisabetta Mayo d'Aloisio Sculpture en bronze - Egidi MadeinItaly\",\"isPartOf\":{\"@id\":\"https:\\\/\\\/egidimadeinitaly.com\\\/fr\\\/#website\"},\"primaryImageOfPage\":{\"@id\":\"https:\\\/\\\/egidimadeinitaly.com\\\/fr\\\/produit\\\/sculpture-fr-2\\\/sculpture-moderne-fr\\\/elisabetta-mayo-daloisio-sculpture-en-bronze\\\/#primaryimage\"},\"image\":{\"@id\":\"https:\\\/\\\/egidimadeinitaly.com\\\/fr\\\/produit\\\/sculpture-fr-2\\\/sculpture-moderne-fr\\\/elisabetta-mayo-daloisio-sculpture-en-bronze\\\/#primaryimage\"},\"thumbnailUrl\":\"https:\\\/\\\/egidimadeinitaly.com\\\/v25\\\/wp-content\\\/uploads\\\/2021\\\/11\\\/169C9F22-6476-4FC4-8F3D-A042A557DC42-e1682671519467.jpeg\",\"datePublished\":\"2023-12-01T08:03:38+00:00\",\"dateModified\":\"2024-12-02T15:56:26+00:00\",\"description\":\"Sculpture moderne en bronze sign\u00e9 Elisabetta Mayo d'Aloisio Marque Fondart Lagana Napoli disponible sur Egidi MadeinItaly E-commerce\",\"breadcrumb\":{\"@id\":\"https:\\\/\\\/egidimadeinitaly.com\\\/fr\\\/produit\\\/sculpture-fr-2\\\/sculpture-moderne-fr\\\/elisabetta-mayo-daloisio-sculpture-en-bronze\\\/#breadcrumb\"},\"inLanguage\":\"fr-FR\",\"potentialAction\":[{\"@type\":\"ReadAction\",\"target\":[\"https:\\\/\\\/egidimadeinitaly.com\\\/fr\\\/produit\\\/sculpture-fr-2\\\/sculpture-moderne-fr\\\/elisabetta-mayo-daloisio-sculpture-en-bronze\\\/\"]}]},{\"@type\":\"ImageObject\",\"inLanguage\":\"fr-FR\",\"@id\":\"https:\\\/\\\/egidimadeinitaly.com\\\/fr\\\/produit\\\/sculpture-fr-2\\\/sculpture-moderne-fr\\\/elisabetta-mayo-daloisio-sculpture-en-bronze\\\/#primaryimage\",\"url\":\"https:\\\/\\\/egidimadeinitaly.com\\\/v25\\\/wp-content\\\/uploads\\\/2021\\\/11\\\/169C9F22-6476-4FC4-8F3D-A042A557DC42-e1682671519467.jpeg\",\"contentUrl\":\"https:\\\/\\\/egidimadeinitaly.com\\\/v25\\\/wp-content\\\/uploads\\\/2021\\\/11\\\/169C9F22-6476-4FC4-8F3D-A042A557DC42-e1682671519467.jpeg\",\"width\":700,\"height\":700,\"caption\":\"Le Masque d\u2019Adam d\u2019Elisabetta Mayo D\u2019Aloisio\"},{\"@type\":\"BreadcrumbList\",\"@id\":\"https:\\\/\\\/egidimadeinitaly.com\\\/fr\\\/produit\\\/sculpture-fr-2\\\/sculpture-moderne-fr\\\/elisabetta-mayo-daloisio-sculpture-en-bronze\\\/#breadcrumb\",\"itemListElement\":[{\"@type\":\"ListItem\",\"position\":1,\"name\":\"Home\",\"item\":\"https:\\\/\\\/egidimadeinitaly.com\\\/fr\\\/\"},{\"@type\":\"ListItem\",\"position\":2,\"name\":\"Produits\",\"item\":\"https:\\\/\\\/egidimadeinitaly.com\\\/fr\\\/shop\\\/\"},{\"@type\":\"ListItem\",\"position\":3,\"name\":\"Sculpture\",\"item\":\"https:\\\/\\\/egidimadeinitaly.com\\\/fr\\\/product-category\\\/sculpture-fr-2\\\/\"},{\"@type\":\"ListItem\",\"position\":4,\"name\":\"Sculpture moderne\",\"item\":\"https:\\\/\\\/egidimadeinitaly.com\\\/fr\\\/product-category\\\/sculpture-fr-2\\\/sculpture-moderne-fr\\\/\"},{\"@type\":\"ListItem\",\"position\":5,\"name\":\"Elisabetta Mayo d&rsquo;Aloisio Sculpture en bronze\"}]},{\"@type\":\"WebSite\",\"@id\":\"https:\\\/\\\/egidimadeinitaly.com\\\/fr\\\/#website\",\"url\":\"https:\\\/\\\/egidimadeinitaly.com\\\/fr\\\/\",\"name\":\"Egidi MadeinItaly\",\"description\":\"Fine Art\",\"potentialAction\":[{\"@type\":\"SearchAction\",\"target\":{\"@type\":\"EntryPoint\",\"urlTemplate\":\"https:\\\/\\\/egidimadeinitaly.com\\\/fr\\\/?s={search_term_string}\"},\"query-input\":{\"@type\":\"PropertyValueSpecification\",\"valueRequired\":true,\"valueName\":\"search_term_string\"}}],\"inLanguage\":\"fr-FR\"}]}<\/script>\n<!-- \/ Yoast SEO Premium plugin. -->","yoast_head_json":{"title":"Elisabetta Mayo d'Aloisio Sculpture en bronze - Egidi MadeinItaly","description":"Sculpture moderne en bronze sign\u00e9 Elisabetta Mayo d'Aloisio Marque Fondart Lagana Napoli disponible sur Egidi MadeinItaly E-commerce","robots":{"index":"index","follow":"follow","max-snippet":"max-snippet:-1","max-image-preview":"max-image-preview:large","max-video-preview":"max-video-preview:-1"},"canonical":"https:\/\/egidimadeinitaly.com\/fr\/produit\/sculpture-fr-2\/sculpture-moderne-fr\/elisabetta-mayo-daloisio-sculpture-en-bronze\/","og_locale":"fr_FR","og_type":"article","og_title":"Elisabetta Mayo d'Aloisio Sculpture en bronze","og_description":"Masque d\u2019Adam d\u2019Elisabetta Mayo d\u2019Aloisio (Naples 1894-Rome 1972).  Bronze sur base de marbre sign\u00e9 Mayo Marque Fond Art - Lagana Napoli.","og_url":"https:\/\/egidimadeinitaly.com\/fr\/produit\/sculpture-fr-2\/sculpture-moderne-fr\/elisabetta-mayo-daloisio-sculpture-en-bronze\/","og_site_name":"Egidi MadeinItaly","article_publisher":"https:\/\/www.facebook.com\/egidimadeinitaly\/","article_modified_time":"2024-12-02T15:56:26+00:00","og_image":[{"width":700,"height":700,"url":"https:\/\/egidimadeinitaly.com\/wp-content\/uploads\/2021\/11\/169C9F22-6476-4FC4-8F3D-A042A557DC42-e1682671519467.jpeg","type":"image\/jpeg"}],"schema":{"@context":"https:\/\/schema.org","@graph":[{"@type":"WebPage","@id":"https:\/\/egidimadeinitaly.com\/fr\/negozio\/sculpture-fr-2\/sculpture-moderne-fr\/elisabetta-mayo-daloisio-sculpture-en-bronze\/","url":"https:\/\/egidimadeinitaly.com\/fr\/produit\/sculpture-fr-2\/sculpture-moderne-fr\/elisabetta-mayo-daloisio-sculpture-en-bronze\/","name":"Elisabetta Mayo d'Aloisio Sculpture en bronze - Egidi MadeinItaly","isPartOf":{"@id":"https:\/\/egidimadeinitaly.com\/fr\/#website"},"primaryImageOfPage":{"@id":"https:\/\/egidimadeinitaly.com\/fr\/produit\/sculpture-fr-2\/sculpture-moderne-fr\/elisabetta-mayo-daloisio-sculpture-en-bronze\/#primaryimage"},"image":{"@id":"https:\/\/egidimadeinitaly.com\/fr\/produit\/sculpture-fr-2\/sculpture-moderne-fr\/elisabetta-mayo-daloisio-sculpture-en-bronze\/#primaryimage"},"thumbnailUrl":"https:\/\/egidimadeinitaly.com\/v25\/wp-content\/uploads\/2021\/11\/169C9F22-6476-4FC4-8F3D-A042A557DC42-e1682671519467.jpeg","datePublished":"2023-12-01T08:03:38+00:00","dateModified":"2024-12-02T15:56:26+00:00","description":"Sculpture moderne en bronze sign\u00e9 Elisabetta Mayo d'Aloisio Marque Fondart Lagana Napoli disponible sur Egidi MadeinItaly E-commerce","breadcrumb":{"@id":"https:\/\/egidimadeinitaly.com\/fr\/produit\/sculpture-fr-2\/sculpture-moderne-fr\/elisabetta-mayo-daloisio-sculpture-en-bronze\/#breadcrumb"},"inLanguage":"fr-FR","potentialAction":[{"@type":"ReadAction","target":["https:\/\/egidimadeinitaly.com\/fr\/produit\/sculpture-fr-2\/sculpture-moderne-fr\/elisabetta-mayo-daloisio-sculpture-en-bronze\/"]}]},{"@type":"ImageObject","inLanguage":"fr-FR","@id":"https:\/\/egidimadeinitaly.com\/fr\/produit\/sculpture-fr-2\/sculpture-moderne-fr\/elisabetta-mayo-daloisio-sculpture-en-bronze\/#primaryimage","url":"https:\/\/egidimadeinitaly.com\/v25\/wp-content\/uploads\/2021\/11\/169C9F22-6476-4FC4-8F3D-A042A557DC42-e1682671519467.jpeg","contentUrl":"https:\/\/egidimadeinitaly.com\/v25\/wp-content\/uploads\/2021\/11\/169C9F22-6476-4FC4-8F3D-A042A557DC42-e1682671519467.jpeg","width":700,"height":700,"caption":"Le Masque d\u2019Adam d\u2019Elisabetta Mayo D\u2019Aloisio"},{"@type":"BreadcrumbList","@id":"https:\/\/egidimadeinitaly.com\/fr\/produit\/sculpture-fr-2\/sculpture-moderne-fr\/elisabetta-mayo-daloisio-sculpture-en-bronze\/#breadcrumb","itemListElement":[{"@type":"ListItem","position":1,"name":"Home","item":"https:\/\/egidimadeinitaly.com\/fr\/"},{"@type":"ListItem","position":2,"name":"Produits","item":"https:\/\/egidimadeinitaly.com\/fr\/shop\/"},{"@type":"ListItem","position":3,"name":"Sculpture","item":"https:\/\/egidimadeinitaly.com\/fr\/product-category\/sculpture-fr-2\/"},{"@type":"ListItem","position":4,"name":"Sculpture moderne","item":"https:\/\/egidimadeinitaly.com\/fr\/product-category\/sculpture-fr-2\/sculpture-moderne-fr\/"},{"@type":"ListItem","position":5,"name":"Elisabetta Mayo d&rsquo;Aloisio Sculpture en bronze"}]},{"@type":"WebSite","@id":"https:\/\/egidimadeinitaly.com\/fr\/#website","url":"https:\/\/egidimadeinitaly.com\/fr\/","name":"Egidi MadeinItaly","description":"Fine Art","potentialAction":[{"@type":"SearchAction","target":{"@type":"EntryPoint","urlTemplate":"https:\/\/egidimadeinitaly.com\/fr\/?s={search_term_string}"},"query-input":{"@type":"PropertyValueSpecification","valueRequired":true,"valueName":"search_term_string"}}],"inLanguage":"fr-FR"}]}},"_links":{"self":[{"href":"https:\/\/egidimadeinitaly.com\/fr\/wp-json\/wp\/v2\/product\/105924","targetHints":{"allow":["GET"]}}],"collection":[{"href":"https:\/\/egidimadeinitaly.com\/fr\/wp-json\/wp\/v2\/product"}],"about":[{"href":"https:\/\/egidimadeinitaly.com\/fr\/wp-json\/wp\/v2\/types\/product"}],"wp:featuredmedia":[{"embeddable":true,"href":"https:\/\/egidimadeinitaly.com\/fr\/wp-json\/wp\/v2\/media\/105640"}],"wp:attachment":[{"href":"https:\/\/egidimadeinitaly.com\/fr\/wp-json\/wp\/v2\/media?parent=105924"}],"wp:term":[{"taxonomy":"product_brand","embeddable":true,"href":"https:\/\/egidimadeinitaly.com\/fr\/wp-json\/wp\/v2\/product_brand?post=105924"},{"taxonomy":"product_cat","embeddable":true,"href":"https:\/\/egidimadeinitaly.com\/fr\/wp-json\/wp\/v2\/product_cat?post=105924"},{"taxonomy":"product_tag","embeddable":true,"href":"https:\/\/egidimadeinitaly.com\/fr\/wp-json\/wp\/v2\/product_tag?post=105924"}],"curies":[{"name":"wp","href":"https:\/\/api.w.org\/{rel}","templated":true}]}}