{"id":105891,"date":"2021-11-24T10:11:29","date_gmt":"2021-11-24T09:11:29","guid":{"rendered":"https:\/\/egidimadeinitaly.com\/ecomsite\/negozio\/uncategorized\/tableau-scene-dinterieur-de-valentina-pagani-de-casorati\/"},"modified":"2024-12-03T17:50:09","modified_gmt":"2024-12-03T16:50:09","slug":"valentina-pagani-casorati-tableau","status":"publish","type":"product","link":"https:\/\/egidimadeinitaly.com\/fr\/negozio\/art-moderne\/tableaux-modernes-fr\/valentina-pagani-casorati-tableau\/","title":{"rendered":"Valentina Pagani Casorati Tableau"},"content":{"rendered":"<p>L\u2019artiste nous pr\u00e9sente un int\u00e9rieur.<\/p>\n<p>Une belle table dress\u00e9e avec une nappe blanche orn\u00e9e de feuilles de lierre. Un vase en porcelaine polychrome et un beau bouquet de roses blanches, des tasses, une th\u00e9i\u00e8re, des biscuits et une belle lampe \u00e0 l&rsquo;abat-jour color\u00e9 en font une sc\u00e8ne tr\u00e8s chaleureuse empreint de go\u00fbt et d\u2019\u00e9l\u00e9gance.<\/p>\n<p>Sign\u00e9 Valentina Pagani de Casorati, 1925<\/p>\n<p>&nbsp;<\/p>\n<p>&nbsp;<\/p>\n","protected":false},"excerpt":{"rendered":"<p>Huile sur toile intitul\u00e9e\u00a0 <strong><em>Table de th\u00e9<\/em><\/strong>\u00a0 de l&rsquo;artiste romaine <strong>Valentina Pagani Casorati<\/strong><\/p>\n","protected":false},"featured_media":105826,"template":"","meta":{"_acf_changed":false},"product_brand":[],"product_cat":[6377,6416],"product_tag":[5995,5361,5306],"class_list":{"0":"post-105891","1":"product","2":"type-product","3":"status-publish","4":"has-post-thumbnail","6":"product_cat-art-moderne","7":"product_cat-tableaux-modernes-fr","8":"product_tag-art-italien","9":"product_tag-decoration-murale","10":"product_tag-objets-de-collection","12":"first","13":"outofstock","14":"shipping-taxable","15":"product-type-simple"},"acf":[],"yoast_head":"<!-- This site is optimized with the Yoast SEO Premium plugin v27.3 (Yoast SEO v27.4) - https:\/\/yoast.com\/product\/yoast-seo-premium-wordpress\/ -->\n<title>Valentina Pagani Casorati Tableau - Egidi MadeinItaly<\/title>\n<meta name=\"description\" content=\"Belle toile sc\u00e8ne d&#039;int\u00e9rieur sign\u00e9e Valentina Pagani Casorati artiste romaine de la fin du XIXe si\u00e8cle. En vente sur Egidi MadeinItaly\" \/>\n<meta name=\"robots\" content=\"index, follow, max-snippet:-1, max-image-preview:large, max-video-preview:-1\" \/>\n<link rel=\"canonical\" href=\"https:\/\/egidimadeinitaly.com\/fr\/produit\/art-moderne\/tableaux-modernes-fr\/valentina-pagani-casorati-tableau\/\" \/>\n<meta property=\"og:locale\" content=\"fr_FR\" \/>\n<meta property=\"og:type\" content=\"article\" \/>\n<meta property=\"og:title\" content=\"Valentina Pagani Casorati Tableau\" \/>\n<meta property=\"og:description\" content=\"Huile sur toile intitul\u00e9e\u00a0 Table de th\u00e9\u00a0 de l&#039;artiste romaine Valentina Pagani Casorati\" \/>\n<meta property=\"og:url\" content=\"https:\/\/egidimadeinitaly.com\/fr\/produit\/art-moderne\/tableaux-modernes-fr\/valentina-pagani-casorati-tableau\/\" \/>\n<meta property=\"og:site_name\" content=\"Egidi MadeinItaly\" \/>\n<meta property=\"article:publisher\" content=\"https:\/\/www.facebook.com\/egidimadeinitaly\/\" \/>\n<meta property=\"article:modified_time\" content=\"2024-12-03T16:50:09+00:00\" \/>\n<meta property=\"og:image\" content=\"https:\/\/egidimadeinitaly.com\/wp-content\/uploads\/2021\/11\/035A9AD1-DC7C-42F4-B792-26617D448638-scaled-e1675413180528.jpeg\" \/>\n\t<meta property=\"og:image:width\" content=\"2560\" \/>\n\t<meta property=\"og:image:height\" content=\"2560\" \/>\n\t<meta property=\"og:image:type\" content=\"image\/jpeg\" \/>\n<script type=\"application\/ld+json\" class=\"yoast-schema-graph\">{\"@context\":\"https:\\\/\\\/schema.org\",\"@graph\":[{\"@type\":\"WebPage\",\"@id\":\"https:\\\/\\\/egidimadeinitaly.com\\\/fr\\\/negozio\\\/art-moderne\\\/tableaux-modernes-fr\\\/valentina-pagani-casorati-tableau\\\/\",\"url\":\"https:\\\/\\\/egidimadeinitaly.com\\\/fr\\\/produit\\\/art-moderne\\\/tableaux-modernes-fr\\\/valentina-pagani-casorati-tableau\\\/\",\"name\":\"Valentina Pagani Casorati Tableau - Egidi MadeinItaly\",\"isPartOf\":{\"@id\":\"https:\\\/\\\/egidimadeinitaly.com\\\/fr\\\/#website\"},\"primaryImageOfPage\":{\"@id\":\"https:\\\/\\\/egidimadeinitaly.com\\\/fr\\\/produit\\\/art-moderne\\\/tableaux-modernes-fr\\\/valentina-pagani-casorati-tableau\\\/#primaryimage\"},\"image\":{\"@id\":\"https:\\\/\\\/egidimadeinitaly.com\\\/fr\\\/produit\\\/art-moderne\\\/tableaux-modernes-fr\\\/valentina-pagani-casorati-tableau\\\/#primaryimage\"},\"thumbnailUrl\":\"https:\\\/\\\/egidimadeinitaly.com\\\/v25\\\/wp-content\\\/uploads\\\/2021\\\/11\\\/035A9AD1-DC7C-42F4-B792-26617D448638-scaled-e1675413180528.jpeg\",\"datePublished\":\"2021-11-24T09:11:29+00:00\",\"dateModified\":\"2024-12-03T16:50:09+00:00\",\"description\":\"Belle toile sc\u00e8ne d'int\u00e9rieur sign\u00e9e Valentina Pagani Casorati artiste romaine de la fin du XIXe si\u00e8cle. En vente sur Egidi MadeinItaly\",\"breadcrumb\":{\"@id\":\"https:\\\/\\\/egidimadeinitaly.com\\\/fr\\\/produit\\\/art-moderne\\\/tableaux-modernes-fr\\\/valentina-pagani-casorati-tableau\\\/#breadcrumb\"},\"inLanguage\":\"fr-FR\",\"potentialAction\":[{\"@type\":\"ReadAction\",\"target\":[\"https:\\\/\\\/egidimadeinitaly.com\\\/fr\\\/produit\\\/art-moderne\\\/tableaux-modernes-fr\\\/valentina-pagani-casorati-tableau\\\/\"]}]},{\"@type\":\"ImageObject\",\"inLanguage\":\"fr-FR\",\"@id\":\"https:\\\/\\\/egidimadeinitaly.com\\\/fr\\\/produit\\\/art-moderne\\\/tableaux-modernes-fr\\\/valentina-pagani-casorati-tableau\\\/#primaryimage\",\"url\":\"https:\\\/\\\/egidimadeinitaly.com\\\/v25\\\/wp-content\\\/uploads\\\/2021\\\/11\\\/035A9AD1-DC7C-42F4-B792-26617D448638-scaled-e1675413180528.jpeg\",\"contentUrl\":\"https:\\\/\\\/egidimadeinitaly.com\\\/v25\\\/wp-content\\\/uploads\\\/2021\\\/11\\\/035A9AD1-DC7C-42F4-B792-26617D448638-scaled-e1675413180528.jpeg\",\"width\":2560,\"height\":2560,\"caption\":\"Tableau sc\u00e8ne d'int\u00e9rieur de Valentina Pagani de Casorati\"},{\"@type\":\"BreadcrumbList\",\"@id\":\"https:\\\/\\\/egidimadeinitaly.com\\\/fr\\\/produit\\\/art-moderne\\\/tableaux-modernes-fr\\\/valentina-pagani-casorati-tableau\\\/#breadcrumb\",\"itemListElement\":[{\"@type\":\"ListItem\",\"position\":1,\"name\":\"Home\",\"item\":\"https:\\\/\\\/egidimadeinitaly.com\\\/fr\\\/\"},{\"@type\":\"ListItem\",\"position\":2,\"name\":\"Produits\",\"item\":\"https:\\\/\\\/egidimadeinitaly.com\\\/fr\\\/shop\\\/\"},{\"@type\":\"ListItem\",\"position\":3,\"name\":\"Art moderne\",\"item\":\"https:\\\/\\\/egidimadeinitaly.com\\\/fr\\\/product-category\\\/art-moderne\\\/\"},{\"@type\":\"ListItem\",\"position\":4,\"name\":\"Tableaux modernes\",\"item\":\"https:\\\/\\\/egidimadeinitaly.com\\\/fr\\\/product-category\\\/art-moderne\\\/tableaux-modernes-fr\\\/\"},{\"@type\":\"ListItem\",\"position\":5,\"name\":\"Valentina Pagani Casorati Tableau\"}]},{\"@type\":\"WebSite\",\"@id\":\"https:\\\/\\\/egidimadeinitaly.com\\\/fr\\\/#website\",\"url\":\"https:\\\/\\\/egidimadeinitaly.com\\\/fr\\\/\",\"name\":\"Egidi MadeinItaly\",\"description\":\"Fine Art\",\"potentialAction\":[{\"@type\":\"SearchAction\",\"target\":{\"@type\":\"EntryPoint\",\"urlTemplate\":\"https:\\\/\\\/egidimadeinitaly.com\\\/fr\\\/?s={search_term_string}\"},\"query-input\":{\"@type\":\"PropertyValueSpecification\",\"valueRequired\":true,\"valueName\":\"search_term_string\"}}],\"inLanguage\":\"fr-FR\"}]}<\/script>\n<!-- \/ Yoast SEO Premium plugin. -->","yoast_head_json":{"title":"Valentina Pagani Casorati Tableau - Egidi MadeinItaly","description":"Belle toile sc\u00e8ne d'int\u00e9rieur sign\u00e9e Valentina Pagani Casorati artiste romaine de la fin du XIXe si\u00e8cle. En vente sur Egidi MadeinItaly","robots":{"index":"index","follow":"follow","max-snippet":"max-snippet:-1","max-image-preview":"max-image-preview:large","max-video-preview":"max-video-preview:-1"},"canonical":"https:\/\/egidimadeinitaly.com\/fr\/produit\/art-moderne\/tableaux-modernes-fr\/valentina-pagani-casorati-tableau\/","og_locale":"fr_FR","og_type":"article","og_title":"Valentina Pagani Casorati Tableau","og_description":"Huile sur toile intitul\u00e9e\u00a0 Table de th\u00e9\u00a0 de l'artiste romaine Valentina Pagani Casorati","og_url":"https:\/\/egidimadeinitaly.com\/fr\/produit\/art-moderne\/tableaux-modernes-fr\/valentina-pagani-casorati-tableau\/","og_site_name":"Egidi MadeinItaly","article_publisher":"https:\/\/www.facebook.com\/egidimadeinitaly\/","article_modified_time":"2024-12-03T16:50:09+00:00","og_image":[{"width":2560,"height":2560,"url":"https:\/\/egidimadeinitaly.com\/wp-content\/uploads\/2021\/11\/035A9AD1-DC7C-42F4-B792-26617D448638-scaled-e1675413180528.jpeg","type":"image\/jpeg"}],"schema":{"@context":"https:\/\/schema.org","@graph":[{"@type":"WebPage","@id":"https:\/\/egidimadeinitaly.com\/fr\/negozio\/art-moderne\/tableaux-modernes-fr\/valentina-pagani-casorati-tableau\/","url":"https:\/\/egidimadeinitaly.com\/fr\/produit\/art-moderne\/tableaux-modernes-fr\/valentina-pagani-casorati-tableau\/","name":"Valentina Pagani Casorati Tableau - Egidi MadeinItaly","isPartOf":{"@id":"https:\/\/egidimadeinitaly.com\/fr\/#website"},"primaryImageOfPage":{"@id":"https:\/\/egidimadeinitaly.com\/fr\/produit\/art-moderne\/tableaux-modernes-fr\/valentina-pagani-casorati-tableau\/#primaryimage"},"image":{"@id":"https:\/\/egidimadeinitaly.com\/fr\/produit\/art-moderne\/tableaux-modernes-fr\/valentina-pagani-casorati-tableau\/#primaryimage"},"thumbnailUrl":"https:\/\/egidimadeinitaly.com\/v25\/wp-content\/uploads\/2021\/11\/035A9AD1-DC7C-42F4-B792-26617D448638-scaled-e1675413180528.jpeg","datePublished":"2021-11-24T09:11:29+00:00","dateModified":"2024-12-03T16:50:09+00:00","description":"Belle toile sc\u00e8ne d'int\u00e9rieur sign\u00e9e Valentina Pagani Casorati artiste romaine de la fin du XIXe si\u00e8cle. En vente sur Egidi MadeinItaly","breadcrumb":{"@id":"https:\/\/egidimadeinitaly.com\/fr\/produit\/art-moderne\/tableaux-modernes-fr\/valentina-pagani-casorati-tableau\/#breadcrumb"},"inLanguage":"fr-FR","potentialAction":[{"@type":"ReadAction","target":["https:\/\/egidimadeinitaly.com\/fr\/produit\/art-moderne\/tableaux-modernes-fr\/valentina-pagani-casorati-tableau\/"]}]},{"@type":"ImageObject","inLanguage":"fr-FR","@id":"https:\/\/egidimadeinitaly.com\/fr\/produit\/art-moderne\/tableaux-modernes-fr\/valentina-pagani-casorati-tableau\/#primaryimage","url":"https:\/\/egidimadeinitaly.com\/v25\/wp-content\/uploads\/2021\/11\/035A9AD1-DC7C-42F4-B792-26617D448638-scaled-e1675413180528.jpeg","contentUrl":"https:\/\/egidimadeinitaly.com\/v25\/wp-content\/uploads\/2021\/11\/035A9AD1-DC7C-42F4-B792-26617D448638-scaled-e1675413180528.jpeg","width":2560,"height":2560,"caption":"Tableau sc\u00e8ne d'int\u00e9rieur de Valentina Pagani de Casorati"},{"@type":"BreadcrumbList","@id":"https:\/\/egidimadeinitaly.com\/fr\/produit\/art-moderne\/tableaux-modernes-fr\/valentina-pagani-casorati-tableau\/#breadcrumb","itemListElement":[{"@type":"ListItem","position":1,"name":"Home","item":"https:\/\/egidimadeinitaly.com\/fr\/"},{"@type":"ListItem","position":2,"name":"Produits","item":"https:\/\/egidimadeinitaly.com\/fr\/shop\/"},{"@type":"ListItem","position":3,"name":"Art moderne","item":"https:\/\/egidimadeinitaly.com\/fr\/product-category\/art-moderne\/"},{"@type":"ListItem","position":4,"name":"Tableaux modernes","item":"https:\/\/egidimadeinitaly.com\/fr\/product-category\/art-moderne\/tableaux-modernes-fr\/"},{"@type":"ListItem","position":5,"name":"Valentina Pagani Casorati Tableau"}]},{"@type":"WebSite","@id":"https:\/\/egidimadeinitaly.com\/fr\/#website","url":"https:\/\/egidimadeinitaly.com\/fr\/","name":"Egidi MadeinItaly","description":"Fine Art","potentialAction":[{"@type":"SearchAction","target":{"@type":"EntryPoint","urlTemplate":"https:\/\/egidimadeinitaly.com\/fr\/?s={search_term_string}"},"query-input":{"@type":"PropertyValueSpecification","valueRequired":true,"valueName":"search_term_string"}}],"inLanguage":"fr-FR"}]}},"_links":{"self":[{"href":"https:\/\/egidimadeinitaly.com\/fr\/wp-json\/wp\/v2\/product\/105891","targetHints":{"allow":["GET"]}}],"collection":[{"href":"https:\/\/egidimadeinitaly.com\/fr\/wp-json\/wp\/v2\/product"}],"about":[{"href":"https:\/\/egidimadeinitaly.com\/fr\/wp-json\/wp\/v2\/types\/product"}],"wp:featuredmedia":[{"embeddable":true,"href":"https:\/\/egidimadeinitaly.com\/fr\/wp-json\/wp\/v2\/media\/105826"}],"wp:attachment":[{"href":"https:\/\/egidimadeinitaly.com\/fr\/wp-json\/wp\/v2\/media?parent=105891"}],"wp:term":[{"taxonomy":"product_brand","embeddable":true,"href":"https:\/\/egidimadeinitaly.com\/fr\/wp-json\/wp\/v2\/product_brand?post=105891"},{"taxonomy":"product_cat","embeddable":true,"href":"https:\/\/egidimadeinitaly.com\/fr\/wp-json\/wp\/v2\/product_cat?post=105891"},{"taxonomy":"product_tag","embeddable":true,"href":"https:\/\/egidimadeinitaly.com\/fr\/wp-json\/wp\/v2\/product_tag?post=105891"}],"curies":[{"name":"wp","href":"https:\/\/api.w.org\/{rel}","templated":true}]}}