{"id":105604,"date":"2023-11-14T11:37:45","date_gmt":"2023-11-14T10:37:45","guid":{"rendered":"https:\/\/egidimadeinitaly.com\/ecomsite\/?post_type=product&#038;p=105604"},"modified":"2024-12-14T13:30:19","modified_gmt":"2024-12-14T12:30:19","slug":"carlo-zauli-faenza-vase-archaique","status":"publish","type":"product","link":"https:\/\/egidimadeinitaly.com\/fr\/negozio\/objets-dart\/objets-dart-modernes\/carlo-zauli-faenza-vase-archaique\/","title":{"rendered":"Carlo Zauli Faenza Vase archa\u00efque"},"content":{"rendered":"<p><span style=\"font-weight: 400;\">Vase de forme asym\u00e9trique dont la partie inf\u00e9rieure s\u2019arrondit amplement, tandis que la partie sup\u00e9rieure s\u2019effile pour cr\u00e9er un long col courb\u00e9 d\u2019un c\u00f4t\u00e9.<\/span><\/p>\n<p><span style=\"font-weight: 400;\">Sign\u00e9 <strong>Zauli<\/strong> Faenza en jaune sous la base.<\/span><\/p>\n<p><span style=\"font-weight: 400;\">Ce vase fait partie des \u0153uvres pour lesquelles <strong>Carlo <a href=\"http:\/\/www.museozauli.it\/en\/\">Zauli<\/a><\/strong> a re\u00e7u le Prix Faenza en 1953, \u00e0 27 ans, qui a \u00e9t\u00e9 d\u2019une grande importance pour sa carri\u00e8re.<\/span><\/p>\n<p><span style=\"font-weight: 400;\">Un objet embl\u00e9matique r\u00e9f\u00e9renc\u00e9 dans les archives de l\u2019artiste no AG001161CZ<\/span><\/p>\n","protected":false},"excerpt":{"rendered":"<p><strong>Carlo Zauli<\/strong> Vase archa\u00efque en gr\u00e8s d\u00e9cor\u00e9 de motifs abstraits et g\u00e9om\u00e9triques et de nervures en relief, de gla\u00e7ures polychromes et de dessins r\u00e9alis\u00e9s principalement dans des tons verts et jaunes et sign\u00e9 .<\/p>\n","protected":false},"featured_media":105457,"template":"","meta":{"_acf_changed":false},"product_brand":[],"product_cat":[6412,6492],"product_tag":[1237,5956,5306],"class_list":{"0":"post-105604","1":"product","2":"type-product","3":"status-publish","4":"has-post-thumbnail","6":"product_cat-objets-dart-modernes","7":"product_cat-objets-dart","8":"product_tag-annees-50","9":"product_tag-ceramique","10":"product_tag-objets-de-collection","12":"first","13":"instock","14":"taxable","15":"shipping-taxable","16":"purchasable","17":"product-type-simple"},"acf":[],"yoast_head":"<!-- This site is optimized with the Yoast SEO Premium plugin v27.3 (Yoast SEO v27.4) - https:\/\/yoast.com\/product\/yoast-seo-premium-wordpress\/ -->\n<title>Carlo Zauli Faenza Vase archa\u00efque - Egidi MadeinItaly<\/title>\n<meta name=\"description\" content=\"Vase archa\u00efque en gr\u00e8s polychrome de Carlo Zauli Faenza R\u00e9f\u00e9renc\u00e9 dans les archives de l\u2019artiste disponible sur Egidi MadeinItaly\" \/>\n<meta name=\"robots\" content=\"index, follow, max-snippet:-1, max-image-preview:large, max-video-preview:-1\" \/>\n<link rel=\"canonical\" href=\"https:\/\/egidimadeinitaly.com\/fr\/produit\/design-fr\/arts-decoratifs\/ceramiques-fr\/carlo-zauli-faenza-vase-archaique\/\" \/>\n<meta property=\"og:locale\" content=\"fr_FR\" \/>\n<meta property=\"og:type\" content=\"article\" \/>\n<meta property=\"og:title\" content=\"Carlo Zauli Faenza Vase archa\u00efque\" \/>\n<meta property=\"og:description\" content=\"Carlo Zauli Vase archa\u00efque en gr\u00e8s d\u00e9cor\u00e9 de motifs abstraits et g\u00e9om\u00e9triques et de nervures en relief, de gla\u00e7ures polychromes et de dessins r\u00e9alis\u00e9s principalement dans des tons verts et jaunes et sign\u00e9 .\" \/>\n<meta property=\"og:url\" content=\"https:\/\/egidimadeinitaly.com\/fr\/produit\/design-fr\/arts-decoratifs\/ceramiques-fr\/carlo-zauli-faenza-vase-archaique\/\" \/>\n<meta property=\"og:site_name\" content=\"Egidi MadeinItaly\" \/>\n<meta property=\"article:publisher\" content=\"https:\/\/www.facebook.com\/egidimadeinitaly\/\" \/>\n<meta property=\"article:modified_time\" content=\"2024-12-14T12:30:19+00:00\" \/>\n<meta property=\"og:image\" content=\"https:\/\/egidimadeinitaly.com\/wp-content\/uploads\/2021\/11\/2021-10-14-EgidimainItaly-18-48-scaled-e1691071553248.jpg\" \/>\n\t<meta property=\"og:image:width\" content=\"560\" \/>\n\t<meta property=\"og:image:height\" content=\"560\" \/>\n\t<meta property=\"og:image:type\" content=\"image\/jpeg\" \/>\n<script type=\"application\/ld+json\" class=\"yoast-schema-graph\">{\"@context\":\"https:\\\/\\\/schema.org\",\"@graph\":[{\"@type\":\"WebPage\",\"@id\":\"https:\\\/\\\/egidimadeinitaly.com\\\/fr\\\/negozio\\\/objets-dart\\\/objets-dart-modernes\\\/carlo-zauli-faenza-vase-archaique\\\/\",\"url\":\"https:\\\/\\\/egidimadeinitaly.com\\\/fr\\\/produit\\\/design-fr\\\/arts-decoratifs\\\/ceramiques-fr\\\/carlo-zauli-faenza-vase-archaique\\\/\",\"name\":\"Carlo Zauli Faenza Vase archa\u00efque - Egidi MadeinItaly\",\"isPartOf\":{\"@id\":\"https:\\\/\\\/egidimadeinitaly.com\\\/fr\\\/#website\"},\"primaryImageOfPage\":{\"@id\":\"https:\\\/\\\/egidimadeinitaly.com\\\/fr\\\/produit\\\/design-fr\\\/arts-decoratifs\\\/ceramiques-fr\\\/carlo-zauli-faenza-vase-archaique\\\/#primaryimage\"},\"image\":{\"@id\":\"https:\\\/\\\/egidimadeinitaly.com\\\/fr\\\/produit\\\/design-fr\\\/arts-decoratifs\\\/ceramiques-fr\\\/carlo-zauli-faenza-vase-archaique\\\/#primaryimage\"},\"thumbnailUrl\":\"https:\\\/\\\/egidimadeinitaly.com\\\/v25\\\/wp-content\\\/uploads\\\/2021\\\/11\\\/2021-10-14-EgidimainItaly-18-48-scaled-e1691071553248.jpg\",\"datePublished\":\"2023-11-14T10:37:45+00:00\",\"dateModified\":\"2024-12-14T12:30:19+00:00\",\"description\":\"Vase archa\u00efque en gr\u00e8s polychrome de Carlo Zauli Faenza R\u00e9f\u00e9renc\u00e9 dans les archives de l\u2019artiste disponible sur Egidi MadeinItaly\",\"breadcrumb\":{\"@id\":\"https:\\\/\\\/egidimadeinitaly.com\\\/fr\\\/produit\\\/design-fr\\\/arts-decoratifs\\\/ceramiques-fr\\\/carlo-zauli-faenza-vase-archaique\\\/#breadcrumb\"},\"inLanguage\":\"fr-FR\",\"potentialAction\":[{\"@type\":\"ReadAction\",\"target\":[\"https:\\\/\\\/egidimadeinitaly.com\\\/fr\\\/produit\\\/design-fr\\\/arts-decoratifs\\\/ceramiques-fr\\\/carlo-zauli-faenza-vase-archaique\\\/\"]}]},{\"@type\":\"ImageObject\",\"inLanguage\":\"fr-FR\",\"@id\":\"https:\\\/\\\/egidimadeinitaly.com\\\/fr\\\/produit\\\/design-fr\\\/arts-decoratifs\\\/ceramiques-fr\\\/carlo-zauli-faenza-vase-archaique\\\/#primaryimage\",\"url\":\"https:\\\/\\\/egidimadeinitaly.com\\\/v25\\\/wp-content\\\/uploads\\\/2021\\\/11\\\/2021-10-14-EgidimainItaly-18-48-scaled-e1691071553248.jpg\",\"contentUrl\":\"https:\\\/\\\/egidimadeinitaly.com\\\/v25\\\/wp-content\\\/uploads\\\/2021\\\/11\\\/2021-10-14-EgidimainItaly-18-48-scaled-e1691071553248.jpg\",\"width\":560,\"height\":560,\"caption\":\"Vase archa\u00efque de Carlo Zauli\"},{\"@type\":\"BreadcrumbList\",\"@id\":\"https:\\\/\\\/egidimadeinitaly.com\\\/fr\\\/produit\\\/design-fr\\\/arts-decoratifs\\\/ceramiques-fr\\\/carlo-zauli-faenza-vase-archaique\\\/#breadcrumb\",\"itemListElement\":[{\"@type\":\"ListItem\",\"position\":1,\"name\":\"Home\",\"item\":\"https:\\\/\\\/egidimadeinitaly.com\\\/fr\\\/\"},{\"@type\":\"ListItem\",\"position\":2,\"name\":\"Produits\",\"item\":\"https:\\\/\\\/egidimadeinitaly.com\\\/fr\\\/shop\\\/\"},{\"@type\":\"ListItem\",\"position\":3,\"name\":\"Objets d\u2019art\",\"item\":\"https:\\\/\\\/egidimadeinitaly.com\\\/fr\\\/product-category\\\/objets-dart\\\/\"},{\"@type\":\"ListItem\",\"position\":4,\"name\":\"Objets d'art modernes\",\"item\":\"https:\\\/\\\/egidimadeinitaly.com\\\/fr\\\/product-category\\\/objets-dart\\\/objets-dart-modernes\\\/\"},{\"@type\":\"ListItem\",\"position\":5,\"name\":\"Carlo Zauli Faenza Vase archa\u00efque\"}]},{\"@type\":\"WebSite\",\"@id\":\"https:\\\/\\\/egidimadeinitaly.com\\\/fr\\\/#website\",\"url\":\"https:\\\/\\\/egidimadeinitaly.com\\\/fr\\\/\",\"name\":\"Egidi MadeinItaly\",\"description\":\"Fine Art\",\"potentialAction\":[{\"@type\":\"SearchAction\",\"target\":{\"@type\":\"EntryPoint\",\"urlTemplate\":\"https:\\\/\\\/egidimadeinitaly.com\\\/fr\\\/?s={search_term_string}\"},\"query-input\":{\"@type\":\"PropertyValueSpecification\",\"valueRequired\":true,\"valueName\":\"search_term_string\"}}],\"inLanguage\":\"fr-FR\"}]}<\/script>\n<!-- \/ Yoast SEO Premium plugin. -->","yoast_head_json":{"title":"Carlo Zauli Faenza Vase archa\u00efque - Egidi MadeinItaly","description":"Vase archa\u00efque en gr\u00e8s polychrome de Carlo Zauli Faenza R\u00e9f\u00e9renc\u00e9 dans les archives de l\u2019artiste disponible sur Egidi MadeinItaly","robots":{"index":"index","follow":"follow","max-snippet":"max-snippet:-1","max-image-preview":"max-image-preview:large","max-video-preview":"max-video-preview:-1"},"canonical":"https:\/\/egidimadeinitaly.com\/fr\/produit\/design-fr\/arts-decoratifs\/ceramiques-fr\/carlo-zauli-faenza-vase-archaique\/","og_locale":"fr_FR","og_type":"article","og_title":"Carlo Zauli Faenza Vase archa\u00efque","og_description":"Carlo Zauli Vase archa\u00efque en gr\u00e8s d\u00e9cor\u00e9 de motifs abstraits et g\u00e9om\u00e9triques et de nervures en relief, de gla\u00e7ures polychromes et de dessins r\u00e9alis\u00e9s principalement dans des tons verts et jaunes et sign\u00e9 .","og_url":"https:\/\/egidimadeinitaly.com\/fr\/produit\/design-fr\/arts-decoratifs\/ceramiques-fr\/carlo-zauli-faenza-vase-archaique\/","og_site_name":"Egidi MadeinItaly","article_publisher":"https:\/\/www.facebook.com\/egidimadeinitaly\/","article_modified_time":"2024-12-14T12:30:19+00:00","og_image":[{"width":560,"height":560,"url":"https:\/\/egidimadeinitaly.com\/wp-content\/uploads\/2021\/11\/2021-10-14-EgidimainItaly-18-48-scaled-e1691071553248.jpg","type":"image\/jpeg"}],"schema":{"@context":"https:\/\/schema.org","@graph":[{"@type":"WebPage","@id":"https:\/\/egidimadeinitaly.com\/fr\/negozio\/objets-dart\/objets-dart-modernes\/carlo-zauli-faenza-vase-archaique\/","url":"https:\/\/egidimadeinitaly.com\/fr\/produit\/design-fr\/arts-decoratifs\/ceramiques-fr\/carlo-zauli-faenza-vase-archaique\/","name":"Carlo Zauli Faenza Vase archa\u00efque - Egidi MadeinItaly","isPartOf":{"@id":"https:\/\/egidimadeinitaly.com\/fr\/#website"},"primaryImageOfPage":{"@id":"https:\/\/egidimadeinitaly.com\/fr\/produit\/design-fr\/arts-decoratifs\/ceramiques-fr\/carlo-zauli-faenza-vase-archaique\/#primaryimage"},"image":{"@id":"https:\/\/egidimadeinitaly.com\/fr\/produit\/design-fr\/arts-decoratifs\/ceramiques-fr\/carlo-zauli-faenza-vase-archaique\/#primaryimage"},"thumbnailUrl":"https:\/\/egidimadeinitaly.com\/v25\/wp-content\/uploads\/2021\/11\/2021-10-14-EgidimainItaly-18-48-scaled-e1691071553248.jpg","datePublished":"2023-11-14T10:37:45+00:00","dateModified":"2024-12-14T12:30:19+00:00","description":"Vase archa\u00efque en gr\u00e8s polychrome de Carlo Zauli Faenza R\u00e9f\u00e9renc\u00e9 dans les archives de l\u2019artiste disponible sur Egidi MadeinItaly","breadcrumb":{"@id":"https:\/\/egidimadeinitaly.com\/fr\/produit\/design-fr\/arts-decoratifs\/ceramiques-fr\/carlo-zauli-faenza-vase-archaique\/#breadcrumb"},"inLanguage":"fr-FR","potentialAction":[{"@type":"ReadAction","target":["https:\/\/egidimadeinitaly.com\/fr\/produit\/design-fr\/arts-decoratifs\/ceramiques-fr\/carlo-zauli-faenza-vase-archaique\/"]}]},{"@type":"ImageObject","inLanguage":"fr-FR","@id":"https:\/\/egidimadeinitaly.com\/fr\/produit\/design-fr\/arts-decoratifs\/ceramiques-fr\/carlo-zauli-faenza-vase-archaique\/#primaryimage","url":"https:\/\/egidimadeinitaly.com\/v25\/wp-content\/uploads\/2021\/11\/2021-10-14-EgidimainItaly-18-48-scaled-e1691071553248.jpg","contentUrl":"https:\/\/egidimadeinitaly.com\/v25\/wp-content\/uploads\/2021\/11\/2021-10-14-EgidimainItaly-18-48-scaled-e1691071553248.jpg","width":560,"height":560,"caption":"Vase archa\u00efque de Carlo Zauli"},{"@type":"BreadcrumbList","@id":"https:\/\/egidimadeinitaly.com\/fr\/produit\/design-fr\/arts-decoratifs\/ceramiques-fr\/carlo-zauli-faenza-vase-archaique\/#breadcrumb","itemListElement":[{"@type":"ListItem","position":1,"name":"Home","item":"https:\/\/egidimadeinitaly.com\/fr\/"},{"@type":"ListItem","position":2,"name":"Produits","item":"https:\/\/egidimadeinitaly.com\/fr\/shop\/"},{"@type":"ListItem","position":3,"name":"Objets d\u2019art","item":"https:\/\/egidimadeinitaly.com\/fr\/product-category\/objets-dart\/"},{"@type":"ListItem","position":4,"name":"Objets d'art modernes","item":"https:\/\/egidimadeinitaly.com\/fr\/product-category\/objets-dart\/objets-dart-modernes\/"},{"@type":"ListItem","position":5,"name":"Carlo Zauli Faenza Vase archa\u00efque"}]},{"@type":"WebSite","@id":"https:\/\/egidimadeinitaly.com\/fr\/#website","url":"https:\/\/egidimadeinitaly.com\/fr\/","name":"Egidi MadeinItaly","description":"Fine Art","potentialAction":[{"@type":"SearchAction","target":{"@type":"EntryPoint","urlTemplate":"https:\/\/egidimadeinitaly.com\/fr\/?s={search_term_string}"},"query-input":{"@type":"PropertyValueSpecification","valueRequired":true,"valueName":"search_term_string"}}],"inLanguage":"fr-FR"}]}},"_links":{"self":[{"href":"https:\/\/egidimadeinitaly.com\/fr\/wp-json\/wp\/v2\/product\/105604","targetHints":{"allow":["GET"]}}],"collection":[{"href":"https:\/\/egidimadeinitaly.com\/fr\/wp-json\/wp\/v2\/product"}],"about":[{"href":"https:\/\/egidimadeinitaly.com\/fr\/wp-json\/wp\/v2\/types\/product"}],"wp:featuredmedia":[{"embeddable":true,"href":"https:\/\/egidimadeinitaly.com\/fr\/wp-json\/wp\/v2\/media\/105457"}],"wp:attachment":[{"href":"https:\/\/egidimadeinitaly.com\/fr\/wp-json\/wp\/v2\/media?parent=105604"}],"wp:term":[{"taxonomy":"product_brand","embeddable":true,"href":"https:\/\/egidimadeinitaly.com\/fr\/wp-json\/wp\/v2\/product_brand?post=105604"},{"taxonomy":"product_cat","embeddable":true,"href":"https:\/\/egidimadeinitaly.com\/fr\/wp-json\/wp\/v2\/product_cat?post=105604"},{"taxonomy":"product_tag","embeddable":true,"href":"https:\/\/egidimadeinitaly.com\/fr\/wp-json\/wp\/v2\/product_tag?post=105604"}],"curies":[{"name":"wp","href":"https:\/\/api.w.org\/{rel}","templated":true}]}}