{"id":104730,"date":"2021-10-12T08:53:30","date_gmt":"2021-10-12T07:53:30","guid":{"rendered":"https:\/\/egidimadeinitaly.com\/ecomsite\/negozio\/uncategorized\/portrait-dhomme-de-rudolf-swoboda-le-jeune\/"},"modified":"2022-07-22T09:40:53","modified_gmt":"2022-07-22T09:40:53","slug":"rudolf-swoboda-portrait-dun-oriental","status":"publish","type":"product","link":"https:\/\/egidimadeinitaly.com\/fr\/negozio\/art-ancien\/tableaux-anciens-fr\/rudolf-swoboda-portrait-dun-oriental\/","title":{"rendered":"Rudolf Swoboda Portrait d\u2019un oriental"},"content":{"rendered":"<p>Huile sur toile de la fin du XIXe si\u00e8cle, agr\u00e9ment\u00e9e d\u2019un tr\u00e8s beau cadre en bois sculpt\u00e9 et d\u00e9tail\u00a0 dor\u00e9.<\/p>\n<p>Ce portrait de notable du Moyen-Orient a une histoire parall\u00e8le \u00e0 celle d\u2019un autre tableau pr\u00e9sent\u00e9 dans cette rubrique, sign\u00e9 de Swoboda et dat\u00e9 1912, dont nous vous invitons \u00e0 lire la fiche.<\/p>\n<p>Tous deux proviennent de la collection d\u2019une famille italienne poss\u00e9dant une ascendance d\u2019Europe centrale, et en particulier viennoise.<\/p>\n<p>Tel que d\u00e9crit dans la fiche pr\u00e9c\u00e9dente, Rudolf Swoboda le Jeune portait ce nom pour le distinguer de son oncle du m\u00eame nom, qui \u00e9tait lui aussi un grand peintre.<\/p>\n<p>Rudolf Swoboda est c\u00e9l\u00e8bre pour les nombreux portraits de dirigeants et de notables de l\u2019Inde et du Moyen-Orient qui lui furent command\u00e9s par la Couronne anglaise entre 1885 et 1892.<\/p>\n<p>Selon toute vraisemblance, ce portrait de profil est une \u0153uvre de cet artiste viennois, tr\u00e8s probablement un croquis r\u00e9alis\u00e9 au cours de son mandat aupr\u00e8s de la Reine Victoria.<\/p>\n","protected":false},"excerpt":{"rendered":"<p>Portrait d\u2019un homme du Moyen-Orient avec turban, vu de profil, attribu\u00e9 \u00e0 Rudolf Swoboda le Jeune (Vienne, 1859-1914).<\/p>\n<p>&nbsp;<\/p>\n<p>&nbsp;<\/p>\n","protected":false},"featured_media":104365,"template":"","meta":{"_acf_changed":false},"product_brand":[],"product_cat":[6374,6408],"product_tag":[5635,5361,5492],"class_list":{"0":"post-104730","1":"product","2":"type-product","3":"status-publish","4":"has-post-thumbnail","6":"product_cat-art-ancien","7":"product_cat-tableaux-anciens-fr","8":"product_tag-art-fr","9":"product_tag-decoration-murale","10":"product_tag-portraits-fr","12":"first","13":"outofstock","14":"taxable","15":"shipping-taxable","16":"product-type-simple"},"acf":[],"yoast_head":"<!-- This site is optimized with the Yoast SEO Premium plugin v27.3 (Yoast SEO v27.4) - https:\/\/yoast.com\/product\/yoast-seo-premium-wordpress\/ -->\n<title>Rudolf Swoboda Portrait d\u2019un oriental - Egidi MadeinItaly<\/title>\n<meta name=\"description\" content=\"Portrait d\u2019un homme du Moyen-Orient avec turban, vu de profil, attribu\u00e9 \u00e0 Rudolf Swoboda le Jeune en vente sur Egidi MadeinItaly\" \/>\n<meta name=\"robots\" content=\"index, follow, max-snippet:-1, max-image-preview:large, max-video-preview:-1\" \/>\n<link rel=\"canonical\" href=\"https:\/\/egidimadeinitaly.com\/fr\/negozio\/art-ancien\/tableaux-anciens-fr\/rudolf-swoboda-portrait-dun-oriental\/\" \/>\n<meta property=\"og:locale\" content=\"fr_FR\" \/>\n<meta property=\"og:type\" content=\"article\" \/>\n<meta property=\"og:title\" content=\"Rudolf Swoboda Portrait d\u2019un oriental\" \/>\n<meta property=\"og:description\" content=\"Portrait d\u2019un homme du Moyen-Orient avec turban, vu de profil, attribu\u00e9 \u00e0 Rudolf Swoboda le Jeune (Vienne, 1859-1914).  &nbsp;  &nbsp;\" \/>\n<meta property=\"og:url\" content=\"https:\/\/egidimadeinitaly.com\/fr\/negozio\/art-ancien\/tableaux-anciens-fr\/rudolf-swoboda-portrait-dun-oriental\/\" \/>\n<meta property=\"og:site_name\" content=\"Egidi MadeinItaly\" \/>\n<meta property=\"article:publisher\" content=\"https:\/\/www.facebook.com\/egidimadeinitaly\/\" \/>\n<meta property=\"article:modified_time\" content=\"2022-07-22T09:40:53+00:00\" \/>\n<meta property=\"og:image\" content=\"https:\/\/egidimadeinitaly.com\/wp-content\/uploads\/2021\/10\/5D313839-F3ED-44F5-AD11-7D6C40929E6D-scaled-e1691078750873.jpeg\" \/>\n\t<meta property=\"og:image:width\" content=\"2270\" \/>\n\t<meta property=\"og:image:height\" content=\"2560\" \/>\n\t<meta property=\"og:image:type\" content=\"image\/jpeg\" \/>\n<script type=\"application\/ld+json\" class=\"yoast-schema-graph\">{\"@context\":\"https:\\\/\\\/schema.org\",\"@graph\":[{\"@type\":\"WebPage\",\"@id\":\"https:\\\/\\\/egidimadeinitaly.com\\\/fr\\\/negozio\\\/art-ancien\\\/tableaux-anciens-fr\\\/rudolf-swoboda-portrait-dun-oriental\\\/\",\"url\":\"https:\\\/\\\/egidimadeinitaly.com\\\/fr\\\/negozio\\\/art-ancien\\\/tableaux-anciens-fr\\\/rudolf-swoboda-portrait-dun-oriental\\\/\",\"name\":\"Rudolf Swoboda Portrait d\u2019un oriental - Egidi MadeinItaly\",\"isPartOf\":{\"@id\":\"https:\\\/\\\/egidimadeinitaly.com\\\/fr\\\/#website\"},\"primaryImageOfPage\":{\"@id\":\"https:\\\/\\\/egidimadeinitaly.com\\\/fr\\\/negozio\\\/art-ancien\\\/tableaux-anciens-fr\\\/rudolf-swoboda-portrait-dun-oriental\\\/#primaryimage\"},\"image\":{\"@id\":\"https:\\\/\\\/egidimadeinitaly.com\\\/fr\\\/negozio\\\/art-ancien\\\/tableaux-anciens-fr\\\/rudolf-swoboda-portrait-dun-oriental\\\/#primaryimage\"},\"thumbnailUrl\":\"https:\\\/\\\/egidimadeinitaly.com\\\/v25\\\/wp-content\\\/uploads\\\/2021\\\/10\\\/5D313839-F3ED-44F5-AD11-7D6C40929E6D-scaled-e1691078750873.jpeg\",\"datePublished\":\"2021-10-12T07:53:30+00:00\",\"dateModified\":\"2022-07-22T09:40:53+00:00\",\"description\":\"Portrait d\u2019un homme du Moyen-Orient avec turban, vu de profil, attribu\u00e9 \u00e0 Rudolf Swoboda le Jeune en vente sur Egidi MadeinItaly\",\"breadcrumb\":{\"@id\":\"https:\\\/\\\/egidimadeinitaly.com\\\/fr\\\/negozio\\\/art-ancien\\\/tableaux-anciens-fr\\\/rudolf-swoboda-portrait-dun-oriental\\\/#breadcrumb\"},\"inLanguage\":\"fr-FR\",\"potentialAction\":[{\"@type\":\"ReadAction\",\"target\":[\"https:\\\/\\\/egidimadeinitaly.com\\\/fr\\\/negozio\\\/art-ancien\\\/tableaux-anciens-fr\\\/rudolf-swoboda-portrait-dun-oriental\\\/\"]}]},{\"@type\":\"ImageObject\",\"inLanguage\":\"fr-FR\",\"@id\":\"https:\\\/\\\/egidimadeinitaly.com\\\/fr\\\/negozio\\\/art-ancien\\\/tableaux-anciens-fr\\\/rudolf-swoboda-portrait-dun-oriental\\\/#primaryimage\",\"url\":\"https:\\\/\\\/egidimadeinitaly.com\\\/v25\\\/wp-content\\\/uploads\\\/2021\\\/10\\\/5D313839-F3ED-44F5-AD11-7D6C40929E6D-scaled-e1691078750873.jpeg\",\"contentUrl\":\"https:\\\/\\\/egidimadeinitaly.com\\\/v25\\\/wp-content\\\/uploads\\\/2021\\\/10\\\/5D313839-F3ED-44F5-AD11-7D6C40929E6D-scaled-e1691078750873.jpeg\",\"width\":2270,\"height\":2560,\"caption\":\"Portrait d\u2019un homme du Moyen-Orient avec turban\"},{\"@type\":\"BreadcrumbList\",\"@id\":\"https:\\\/\\\/egidimadeinitaly.com\\\/fr\\\/negozio\\\/art-ancien\\\/tableaux-anciens-fr\\\/rudolf-swoboda-portrait-dun-oriental\\\/#breadcrumb\",\"itemListElement\":[{\"@type\":\"ListItem\",\"position\":1,\"name\":\"Home\",\"item\":\"https:\\\/\\\/egidimadeinitaly.com\\\/fr\\\/\"},{\"@type\":\"ListItem\",\"position\":2,\"name\":\"Produits\",\"item\":\"https:\\\/\\\/egidimadeinitaly.com\\\/fr\\\/shop\\\/\"},{\"@type\":\"ListItem\",\"position\":3,\"name\":\"Art ancien\",\"item\":\"https:\\\/\\\/egidimadeinitaly.com\\\/fr\\\/product-category\\\/art-ancien\\\/\"},{\"@type\":\"ListItem\",\"position\":4,\"name\":\"Tableaux anciens\",\"item\":\"https:\\\/\\\/egidimadeinitaly.com\\\/fr\\\/product-category\\\/art-ancien\\\/tableaux-anciens-fr\\\/\"},{\"@type\":\"ListItem\",\"position\":5,\"name\":\"Rudolf Swoboda Portrait d\u2019un oriental\"}]},{\"@type\":\"WebSite\",\"@id\":\"https:\\\/\\\/egidimadeinitaly.com\\\/fr\\\/#website\",\"url\":\"https:\\\/\\\/egidimadeinitaly.com\\\/fr\\\/\",\"name\":\"Egidi MadeinItaly\",\"description\":\"Fine Art\",\"potentialAction\":[{\"@type\":\"SearchAction\",\"target\":{\"@type\":\"EntryPoint\",\"urlTemplate\":\"https:\\\/\\\/egidimadeinitaly.com\\\/fr\\\/?s={search_term_string}\"},\"query-input\":{\"@type\":\"PropertyValueSpecification\",\"valueRequired\":true,\"valueName\":\"search_term_string\"}}],\"inLanguage\":\"fr-FR\"}]}<\/script>\n<!-- \/ Yoast SEO Premium plugin. -->","yoast_head_json":{"title":"Rudolf Swoboda Portrait d\u2019un oriental - Egidi MadeinItaly","description":"Portrait d\u2019un homme du Moyen-Orient avec turban, vu de profil, attribu\u00e9 \u00e0 Rudolf Swoboda le Jeune en vente sur Egidi MadeinItaly","robots":{"index":"index","follow":"follow","max-snippet":"max-snippet:-1","max-image-preview":"max-image-preview:large","max-video-preview":"max-video-preview:-1"},"canonical":"https:\/\/egidimadeinitaly.com\/fr\/negozio\/art-ancien\/tableaux-anciens-fr\/rudolf-swoboda-portrait-dun-oriental\/","og_locale":"fr_FR","og_type":"article","og_title":"Rudolf Swoboda Portrait d\u2019un oriental","og_description":"Portrait d\u2019un homme du Moyen-Orient avec turban, vu de profil, attribu\u00e9 \u00e0 Rudolf Swoboda le Jeune (Vienne, 1859-1914).  &nbsp;  &nbsp;","og_url":"https:\/\/egidimadeinitaly.com\/fr\/negozio\/art-ancien\/tableaux-anciens-fr\/rudolf-swoboda-portrait-dun-oriental\/","og_site_name":"Egidi MadeinItaly","article_publisher":"https:\/\/www.facebook.com\/egidimadeinitaly\/","article_modified_time":"2022-07-22T09:40:53+00:00","og_image":[{"width":2270,"height":2560,"url":"https:\/\/egidimadeinitaly.com\/wp-content\/uploads\/2021\/10\/5D313839-F3ED-44F5-AD11-7D6C40929E6D-scaled-e1691078750873.jpeg","type":"image\/jpeg"}],"schema":{"@context":"https:\/\/schema.org","@graph":[{"@type":"WebPage","@id":"https:\/\/egidimadeinitaly.com\/fr\/negozio\/art-ancien\/tableaux-anciens-fr\/rudolf-swoboda-portrait-dun-oriental\/","url":"https:\/\/egidimadeinitaly.com\/fr\/negozio\/art-ancien\/tableaux-anciens-fr\/rudolf-swoboda-portrait-dun-oriental\/","name":"Rudolf Swoboda Portrait d\u2019un oriental - Egidi MadeinItaly","isPartOf":{"@id":"https:\/\/egidimadeinitaly.com\/fr\/#website"},"primaryImageOfPage":{"@id":"https:\/\/egidimadeinitaly.com\/fr\/negozio\/art-ancien\/tableaux-anciens-fr\/rudolf-swoboda-portrait-dun-oriental\/#primaryimage"},"image":{"@id":"https:\/\/egidimadeinitaly.com\/fr\/negozio\/art-ancien\/tableaux-anciens-fr\/rudolf-swoboda-portrait-dun-oriental\/#primaryimage"},"thumbnailUrl":"https:\/\/egidimadeinitaly.com\/v25\/wp-content\/uploads\/2021\/10\/5D313839-F3ED-44F5-AD11-7D6C40929E6D-scaled-e1691078750873.jpeg","datePublished":"2021-10-12T07:53:30+00:00","dateModified":"2022-07-22T09:40:53+00:00","description":"Portrait d\u2019un homme du Moyen-Orient avec turban, vu de profil, attribu\u00e9 \u00e0 Rudolf Swoboda le Jeune en vente sur Egidi MadeinItaly","breadcrumb":{"@id":"https:\/\/egidimadeinitaly.com\/fr\/negozio\/art-ancien\/tableaux-anciens-fr\/rudolf-swoboda-portrait-dun-oriental\/#breadcrumb"},"inLanguage":"fr-FR","potentialAction":[{"@type":"ReadAction","target":["https:\/\/egidimadeinitaly.com\/fr\/negozio\/art-ancien\/tableaux-anciens-fr\/rudolf-swoboda-portrait-dun-oriental\/"]}]},{"@type":"ImageObject","inLanguage":"fr-FR","@id":"https:\/\/egidimadeinitaly.com\/fr\/negozio\/art-ancien\/tableaux-anciens-fr\/rudolf-swoboda-portrait-dun-oriental\/#primaryimage","url":"https:\/\/egidimadeinitaly.com\/v25\/wp-content\/uploads\/2021\/10\/5D313839-F3ED-44F5-AD11-7D6C40929E6D-scaled-e1691078750873.jpeg","contentUrl":"https:\/\/egidimadeinitaly.com\/v25\/wp-content\/uploads\/2021\/10\/5D313839-F3ED-44F5-AD11-7D6C40929E6D-scaled-e1691078750873.jpeg","width":2270,"height":2560,"caption":"Portrait d\u2019un homme du Moyen-Orient avec turban"},{"@type":"BreadcrumbList","@id":"https:\/\/egidimadeinitaly.com\/fr\/negozio\/art-ancien\/tableaux-anciens-fr\/rudolf-swoboda-portrait-dun-oriental\/#breadcrumb","itemListElement":[{"@type":"ListItem","position":1,"name":"Home","item":"https:\/\/egidimadeinitaly.com\/fr\/"},{"@type":"ListItem","position":2,"name":"Produits","item":"https:\/\/egidimadeinitaly.com\/fr\/shop\/"},{"@type":"ListItem","position":3,"name":"Art ancien","item":"https:\/\/egidimadeinitaly.com\/fr\/product-category\/art-ancien\/"},{"@type":"ListItem","position":4,"name":"Tableaux anciens","item":"https:\/\/egidimadeinitaly.com\/fr\/product-category\/art-ancien\/tableaux-anciens-fr\/"},{"@type":"ListItem","position":5,"name":"Rudolf Swoboda Portrait d\u2019un oriental"}]},{"@type":"WebSite","@id":"https:\/\/egidimadeinitaly.com\/fr\/#website","url":"https:\/\/egidimadeinitaly.com\/fr\/","name":"Egidi MadeinItaly","description":"Fine Art","potentialAction":[{"@type":"SearchAction","target":{"@type":"EntryPoint","urlTemplate":"https:\/\/egidimadeinitaly.com\/fr\/?s={search_term_string}"},"query-input":{"@type":"PropertyValueSpecification","valueRequired":true,"valueName":"search_term_string"}}],"inLanguage":"fr-FR"}]}},"_links":{"self":[{"href":"https:\/\/egidimadeinitaly.com\/fr\/wp-json\/wp\/v2\/product\/104730","targetHints":{"allow":["GET"]}}],"collection":[{"href":"https:\/\/egidimadeinitaly.com\/fr\/wp-json\/wp\/v2\/product"}],"about":[{"href":"https:\/\/egidimadeinitaly.com\/fr\/wp-json\/wp\/v2\/types\/product"}],"wp:featuredmedia":[{"embeddable":true,"href":"https:\/\/egidimadeinitaly.com\/fr\/wp-json\/wp\/v2\/media\/104365"}],"wp:attachment":[{"href":"https:\/\/egidimadeinitaly.com\/fr\/wp-json\/wp\/v2\/media?parent=104730"}],"wp:term":[{"taxonomy":"product_brand","embeddable":true,"href":"https:\/\/egidimadeinitaly.com\/fr\/wp-json\/wp\/v2\/product_brand?post=104730"},{"taxonomy":"product_cat","embeddable":true,"href":"https:\/\/egidimadeinitaly.com\/fr\/wp-json\/wp\/v2\/product_cat?post=104730"},{"taxonomy":"product_tag","embeddable":true,"href":"https:\/\/egidimadeinitaly.com\/fr\/wp-json\/wp\/v2\/product_tag?post=104730"}],"curies":[{"name":"wp","href":"https:\/\/api.w.org\/{rel}","templated":true}]}}