{"id":104698,"date":"2021-10-12T07:32:25","date_gmt":"2021-10-12T06:32:25","guid":{"rendered":"https:\/\/egidimadeinitaly.com\/ecomsite\/?post_type=product&#038;p=104698"},"modified":"2025-11-14T14:36:45","modified_gmt":"2025-11-14T13:36:45","slug":"luigi-broggini-ceramique-emaille","status":"publish","type":"product","link":"https:\/\/egidimadeinitaly.com\/fr\/negozio\/objets-dart\/objets-dart-modernes\/luigi-broggini-ceramique-emaille\/","title":{"rendered":"Luigi Broggini c\u00e9ramique \u00e9maill\u00e9"},"content":{"rendered":"<p>Plat avec des personnages en relief, Neptune avec le trident et son \u00e9pouse Amphitrite, une des N\u00e9r\u00e9ides.<\/p>\n<p>Signature sous la base : BROGGINI MADE IN ITALY<\/p>\n","protected":false},"excerpt":{"rendered":"<p>Plat en c\u00e9ramique \u00e9maill\u00e9e polychrome sign\u00e9e <strong>Luigi Broggini<\/strong> <strong>Pi\u00e8ce Unique<\/strong><\/p>\n<p>&nbsp;<\/p>\n","protected":false},"featured_media":104531,"template":"","meta":{"_acf_changed":false},"product_brand":[],"product_cat":[6412,6492],"product_tag":[5406,5969,5956,5306],"class_list":{"0":"post-104698","1":"product","2":"type-product","3":"status-publish","4":"has-post-thumbnail","6":"product_cat-objets-dart-modernes","7":"product_cat-objets-dart","8":"product_tag-annees-40-fr","9":"product_tag-cadeau-de-mariage","10":"product_tag-ceramique","11":"product_tag-objets-de-collection","13":"first","14":"outofstock","15":"taxable","16":"shipping-taxable","17":"product-type-simple"},"acf":[],"yoast_head":"<!-- This site is optimized with the Yoast SEO Premium plugin v27.3 (Yoast SEO v27.4) - https:\/\/yoast.com\/product\/yoast-seo-premium-wordpress\/ -->\n<title>Luigi Broggini c\u00e9ramique \u00e9maill\u00e9 - Egidi MadeinItaly<\/title>\n<meta name=\"description\" content=\"Luigi Broggini Rare plat en c\u00e9ramique \u00e9maill\u00e9e et polychrome avec personnages en relief sign\u00e9e en vente sur Egidi MadeinItaly E-commerce\" \/>\n<meta name=\"robots\" content=\"index, follow, max-snippet:-1, max-image-preview:large, max-video-preview:-1\" \/>\n<link rel=\"canonical\" href=\"https:\/\/egidimadeinitaly.com\/fr\/negozio\/objets-dart\/objets-dart-modernes\/luigi-broggini-ceramique-emaille\/\" \/>\n<meta property=\"og:locale\" content=\"fr_FR\" \/>\n<meta property=\"og:type\" content=\"article\" \/>\n<meta property=\"og:title\" content=\"Luigi Broggini c\u00e9ramique \u00e9maill\u00e9\" \/>\n<meta property=\"og:description\" content=\"Plat en c\u00e9ramique \u00e9maill\u00e9e polychrome sign\u00e9e Luigi Broggini Pi\u00e8ce Unique  &nbsp;\" \/>\n<meta property=\"og:url\" content=\"https:\/\/egidimadeinitaly.com\/fr\/negozio\/objets-dart\/objets-dart-modernes\/luigi-broggini-ceramique-emaille\/\" \/>\n<meta property=\"og:site_name\" content=\"Egidi MadeinItaly\" \/>\n<meta property=\"article:publisher\" content=\"https:\/\/www.facebook.com\/egidimadeinitaly\/\" \/>\n<meta property=\"article:modified_time\" content=\"2025-11-14T13:36:45+00:00\" \/>\n<meta property=\"og:image\" content=\"https:\/\/egidimadeinitaly.com\/v25\/wp-content\/uploads\/2021\/10\/D91D691E-9D07-43E5-85C7-4CC1B73DA973-scaled-e1691080121392.jpeg\" \/>\n\t<meta property=\"og:image:width\" content=\"2560\" \/>\n\t<meta property=\"og:image:height\" content=\"2560\" \/>\n\t<meta property=\"og:image:type\" content=\"image\/jpeg\" \/>\n<script type=\"application\/ld+json\" class=\"yoast-schema-graph\">{\"@context\":\"https:\\\/\\\/schema.org\",\"@graph\":[{\"@type\":\"WebPage\",\"@id\":\"https:\\\/\\\/egidimadeinitaly.com\\\/fr\\\/negozio\\\/objets-dart\\\/objets-dart-modernes\\\/luigi-broggini-ceramique-emaille\\\/\",\"url\":\"https:\\\/\\\/egidimadeinitaly.com\\\/fr\\\/negozio\\\/objets-dart\\\/objets-dart-modernes\\\/luigi-broggini-ceramique-emaille\\\/\",\"name\":\"Luigi Broggini c\u00e9ramique \u00e9maill\u00e9 - Egidi MadeinItaly\",\"isPartOf\":{\"@id\":\"https:\\\/\\\/egidimadeinitaly.com\\\/fr\\\/#website\"},\"primaryImageOfPage\":{\"@id\":\"https:\\\/\\\/egidimadeinitaly.com\\\/fr\\\/negozio\\\/objets-dart\\\/objets-dart-modernes\\\/luigi-broggini-ceramique-emaille\\\/#primaryimage\"},\"image\":{\"@id\":\"https:\\\/\\\/egidimadeinitaly.com\\\/fr\\\/negozio\\\/objets-dart\\\/objets-dart-modernes\\\/luigi-broggini-ceramique-emaille\\\/#primaryimage\"},\"thumbnailUrl\":\"https:\\\/\\\/egidimadeinitaly.com\\\/v25\\\/wp-content\\\/uploads\\\/2021\\\/10\\\/D91D691E-9D07-43E5-85C7-4CC1B73DA973-scaled-e1691080121392.jpeg\",\"datePublished\":\"2021-10-12T06:32:25+00:00\",\"dateModified\":\"2025-11-14T13:36:45+00:00\",\"description\":\"Luigi Broggini Rare plat en c\u00e9ramique \u00e9maill\u00e9e et polychrome avec personnages en relief sign\u00e9e en vente sur Egidi MadeinItaly E-commerce\",\"breadcrumb\":{\"@id\":\"https:\\\/\\\/egidimadeinitaly.com\\\/fr\\\/negozio\\\/objets-dart\\\/objets-dart-modernes\\\/luigi-broggini-ceramique-emaille\\\/#breadcrumb\"},\"inLanguage\":\"fr-FR\",\"potentialAction\":[{\"@type\":\"ReadAction\",\"target\":[\"https:\\\/\\\/egidimadeinitaly.com\\\/fr\\\/negozio\\\/objets-dart\\\/objets-dart-modernes\\\/luigi-broggini-ceramique-emaille\\\/\"]}]},{\"@type\":\"ImageObject\",\"inLanguage\":\"fr-FR\",\"@id\":\"https:\\\/\\\/egidimadeinitaly.com\\\/fr\\\/negozio\\\/objets-dart\\\/objets-dart-modernes\\\/luigi-broggini-ceramique-emaille\\\/#primaryimage\",\"url\":\"https:\\\/\\\/egidimadeinitaly.com\\\/v25\\\/wp-content\\\/uploads\\\/2021\\\/10\\\/D91D691E-9D07-43E5-85C7-4CC1B73DA973-scaled-e1691080121392.jpeg\",\"contentUrl\":\"https:\\\/\\\/egidimadeinitaly.com\\\/v25\\\/wp-content\\\/uploads\\\/2021\\\/10\\\/D91D691E-9D07-43E5-85C7-4CC1B73DA973-scaled-e1691080121392.jpeg\",\"width\":2560,\"height\":2560,\"caption\":\"Luigi Broggini Egidi Madeinitaly L\u2019art du XX\u00e9m\u00e9 Si\u00e9cle\"},{\"@type\":\"BreadcrumbList\",\"@id\":\"https:\\\/\\\/egidimadeinitaly.com\\\/fr\\\/negozio\\\/objets-dart\\\/objets-dart-modernes\\\/luigi-broggini-ceramique-emaille\\\/#breadcrumb\",\"itemListElement\":[{\"@type\":\"ListItem\",\"position\":1,\"name\":\"Home\",\"item\":\"https:\\\/\\\/egidimadeinitaly.com\\\/fr\\\/\"},{\"@type\":\"ListItem\",\"position\":2,\"name\":\"Produits\",\"item\":\"https:\\\/\\\/egidimadeinitaly.com\\\/fr\\\/shop\\\/\"},{\"@type\":\"ListItem\",\"position\":3,\"name\":\"Objets d\u2019art\",\"item\":\"https:\\\/\\\/egidimadeinitaly.com\\\/fr\\\/product-category\\\/objets-dart\\\/\"},{\"@type\":\"ListItem\",\"position\":4,\"name\":\"Objets d'art modernes\",\"item\":\"https:\\\/\\\/egidimadeinitaly.com\\\/fr\\\/product-category\\\/objets-dart\\\/objets-dart-modernes\\\/\"},{\"@type\":\"ListItem\",\"position\":5,\"name\":\"Luigi Broggini c\u00e9ramique \u00e9maill\u00e9\"}]},{\"@type\":\"WebSite\",\"@id\":\"https:\\\/\\\/egidimadeinitaly.com\\\/fr\\\/#website\",\"url\":\"https:\\\/\\\/egidimadeinitaly.com\\\/fr\\\/\",\"name\":\"Egidi MadeinItaly\",\"description\":\"Fine Art\",\"potentialAction\":[{\"@type\":\"SearchAction\",\"target\":{\"@type\":\"EntryPoint\",\"urlTemplate\":\"https:\\\/\\\/egidimadeinitaly.com\\\/fr\\\/?s={search_term_string}\"},\"query-input\":{\"@type\":\"PropertyValueSpecification\",\"valueRequired\":true,\"valueName\":\"search_term_string\"}}],\"inLanguage\":\"fr-FR\"}]}<\/script>\n<!-- \/ Yoast SEO Premium plugin. -->","yoast_head_json":{"title":"Luigi Broggini c\u00e9ramique \u00e9maill\u00e9 - Egidi MadeinItaly","description":"Luigi Broggini Rare plat en c\u00e9ramique \u00e9maill\u00e9e et polychrome avec personnages en relief sign\u00e9e en vente sur Egidi MadeinItaly E-commerce","robots":{"index":"index","follow":"follow","max-snippet":"max-snippet:-1","max-image-preview":"max-image-preview:large","max-video-preview":"max-video-preview:-1"},"canonical":"https:\/\/egidimadeinitaly.com\/fr\/negozio\/objets-dart\/objets-dart-modernes\/luigi-broggini-ceramique-emaille\/","og_locale":"fr_FR","og_type":"article","og_title":"Luigi Broggini c\u00e9ramique \u00e9maill\u00e9","og_description":"Plat en c\u00e9ramique \u00e9maill\u00e9e polychrome sign\u00e9e Luigi Broggini Pi\u00e8ce Unique  &nbsp;","og_url":"https:\/\/egidimadeinitaly.com\/fr\/negozio\/objets-dart\/objets-dart-modernes\/luigi-broggini-ceramique-emaille\/","og_site_name":"Egidi MadeinItaly","article_publisher":"https:\/\/www.facebook.com\/egidimadeinitaly\/","article_modified_time":"2025-11-14T13:36:45+00:00","og_image":[{"width":2560,"height":2560,"url":"https:\/\/egidimadeinitaly.com\/v25\/wp-content\/uploads\/2021\/10\/D91D691E-9D07-43E5-85C7-4CC1B73DA973-scaled-e1691080121392.jpeg","type":"image\/jpeg"}],"schema":{"@context":"https:\/\/schema.org","@graph":[{"@type":"WebPage","@id":"https:\/\/egidimadeinitaly.com\/fr\/negozio\/objets-dart\/objets-dart-modernes\/luigi-broggini-ceramique-emaille\/","url":"https:\/\/egidimadeinitaly.com\/fr\/negozio\/objets-dart\/objets-dart-modernes\/luigi-broggini-ceramique-emaille\/","name":"Luigi Broggini c\u00e9ramique \u00e9maill\u00e9 - Egidi MadeinItaly","isPartOf":{"@id":"https:\/\/egidimadeinitaly.com\/fr\/#website"},"primaryImageOfPage":{"@id":"https:\/\/egidimadeinitaly.com\/fr\/negozio\/objets-dart\/objets-dart-modernes\/luigi-broggini-ceramique-emaille\/#primaryimage"},"image":{"@id":"https:\/\/egidimadeinitaly.com\/fr\/negozio\/objets-dart\/objets-dart-modernes\/luigi-broggini-ceramique-emaille\/#primaryimage"},"thumbnailUrl":"https:\/\/egidimadeinitaly.com\/v25\/wp-content\/uploads\/2021\/10\/D91D691E-9D07-43E5-85C7-4CC1B73DA973-scaled-e1691080121392.jpeg","datePublished":"2021-10-12T06:32:25+00:00","dateModified":"2025-11-14T13:36:45+00:00","description":"Luigi Broggini Rare plat en c\u00e9ramique \u00e9maill\u00e9e et polychrome avec personnages en relief sign\u00e9e en vente sur Egidi MadeinItaly E-commerce","breadcrumb":{"@id":"https:\/\/egidimadeinitaly.com\/fr\/negozio\/objets-dart\/objets-dart-modernes\/luigi-broggini-ceramique-emaille\/#breadcrumb"},"inLanguage":"fr-FR","potentialAction":[{"@type":"ReadAction","target":["https:\/\/egidimadeinitaly.com\/fr\/negozio\/objets-dart\/objets-dart-modernes\/luigi-broggini-ceramique-emaille\/"]}]},{"@type":"ImageObject","inLanguage":"fr-FR","@id":"https:\/\/egidimadeinitaly.com\/fr\/negozio\/objets-dart\/objets-dart-modernes\/luigi-broggini-ceramique-emaille\/#primaryimage","url":"https:\/\/egidimadeinitaly.com\/v25\/wp-content\/uploads\/2021\/10\/D91D691E-9D07-43E5-85C7-4CC1B73DA973-scaled-e1691080121392.jpeg","contentUrl":"https:\/\/egidimadeinitaly.com\/v25\/wp-content\/uploads\/2021\/10\/D91D691E-9D07-43E5-85C7-4CC1B73DA973-scaled-e1691080121392.jpeg","width":2560,"height":2560,"caption":"Luigi Broggini Egidi Madeinitaly L\u2019art du XX\u00e9m\u00e9 Si\u00e9cle"},{"@type":"BreadcrumbList","@id":"https:\/\/egidimadeinitaly.com\/fr\/negozio\/objets-dart\/objets-dart-modernes\/luigi-broggini-ceramique-emaille\/#breadcrumb","itemListElement":[{"@type":"ListItem","position":1,"name":"Home","item":"https:\/\/egidimadeinitaly.com\/fr\/"},{"@type":"ListItem","position":2,"name":"Produits","item":"https:\/\/egidimadeinitaly.com\/fr\/shop\/"},{"@type":"ListItem","position":3,"name":"Objets d\u2019art","item":"https:\/\/egidimadeinitaly.com\/fr\/product-category\/objets-dart\/"},{"@type":"ListItem","position":4,"name":"Objets d'art modernes","item":"https:\/\/egidimadeinitaly.com\/fr\/product-category\/objets-dart\/objets-dart-modernes\/"},{"@type":"ListItem","position":5,"name":"Luigi Broggini c\u00e9ramique \u00e9maill\u00e9"}]},{"@type":"WebSite","@id":"https:\/\/egidimadeinitaly.com\/fr\/#website","url":"https:\/\/egidimadeinitaly.com\/fr\/","name":"Egidi MadeinItaly","description":"Fine Art","potentialAction":[{"@type":"SearchAction","target":{"@type":"EntryPoint","urlTemplate":"https:\/\/egidimadeinitaly.com\/fr\/?s={search_term_string}"},"query-input":{"@type":"PropertyValueSpecification","valueRequired":true,"valueName":"search_term_string"}}],"inLanguage":"fr-FR"}]}},"_links":{"self":[{"href":"https:\/\/egidimadeinitaly.com\/fr\/wp-json\/wp\/v2\/product\/104698","targetHints":{"allow":["GET"]}}],"collection":[{"href":"https:\/\/egidimadeinitaly.com\/fr\/wp-json\/wp\/v2\/product"}],"about":[{"href":"https:\/\/egidimadeinitaly.com\/fr\/wp-json\/wp\/v2\/types\/product"}],"wp:featuredmedia":[{"embeddable":true,"href":"https:\/\/egidimadeinitaly.com\/fr\/wp-json\/wp\/v2\/media\/104531"}],"wp:attachment":[{"href":"https:\/\/egidimadeinitaly.com\/fr\/wp-json\/wp\/v2\/media?parent=104698"}],"wp:term":[{"taxonomy":"product_brand","embeddable":true,"href":"https:\/\/egidimadeinitaly.com\/fr\/wp-json\/wp\/v2\/product_brand?post=104698"},{"taxonomy":"product_cat","embeddable":true,"href":"https:\/\/egidimadeinitaly.com\/fr\/wp-json\/wp\/v2\/product_cat?post=104698"},{"taxonomy":"product_tag","embeddable":true,"href":"https:\/\/egidimadeinitaly.com\/fr\/wp-json\/wp\/v2\/product_tag?post=104698"}],"curies":[{"name":"wp","href":"https:\/\/api.w.org\/{rel}","templated":true}]}}