{"id":104248,"date":"2021-10-01T12:00:04","date_gmt":"2021-10-01T11:00:04","guid":{"rendered":"https:\/\/egidimadeinitaly.com\/ecomsite\/?post_type=product&#038;p=104248"},"modified":"2023-01-24T18:22:27","modified_gmt":"2023-01-24T17:22:27","slug":"paolo-venini-paire-de-lustres-en-cristal","status":"publish","type":"product","link":"https:\/\/egidimadeinitaly.com\/fr\/negozio\/objets-dart\/objets-dart-modernes\/paolo-venini-paire-de-lustres-en-cristal\/","title":{"rendered":"Paolo Venini Paire de lustres en cristal"},"content":{"rendered":"<p>Chaque lustre comporte 172 cristaux bicolores or et ambre en forme de prisme tri\u00e8dre descendant sur 8 rangs pour cr\u00e9er un design d&rsquo;une rare \u00e9l\u00e9gance et beaut\u00e9.<\/p>\n<p>Les cristaux qui forment cette belle cascade sont de deux tailles diff\u00e9rentes : l&rsquo;un mesure 18 cm et le plus petit 14 cm.<\/p>\n<p>L&rsquo;armature centrale est en m\u00e9tal chrom\u00e9. Il dispose de 21 points lumineux.<br \/>Les lustres sont \u00e9lectrifi\u00e9s et ils se trouvent&nbsp;dans un tr\u00e8s bel \u00e9tat vintage.<br \/>Ce qui rend ces lustres uniques est leur \u00e9tiquette originale \u00ab\u00a0VENINI MURANO VENEZIA MADE IN ITALY\u00a0\u00bb (voir &nbsp;la photo).<\/p>\n<p>Une \u00e9tiquette est en parfait \u00e9tat, tandis que l&rsquo;autre est tr\u00e8s d\u00e9t\u00e9rior\u00e9e mais toujours pr\u00e9sente.<\/p>\n<p>Les dimensions en hauteur des lustres ne comprennent pas la cha\u00eene, dont la longueur peut bien s\u00fbr \u00eatre personnalis\u00e9e.<\/p>\n","protected":false},"excerpt":{"rendered":"<p>Exceptionnelle et tr\u00e8s rare paire de lustres originaux des ann\u00e9es &rsquo;70 par Paolo Venini (1895\u20131959) Murano.<\/p>\n","protected":false},"featured_media":103044,"template":"","meta":{"_acf_changed":false},"product_brand":[],"product_cat":[6412,6492],"product_tag":[5422,1254,5079],"class_list":{"0":"post-104248","1":"product","2":"type-product","3":"status-publish","4":"has-post-thumbnail","6":"product_cat-objets-dart-modernes","7":"product_cat-objets-dart","8":"product_tag-annees-70","9":"product_tag-design-italien-fr","10":"product_tag-vintage-fr","12":"first","13":"outofstock","14":"taxable","15":"shipping-taxable","16":"product-type-simple"},"acf":[],"yoast_head":"<!-- This site is optimized with the Yoast SEO Premium plugin v27.5 (Yoast SEO v27.5) - https:\/\/yoast.com\/product\/yoast-seo-premium-wordpress\/ -->\n<title>Paolo Venini Paire de lustres en cristal - Egidi MadeinItaly<\/title>\n<meta name=\"description\" content=\"Paolo Venini superbe paire de lustres en cristal avec \u00e9tiquette originale Venini Murano Venezia Objets d&#039;art moderne en vente sur Egidi MadeinItaly\" \/>\n<meta name=\"robots\" content=\"index, follow, max-snippet:-1, max-image-preview:large, max-video-preview:-1\" \/>\n<link rel=\"canonical\" href=\"https:\/\/egidimadeinitaly.com\/fr\/ecomsite\/fr\/produit\/design-fr\/luminaires-fr-2\/lustres-fr\/paire-de-lustres-en-cristal-paolo-venini\/\" \/>\n<meta property=\"og:locale\" content=\"fr_FR\" \/>\n<meta property=\"og:type\" content=\"article\" \/>\n<meta property=\"og:title\" content=\"Paolo Venini Paire de lustres en cristal\" \/>\n<meta property=\"og:description\" content=\"Exceptionnelle et tr\u00e8s rare paire de lustres originaux des ann\u00e9es &#039;70 par Paolo Venini (1895\u20131959) Murano.\" \/>\n<meta property=\"og:url\" content=\"https:\/\/egidimadeinitaly.com\/ecomsite\/fr\/produit\/design-fr\/luminaires-fr-2\/lustres-fr\/paire-de-lustres-en-cristal-paolo-venini\/\" \/>\n<meta property=\"og:site_name\" content=\"Egidi MadeinItaly\" \/>\n<meta property=\"article:publisher\" content=\"https:\/\/www.facebook.com\/egidimadeinitaly\/\" \/>\n<meta property=\"article:modified_time\" content=\"2023-01-24T17:22:27+00:00\" \/>\n<meta property=\"og:image\" content=\"https:\/\/egidimadeinitaly.com\/wp-content\/uploads\/2021\/08\/205523EA-DBEF-4B60-8C39-4AFC841DE3DD.jpeg\" \/>\n\t<meta property=\"og:image:width\" content=\"640\" \/>\n\t<meta property=\"og:image:height\" content=\"640\" \/>\n\t<meta property=\"og:image:type\" content=\"image\/jpeg\" \/>\n<script type=\"application\/ld+json\" class=\"yoast-schema-graph\">{\"@context\":\"https:\\\/\\\/schema.org\",\"@graph\":[{\"@type\":\"WebPage\",\"@id\":\"https:\\\/\\\/egidimadeinitaly.com\\\/fr\\\/negozio\\\/objets-dart\\\/objets-dart-modernes\\\/paolo-venini-paire-de-lustres-en-cristal\\\/\",\"url\":\"https:\\\/\\\/egidimadeinitaly.com\\\/ecomsite\\\/fr\\\/produit\\\/design-fr\\\/luminaires-fr-2\\\/lustres-fr\\\/paire-de-lustres-en-cristal-paolo-venini\\\/\",\"name\":\"Paolo Venini Paire de lustres en cristal - Egidi MadeinItaly\",\"isPartOf\":{\"@id\":\"https:\\\/\\\/egidimadeinitaly.com\\\/fr\\\/#website\"},\"primaryImageOfPage\":{\"@id\":\"https:\\\/\\\/egidimadeinitaly.com\\\/ecomsite\\\/fr\\\/produit\\\/design-fr\\\/luminaires-fr-2\\\/lustres-fr\\\/paire-de-lustres-en-cristal-paolo-venini\\\/#primaryimage\"},\"image\":{\"@id\":\"https:\\\/\\\/egidimadeinitaly.com\\\/ecomsite\\\/fr\\\/produit\\\/design-fr\\\/luminaires-fr-2\\\/lustres-fr\\\/paire-de-lustres-en-cristal-paolo-venini\\\/#primaryimage\"},\"thumbnailUrl\":\"https:\\\/\\\/egidimadeinitaly.com\\\/v25\\\/wp-content\\\/uploads\\\/2021\\\/08\\\/205523EA-DBEF-4B60-8C39-4AFC841DE3DD.jpeg\",\"datePublished\":\"2021-10-01T11:00:04+00:00\",\"dateModified\":\"2023-01-24T17:22:27+00:00\",\"description\":\"Paolo Venini superbe paire de lustres en cristal avec \u00e9tiquette originale Venini Murano Venezia Objets d'art moderne en vente sur Egidi MadeinItaly\",\"breadcrumb\":{\"@id\":\"https:\\\/\\\/egidimadeinitaly.com\\\/ecomsite\\\/fr\\\/produit\\\/design-fr\\\/luminaires-fr-2\\\/lustres-fr\\\/paire-de-lustres-en-cristal-paolo-venini\\\/#breadcrumb\"},\"inLanguage\":\"fr-FR\",\"potentialAction\":[{\"@type\":\"ReadAction\",\"target\":[\"https:\\\/\\\/egidimadeinitaly.com\\\/ecomsite\\\/fr\\\/produit\\\/design-fr\\\/luminaires-fr-2\\\/lustres-fr\\\/paire-de-lustres-en-cristal-paolo-venini\\\/\"]}]},{\"@type\":\"ImageObject\",\"inLanguage\":\"fr-FR\",\"@id\":\"https:\\\/\\\/egidimadeinitaly.com\\\/ecomsite\\\/fr\\\/produit\\\/design-fr\\\/luminaires-fr-2\\\/lustres-fr\\\/paire-de-lustres-en-cristal-paolo-venini\\\/#primaryimage\",\"url\":\"https:\\\/\\\/egidimadeinitaly.com\\\/v25\\\/wp-content\\\/uploads\\\/2021\\\/08\\\/205523EA-DBEF-4B60-8C39-4AFC841DE3DD.jpeg\",\"contentUrl\":\"https:\\\/\\\/egidimadeinitaly.com\\\/v25\\\/wp-content\\\/uploads\\\/2021\\\/08\\\/205523EA-DBEF-4B60-8C39-4AFC841DE3DD.jpeg\",\"width\":640,\"height\":640,\"caption\":\"Superbe paire de lustres en cristal avec \u00e9tiquette originale Venini Murano Venezia\"},{\"@type\":\"BreadcrumbList\",\"@id\":\"https:\\\/\\\/egidimadeinitaly.com\\\/ecomsite\\\/fr\\\/produit\\\/design-fr\\\/luminaires-fr-2\\\/lustres-fr\\\/paire-de-lustres-en-cristal-paolo-venini\\\/#breadcrumb\",\"itemListElement\":[{\"@type\":\"ListItem\",\"position\":1,\"name\":\"Home\",\"item\":\"https:\\\/\\\/egidimadeinitaly.com\\\/fr\\\/\"},{\"@type\":\"ListItem\",\"position\":2,\"name\":\"Produits\",\"item\":\"https:\\\/\\\/egidimadeinitaly.com\\\/fr\\\/shop\\\/\"},{\"@type\":\"ListItem\",\"position\":3,\"name\":\"Objets d\u2019art\",\"item\":\"https:\\\/\\\/egidimadeinitaly.com\\\/fr\\\/product-category\\\/objets-dart\\\/\"},{\"@type\":\"ListItem\",\"position\":4,\"name\":\"Objets d'art modernes\",\"item\":\"https:\\\/\\\/egidimadeinitaly.com\\\/fr\\\/product-category\\\/objets-dart\\\/objets-dart-modernes\\\/\"},{\"@type\":\"ListItem\",\"position\":5,\"name\":\"Paolo Venini Paire de lustres en cristal\"}]},{\"@type\":\"WebSite\",\"@id\":\"https:\\\/\\\/egidimadeinitaly.com\\\/fr\\\/#website\",\"url\":\"https:\\\/\\\/egidimadeinitaly.com\\\/fr\\\/\",\"name\":\"Egidi MadeinItaly\",\"description\":\"Fine Art\",\"potentialAction\":[{\"@type\":\"SearchAction\",\"target\":{\"@type\":\"EntryPoint\",\"urlTemplate\":\"https:\\\/\\\/egidimadeinitaly.com\\\/fr\\\/?s={search_term_string}\"},\"query-input\":{\"@type\":\"PropertyValueSpecification\",\"valueRequired\":true,\"valueName\":\"search_term_string\"}}],\"inLanguage\":\"fr-FR\"}]}<\/script>\n<!-- \/ Yoast SEO Premium plugin. -->","yoast_head_json":{"title":"Paolo Venini Paire de lustres en cristal - Egidi MadeinItaly","description":"Paolo Venini superbe paire de lustres en cristal avec \u00e9tiquette originale Venini Murano Venezia Objets d'art moderne en vente sur Egidi MadeinItaly","robots":{"index":"index","follow":"follow","max-snippet":"max-snippet:-1","max-image-preview":"max-image-preview:large","max-video-preview":"max-video-preview:-1"},"canonical":"https:\/\/egidimadeinitaly.com\/fr\/ecomsite\/fr\/produit\/design-fr\/luminaires-fr-2\/lustres-fr\/paire-de-lustres-en-cristal-paolo-venini\/","og_locale":"fr_FR","og_type":"article","og_title":"Paolo Venini Paire de lustres en cristal","og_description":"Exceptionnelle et tr\u00e8s rare paire de lustres originaux des ann\u00e9es '70 par Paolo Venini (1895\u20131959) Murano.","og_url":"https:\/\/egidimadeinitaly.com\/ecomsite\/fr\/produit\/design-fr\/luminaires-fr-2\/lustres-fr\/paire-de-lustres-en-cristal-paolo-venini\/","og_site_name":"Egidi MadeinItaly","article_publisher":"https:\/\/www.facebook.com\/egidimadeinitaly\/","article_modified_time":"2023-01-24T17:22:27+00:00","og_image":[{"width":640,"height":640,"url":"https:\/\/egidimadeinitaly.com\/wp-content\/uploads\/2021\/08\/205523EA-DBEF-4B60-8C39-4AFC841DE3DD.jpeg","type":"image\/jpeg"}],"schema":{"@context":"https:\/\/schema.org","@graph":[{"@type":"WebPage","@id":"https:\/\/egidimadeinitaly.com\/fr\/negozio\/objets-dart\/objets-dart-modernes\/paolo-venini-paire-de-lustres-en-cristal\/","url":"https:\/\/egidimadeinitaly.com\/ecomsite\/fr\/produit\/design-fr\/luminaires-fr-2\/lustres-fr\/paire-de-lustres-en-cristal-paolo-venini\/","name":"Paolo Venini Paire de lustres en cristal - Egidi MadeinItaly","isPartOf":{"@id":"https:\/\/egidimadeinitaly.com\/fr\/#website"},"primaryImageOfPage":{"@id":"https:\/\/egidimadeinitaly.com\/ecomsite\/fr\/produit\/design-fr\/luminaires-fr-2\/lustres-fr\/paire-de-lustres-en-cristal-paolo-venini\/#primaryimage"},"image":{"@id":"https:\/\/egidimadeinitaly.com\/ecomsite\/fr\/produit\/design-fr\/luminaires-fr-2\/lustres-fr\/paire-de-lustres-en-cristal-paolo-venini\/#primaryimage"},"thumbnailUrl":"https:\/\/egidimadeinitaly.com\/v25\/wp-content\/uploads\/2021\/08\/205523EA-DBEF-4B60-8C39-4AFC841DE3DD.jpeg","datePublished":"2021-10-01T11:00:04+00:00","dateModified":"2023-01-24T17:22:27+00:00","description":"Paolo Venini superbe paire de lustres en cristal avec \u00e9tiquette originale Venini Murano Venezia Objets d'art moderne en vente sur Egidi MadeinItaly","breadcrumb":{"@id":"https:\/\/egidimadeinitaly.com\/ecomsite\/fr\/produit\/design-fr\/luminaires-fr-2\/lustres-fr\/paire-de-lustres-en-cristal-paolo-venini\/#breadcrumb"},"inLanguage":"fr-FR","potentialAction":[{"@type":"ReadAction","target":["https:\/\/egidimadeinitaly.com\/ecomsite\/fr\/produit\/design-fr\/luminaires-fr-2\/lustres-fr\/paire-de-lustres-en-cristal-paolo-venini\/"]}]},{"@type":"ImageObject","inLanguage":"fr-FR","@id":"https:\/\/egidimadeinitaly.com\/ecomsite\/fr\/produit\/design-fr\/luminaires-fr-2\/lustres-fr\/paire-de-lustres-en-cristal-paolo-venini\/#primaryimage","url":"https:\/\/egidimadeinitaly.com\/v25\/wp-content\/uploads\/2021\/08\/205523EA-DBEF-4B60-8C39-4AFC841DE3DD.jpeg","contentUrl":"https:\/\/egidimadeinitaly.com\/v25\/wp-content\/uploads\/2021\/08\/205523EA-DBEF-4B60-8C39-4AFC841DE3DD.jpeg","width":640,"height":640,"caption":"Superbe paire de lustres en cristal avec \u00e9tiquette originale Venini Murano Venezia"},{"@type":"BreadcrumbList","@id":"https:\/\/egidimadeinitaly.com\/ecomsite\/fr\/produit\/design-fr\/luminaires-fr-2\/lustres-fr\/paire-de-lustres-en-cristal-paolo-venini\/#breadcrumb","itemListElement":[{"@type":"ListItem","position":1,"name":"Home","item":"https:\/\/egidimadeinitaly.com\/fr\/"},{"@type":"ListItem","position":2,"name":"Produits","item":"https:\/\/egidimadeinitaly.com\/fr\/shop\/"},{"@type":"ListItem","position":3,"name":"Objets d\u2019art","item":"https:\/\/egidimadeinitaly.com\/fr\/product-category\/objets-dart\/"},{"@type":"ListItem","position":4,"name":"Objets d'art modernes","item":"https:\/\/egidimadeinitaly.com\/fr\/product-category\/objets-dart\/objets-dart-modernes\/"},{"@type":"ListItem","position":5,"name":"Paolo Venini Paire de lustres en cristal"}]},{"@type":"WebSite","@id":"https:\/\/egidimadeinitaly.com\/fr\/#website","url":"https:\/\/egidimadeinitaly.com\/fr\/","name":"Egidi MadeinItaly","description":"Fine Art","potentialAction":[{"@type":"SearchAction","target":{"@type":"EntryPoint","urlTemplate":"https:\/\/egidimadeinitaly.com\/fr\/?s={search_term_string}"},"query-input":{"@type":"PropertyValueSpecification","valueRequired":true,"valueName":"search_term_string"}}],"inLanguage":"fr-FR"}]}},"_links":{"self":[{"href":"https:\/\/egidimadeinitaly.com\/fr\/wp-json\/wp\/v2\/product\/104248","targetHints":{"allow":["GET"]}}],"collection":[{"href":"https:\/\/egidimadeinitaly.com\/fr\/wp-json\/wp\/v2\/product"}],"about":[{"href":"https:\/\/egidimadeinitaly.com\/fr\/wp-json\/wp\/v2\/types\/product"}],"wp:featuredmedia":[{"embeddable":true,"href":"https:\/\/egidimadeinitaly.com\/fr\/wp-json\/wp\/v2\/media\/103044"}],"wp:attachment":[{"href":"https:\/\/egidimadeinitaly.com\/fr\/wp-json\/wp\/v2\/media?parent=104248"}],"wp:term":[{"taxonomy":"product_brand","embeddable":true,"href":"https:\/\/egidimadeinitaly.com\/fr\/wp-json\/wp\/v2\/product_brand?post=104248"},{"taxonomy":"product_cat","embeddable":true,"href":"https:\/\/egidimadeinitaly.com\/fr\/wp-json\/wp\/v2\/product_cat?post=104248"},{"taxonomy":"product_tag","embeddable":true,"href":"https:\/\/egidimadeinitaly.com\/fr\/wp-json\/wp\/v2\/product_tag?post=104248"}],"curies":[{"name":"wp","href":"https:\/\/api.w.org\/{rel}","templated":true}]}}