{"id":102100,"date":"2021-10-05T19:23:52","date_gmt":"2021-10-05T18:23:52","guid":{"rendered":"http:\/\/egidimadeinitaly.demonewlogic.it\/?post_type=product&#038;p=102100"},"modified":"2024-11-03T15:18:25","modified_gmt":"2024-11-03T14:18:25","slug":"charles-napier-kennedy-tableau-ancien","status":"publish","type":"product","link":"https:\/\/egidimadeinitaly.com\/fr\/negozio\/art-ancien\/tableaux-anciens-fr\/charles-napier-kennedy-tableau-ancien\/","title":{"rendered":"Charles Napier Kennedy Tableau ancien"},"content":{"rendered":"<p>Huile sur toile provenant du mus\u00e9e de Leeds.<\/p>\n<p>Ce qui frappe dans ce tableau d\u2019une rare intensit\u00e9, c\u2019est l\u2019expression \u00e0 la fois tendre, douce et s\u00e9duisante de la sir\u00e8ne.<\/p>\n<p>Cette cr\u00e9ature, arch\u00e9type aux significations multiples et profondes, regarde au loin, vers l\u2019horizon.<\/p>\n<p>\u00c0 quoi pense-t-elle ? Quel marin voudra-t-elle envouter de son chant irr\u00e9sistible ?<\/p>\n<p>En m\u00eame temps, l\u2019atmosph\u00e8re postromantique de ce chef-d&rsquo;\u0153uvre (le tableau est dat\u00e9 de 1888) s\u2019inscrit pleinement dans le symbolisme apparut juste deux ans avant.<\/p>\n<p>Tous ces \u00e9l\u00e9ments contribuent au charme de l\u2019\u0153uvre, et nous laissent \u00e0 la fois charm\u00e9s et extasi\u00e9s devant le visage de la sir\u00e8ne.<\/p>\n<p>Avec la falaise derri\u00e8re elle, entour\u00e9e d\u2019oiseaux qui la saluent, de cailloux qui brillent comme des perles, avec des algues enveloppant ses hanches, cette cr\u00e9ature est un v\u00e9ritable hymne \u00e0 la Nature entendue comme M\u00e8re.<\/p>\n<p>Tandis que les vagues douces et rythm\u00e9es de la mer lui caressent la queue, notre Sir\u00e8ne semble s\u2019interroger sur son destin.<\/p>\n<p>Au dos du tableau, comme le montre la photo, il est \u00e9crit <em>The Mermaid Charles Napier Kennedy 38 Avenue Road A. W.<\/em><\/p>\n<p>Le tableau a \u00e9t\u00e9 nettoy\u00e9 par une restauratrice experte en tableaux anciens qui a r\u00e9ussi \u00e0 faire ressortir des d\u00e9tails qui avaient \u00e9t\u00e9 cach\u00e9s par d\u2019anciennes interventions.<\/p>\n<p>Le tableau est enrichi d\u2019un cadre en bois dor\u00e9 \u00e0 la feuille d\u2019or avec des d\u00e9tails en stuc.<\/p>\n<p>Le cadre date de la m\u00eame \u00e9poque que le tableau. Il a m\u00eame \u00e9t\u00e9 r\u00e9alis\u00e9 sp\u00e9cialement pour ce tableau au moment de son entr\u00e9e au mus\u00e9e di Leeds Temple Newsam House, comme en t\u00e9moignent ind\u00e9niablement les diff\u00e9rentes inscriptions en graphite \u00e9crites directement sur le cadre lui-m\u00eame.<\/p>\n<p>L\u2019une est \u00ab PURCHASED 1891 \u00bb, c&rsquo;est-\u00e0-dire acquis par le mus\u00e9e en 1891 (le tableau est dat\u00e9 de 1888), et les autres indiquent le nom de l\u2019artiste Charles Napier Kennedy et le titre de l\u2019\u0153uvre \u00ab THE MERMAID \u00bb, c&rsquo;est-\u00e0-dire &lsquo;<em>La Sir\u00e8ne<\/em>&lsquo;.<\/p>\n<p>\u00c9tant donn\u00e9 que chaque \u00e9l\u00e9ment de ce cadre imposant est original, nous pouvons r\u00e9ellement affirmer que ce cadre lui-m\u00eame est une \u0153uvre d\u2019art en soi.<\/p>\n<p><strong>Le tableau est accompagn\u00e9 du certificat de libre exportation d\u00e9livr\u00e9 par les Beaux-arts de Rome tel que pr\u00e9vu par la loi en vigueur.<\/strong><\/p>\n<p>La v\u00e9ritable histoire de ce tableau est aussi belle et fascinante que ce qu\u2019il repr\u00e9sente, et semble sortie tout droit de l\u2019imagination d\u2019un grand romancier.<\/p>\n<p>Acquis en 1891 par l\u2019Abbey House Museum de Leeds, en Angleterre, il a \u00e9t\u00e9 r\u00e9pertori\u00e9 par ce mus\u00e9e dans les ann\u00e9es 1930 (comme cela arrive souvent avec les institutions anglo-saxonnes).<\/p>\n<p>Apr\u00e8s \u00eatre pass\u00e9 en juillet 1967 par une vente aux ench\u00e8res publiques \u00e0 Tunbridge Wells dans l\u2019ouest du Kent, dans les ann\u00e9es 1970, le tableau est entr\u00e9 dans une prestigieuse collection priv\u00e9e italienne, o\u00f9 Egidi MadeinItaly srl l\u2019a ensuite achet\u00e9.<\/p>\n<p>Heureusement, tous les \u00e9l\u00e9ments de ces passages ne proviennent pas d\u2019un suivi Blockchain, mais de documents originaux d\u2019\u00e9poque imprim\u00e9s qui accompagnent l\u2019\u0153uvre et sont consultables sur simple demande.<\/p>\n<p>Parmi les documents le concernant, vous trouverez ci-dessous <strong>les textes de l\u2019\u00e9change de correspondance dat\u00e9 du 7 ao\u00fbt 1967, entre M. Woodall<\/strong> qui demandait des renseignements sur un tableau intitul\u00e9 \u00ab La Sir\u00e8ne \u00bb et <strong>le conservateur du mus\u00e9e Temple Newsam House de Leeds.<\/strong><\/p>\n<p>\u00c9change de correspondance entre un client (1) et le mus\u00e9e de Leeds (2)<\/p>\n<blockquote><p>1)<em>Cher Monsieur,<\/em><\/p>\n<p><em>J\u2019ai achet\u00e9 un grand tableau de Johnson intitul\u00e9 \u00ab Mermaid \u00bb (La Sir\u00e8ne).<\/em><\/p>\n<p><em>J\u2019ai appris qu\u2019un tableau du m\u00eame nom est expos\u00e9 au mus\u00e9e de Leeds et je me demandais si vous auriez l\u2019amabilit\u00e9 de me faire savoir s\u2019il est toujours en votre possession. S\u2019il l\u2019\u00e9tait encore, je vous saurais gr\u00e9 de bien vouloir m\u2019envoyer une photo, auquel cas je vous rembourserais les frais.<\/em><\/p>\n<p><em>Dans l\u2019attente impatiente de votre r\u00e9ponse,<\/em><\/p>\n<p><em>Bien cordialement<\/em><\/p>\n<p>&nbsp;<\/p>\n<p>2)\u00a0 \u00a0<em>Je vous remercie de votre lettre concernant le tableau intitul\u00e9 \u00ab La Sir\u00e8ne \u00bb du peintre Johnson.<\/em><\/p>\n<p><em>Je crains que nous n\u2019ayons pas d&rsquo;\u0153uvre semblable dans notre collection, les seuls tableaux d\u2019un artiste s\u2019appelant Johnson ont \u00e9t\u00e9 acquis r\u00e9cemment : C.W. Johnson \u00ab The Wye and Severn \u00bb (aquarelle) et J.W. Johnson \u00ab The Royal Standard \u00bb, Bradford.<\/em><\/p>\n<p><em>Cependant, en 1891, nous avons achet\u00e9 un tableau de C. N. Kennedy, intitul\u00e9 \u00ab La sir\u00e8ne \u00bb, qui a \u00e9t\u00e9 vendu dans les ann\u00e9es 1930.<\/em><\/p>\n<p><em>Il mesurait 60 x 46 pouces. La toile repr\u00e9sentait une sir\u00e8ne classique allong\u00e9e sur un rivage rocheux, qui regardait la mer avec m\u00e9lancolie, en attendant avec impatience d\u2019attirer un marin imprudent pr\u00e8s d\u2019elle.<\/em><\/p>\n<p><em>Je ne sais pas si votre \u0153uvre est sign\u00e9e, mais je me souviens qu\u2019une \u00e9tiquette avec le nom Johnson pouvait se r\u00e9f\u00e9rer \u00e0 un propri\u00e9taire pr\u00e9c\u00e9dent.<\/em><\/p>\n<p><em>Sinc\u00e8rement v\u00f4tre<\/em><\/p><\/blockquote>\n<p>Notre tableau est \u00e9galement cit\u00e9 dans le l\u00e9gendaire &lsquo;Dictionnaires des peintres, sculpteurs, dessinateurs et graveurs&rsquo;\u00a0 d\u2019Emmanuel B\u00e9n\u00e9zit qui, pendant des d\u00e9cennies, avant l\u2019av\u00e8nement d\u2019Internet, a \u00e9t\u00e9 la Bible de tous les antiquaires europ\u00e9ens, et pas seulement.<\/p>\n<p>&nbsp;<\/p>\n<p>&nbsp;<\/p>\n<blockquote><p>&nbsp;<\/p><\/blockquote>\n","protected":false},"excerpt":{"rendered":"<p>Tableau anglais sign\u00e9 <strong>Charles Napier Kennedy<\/strong> avec une jeune sir\u00e8ne allong\u00e9e sur le rivage avec une falaise derri\u00e8re elle.<\/p>\n","protected":false},"featured_media":102062,"template":"","meta":{"_acf_changed":false},"product_brand":[],"product_cat":[6374,6408],"product_tag":[5635,5732,5361],"class_list":{"0":"post-102100","1":"product","2":"type-product","3":"status-publish","4":"has-post-thumbnail","6":"product_cat-art-ancien","7":"product_cat-tableaux-anciens-fr","8":"product_tag-art-fr","9":"product_tag-beaux-arts-fr","10":"product_tag-decoration-murale","12":"first","13":"outofstock","14":"taxable","15":"shipping-taxable","16":"product-type-simple"},"acf":[],"yoast_head":"<!-- This site is optimized with the Yoast SEO Premium plugin v27.3 (Yoast SEO v27.4) - https:\/\/yoast.com\/product\/yoast-seo-premium-wordpress\/ -->\n<title>Charles Napier Kennedy Tableau ancien - Egidi MadeinItaly<\/title>\n<meta name=\"description\" content=\"En vente Tableau anglais sign\u00e9\u00a0Charles Napier Kennedy avec une jeune Sir\u00e8ne allong\u00e9e sur le rivage avec une falaise derri\u00e8re elle. Art ancien\" \/>\n<meta name=\"robots\" content=\"index, follow, max-snippet:-1, max-image-preview:large, max-video-preview:-1\" \/>\n<link rel=\"canonical\" href=\"https:\/\/egidimadeinitaly.com\/fr\/produit\/art-ancien\/tableaux-anciens-fr\/charles-napier-kennedy-tableau-ancien\/\" \/>\n<meta property=\"og:locale\" content=\"fr_FR\" \/>\n<meta property=\"og:type\" content=\"article\" \/>\n<meta property=\"og:title\" content=\"Charles Napier Kennedy Tableau ancien\" \/>\n<meta property=\"og:description\" content=\"Tableau anglais sign\u00e9 Charles Napier Kennedy avec une jeune sir\u00e8ne allong\u00e9e sur le rivage avec une falaise derri\u00e8re elle.\" \/>\n<meta property=\"og:url\" content=\"https:\/\/egidimadeinitaly.com\/fr\/produit\/art-ancien\/tableaux-anciens-fr\/charles-napier-kennedy-tableau-ancien\/\" \/>\n<meta property=\"og:site_name\" content=\"Egidi MadeinItaly\" \/>\n<meta property=\"article:publisher\" content=\"https:\/\/www.facebook.com\/egidimadeinitaly\/\" \/>\n<meta property=\"article:modified_time\" content=\"2024-11-03T14:18:25+00:00\" \/>\n<meta property=\"og:image\" content=\"https:\/\/egidimadeinitaly.com\/wp-content\/uploads\/2021\/07\/3B9B923F-4AE2-42EA-9F3B-D52B0007EF05-scaled-e1664382068904.jpeg\" \/>\n\t<meta property=\"og:image:width\" content=\"2560\" \/>\n\t<meta property=\"og:image:height\" content=\"2560\" \/>\n\t<meta property=\"og:image:type\" content=\"image\/jpeg\" \/>\n<script type=\"application\/ld+json\" class=\"yoast-schema-graph\">{\"@context\":\"https:\\\/\\\/schema.org\",\"@graph\":[{\"@type\":\"WebPage\",\"@id\":\"https:\\\/\\\/egidimadeinitaly.com\\\/fr\\\/negozio\\\/art-ancien\\\/tableaux-anciens-fr\\\/charles-napier-kennedy-tableau-ancien\\\/\",\"url\":\"https:\\\/\\\/egidimadeinitaly.com\\\/fr\\\/produit\\\/art-ancien\\\/tableaux-anciens-fr\\\/charles-napier-kennedy-tableau-ancien\\\/\",\"name\":\"Charles Napier Kennedy Tableau ancien - Egidi MadeinItaly\",\"isPartOf\":{\"@id\":\"https:\\\/\\\/egidimadeinitaly.com\\\/fr\\\/#website\"},\"primaryImageOfPage\":{\"@id\":\"https:\\\/\\\/egidimadeinitaly.com\\\/fr\\\/produit\\\/art-ancien\\\/tableaux-anciens-fr\\\/charles-napier-kennedy-tableau-ancien\\\/#primaryimage\"},\"image\":{\"@id\":\"https:\\\/\\\/egidimadeinitaly.com\\\/fr\\\/produit\\\/art-ancien\\\/tableaux-anciens-fr\\\/charles-napier-kennedy-tableau-ancien\\\/#primaryimage\"},\"thumbnailUrl\":\"https:\\\/\\\/egidimadeinitaly.com\\\/v25\\\/wp-content\\\/uploads\\\/2021\\\/07\\\/3B9B923F-4AE2-42EA-9F3B-D52B0007EF05-scaled-e1664382068904.jpeg\",\"datePublished\":\"2021-10-05T18:23:52+00:00\",\"dateModified\":\"2024-11-03T14:18:25+00:00\",\"description\":\"En vente Tableau anglais sign\u00e9\u00a0Charles Napier Kennedy avec une jeune Sir\u00e8ne allong\u00e9e sur le rivage avec une falaise derri\u00e8re elle. Art ancien\",\"breadcrumb\":{\"@id\":\"https:\\\/\\\/egidimadeinitaly.com\\\/fr\\\/produit\\\/art-ancien\\\/tableaux-anciens-fr\\\/charles-napier-kennedy-tableau-ancien\\\/#breadcrumb\"},\"inLanguage\":\"fr-FR\",\"potentialAction\":[{\"@type\":\"ReadAction\",\"target\":[\"https:\\\/\\\/egidimadeinitaly.com\\\/fr\\\/produit\\\/art-ancien\\\/tableaux-anciens-fr\\\/charles-napier-kennedy-tableau-ancien\\\/\"]}]},{\"@type\":\"ImageObject\",\"inLanguage\":\"fr-FR\",\"@id\":\"https:\\\/\\\/egidimadeinitaly.com\\\/fr\\\/produit\\\/art-ancien\\\/tableaux-anciens-fr\\\/charles-napier-kennedy-tableau-ancien\\\/#primaryimage\",\"url\":\"https:\\\/\\\/egidimadeinitaly.com\\\/v25\\\/wp-content\\\/uploads\\\/2021\\\/07\\\/3B9B923F-4AE2-42EA-9F3B-D52B0007EF05-scaled-e1664382068904.jpeg\",\"contentUrl\":\"https:\\\/\\\/egidimadeinitaly.com\\\/v25\\\/wp-content\\\/uploads\\\/2021\\\/07\\\/3B9B923F-4AE2-42EA-9F3B-D52B0007EF05-scaled-e1664382068904.jpeg\",\"width\":2560,\"height\":2560,\"caption\":\"Tableau Charles Napier Kennedy La Sir\u00e8ne sign\u00e9 et dat\u00e9 1888\"},{\"@type\":\"BreadcrumbList\",\"@id\":\"https:\\\/\\\/egidimadeinitaly.com\\\/fr\\\/produit\\\/art-ancien\\\/tableaux-anciens-fr\\\/charles-napier-kennedy-tableau-ancien\\\/#breadcrumb\",\"itemListElement\":[{\"@type\":\"ListItem\",\"position\":1,\"name\":\"Home\",\"item\":\"https:\\\/\\\/egidimadeinitaly.com\\\/fr\\\/\"},{\"@type\":\"ListItem\",\"position\":2,\"name\":\"Produits\",\"item\":\"https:\\\/\\\/egidimadeinitaly.com\\\/fr\\\/shop\\\/\"},{\"@type\":\"ListItem\",\"position\":3,\"name\":\"Art ancien\",\"item\":\"https:\\\/\\\/egidimadeinitaly.com\\\/fr\\\/product-category\\\/art-ancien\\\/\"},{\"@type\":\"ListItem\",\"position\":4,\"name\":\"Tableaux anciens\",\"item\":\"https:\\\/\\\/egidimadeinitaly.com\\\/fr\\\/product-category\\\/art-ancien\\\/tableaux-anciens-fr\\\/\"},{\"@type\":\"ListItem\",\"position\":5,\"name\":\"Charles Napier Kennedy Tableau ancien\"}]},{\"@type\":\"WebSite\",\"@id\":\"https:\\\/\\\/egidimadeinitaly.com\\\/fr\\\/#website\",\"url\":\"https:\\\/\\\/egidimadeinitaly.com\\\/fr\\\/\",\"name\":\"Egidi MadeinItaly\",\"description\":\"Fine Art\",\"potentialAction\":[{\"@type\":\"SearchAction\",\"target\":{\"@type\":\"EntryPoint\",\"urlTemplate\":\"https:\\\/\\\/egidimadeinitaly.com\\\/fr\\\/?s={search_term_string}\"},\"query-input\":{\"@type\":\"PropertyValueSpecification\",\"valueRequired\":true,\"valueName\":\"search_term_string\"}}],\"inLanguage\":\"fr-FR\"}]}<\/script>\n<!-- \/ Yoast SEO Premium plugin. -->","yoast_head_json":{"title":"Charles Napier Kennedy Tableau ancien - Egidi MadeinItaly","description":"En vente Tableau anglais sign\u00e9\u00a0Charles Napier Kennedy avec une jeune Sir\u00e8ne allong\u00e9e sur le rivage avec une falaise derri\u00e8re elle. Art ancien","robots":{"index":"index","follow":"follow","max-snippet":"max-snippet:-1","max-image-preview":"max-image-preview:large","max-video-preview":"max-video-preview:-1"},"canonical":"https:\/\/egidimadeinitaly.com\/fr\/produit\/art-ancien\/tableaux-anciens-fr\/charles-napier-kennedy-tableau-ancien\/","og_locale":"fr_FR","og_type":"article","og_title":"Charles Napier Kennedy Tableau ancien","og_description":"Tableau anglais sign\u00e9 Charles Napier Kennedy avec une jeune sir\u00e8ne allong\u00e9e sur le rivage avec une falaise derri\u00e8re elle.","og_url":"https:\/\/egidimadeinitaly.com\/fr\/produit\/art-ancien\/tableaux-anciens-fr\/charles-napier-kennedy-tableau-ancien\/","og_site_name":"Egidi MadeinItaly","article_publisher":"https:\/\/www.facebook.com\/egidimadeinitaly\/","article_modified_time":"2024-11-03T14:18:25+00:00","og_image":[{"width":2560,"height":2560,"url":"https:\/\/egidimadeinitaly.com\/wp-content\/uploads\/2021\/07\/3B9B923F-4AE2-42EA-9F3B-D52B0007EF05-scaled-e1664382068904.jpeg","type":"image\/jpeg"}],"schema":{"@context":"https:\/\/schema.org","@graph":[{"@type":"WebPage","@id":"https:\/\/egidimadeinitaly.com\/fr\/negozio\/art-ancien\/tableaux-anciens-fr\/charles-napier-kennedy-tableau-ancien\/","url":"https:\/\/egidimadeinitaly.com\/fr\/produit\/art-ancien\/tableaux-anciens-fr\/charles-napier-kennedy-tableau-ancien\/","name":"Charles Napier Kennedy Tableau ancien - Egidi MadeinItaly","isPartOf":{"@id":"https:\/\/egidimadeinitaly.com\/fr\/#website"},"primaryImageOfPage":{"@id":"https:\/\/egidimadeinitaly.com\/fr\/produit\/art-ancien\/tableaux-anciens-fr\/charles-napier-kennedy-tableau-ancien\/#primaryimage"},"image":{"@id":"https:\/\/egidimadeinitaly.com\/fr\/produit\/art-ancien\/tableaux-anciens-fr\/charles-napier-kennedy-tableau-ancien\/#primaryimage"},"thumbnailUrl":"https:\/\/egidimadeinitaly.com\/v25\/wp-content\/uploads\/2021\/07\/3B9B923F-4AE2-42EA-9F3B-D52B0007EF05-scaled-e1664382068904.jpeg","datePublished":"2021-10-05T18:23:52+00:00","dateModified":"2024-11-03T14:18:25+00:00","description":"En vente Tableau anglais sign\u00e9\u00a0Charles Napier Kennedy avec une jeune Sir\u00e8ne allong\u00e9e sur le rivage avec une falaise derri\u00e8re elle. Art ancien","breadcrumb":{"@id":"https:\/\/egidimadeinitaly.com\/fr\/produit\/art-ancien\/tableaux-anciens-fr\/charles-napier-kennedy-tableau-ancien\/#breadcrumb"},"inLanguage":"fr-FR","potentialAction":[{"@type":"ReadAction","target":["https:\/\/egidimadeinitaly.com\/fr\/produit\/art-ancien\/tableaux-anciens-fr\/charles-napier-kennedy-tableau-ancien\/"]}]},{"@type":"ImageObject","inLanguage":"fr-FR","@id":"https:\/\/egidimadeinitaly.com\/fr\/produit\/art-ancien\/tableaux-anciens-fr\/charles-napier-kennedy-tableau-ancien\/#primaryimage","url":"https:\/\/egidimadeinitaly.com\/v25\/wp-content\/uploads\/2021\/07\/3B9B923F-4AE2-42EA-9F3B-D52B0007EF05-scaled-e1664382068904.jpeg","contentUrl":"https:\/\/egidimadeinitaly.com\/v25\/wp-content\/uploads\/2021\/07\/3B9B923F-4AE2-42EA-9F3B-D52B0007EF05-scaled-e1664382068904.jpeg","width":2560,"height":2560,"caption":"Tableau Charles Napier Kennedy La Sir\u00e8ne sign\u00e9 et dat\u00e9 1888"},{"@type":"BreadcrumbList","@id":"https:\/\/egidimadeinitaly.com\/fr\/produit\/art-ancien\/tableaux-anciens-fr\/charles-napier-kennedy-tableau-ancien\/#breadcrumb","itemListElement":[{"@type":"ListItem","position":1,"name":"Home","item":"https:\/\/egidimadeinitaly.com\/fr\/"},{"@type":"ListItem","position":2,"name":"Produits","item":"https:\/\/egidimadeinitaly.com\/fr\/shop\/"},{"@type":"ListItem","position":3,"name":"Art ancien","item":"https:\/\/egidimadeinitaly.com\/fr\/product-category\/art-ancien\/"},{"@type":"ListItem","position":4,"name":"Tableaux anciens","item":"https:\/\/egidimadeinitaly.com\/fr\/product-category\/art-ancien\/tableaux-anciens-fr\/"},{"@type":"ListItem","position":5,"name":"Charles Napier Kennedy Tableau ancien"}]},{"@type":"WebSite","@id":"https:\/\/egidimadeinitaly.com\/fr\/#website","url":"https:\/\/egidimadeinitaly.com\/fr\/","name":"Egidi MadeinItaly","description":"Fine Art","potentialAction":[{"@type":"SearchAction","target":{"@type":"EntryPoint","urlTemplate":"https:\/\/egidimadeinitaly.com\/fr\/?s={search_term_string}"},"query-input":{"@type":"PropertyValueSpecification","valueRequired":true,"valueName":"search_term_string"}}],"inLanguage":"fr-FR"}]}},"_links":{"self":[{"href":"https:\/\/egidimadeinitaly.com\/fr\/wp-json\/wp\/v2\/product\/102100","targetHints":{"allow":["GET"]}}],"collection":[{"href":"https:\/\/egidimadeinitaly.com\/fr\/wp-json\/wp\/v2\/product"}],"about":[{"href":"https:\/\/egidimadeinitaly.com\/fr\/wp-json\/wp\/v2\/types\/product"}],"wp:featuredmedia":[{"embeddable":true,"href":"https:\/\/egidimadeinitaly.com\/fr\/wp-json\/wp\/v2\/media\/102062"}],"wp:attachment":[{"href":"https:\/\/egidimadeinitaly.com\/fr\/wp-json\/wp\/v2\/media?parent=102100"}],"wp:term":[{"taxonomy":"product_brand","embeddable":true,"href":"https:\/\/egidimadeinitaly.com\/fr\/wp-json\/wp\/v2\/product_brand?post=102100"},{"taxonomy":"product_cat","embeddable":true,"href":"https:\/\/egidimadeinitaly.com\/fr\/wp-json\/wp\/v2\/product_cat?post=102100"},{"taxonomy":"product_tag","embeddable":true,"href":"https:\/\/egidimadeinitaly.com\/fr\/wp-json\/wp\/v2\/product_tag?post=102100"}],"curies":[{"name":"wp","href":"https:\/\/api.w.org\/{rel}","templated":true}]}}