{"id":101036,"date":"2021-06-30T16:12:31","date_gmt":"2021-06-30T15:12:31","guid":{"rendered":"http:\/\/egidimadeinitaly.demonewlogic.it\/?post_type=product&#038;p=101036"},"modified":"2023-01-07T15:25:35","modified_gmt":"2023-01-07T14:25:35","slug":"livre-kenneth-white-e-yasse-tabuchi","status":"publish","type":"product","link":"https:\/\/egidimadeinitaly.com\/fr\/negozio\/objets-dart\/objets-dart-modernes\/livre-kenneth-white-e-yasse-tabuchi\/","title":{"rendered":"Livre Kenneth White et Yasse Tabuchi"},"content":{"rendered":"<p class=\"p1\"><span class=\"s1\">Premi\u00e8re \u00e9dition, limit\u00e9e \u00e0 45 exemplaires num\u00e9rot\u00e9s, n\u00b0 2\/45,\u00a0 <\/span><span class=\"s1\">avec 5 lithographies originales en couleurs par Yasse Tabuchi.<\/span><\/p>\n<p class=\"p1\"><span class=\"s1\">Sign\u00e9 par Kenneth White \u00e9tui en toile verte, tous les bords non rogn\u00e9s un bel exemplaire. <\/span><span class=\"s1\">Paris. Editions Gazan. 1994<\/span><\/p>\n","protected":false},"excerpt":{"rendered":"<p>Livre de po\u00e8mes de Kenneth White illustr\u00e9 avec lithographies de Yasse Tabuchi<\/p>\n","protected":false},"featured_media":100999,"template":"","meta":{"_acf_changed":false},"product_brand":[],"product_cat":[6412,6492],"product_tag":[5969,5306],"class_list":{"0":"post-101036","1":"product","2":"type-product","3":"status-publish","4":"has-post-thumbnail","6":"product_cat-objets-dart-modernes","7":"product_cat-objets-dart","8":"product_tag-cadeau-de-mariage","9":"product_tag-objets-de-collection","11":"first","12":"outofstock","13":"taxable","14":"shipping-taxable","15":"product-type-simple"},"acf":[],"yoast_head":"<!-- This site is optimized with the Yoast SEO Premium plugin v27.5 (Yoast SEO v27.5) - https:\/\/yoast.com\/product\/yoast-seo-premium-wordpress\/ -->\n<title>Livre Kenneth White et Yasse Tabuchi - Egidi MadeinItaly<\/title>\n<meta name=\"description\" content=\"Livre Kenneth White Premi\u00e8res esquisses des \u00eeles am\u00e9ricaines&quot; Illustr\u00e9 par Yasse Tabuchi Objets d&#039;art modernes en vente sur Egidi MadeinItaly e-commerce\" \/>\n<meta name=\"robots\" content=\"index, follow, max-snippet:-1, max-image-preview:large, max-video-preview:-1\" \/>\n<link rel=\"canonical\" href=\"https:\/\/egidimadeinitaly.com\/fr\/negozio\/objets-dart\/objets-dart-modernes\/livre-kenneth-white-e-yasse-tabuchi\/\" \/>\n<meta property=\"og:locale\" content=\"fr_FR\" \/>\n<meta property=\"og:type\" content=\"article\" \/>\n<meta property=\"og:title\" content=\"Livre Kenneth White et Yasse Tabuchi\" \/>\n<meta property=\"og:description\" content=\"Livre de po\u00e8mes de Kenneth White illustr\u00e9 avec lithographies de Yasse Tabuchi\" \/>\n<meta property=\"og:url\" content=\"https:\/\/egidimadeinitaly.com\/fr\/negozio\/objets-dart\/objets-dart-modernes\/livre-kenneth-white-e-yasse-tabuchi\/\" \/>\n<meta property=\"og:site_name\" content=\"Egidi MadeinItaly\" \/>\n<meta property=\"article:publisher\" content=\"https:\/\/www.facebook.com\/egidimadeinitaly\/\" \/>\n<meta property=\"article:modified_time\" content=\"2023-01-07T14:25:35+00:00\" \/>\n<meta property=\"og:image\" content=\"https:\/\/egidimadeinitaly.com\/wp-content\/uploads\/2021\/06\/06450B9E-C0C9-41E8-B3EC-2383FF834EBF.jpeg\" \/>\n\t<meta property=\"og:image:width\" content=\"768\" \/>\n\t<meta property=\"og:image:height\" content=\"768\" \/>\n\t<meta property=\"og:image:type\" content=\"image\/jpeg\" \/>\n<script type=\"application\/ld+json\" class=\"yoast-schema-graph\">{\"@context\":\"https:\\\/\\\/schema.org\",\"@graph\":[{\"@type\":\"WebPage\",\"@id\":\"https:\\\/\\\/egidimadeinitaly.com\\\/fr\\\/negozio\\\/objets-dart\\\/objets-dart-modernes\\\/livre-kenneth-white-e-yasse-tabuchi\\\/\",\"url\":\"https:\\\/\\\/egidimadeinitaly.com\\\/fr\\\/negozio\\\/objets-dart\\\/objets-dart-modernes\\\/livre-kenneth-white-e-yasse-tabuchi\\\/\",\"name\":\"Livre Kenneth White et Yasse Tabuchi - Egidi MadeinItaly\",\"isPartOf\":{\"@id\":\"https:\\\/\\\/egidimadeinitaly.com\\\/fr\\\/#website\"},\"primaryImageOfPage\":{\"@id\":\"https:\\\/\\\/egidimadeinitaly.com\\\/fr\\\/negozio\\\/objets-dart\\\/objets-dart-modernes\\\/livre-kenneth-white-e-yasse-tabuchi\\\/#primaryimage\"},\"image\":{\"@id\":\"https:\\\/\\\/egidimadeinitaly.com\\\/fr\\\/negozio\\\/objets-dart\\\/objets-dart-modernes\\\/livre-kenneth-white-e-yasse-tabuchi\\\/#primaryimage\"},\"thumbnailUrl\":\"https:\\\/\\\/egidimadeinitaly.com\\\/v25\\\/wp-content\\\/uploads\\\/2021\\\/06\\\/06450B9E-C0C9-41E8-B3EC-2383FF834EBF.jpeg\",\"datePublished\":\"2021-06-30T15:12:31+00:00\",\"dateModified\":\"2023-01-07T14:25:35+00:00\",\"description\":\"Livre Kenneth White Premi\u00e8res esquisses des \u00eeles am\u00e9ricaines\\\" Illustr\u00e9 par Yasse Tabuchi Objets d'art modernes en vente sur Egidi MadeinItaly e-commerce\",\"breadcrumb\":{\"@id\":\"https:\\\/\\\/egidimadeinitaly.com\\\/fr\\\/negozio\\\/objets-dart\\\/objets-dart-modernes\\\/livre-kenneth-white-e-yasse-tabuchi\\\/#breadcrumb\"},\"inLanguage\":\"fr-FR\",\"potentialAction\":[{\"@type\":\"ReadAction\",\"target\":[\"https:\\\/\\\/egidimadeinitaly.com\\\/fr\\\/negozio\\\/objets-dart\\\/objets-dart-modernes\\\/livre-kenneth-white-e-yasse-tabuchi\\\/\"]}]},{\"@type\":\"ImageObject\",\"inLanguage\":\"fr-FR\",\"@id\":\"https:\\\/\\\/egidimadeinitaly.com\\\/fr\\\/negozio\\\/objets-dart\\\/objets-dart-modernes\\\/livre-kenneth-white-e-yasse-tabuchi\\\/#primaryimage\",\"url\":\"https:\\\/\\\/egidimadeinitaly.com\\\/v25\\\/wp-content\\\/uploads\\\/2021\\\/06\\\/06450B9E-C0C9-41E8-B3EC-2383FF834EBF.jpeg\",\"contentUrl\":\"https:\\\/\\\/egidimadeinitaly.com\\\/v25\\\/wp-content\\\/uploads\\\/2021\\\/06\\\/06450B9E-C0C9-41E8-B3EC-2383FF834EBF.jpeg\",\"width\":768,\"height\":768,\"caption\":\"Livre de po\u00e8mes de Kenneth White avec des lithographies de Yasse Tabuchi\"},{\"@type\":\"BreadcrumbList\",\"@id\":\"https:\\\/\\\/egidimadeinitaly.com\\\/fr\\\/negozio\\\/objets-dart\\\/objets-dart-modernes\\\/livre-kenneth-white-e-yasse-tabuchi\\\/#breadcrumb\",\"itemListElement\":[{\"@type\":\"ListItem\",\"position\":1,\"name\":\"Home\",\"item\":\"https:\\\/\\\/egidimadeinitaly.com\\\/fr\\\/\"},{\"@type\":\"ListItem\",\"position\":2,\"name\":\"Produits\",\"item\":\"https:\\\/\\\/egidimadeinitaly.com\\\/fr\\\/shop\\\/\"},{\"@type\":\"ListItem\",\"position\":3,\"name\":\"Objets d\u2019art\",\"item\":\"https:\\\/\\\/egidimadeinitaly.com\\\/fr\\\/product-category\\\/objets-dart\\\/\"},{\"@type\":\"ListItem\",\"position\":4,\"name\":\"Objets d'art modernes\",\"item\":\"https:\\\/\\\/egidimadeinitaly.com\\\/fr\\\/product-category\\\/objets-dart\\\/objets-dart-modernes\\\/\"},{\"@type\":\"ListItem\",\"position\":5,\"name\":\"Livre Kenneth White et Yasse Tabuchi\"}]},{\"@type\":\"WebSite\",\"@id\":\"https:\\\/\\\/egidimadeinitaly.com\\\/fr\\\/#website\",\"url\":\"https:\\\/\\\/egidimadeinitaly.com\\\/fr\\\/\",\"name\":\"Egidi MadeinItaly\",\"description\":\"Fine Art\",\"potentialAction\":[{\"@type\":\"SearchAction\",\"target\":{\"@type\":\"EntryPoint\",\"urlTemplate\":\"https:\\\/\\\/egidimadeinitaly.com\\\/fr\\\/?s={search_term_string}\"},\"query-input\":{\"@type\":\"PropertyValueSpecification\",\"valueRequired\":true,\"valueName\":\"search_term_string\"}}],\"inLanguage\":\"fr-FR\"}]}<\/script>\n<!-- \/ Yoast SEO Premium plugin. -->","yoast_head_json":{"title":"Livre Kenneth White et Yasse Tabuchi - Egidi MadeinItaly","description":"Livre Kenneth White Premi\u00e8res esquisses des \u00eeles am\u00e9ricaines\" Illustr\u00e9 par Yasse Tabuchi Objets d'art modernes en vente sur Egidi MadeinItaly e-commerce","robots":{"index":"index","follow":"follow","max-snippet":"max-snippet:-1","max-image-preview":"max-image-preview:large","max-video-preview":"max-video-preview:-1"},"canonical":"https:\/\/egidimadeinitaly.com\/fr\/negozio\/objets-dart\/objets-dart-modernes\/livre-kenneth-white-e-yasse-tabuchi\/","og_locale":"fr_FR","og_type":"article","og_title":"Livre Kenneth White et Yasse Tabuchi","og_description":"Livre de po\u00e8mes de Kenneth White illustr\u00e9 avec lithographies de Yasse Tabuchi","og_url":"https:\/\/egidimadeinitaly.com\/fr\/negozio\/objets-dart\/objets-dart-modernes\/livre-kenneth-white-e-yasse-tabuchi\/","og_site_name":"Egidi MadeinItaly","article_publisher":"https:\/\/www.facebook.com\/egidimadeinitaly\/","article_modified_time":"2023-01-07T14:25:35+00:00","og_image":[{"width":768,"height":768,"url":"https:\/\/egidimadeinitaly.com\/wp-content\/uploads\/2021\/06\/06450B9E-C0C9-41E8-B3EC-2383FF834EBF.jpeg","type":"image\/jpeg"}],"schema":{"@context":"https:\/\/schema.org","@graph":[{"@type":"WebPage","@id":"https:\/\/egidimadeinitaly.com\/fr\/negozio\/objets-dart\/objets-dart-modernes\/livre-kenneth-white-e-yasse-tabuchi\/","url":"https:\/\/egidimadeinitaly.com\/fr\/negozio\/objets-dart\/objets-dart-modernes\/livre-kenneth-white-e-yasse-tabuchi\/","name":"Livre Kenneth White et Yasse Tabuchi - Egidi MadeinItaly","isPartOf":{"@id":"https:\/\/egidimadeinitaly.com\/fr\/#website"},"primaryImageOfPage":{"@id":"https:\/\/egidimadeinitaly.com\/fr\/negozio\/objets-dart\/objets-dart-modernes\/livre-kenneth-white-e-yasse-tabuchi\/#primaryimage"},"image":{"@id":"https:\/\/egidimadeinitaly.com\/fr\/negozio\/objets-dart\/objets-dart-modernes\/livre-kenneth-white-e-yasse-tabuchi\/#primaryimage"},"thumbnailUrl":"https:\/\/egidimadeinitaly.com\/v25\/wp-content\/uploads\/2021\/06\/06450B9E-C0C9-41E8-B3EC-2383FF834EBF.jpeg","datePublished":"2021-06-30T15:12:31+00:00","dateModified":"2023-01-07T14:25:35+00:00","description":"Livre Kenneth White Premi\u00e8res esquisses des \u00eeles am\u00e9ricaines\" Illustr\u00e9 par Yasse Tabuchi Objets d'art modernes en vente sur Egidi MadeinItaly e-commerce","breadcrumb":{"@id":"https:\/\/egidimadeinitaly.com\/fr\/negozio\/objets-dart\/objets-dart-modernes\/livre-kenneth-white-e-yasse-tabuchi\/#breadcrumb"},"inLanguage":"fr-FR","potentialAction":[{"@type":"ReadAction","target":["https:\/\/egidimadeinitaly.com\/fr\/negozio\/objets-dart\/objets-dart-modernes\/livre-kenneth-white-e-yasse-tabuchi\/"]}]},{"@type":"ImageObject","inLanguage":"fr-FR","@id":"https:\/\/egidimadeinitaly.com\/fr\/negozio\/objets-dart\/objets-dart-modernes\/livre-kenneth-white-e-yasse-tabuchi\/#primaryimage","url":"https:\/\/egidimadeinitaly.com\/v25\/wp-content\/uploads\/2021\/06\/06450B9E-C0C9-41E8-B3EC-2383FF834EBF.jpeg","contentUrl":"https:\/\/egidimadeinitaly.com\/v25\/wp-content\/uploads\/2021\/06\/06450B9E-C0C9-41E8-B3EC-2383FF834EBF.jpeg","width":768,"height":768,"caption":"Livre de po\u00e8mes de Kenneth White avec des lithographies de Yasse Tabuchi"},{"@type":"BreadcrumbList","@id":"https:\/\/egidimadeinitaly.com\/fr\/negozio\/objets-dart\/objets-dart-modernes\/livre-kenneth-white-e-yasse-tabuchi\/#breadcrumb","itemListElement":[{"@type":"ListItem","position":1,"name":"Home","item":"https:\/\/egidimadeinitaly.com\/fr\/"},{"@type":"ListItem","position":2,"name":"Produits","item":"https:\/\/egidimadeinitaly.com\/fr\/shop\/"},{"@type":"ListItem","position":3,"name":"Objets d\u2019art","item":"https:\/\/egidimadeinitaly.com\/fr\/product-category\/objets-dart\/"},{"@type":"ListItem","position":4,"name":"Objets d'art modernes","item":"https:\/\/egidimadeinitaly.com\/fr\/product-category\/objets-dart\/objets-dart-modernes\/"},{"@type":"ListItem","position":5,"name":"Livre Kenneth White et Yasse Tabuchi"}]},{"@type":"WebSite","@id":"https:\/\/egidimadeinitaly.com\/fr\/#website","url":"https:\/\/egidimadeinitaly.com\/fr\/","name":"Egidi MadeinItaly","description":"Fine Art","potentialAction":[{"@type":"SearchAction","target":{"@type":"EntryPoint","urlTemplate":"https:\/\/egidimadeinitaly.com\/fr\/?s={search_term_string}"},"query-input":{"@type":"PropertyValueSpecification","valueRequired":true,"valueName":"search_term_string"}}],"inLanguage":"fr-FR"}]}},"_links":{"self":[{"href":"https:\/\/egidimadeinitaly.com\/fr\/wp-json\/wp\/v2\/product\/101036","targetHints":{"allow":["GET"]}}],"collection":[{"href":"https:\/\/egidimadeinitaly.com\/fr\/wp-json\/wp\/v2\/product"}],"about":[{"href":"https:\/\/egidimadeinitaly.com\/fr\/wp-json\/wp\/v2\/types\/product"}],"wp:featuredmedia":[{"embeddable":true,"href":"https:\/\/egidimadeinitaly.com\/fr\/wp-json\/wp\/v2\/media\/100999"}],"wp:attachment":[{"href":"https:\/\/egidimadeinitaly.com\/fr\/wp-json\/wp\/v2\/media?parent=101036"}],"wp:term":[{"taxonomy":"product_brand","embeddable":true,"href":"https:\/\/egidimadeinitaly.com\/fr\/wp-json\/wp\/v2\/product_brand?post=101036"},{"taxonomy":"product_cat","embeddable":true,"href":"https:\/\/egidimadeinitaly.com\/fr\/wp-json\/wp\/v2\/product_cat?post=101036"},{"taxonomy":"product_tag","embeddable":true,"href":"https:\/\/egidimadeinitaly.com\/fr\/wp-json\/wp\/v2\/product_tag?post=101036"}],"curies":[{"name":"wp","href":"https:\/\/api.w.org\/{rel}","templated":true}]}}