{"id":121976,"date":"2025-03-01T07:16:14","date_gmt":"2025-03-01T06:16:14","guid":{"rendered":"https:\/\/egidimadeinitaly.com\/opere-vendute\/"},"modified":"2025-03-24T18:25:36","modified_gmt":"2025-03-24T17:25:36","slug":"ventes","status":"publish","type":"page","link":"https:\/\/egidimadeinitaly.com\/fr\/ventes\/","title":{"rendered":"Ventes"},"content":{"rendered":"<div class=\"wpb-content-wrapper\"><p>[vc_row][vc_column width=\u00a0\u00bb1\/1&Prime;][vc_custom_heading uncode_shortcode_id=\u00a0\u00bb146887&Prime; el_class=\u00a0\u00bbtext-center\u00a0\u00bb]\u0152uvres vendues[\/vc_custom_heading][vc_empty_space empty_h=\u00a0\u00bb2&Prime;][vc_column_text uncode_shortcode_id=\u00a0\u00bb130848&Prime;]    <div class=\"custom-container\">\n        <div class=\"custom-row\">\n                                <div class=\"custom-col-12 custom-col-md-3 p-2 mb-4 text-center\">\n                        <div class=\"product-sold\";>\t\t\t\t\t\t\n\t\t\t\t\t\t\t<img decoding=\"async\" src=\"https:\/\/egidimadeinitaly.com\/v25\/wp-content\/uploads\/2025\/12\/salvator-dali-la-sirene-dettaglio-firma-300x300.jpg\" alt=\"Salvador Dal\u00ed La sir\u00e8ne\" \/>\t\t\t\t\t\t\n\t\t\t\t\t\t<\/div>\n\t\t\t\t\t\t<h4 class=\"mb-0\"><a href=\"https:\/\/egidimadeinitaly.com\/fr\/negozio\/art-moderne\/oeuvres-modernes-sur-papiers\/salvador-dali-la-sirene\/\">Salvador Dal\u00ed La sir\u00e8ne<\/a><\/h4>\n\t\t\t\t\t\t<p class=\"mt-2\">\n\t\t\t\t\t\t\tLithographie surrealiste originale sign\u00e9e et num\u00e9rot\u00e9e\t\t\t\t\t\t<\/p>\n                    <\/div>\n                                        <div class=\"custom-col-12 custom-col-md-3 p-2 mb-4 text-center\">\n                        <div class=\"product-sold\";>\t\t\t\t\t\t\n\t\t\t\t\t\t\t<img decoding=\"async\" src=\"https:\/\/egidimadeinitaly.com\/v25\/wp-content\/uploads\/2025\/10\/Girolamo-Gianni-Acquerello-300x300.jpg\" alt=\"Girolamo Gianni aquarelle\" \/>\t\t\t\t\t\t\n\t\t\t\t\t\t<\/div>\n\t\t\t\t\t\t<h4 class=\"mb-0\"><a href=\"https:\/\/egidimadeinitaly.com\/fr\/negozio\/art-ancien\/girolamo-gianni-aquarelle\/\">Girolamo Gianni aquarelle<\/a><\/h4>\n\t\t\t\t\t\t<p class=\"mt-2\">\n\t\t\t\t\t\t\tVue de Naples avec le V\u00e9suve et le Castel Sant'Elmo \t\t\t\t\t\t<\/p>\n                    <\/div>\n                                        <div class=\"custom-col-12 custom-col-md-3 p-2 mb-4 text-center\">\n                        <div class=\"product-sold\";>\t\t\t\t\t\t\n\t\t\t\t\t\t\t<img decoding=\"async\" src=\"https:\/\/egidimadeinitaly.com\/v25\/wp-content\/uploads\/2025\/10\/Antonio-Pedretti-paesaggio-lombardo-300x300.jpg\" alt=\"Antonio Pedretti paysage\" \/>\t\t\t\t\t\t\n\t\t\t\t\t\t<\/div>\n\t\t\t\t\t\t<h4 class=\"mb-0\"><a href=\"https:\/\/egidimadeinitaly.com\/fr\/negozio\/art-moderne\/tableaux-modernes-fr\/antonio-pedretti-paysage\/\">Antonio Pedretti paysage<\/a><\/h4>\n\t\t\t\t\t\t<p class=\"mt-2\">\n\t\t\t\t\t\t\tArt contemporain\t\t\t\t\t\t<\/p>\n                    <\/div>\n                                        <div class=\"custom-col-12 custom-col-md-3 p-2 mb-4 text-center\">\n                        <div class=\"product-sold\";>\t\t\t\t\t\t\n\t\t\t\t\t\t\t<img decoding=\"async\" src=\"https:\/\/egidimadeinitaly.com\/v25\/wp-content\/uploads\/2025\/10\/Franco-Angeli-Half-dollar-300x300.jpg\" alt=\"Franco Angeli Half Dollar\" \/>\t\t\t\t\t\t\n\t\t\t\t\t\t<\/div>\n\t\t\t\t\t\t<h4 class=\"mb-0\"><a href=\"https:\/\/egidimadeinitaly.com\/fr\/negozio\/art-moderne\/tableaux-modernes-fr\/franco-angeli-half-dollar\/\">Franco Angeli Half Dollar<\/a><\/h4>\n\t\t\t\t\t\t<p class=\"mt-2\">\n\t\t\t\t\t\t\tPop Art italien\t\t\t\t\t\t<\/p>\n                    <\/div>\n                                        <div class=\"custom-col-12 custom-col-md-3 p-2 mb-4 text-center\">\n                        <div class=\"product-sold\";>\t\t\t\t\t\t\n\t\t\t\t\t\t\t<img decoding=\"async\" src=\"https:\/\/egidimadeinitaly.com\/v25\/wp-content\/uploads\/2024\/05\/Aldo-Mazza-236x300.webp\" alt=\"Aldo Mazza \u0153uvre\" \/>\t\t\t\t\t\t\n\t\t\t\t\t\t<\/div>\n\t\t\t\t\t\t<h4 class=\"mb-0\"><a href=\"https:\/\/egidimadeinitaly.com\/fr\/negozio\/art-moderne\/tableaux-modernes-fr\/aldo-mazza-oeuvre\/\">Aldo Mazza \u0153uvre<\/a><\/h4>\n\t\t\t\t\t\t<p class=\"mt-2\">\n\t\t\t\t\t\t\tPaysage avec arbres\t\t\t\t\t\t<\/p>\n                    <\/div>\n                                        <div class=\"custom-col-12 custom-col-md-3 p-2 mb-4 text-center\">\n                        <div class=\"product-sold\";>\t\t\t\t\t\t\n\t\t\t\t\t\t\t<img decoding=\"async\" src=\"https:\/\/egidimadeinitaly.com\/v25\/wp-content\/uploads\/2025\/08\/Leonor-Fini-opera-300x300.jpg\" alt=\"Leonor Fini dessin sign\u00e9\" \/>\t\t\t\t\t\t\n\t\t\t\t\t\t<\/div>\n\t\t\t\t\t\t<h4 class=\"mb-0\"><a href=\"https:\/\/egidimadeinitaly.com\/fr\/negozio\/art-moderne\/oeuvres-modernes-sur-papiers\/leonor-fini-dessin-signe\/\">Leonor Fini dessin sign\u00e9<\/a><\/h4>\n\t\t\t\t\t\t<p class=\"mt-2\">\n\t\t\t\t\t\t\tJuliette\t\t\t\t\t\t<\/p>\n                    <\/div>\n                                        <div class=\"custom-col-12 custom-col-md-3 p-2 mb-4 text-center\">\n                        <div class=\"product-sold\";>\t\t\t\t\t\t\n\t\t\t\t\t\t\t<img decoding=\"async\" src=\"https:\/\/egidimadeinitaly.com\/v25\/wp-content\/uploads\/2025\/02\/WL-Leitch-300x300.jpg\" alt=\"William Leighton Leitch aquarelle\" \/>\t\t\t\t\t\t\n\t\t\t\t\t\t<\/div>\n\t\t\t\t\t\t<h4 class=\"mb-0\"><a href=\"https:\/\/egidimadeinitaly.com\/fr\/negozio\/art-ancien\/wiliam-leighton-leitch-aquarelle\/\">William Leighton Leitch aquarelle<\/a><\/h4>\n\t\t\t\t\t\t<p class=\"mt-2\">\n\t\t\t\t\t\t\tVall\u00e9e des Temples\t\t\t\t\t\t<\/p>\n                    <\/div>\n                                        <div class=\"custom-col-12 custom-col-md-3 p-2 mb-4 text-center\">\n                        <div class=\"product-sold\";>\t\t\t\t\t\t\n\t\t\t\t\t\t\t<img decoding=\"async\" src=\"https:\/\/egidimadeinitaly.com\/v25\/wp-content\/uploads\/2025\/02\/Mimmo-Rotella-Heros-300x300.webp\" alt=\"Mimmo Rotella Heros\" \/>\t\t\t\t\t\t\n\t\t\t\t\t\t<\/div>\n\t\t\t\t\t\t<h4 class=\"mb-0\"><a href=\"https:\/\/egidimadeinitaly.com\/fr\/negozio\/art-moderne\/oeuvres-modernes-sur-papiers\/mimmo-rotella-heros\/\">Mimmo Rotella Heros<\/a><\/h4>\n\t\t\t\t\t\t<p class=\"mt-2\">\n\t\t\t\t\t\t\tS\u00e9rigraphie avec collage original et rayures\t\t\t\t\t\t<\/p>\n                    <\/div>\n                                        <div class=\"custom-col-12 custom-col-md-3 p-2 mb-4 text-center\">\n                        <div class=\"product-sold\";>\t\t\t\t\t\t\n\t\t\t\t\t\t\t<img decoding=\"async\" src=\"https:\/\/egidimadeinitaly.com\/v25\/wp-content\/uploads\/2025\/02\/Rabarama-Circo-nvall-azione-300x300.jpg\" alt=\"Sculpture sign\u00e9e Rabarama\" \/>\t\t\t\t\t\t\n\t\t\t\t\t\t<\/div>\n\t\t\t\t\t\t<h4 class=\"mb-0\"><a href=\"https:\/\/egidimadeinitaly.com\/fr\/negozio\/objets-dart\/objets-dart-modernes\/sculpture-signee-rabarama\/\">Sculpture sign\u00e9e Rabarama<\/a><\/h4>\n\t\t\t\t\t\t<p class=\"mt-2\">\n\t\t\t\t\t\t\tCirco-nvall-azione\t\t\t\t\t\t<\/p>\n                    <\/div>\n                                        <div class=\"custom-col-12 custom-col-md-3 p-2 mb-4 text-center\">\n                        <div class=\"product-sold\";>\t\t\t\t\t\t\n\t\t\t\t\t\t\t<img decoding=\"async\" src=\"https:\/\/egidimadeinitaly.com\/v25\/wp-content\/uploads\/2025\/02\/Coppia-di-consolle-laccate-300x207.jpg\" alt=\"Paire de consoles demi-lune\" \/>\t\t\t\t\t\t\n\t\t\t\t\t\t<\/div>\n\t\t\t\t\t\t<h4 class=\"mb-0\"><a href=\"https:\/\/egidimadeinitaly.com\/fr\/negozio\/objets-dart\/objets-dart-anciens-fr\/paire-de-consoles-demi-lune\/\">Paire de consoles demi-lune<\/a><\/h4>\n\t\t\t\t\t\t<p class=\"mt-2\">\n\t\t\t\t\t\t\tBois laqu\u00e9 noir\t\t\t\t\t\t<\/p>\n                    <\/div>\n                                        <div class=\"custom-col-12 custom-col-md-3 p-2 mb-4 text-center\">\n                        <div class=\"product-sold\";>\t\t\t\t\t\t\n\t\t\t\t\t\t\t<img decoding=\"async\" src=\"https:\/\/egidimadeinitaly.com\/v25\/wp-content\/uploads\/2025\/02\/Coppia-vasi-Delft-300x300.jpg\" alt=\"Paire de pots anciens de Delft\" \/>\t\t\t\t\t\t\n\t\t\t\t\t\t<\/div>\n\t\t\t\t\t\t<h4 class=\"mb-0\"><a href=\"https:\/\/egidimadeinitaly.com\/fr\/negozio\/objets-dart\/objets-dart-anciens-fr\/paire-de-pots-anciens-de-delft\/\">Paire de pots anciens de Delft<\/a><\/h4>\n\t\t\t\t\t\t<p class=\"mt-2\">\n\t\t\t\t\t\t\tPaire de potiches anciennes de Delft \t\t\t\t\t\t<\/p>\n                    <\/div>\n                                        <div class=\"custom-col-12 custom-col-md-3 p-2 mb-4 text-center\">\n                        <div class=\"product-sold\";>\t\t\t\t\t\t\n\t\t\t\t\t\t\t<img decoding=\"async\" src=\"https:\/\/egidimadeinitaly.com\/v25\/wp-content\/uploads\/2025\/02\/Moritz-von-Schwind_Il-viaggio-di-nozze-2-300x300.jpg\" alt=\"Moritz von Schwind oeuvre\" \/>\t\t\t\t\t\t\n\t\t\t\t\t\t<\/div>\n\t\t\t\t\t\t<h4 class=\"mb-0\"><a href=\"https:\/\/egidimadeinitaly.com\/fr\/negozio\/art-ancien\/tableaux-anciens-fr\/moritz-von-schwind-oeuvre\/\">Moritz von Schwind oeuvre<\/a><\/h4>\n\t\t\t\t\t\t<p class=\"mt-2\">\n\t\t\t\t\t\t\tLune de miel\t\t\t\t\t\t<\/p>\n                    <\/div>\n                            <\/div>\n\n        <!-- Paginazione -->\n        <div class=\"pagination-product-sold mb-4 mt-5\">\n            <span aria-label=\"Page 1\" aria-current=\"page\" class=\"page-numbers current\">1<\/span>\n<a aria-label=\"Page 2\" class=\"page-numbers\" href=\"https:\/\/egidimadeinitaly.com\/fr\/wp-json\/wp\/v2\/pages\/121976\/?paged=2\">2<\/a>\n<a aria-label=\"Page 3\" class=\"page-numbers\" href=\"https:\/\/egidimadeinitaly.com\/fr\/wp-json\/wp\/v2\/pages\/121976\/?paged=3\">3<\/a>\n<span class=\"page-numbers dots\">\u2026<\/span>\n<a aria-label=\"Page 18\" class=\"page-numbers\" href=\"https:\/\/egidimadeinitaly.com\/fr\/wp-json\/wp\/v2\/pages\/121976\/?paged=18\">18<\/a>\n<a class=\"next page-numbers\" href=\"https:\/\/egidimadeinitaly.com\/fr\/wp-json\/wp\/v2\/pages\/121976\/?paged=2\">Next<\/a>        <\/div>\n    <\/div>\n    [\/vc_column_text][\/vc_column][\/vc_row]<\/p>\n<\/div>","protected":false},"excerpt":{"rendered":"<p>[vc_row][vc_column width=\u00a0\u00bb1\/1&Prime;][vc_custom_heading uncode_shortcode_id=\u00a0\u00bb146887&Prime; el_class=\u00a0\u00bbtext-center\u00a0\u00bb]\u0152uvres vendues[\/vc_custom_heading][vc_empty_space empty_h=\u00a0\u00bb2&Prime;][vc_column_text uncode_shortcode_id=\u00a0\u00bb130848&Prime;][\/vc_column_text][\/vc_column][\/vc_row]<\/p>\n","protected":false},"author":507,"featured_media":0,"parent":0,"menu_order":0,"comment_status":"closed","ping_status":"closed","template":"","meta":{"_acf_changed":false,"footnotes":""},"class_list":["post-121976","page","type-page","status-publish","hentry"],"acf":[],"yoast_head":"<!-- This site is optimized with the Yoast SEO Premium plugin v27.4 (Yoast SEO v27.5) - https:\/\/yoast.com\/product\/yoast-seo-premium-wordpress\/ -->\n<title>Ventes - Egidi MadeinItaly<\/title>\n<meta name=\"robots\" content=\"index, follow, max-snippet:-1, max-image-preview:large, max-video-preview:-1\" \/>\n<link rel=\"canonical\" href=\"https:\/\/egidimadeinitaly.com\/fr\/ventes\/\" \/>\n<meta property=\"og:locale\" content=\"fr_FR\" \/>\n<meta property=\"og:type\" content=\"article\" \/>\n<meta property=\"og:title\" content=\"Ventes\" \/>\n<meta property=\"og:description\" content=\"\u0152uvres vendues\" \/>\n<meta property=\"og:url\" content=\"https:\/\/egidimadeinitaly.com\/fr\/ventes\/\" \/>\n<meta property=\"og:site_name\" content=\"Egidi MadeinItaly\" \/>\n<meta property=\"article:publisher\" content=\"https:\/\/www.facebook.com\/egidimadeinitaly\/\" \/>\n<meta property=\"article:modified_time\" content=\"2025-03-24T17:25:36+00:00\" \/>\n<script type=\"application\/ld+json\" class=\"yoast-schema-graph\">{\"@context\":\"https:\\\/\\\/schema.org\",\"@graph\":[{\"@type\":\"WebPage\",\"@id\":\"https:\\\/\\\/egidimadeinitaly.com\\\/fr\\\/ventes\\\/\",\"url\":\"https:\\\/\\\/egidimadeinitaly.com\\\/fr\\\/ventes\\\/\",\"name\":\"Ventes - Egidi MadeinItaly\",\"isPartOf\":{\"@id\":\"https:\\\/\\\/egidimadeinitaly.com\\\/fr\\\/#website\"},\"datePublished\":\"2025-03-01T06:16:14+00:00\",\"dateModified\":\"2025-03-24T17:25:36+00:00\",\"breadcrumb\":{\"@id\":\"https:\\\/\\\/egidimadeinitaly.com\\\/fr\\\/ventes\\\/#breadcrumb\"},\"inLanguage\":\"fr-FR\",\"potentialAction\":[{\"@type\":\"ReadAction\",\"target\":[\"https:\\\/\\\/egidimadeinitaly.com\\\/fr\\\/ventes\\\/\"]}]},{\"@type\":\"BreadcrumbList\",\"@id\":\"https:\\\/\\\/egidimadeinitaly.com\\\/fr\\\/ventes\\\/#breadcrumb\",\"itemListElement\":[{\"@type\":\"ListItem\",\"position\":1,\"name\":\"Home\",\"item\":\"https:\\\/\\\/egidimadeinitaly.com\\\/fr\\\/\"},{\"@type\":\"ListItem\",\"position\":2,\"name\":\"Ventes\"}]},{\"@type\":\"WebSite\",\"@id\":\"https:\\\/\\\/egidimadeinitaly.com\\\/fr\\\/#website\",\"url\":\"https:\\\/\\\/egidimadeinitaly.com\\\/fr\\\/\",\"name\":\"Egidi MadeinItaly\",\"description\":\"Fine Art\",\"potentialAction\":[{\"@type\":\"SearchAction\",\"target\":{\"@type\":\"EntryPoint\",\"urlTemplate\":\"https:\\\/\\\/egidimadeinitaly.com\\\/fr\\\/?s={search_term_string}\"},\"query-input\":{\"@type\":\"PropertyValueSpecification\",\"valueRequired\":true,\"valueName\":\"search_term_string\"}}],\"inLanguage\":\"fr-FR\"}]}<\/script>\n<!-- \/ Yoast SEO Premium plugin. -->","yoast_head_json":{"title":"Ventes - Egidi MadeinItaly","robots":{"index":"index","follow":"follow","max-snippet":"max-snippet:-1","max-image-preview":"max-image-preview:large","max-video-preview":"max-video-preview:-1"},"canonical":"https:\/\/egidimadeinitaly.com\/fr\/ventes\/","og_locale":"fr_FR","og_type":"article","og_title":"Ventes","og_description":"\u0152uvres vendues","og_url":"https:\/\/egidimadeinitaly.com\/fr\/ventes\/","og_site_name":"Egidi MadeinItaly","article_publisher":"https:\/\/www.facebook.com\/egidimadeinitaly\/","article_modified_time":"2025-03-24T17:25:36+00:00","schema":{"@context":"https:\/\/schema.org","@graph":[{"@type":"WebPage","@id":"https:\/\/egidimadeinitaly.com\/fr\/ventes\/","url":"https:\/\/egidimadeinitaly.com\/fr\/ventes\/","name":"Ventes - Egidi MadeinItaly","isPartOf":{"@id":"https:\/\/egidimadeinitaly.com\/fr\/#website"},"datePublished":"2025-03-01T06:16:14+00:00","dateModified":"2025-03-24T17:25:36+00:00","breadcrumb":{"@id":"https:\/\/egidimadeinitaly.com\/fr\/ventes\/#breadcrumb"},"inLanguage":"fr-FR","potentialAction":[{"@type":"ReadAction","target":["https:\/\/egidimadeinitaly.com\/fr\/ventes\/"]}]},{"@type":"BreadcrumbList","@id":"https:\/\/egidimadeinitaly.com\/fr\/ventes\/#breadcrumb","itemListElement":[{"@type":"ListItem","position":1,"name":"Home","item":"https:\/\/egidimadeinitaly.com\/fr\/"},{"@type":"ListItem","position":2,"name":"Ventes"}]},{"@type":"WebSite","@id":"https:\/\/egidimadeinitaly.com\/fr\/#website","url":"https:\/\/egidimadeinitaly.com\/fr\/","name":"Egidi MadeinItaly","description":"Fine Art","potentialAction":[{"@type":"SearchAction","target":{"@type":"EntryPoint","urlTemplate":"https:\/\/egidimadeinitaly.com\/fr\/?s={search_term_string}"},"query-input":{"@type":"PropertyValueSpecification","valueRequired":true,"valueName":"search_term_string"}}],"inLanguage":"fr-FR"}]}},"_links":{"self":[{"href":"https:\/\/egidimadeinitaly.com\/fr\/wp-json\/wp\/v2\/pages\/121976","targetHints":{"allow":["GET"]}}],"collection":[{"href":"https:\/\/egidimadeinitaly.com\/fr\/wp-json\/wp\/v2\/pages"}],"about":[{"href":"https:\/\/egidimadeinitaly.com\/fr\/wp-json\/wp\/v2\/types\/page"}],"author":[{"embeddable":true,"href":"https:\/\/egidimadeinitaly.com\/fr\/wp-json\/wp\/v2\/users\/507"}],"replies":[{"embeddable":true,"href":"https:\/\/egidimadeinitaly.com\/fr\/wp-json\/wp\/v2\/comments?post=121976"}],"version-history":[{"count":10,"href":"https:\/\/egidimadeinitaly.com\/fr\/wp-json\/wp\/v2\/pages\/121976\/revisions"}],"predecessor-version":[{"id":122770,"href":"https:\/\/egidimadeinitaly.com\/fr\/wp-json\/wp\/v2\/pages\/121976\/revisions\/122770"}],"wp:attachment":[{"href":"https:\/\/egidimadeinitaly.com\/fr\/wp-json\/wp\/v2\/media?parent=121976"}],"curies":[{"name":"wp","href":"https:\/\/api.w.org\/{rel}","templated":true}]}}