{"id":121902,"date":"2025-03-01T07:03:43","date_gmt":"2025-03-01T06:03:43","guid":{"rendered":"https:\/\/egidimadeinitaly.com\/artisti\/"},"modified":"2025-03-30T23:10:27","modified_gmt":"2025-03-30T22:10:27","slug":"artistes","status":"publish","type":"page","link":"https:\/\/egidimadeinitaly.com\/fr\/artistes\/","title":{"rendered":"Artistes"},"content":{"rendered":"<div class=\"wpb-content-wrapper\"><p>[vc_row][vc_column width=\u00a0\u00bb1\/1&Prime;][vc_custom_heading uncode_shortcode_id=\u00a0\u00bb353490&Prime;]<span style=\"font-weight: 400;\">Artistes en vente sur Egidi MadeinItaly<\/span>[\/vc_custom_heading][vc_custom_heading heading_semantic=\u00a0\u00bbh4&Prime; text_size=\u00a0\u00bbh4&Prime; text_weight=\u00a0\u00bb400&Prime; uncode_shortcode_id=\u00a0\u00bb208767&Prime;][\/vc_custom_heading][vc_empty_space empty_h=\u00a0\u00bb2&Prime;][vc_column_text uncode_shortcode_id=\u00a0\u00bb788297&Prime;]        <div class=\"artisti-list custom-container\">\n            <div class=\"custom-row\">\n                                    <div class=\"artista-item custom-col-md-6 custom-col-12\">\n                        <div class=\"custom-row mb-3\">\n                            <div class=\"custom-col-md-3\">\n                                                                    <div class=\"artista-thumbnail\" style=\"background-image: url('https:\/\/egidimadeinitaly.com\/v25\/wp-content\/uploads\/2025\/12\/vittorio-pisani-datato-locato-firmato.jpg-300x200.jpg');\"><\/div>\n                                                            <\/div>\n                            <a href=\"https:\/\/egidimadeinitaly.com\/fr\/artisti\/vittorio-pisani-biografia\/\" class=\"custom-col-md-9 pl-3 pr-3\">\n                                <h4>Vittorio Pisani biographie<\/h4>\n                                <p class=\"artista-content\">\n                                    <p>Vittorio Pisani, peintre et illustrateur italien n\u00e9 \u00e0 Corfou et form\u00e9 \u00e0 Rome, c\u00e9l\u00e8bre pour ses plus de 4 000 couvertures de La Tribuna illustrata et pour ses \u0153uvres de propagande fasciste.<\/p>\n                                <\/p>\n                            <\/a>\n                        <\/div>\n                    <\/div>\n                                        <div class=\"artista-item custom-col-md-6 custom-col-12\">\n                        <div class=\"custom-row mb-3\">\n                            <div class=\"custom-col-md-3\">\n                                                                    <div class=\"artista-thumbnail\" style=\"background-image: url('https:\/\/egidimadeinitaly.com\/v25\/wp-content\/uploads\/2025\/10\/La-modella-1945-Gaetano-Martinez-225x300.webp');\"><\/div>\n                                                            <\/div>\n                            <a href=\"https:\/\/egidimadeinitaly.com\/fr\/artisti\/gaetano-martinez\/\" class=\"custom-col-md-9 pl-3 pr-3\">\n                                <h4>Gaetano Martinez<\/h4>\n                                <p class=\"artista-content\">\n                                    <p>Gaetano Martinez (1892-1951), sculpteur autodidacte originaire de Lecce et install\u00e9 \u00e0 Rome, a incarn\u00e9 le XXe si\u00e8cle italien avec des bronzes r\u00e9alistes et sensuels.<\/p>\n                                <\/p>\n                            <\/a>\n                        <\/div>\n                    <\/div>\n                                        <div class=\"artista-item custom-col-md-6 custom-col-12\">\n                        <div class=\"custom-row mb-3\">\n                            <div class=\"custom-col-md-3\">\n                                                                    <div class=\"artista-thumbnail\" style=\"background-image: url('https:\/\/egidimadeinitaly.com\/v25\/wp-content\/uploads\/2025\/10\/Hartung-Olio-su-tela-T1962-A34-1962-225x300.jpg');\"><\/div>\n                                                            <\/div>\n                            <a href=\"https:\/\/egidimadeinitaly.com\/fr\/artisti\/hans-hartung-2\/\" class=\"custom-col-md-9 pl-3 pr-3\">\n                                <h4>Hans Hartung<\/h4>\n                                <p class=\"artista-content\">\n                                    <p>Hans Hartung, pionnier de l&rsquo;abstractionnisme gestuel, a r\u00e9volutionn\u00e9 l&rsquo;art informel par des coups de pinceau libres et vitaux, influenc\u00e9s par son exp\u00e9rience de la guerre et son esprit cosmopolite.<\/p>\n                                <\/p>\n                            <\/a>\n                        <\/div>\n                    <\/div>\n                                        <div class=\"artista-item custom-col-md-6 custom-col-12\">\n                        <div class=\"custom-row mb-3\">\n                            <div class=\"custom-col-md-3\">\n                                                                    <div class=\"artista-thumbnail\" style=\"background-image: url('https:\/\/egidimadeinitaly.com\/v25\/wp-content\/uploads\/2025\/10\/Gianni-Girolamo-opera-1-300x300.jpg');\"><\/div>\n                                                            <\/div>\n                            <a href=\"https:\/\/egidimadeinitaly.com\/fr\/artisti\/girolamo-gianni\/\" class=\"custom-col-md-9 pl-3 pr-3\">\n                                <h4>Girolamo Gianni<\/h4>\n                                <p class=\"artista-content\">\n                                    <p>En 1866, Gianni d\u00e9couvre Malte lors d&rsquo;un voyage d&rsquo;exploration, fascin\u00e9 par sa lumi\u00e8re m\u00e9diterran\u00e9enne et ses paysages accident\u00e9s. <\/p>\n                                <\/p>\n                            <\/a>\n                        <\/div>\n                    <\/div>\n                                        <div class=\"artista-item custom-col-md-6 custom-col-12\">\n                        <div class=\"custom-row mb-3\">\n                            <div class=\"custom-col-md-3\">\n                                                                    <div class=\"artista-thumbnail\" style=\"background-image: url('https:\/\/egidimadeinitaly.com\/v25\/wp-content\/uploads\/2025\/10\/Island-Guizzo-Vaso-con-fiori-1-300x300.jpg');\"><\/div>\n                                                            <\/div>\n                            <a href=\"https:\/\/egidimadeinitaly.com\/fr\/artisti\/island-guizzo\/\" class=\"custom-col-md-9 pl-3 pr-3\">\n                                <h4>Island Guizzo<\/h4>\n                                <p class=\"artista-content\">\n                                    <p>En 1952, Island Guizzo s&rsquo;installe \u00e0 Rome, o\u00f9 il vit la majeure partie de sa vie et collabore avec des ma\u00eetres tels que Giorgio de Chirico, qui loue son \u00ab\u00a0fort temp\u00e9rament\u00a0\u00bb.<\/p>\n                                <\/p>\n                            <\/a>\n                        <\/div>\n                    <\/div>\n                                        <div class=\"artista-item custom-col-md-6 custom-col-12\">\n                        <div class=\"custom-row mb-3\">\n                            <div class=\"custom-col-md-3\">\n                                                                    <div class=\"artista-thumbnail\" style=\"background-image: url('https:\/\/egidimadeinitaly.com\/v25\/wp-content\/uploads\/2025\/09\/Ritratto-di-Mino-Maccari-firmato-Ottone-Rosai-224x300.png');\"><\/div>\n                                                            <\/div>\n                            <a href=\"https:\/\/egidimadeinitaly.com\/fr\/artisti\/mino-maccari\/\" class=\"custom-col-md-9 pl-3 pr-3\">\n                                <h4>Mino Maccari<\/h4>\n                                <p class=\"artista-content\">\n                                    <p>Influenc\u00e9 par le mouvement Strapaese, Maccari est connu pour son style caustique avec des figures grotesques et des th\u00e8mes sociaux.<\/p>\n                                <\/p>\n                            <\/a>\n                        <\/div>\n                    <\/div>\n                                <\/div>\n        <\/div>\n\n    [\/vc_column_text][vc_button border_width=\u00a0\u00bb0&Prime; uncode_shortcode_id=\u00a0\u00bb857661&Prime; link=\u00a0\u00bburl:%2Ffr%2Fartistes-en-galerie%2F|title:Artistes%20%C3%A0%20vendre\u00a0\u00bb]Liste compl\u00e8te [\/vc_button][\/vc_column][\/vc_row][vc_row][vc_column width=\u00a0\u00bb1\/1&Prime;][vc_custom_heading uncode_shortcode_id=\u00a0\u00bb104191&Prime;]<span style=\"font-weight: 400;\">Artistes pr\u00e9sent\u00e9s par Egidi MadeinItaly.<\/span>[\/vc_custom_heading][vc_custom_heading heading_semantic=\u00a0\u00bbh4&Prime; text_size=\u00a0\u00bbh4&Prime; text_weight=\u00a0\u00bb400&Prime; uncode_shortcode_id=\u00a0\u00bb878717&Prime;][\/vc_custom_heading][vc_empty_space empty_h=\u00a0\u00bb2&Prime;][uncode_index el_id=\u00a0\u00bbindex-76689&Prime; isotope_mode=\u00a0\u00bbfitRows\u00a0\u00bb loop=\u00a0\u00bbsize:12|order_by:title|order:ASC|post_type:artisti|taxonomy_count:10&Prime; screen_lg=\u00a0\u00bb480&Prime; screen_md=\u00a0\u00bb480&Prime; screen_sm=\u00a0\u00bb480&Prime; filtering=\u00a0\u00bbajax\u00a0\u00bb ajax_filters_content_block_id=\u00a0\u00bb121783&Prime; gutter_size_ajax_filters=\u00a0\u00bb3&Prime; column_size_ajax_filters=\u00a0\u00bb3&Prime; gutter_size=\u00a0\u00bb3&Prime; artisti_items=\u00a0\u00bbtitle,media|media|onpost|original,text|excerpt\u00a0\u00bb infinite=\u00a0\u00bbyes\u00a0\u00bb infinite_button=\u00a0\u00bbyes\u00a0\u00bb single_text=\u00a0\u00bblateral\u00a0\u00bb single_width=\u00a0\u00bb6&Prime; images_size=\u00a0\u00bbone-one\u00a0\u00bb single_image_size=\u00a0\u00bb3&Prime; single_lateral_responsive=\u00a0\u00bb\u00a0\u00bb single_overlay_color=\u00a0\u00bbcolor-wayh\u00a0\u00bb single_overlay_opacity=\u00a0\u00bb50&Prime; single_padding=\u00a0\u00bb1&Prime; single_title_dimension=\u00a0\u00bbh5&Prime; single_text_lead=\u00a0\u00bbyes\u00a0\u00bb single_border=\u00a0\u00bbyes\u00a0\u00bb artists_items=\u00a0\u00bb\u00a0\u00bb single_icon=\u00a0\u00bbfa fa-plus2&Prime; uncode_shortcode_id=\u00a0\u00bb102224&Prime; infinite_button_text=\u00a0\u00bbVisualizza pi\u00f9 artisti\u00a0\u00bb][\/vc_column][\/vc_row]<\/p>\n<\/div>","protected":false},"excerpt":{"rendered":"<p>[vc_row][vc_column width=\u00a0\u00bb1\/1&Prime;][vc_custom_heading uncode_shortcode_id=\u00a0\u00bb353490&Prime;]Artistes en vente sur Egidi MadeinItaly[\/vc_custom_heading][vc_custom_heading heading_semantic=\u00a0\u00bbh4&Prime; text_size=\u00a0\u00bbh4&Prime; text_weight=\u00a0\u00bb400&Prime; uncode_shortcode_id=\u00a0\u00bb208767&Prime;][\/vc_custom_heading][vc_empty_space empty_h=\u00a0\u00bb2&Prime;][vc_column_text uncode_shortcode_id=\u00a0\u00bb788297&Prime;][\/vc_column_text][vc_button border_width=\u00a0\u00bb0&Prime; uncode_shortcode_id=\u00a0\u00bb857661&Prime; link=\u00a0\u00bburl:%2Ffr%2Fartistes-en-galerie%2F|title:Artistes%20%C3%A0%20vendre\u00a0\u00bb]Liste compl\u00e8te [\/vc_button][\/vc_column][\/vc_row][vc_row][vc_column width=\u00a0\u00bb1\/1&Prime;][vc_custom_heading [&hellip;]<\/p>\n","protected":false},"author":507,"featured_media":0,"parent":0,"menu_order":0,"comment_status":"closed","ping_status":"closed","template":"","meta":{"_acf_changed":false,"footnotes":""},"class_list":["post-121902","page","type-page","status-publish","hentry"],"acf":[],"yoast_head":"<!-- This site is optimized with the Yoast SEO Premium plugin v27.4 (Yoast SEO v27.5) - https:\/\/yoast.com\/product\/yoast-seo-premium-wordpress\/ -->\n<title>Artistes - Egidi MadeinItaly<\/title>\n<meta name=\"robots\" content=\"index, follow, max-snippet:-1, max-image-preview:large, max-video-preview:-1\" \/>\n<link rel=\"canonical\" href=\"https:\/\/egidimadeinitaly.com\/fr\/artistes\/\" \/>\n<meta property=\"og:locale\" content=\"fr_FR\" \/>\n<meta property=\"og:type\" content=\"article\" \/>\n<meta property=\"og:title\" content=\"Artistes\" \/>\n<meta property=\"og:description\" content=\"Artistes en vente sur Egidi MadeinItalyListe compl\u00e8te Artistes pr\u00e9sent\u00e9s par Egidi MadeinItaly.\" \/>\n<meta property=\"og:url\" content=\"https:\/\/egidimadeinitaly.com\/fr\/artistes\/\" \/>\n<meta property=\"og:site_name\" content=\"Egidi MadeinItaly\" \/>\n<meta property=\"article:publisher\" content=\"https:\/\/www.facebook.com\/egidimadeinitaly\/\" \/>\n<meta property=\"article:modified_time\" content=\"2025-03-30T22:10:27+00:00\" \/>\n<script type=\"application\/ld+json\" class=\"yoast-schema-graph\">{\"@context\":\"https:\\\/\\\/schema.org\",\"@graph\":[{\"@type\":\"WebPage\",\"@id\":\"https:\\\/\\\/egidimadeinitaly.com\\\/fr\\\/artistes\\\/\",\"url\":\"https:\\\/\\\/egidimadeinitaly.com\\\/fr\\\/artistes\\\/\",\"name\":\"Artistes - Egidi MadeinItaly\",\"isPartOf\":{\"@id\":\"https:\\\/\\\/egidimadeinitaly.com\\\/fr\\\/#website\"},\"datePublished\":\"2025-03-01T06:03:43+00:00\",\"dateModified\":\"2025-03-30T22:10:27+00:00\",\"breadcrumb\":{\"@id\":\"https:\\\/\\\/egidimadeinitaly.com\\\/fr\\\/artistes\\\/#breadcrumb\"},\"inLanguage\":\"fr-FR\",\"potentialAction\":[{\"@type\":\"ReadAction\",\"target\":[\"https:\\\/\\\/egidimadeinitaly.com\\\/fr\\\/artistes\\\/\"]}]},{\"@type\":\"BreadcrumbList\",\"@id\":\"https:\\\/\\\/egidimadeinitaly.com\\\/fr\\\/artistes\\\/#breadcrumb\",\"itemListElement\":[{\"@type\":\"ListItem\",\"position\":1,\"name\":\"Home\",\"item\":\"https:\\\/\\\/egidimadeinitaly.com\\\/fr\\\/\"},{\"@type\":\"ListItem\",\"position\":2,\"name\":\"Artistes\"}]},{\"@type\":\"WebSite\",\"@id\":\"https:\\\/\\\/egidimadeinitaly.com\\\/fr\\\/#website\",\"url\":\"https:\\\/\\\/egidimadeinitaly.com\\\/fr\\\/\",\"name\":\"Egidi MadeinItaly\",\"description\":\"Fine Art\",\"potentialAction\":[{\"@type\":\"SearchAction\",\"target\":{\"@type\":\"EntryPoint\",\"urlTemplate\":\"https:\\\/\\\/egidimadeinitaly.com\\\/fr\\\/?s={search_term_string}\"},\"query-input\":{\"@type\":\"PropertyValueSpecification\",\"valueRequired\":true,\"valueName\":\"search_term_string\"}}],\"inLanguage\":\"fr-FR\"}]}<\/script>\n<!-- \/ Yoast SEO Premium plugin. -->","yoast_head_json":{"title":"Artistes - Egidi MadeinItaly","robots":{"index":"index","follow":"follow","max-snippet":"max-snippet:-1","max-image-preview":"max-image-preview:large","max-video-preview":"max-video-preview:-1"},"canonical":"https:\/\/egidimadeinitaly.com\/fr\/artistes\/","og_locale":"fr_FR","og_type":"article","og_title":"Artistes","og_description":"Artistes en vente sur Egidi MadeinItalyListe compl\u00e8te Artistes pr\u00e9sent\u00e9s par Egidi MadeinItaly.","og_url":"https:\/\/egidimadeinitaly.com\/fr\/artistes\/","og_site_name":"Egidi MadeinItaly","article_publisher":"https:\/\/www.facebook.com\/egidimadeinitaly\/","article_modified_time":"2025-03-30T22:10:27+00:00","schema":{"@context":"https:\/\/schema.org","@graph":[{"@type":"WebPage","@id":"https:\/\/egidimadeinitaly.com\/fr\/artistes\/","url":"https:\/\/egidimadeinitaly.com\/fr\/artistes\/","name":"Artistes - Egidi MadeinItaly","isPartOf":{"@id":"https:\/\/egidimadeinitaly.com\/fr\/#website"},"datePublished":"2025-03-01T06:03:43+00:00","dateModified":"2025-03-30T22:10:27+00:00","breadcrumb":{"@id":"https:\/\/egidimadeinitaly.com\/fr\/artistes\/#breadcrumb"},"inLanguage":"fr-FR","potentialAction":[{"@type":"ReadAction","target":["https:\/\/egidimadeinitaly.com\/fr\/artistes\/"]}]},{"@type":"BreadcrumbList","@id":"https:\/\/egidimadeinitaly.com\/fr\/artistes\/#breadcrumb","itemListElement":[{"@type":"ListItem","position":1,"name":"Home","item":"https:\/\/egidimadeinitaly.com\/fr\/"},{"@type":"ListItem","position":2,"name":"Artistes"}]},{"@type":"WebSite","@id":"https:\/\/egidimadeinitaly.com\/fr\/#website","url":"https:\/\/egidimadeinitaly.com\/fr\/","name":"Egidi MadeinItaly","description":"Fine Art","potentialAction":[{"@type":"SearchAction","target":{"@type":"EntryPoint","urlTemplate":"https:\/\/egidimadeinitaly.com\/fr\/?s={search_term_string}"},"query-input":{"@type":"PropertyValueSpecification","valueRequired":true,"valueName":"search_term_string"}}],"inLanguage":"fr-FR"}]}},"_links":{"self":[{"href":"https:\/\/egidimadeinitaly.com\/fr\/wp-json\/wp\/v2\/pages\/121902","targetHints":{"allow":["GET"]}}],"collection":[{"href":"https:\/\/egidimadeinitaly.com\/fr\/wp-json\/wp\/v2\/pages"}],"about":[{"href":"https:\/\/egidimadeinitaly.com\/fr\/wp-json\/wp\/v2\/types\/page"}],"author":[{"embeddable":true,"href":"https:\/\/egidimadeinitaly.com\/fr\/wp-json\/wp\/v2\/users\/507"}],"replies":[{"embeddable":true,"href":"https:\/\/egidimadeinitaly.com\/fr\/wp-json\/wp\/v2\/comments?post=121902"}],"version-history":[{"count":16,"href":"https:\/\/egidimadeinitaly.com\/fr\/wp-json\/wp\/v2\/pages\/121902\/revisions"}],"predecessor-version":[{"id":123046,"href":"https:\/\/egidimadeinitaly.com\/fr\/wp-json\/wp\/v2\/pages\/121902\/revisions\/123046"}],"wp:attachment":[{"href":"https:\/\/egidimadeinitaly.com\/fr\/wp-json\/wp\/v2\/media?parent=121902"}],"curies":[{"name":"wp","href":"https:\/\/api.w.org\/{rel}","templated":true}]}}