{"id":95127,"date":"2020-09-28T16:15:48","date_gmt":"2020-09-28T15:15:48","guid":{"rendered":"https:\/\/egidimadeinitaly.com\/ecomsite\/?post_type=product&#038;p=95127"},"modified":"2024-12-02T18:09:39","modified_gmt":"2024-12-02T17:09:39","slug":"old-master-painting-danae-and-the-golden-rain","status":"publish","type":"product","link":"https:\/\/egidimadeinitaly.com\/en\/negozio\/antique-art\/old-master-painting-en\/old-master-painting-danae-and-the-golden-rain\/","title":{"rendered":"Old Master Painting Danae and the Golden Rain"},"content":{"rendered":"<p>The prestigious expert opinion that has evaluated this monumental painting confirms the attribution to an important Venetian artist of the early 17th century linked to the Flemish painter Jacob de Backer.<\/p>\n<p>Though Danae was certainly one of the favorite subjects throughout the 16th and 17th centuries in general, there was a great variety of stylistic and compositional versions. Here, however, Perseus&#8217;s mother seems to turn to her baby with a bit of a frown, as if to tell her to quickly gather all the precious gold coins into which Zeus has turned himself.<br \/>\nIt is this important gesture of his right hand that sets it apart from all the best known models.<\/p>\n<p><b>The original certificate<\/b>\u00a0is issued by a distinguished CECOA qualified expert (<i>Expert agr\u00e9\u00e9 de la Chambre Europ\u00e9enne des Experts-conseil en \u0153uvre d&#8217;Art)\u00a0<\/i>and\u00a0<b>is available on request.<\/b><\/p>\n<p>This work, never before on market, comes from a private collection and is embellished with an impressive antique frame in ebonized wood with gold details, in near perfect condition.<\/p>\n<p>&nbsp;<\/p>\n<p>&nbsp;<\/p>\n<p>&nbsp;<\/p>\n<p>&nbsp;<\/p>\n<p>&nbsp;<\/p>\n<p>&nbsp;<\/p>\n","protected":false},"excerpt":{"rendered":"<p>Oil painting <strong><em>Danae and the Golden Rain <\/em><\/strong>follower of Jacob de Backer.<\/p>\n<p>&nbsp;<\/p>\n","protected":false},"featured_media":119572,"template":"","meta":{"_acf_changed":false},"product_brand":[],"product_cat":[6373,6407],"product_tag":[5638,5654,5360],"class_list":{"0":"post-95127","1":"product","2":"type-product","3":"status-publish","4":"has-post-thumbnail","6":"product_cat-antique-art","7":"product_cat-old-master-painting-en","8":"product_tag-flemish-painting","9":"product_tag-old-masters","10":"product_tag-wall-decorations","12":"first","13":"outofstock","14":"shipping-taxable","15":"product-type-simple"},"acf":[],"yoast_head":"<!-- This site is optimized with the Yoast SEO Premium plugin v27.4 (Yoast SEO v27.5) - https:\/\/yoast.com\/product\/yoast-seo-premium-wordpress\/ -->\n<title>Old Master Painting Danae and the Golden Rain - Egidi MadeinItaly<\/title>\n<meta name=\"description\" content=\"Oil painting Danae and the Golden Rain follower of\u00a0Jacob de Backer a rare Flemish model from begin of 17th century for sale on Egidi MadeinItaly\" \/>\n<meta name=\"robots\" content=\"index, follow, max-snippet:-1, max-image-preview:large, max-video-preview:-1\" \/>\n<link rel=\"canonical\" href=\"https:\/\/egidimadeinitaly.com\/en\/product\/fine-arts\/paintings-en-2\/old-master-painting-danae-and-the-golden-rain\/\" \/>\n<meta property=\"og:locale\" content=\"en_US\" \/>\n<meta property=\"og:type\" content=\"article\" \/>\n<meta property=\"og:title\" content=\"Old Master Painting Danae and the Golden Rain\" \/>\n<meta property=\"og:description\" content=\"Oil painting Danae and the Golden Rain follower of Jacob de Backer.  &nbsp;\" \/>\n<meta property=\"og:url\" content=\"https:\/\/egidimadeinitaly.com\/en\/product\/fine-arts\/paintings-en-2\/old-master-painting-danae-and-the-golden-rain\/\" \/>\n<meta property=\"og:site_name\" content=\"Egidi MadeinItaly\" \/>\n<meta property=\"article:publisher\" content=\"https:\/\/www.facebook.com\/egidimadeinitaly\/\" \/>\n<meta property=\"article:modified_time\" content=\"2024-12-02T17:09:39+00:00\" \/>\n<meta property=\"og:image\" content=\"https:\/\/egidimadeinitaly.com\/wp-content\/uploads\/2020\/09\/Danae-e-la-pioggia-doro-scaled-e1729083926629.jpg\" \/>\n\t<meta property=\"og:image:width\" content=\"2560\" \/>\n\t<meta property=\"og:image:height\" content=\"1703\" \/>\n\t<meta property=\"og:image:type\" content=\"image\/jpeg\" \/>\n<script type=\"application\/ld+json\" class=\"yoast-schema-graph\">{\"@context\":\"https:\\\/\\\/schema.org\",\"@graph\":[{\"@type\":\"WebPage\",\"@id\":\"https:\\\/\\\/egidimadeinitaly.com\\\/en\\\/negozio\\\/antique-art\\\/old-master-painting-en\\\/old-master-painting-danae-and-the-golden-rain\\\/\",\"url\":\"https:\\\/\\\/egidimadeinitaly.com\\\/en\\\/product\\\/fine-arts\\\/paintings-en-2\\\/old-master-painting-danae-and-the-golden-rain\\\/\",\"name\":\"Old Master Painting Danae and the Golden Rain - Egidi MadeinItaly\",\"isPartOf\":{\"@id\":\"https:\\\/\\\/egidimadeinitaly.com\\\/en\\\/#website\"},\"primaryImageOfPage\":{\"@id\":\"https:\\\/\\\/egidimadeinitaly.com\\\/en\\\/product\\\/fine-arts\\\/paintings-en-2\\\/old-master-painting-danae-and-the-golden-rain\\\/#primaryimage\"},\"image\":{\"@id\":\"https:\\\/\\\/egidimadeinitaly.com\\\/en\\\/product\\\/fine-arts\\\/paintings-en-2\\\/old-master-painting-danae-and-the-golden-rain\\\/#primaryimage\"},\"thumbnailUrl\":\"https:\\\/\\\/egidimadeinitaly.com\\\/v25\\\/wp-content\\\/uploads\\\/2020\\\/09\\\/Danae-e-la-pioggia-doro-scaled-e1759149803777.jpg\",\"datePublished\":\"2020-09-28T15:15:48+00:00\",\"dateModified\":\"2024-12-02T17:09:39+00:00\",\"description\":\"Oil painting Danae and the Golden Rain follower of\u00a0Jacob de Backer a rare Flemish model from begin of 17th century for sale on Egidi MadeinItaly\",\"breadcrumb\":{\"@id\":\"https:\\\/\\\/egidimadeinitaly.com\\\/en\\\/product\\\/fine-arts\\\/paintings-en-2\\\/old-master-painting-danae-and-the-golden-rain\\\/#breadcrumb\"},\"inLanguage\":\"en-US\",\"potentialAction\":[{\"@type\":\"ReadAction\",\"target\":[\"https:\\\/\\\/egidimadeinitaly.com\\\/en\\\/product\\\/fine-arts\\\/paintings-en-2\\\/old-master-painting-danae-and-the-golden-rain\\\/\"]}]},{\"@type\":\"ImageObject\",\"inLanguage\":\"en-US\",\"@id\":\"https:\\\/\\\/egidimadeinitaly.com\\\/en\\\/product\\\/fine-arts\\\/paintings-en-2\\\/old-master-painting-danae-and-the-golden-rain\\\/#primaryimage\",\"url\":\"https:\\\/\\\/egidimadeinitaly.com\\\/v25\\\/wp-content\\\/uploads\\\/2020\\\/09\\\/Danae-e-la-pioggia-doro-scaled-e1759149803777.jpg\",\"contentUrl\":\"https:\\\/\\\/egidimadeinitaly.com\\\/v25\\\/wp-content\\\/uploads\\\/2020\\\/09\\\/Danae-e-la-pioggia-doro-scaled-e1759149803777.jpg\",\"width\":1024,\"height\":779,\"caption\":\"Danae e la pioggia d'oro\"},{\"@type\":\"BreadcrumbList\",\"@id\":\"https:\\\/\\\/egidimadeinitaly.com\\\/en\\\/product\\\/fine-arts\\\/paintings-en-2\\\/old-master-painting-danae-and-the-golden-rain\\\/#breadcrumb\",\"itemListElement\":[{\"@type\":\"ListItem\",\"position\":1,\"name\":\"Home\",\"item\":\"https:\\\/\\\/egidimadeinitaly.com\\\/en\\\/\"},{\"@type\":\"ListItem\",\"position\":2,\"name\":\"Products\",\"item\":\"https:\\\/\\\/egidimadeinitaly.com\\\/en\\\/shop\\\/\"},{\"@type\":\"ListItem\",\"position\":3,\"name\":\"Antique art\",\"item\":\"https:\\\/\\\/egidimadeinitaly.com\\\/en\\\/product-category\\\/antique-art\\\/\"},{\"@type\":\"ListItem\",\"position\":4,\"name\":\"Old master painting\",\"item\":\"https:\\\/\\\/egidimadeinitaly.com\\\/en\\\/product-category\\\/antique-art\\\/old-master-painting-en\\\/\"},{\"@type\":\"ListItem\",\"position\":5,\"name\":\"Old Master Painting Danae and the Golden Rain\"}]},{\"@type\":\"WebSite\",\"@id\":\"https:\\\/\\\/egidimadeinitaly.com\\\/en\\\/#website\",\"url\":\"https:\\\/\\\/egidimadeinitaly.com\\\/en\\\/\",\"name\":\"Egidi MadeinItaly\",\"description\":\"Fine Art\",\"potentialAction\":[{\"@type\":\"SearchAction\",\"target\":{\"@type\":\"EntryPoint\",\"urlTemplate\":\"https:\\\/\\\/egidimadeinitaly.com\\\/en\\\/?s={search_term_string}\"},\"query-input\":{\"@type\":\"PropertyValueSpecification\",\"valueRequired\":true,\"valueName\":\"search_term_string\"}}],\"inLanguage\":\"en-US\"}]}<\/script>\n<!-- \/ Yoast SEO Premium plugin. -->","yoast_head_json":{"title":"Old Master Painting Danae and the Golden Rain - Egidi MadeinItaly","description":"Oil painting Danae and the Golden Rain follower of\u00a0Jacob de Backer a rare Flemish model from begin of 17th century for sale on Egidi MadeinItaly","robots":{"index":"index","follow":"follow","max-snippet":"max-snippet:-1","max-image-preview":"max-image-preview:large","max-video-preview":"max-video-preview:-1"},"canonical":"https:\/\/egidimadeinitaly.com\/en\/product\/fine-arts\/paintings-en-2\/old-master-painting-danae-and-the-golden-rain\/","og_locale":"en_US","og_type":"article","og_title":"Old Master Painting Danae and the Golden Rain","og_description":"Oil painting Danae and the Golden Rain follower of Jacob de Backer.  &nbsp;","og_url":"https:\/\/egidimadeinitaly.com\/en\/product\/fine-arts\/paintings-en-2\/old-master-painting-danae-and-the-golden-rain\/","og_site_name":"Egidi MadeinItaly","article_publisher":"https:\/\/www.facebook.com\/egidimadeinitaly\/","article_modified_time":"2024-12-02T17:09:39+00:00","og_image":[{"width":2560,"height":1703,"url":"https:\/\/egidimadeinitaly.com\/wp-content\/uploads\/2020\/09\/Danae-e-la-pioggia-doro-scaled-e1729083926629.jpg","type":"image\/jpeg"}],"schema":{"@context":"https:\/\/schema.org","@graph":[{"@type":"WebPage","@id":"https:\/\/egidimadeinitaly.com\/en\/negozio\/antique-art\/old-master-painting-en\/old-master-painting-danae-and-the-golden-rain\/","url":"https:\/\/egidimadeinitaly.com\/en\/product\/fine-arts\/paintings-en-2\/old-master-painting-danae-and-the-golden-rain\/","name":"Old Master Painting Danae and the Golden Rain - Egidi MadeinItaly","isPartOf":{"@id":"https:\/\/egidimadeinitaly.com\/en\/#website"},"primaryImageOfPage":{"@id":"https:\/\/egidimadeinitaly.com\/en\/product\/fine-arts\/paintings-en-2\/old-master-painting-danae-and-the-golden-rain\/#primaryimage"},"image":{"@id":"https:\/\/egidimadeinitaly.com\/en\/product\/fine-arts\/paintings-en-2\/old-master-painting-danae-and-the-golden-rain\/#primaryimage"},"thumbnailUrl":"https:\/\/egidimadeinitaly.com\/v25\/wp-content\/uploads\/2020\/09\/Danae-e-la-pioggia-doro-scaled-e1759149803777.jpg","datePublished":"2020-09-28T15:15:48+00:00","dateModified":"2024-12-02T17:09:39+00:00","description":"Oil painting Danae and the Golden Rain follower of\u00a0Jacob de Backer a rare Flemish model from begin of 17th century for sale on Egidi MadeinItaly","breadcrumb":{"@id":"https:\/\/egidimadeinitaly.com\/en\/product\/fine-arts\/paintings-en-2\/old-master-painting-danae-and-the-golden-rain\/#breadcrumb"},"inLanguage":"en-US","potentialAction":[{"@type":"ReadAction","target":["https:\/\/egidimadeinitaly.com\/en\/product\/fine-arts\/paintings-en-2\/old-master-painting-danae-and-the-golden-rain\/"]}]},{"@type":"ImageObject","inLanguage":"en-US","@id":"https:\/\/egidimadeinitaly.com\/en\/product\/fine-arts\/paintings-en-2\/old-master-painting-danae-and-the-golden-rain\/#primaryimage","url":"https:\/\/egidimadeinitaly.com\/v25\/wp-content\/uploads\/2020\/09\/Danae-e-la-pioggia-doro-scaled-e1759149803777.jpg","contentUrl":"https:\/\/egidimadeinitaly.com\/v25\/wp-content\/uploads\/2020\/09\/Danae-e-la-pioggia-doro-scaled-e1759149803777.jpg","width":1024,"height":779,"caption":"Danae e la pioggia d'oro"},{"@type":"BreadcrumbList","@id":"https:\/\/egidimadeinitaly.com\/en\/product\/fine-arts\/paintings-en-2\/old-master-painting-danae-and-the-golden-rain\/#breadcrumb","itemListElement":[{"@type":"ListItem","position":1,"name":"Home","item":"https:\/\/egidimadeinitaly.com\/en\/"},{"@type":"ListItem","position":2,"name":"Products","item":"https:\/\/egidimadeinitaly.com\/en\/shop\/"},{"@type":"ListItem","position":3,"name":"Antique art","item":"https:\/\/egidimadeinitaly.com\/en\/product-category\/antique-art\/"},{"@type":"ListItem","position":4,"name":"Old master painting","item":"https:\/\/egidimadeinitaly.com\/en\/product-category\/antique-art\/old-master-painting-en\/"},{"@type":"ListItem","position":5,"name":"Old Master Painting Danae and the Golden Rain"}]},{"@type":"WebSite","@id":"https:\/\/egidimadeinitaly.com\/en\/#website","url":"https:\/\/egidimadeinitaly.com\/en\/","name":"Egidi MadeinItaly","description":"Fine Art","potentialAction":[{"@type":"SearchAction","target":{"@type":"EntryPoint","urlTemplate":"https:\/\/egidimadeinitaly.com\/en\/?s={search_term_string}"},"query-input":{"@type":"PropertyValueSpecification","valueRequired":true,"valueName":"search_term_string"}}],"inLanguage":"en-US"}]}},"_links":{"self":[{"href":"https:\/\/egidimadeinitaly.com\/en\/wp-json\/wp\/v2\/product\/95127","targetHints":{"allow":["GET"]}}],"collection":[{"href":"https:\/\/egidimadeinitaly.com\/en\/wp-json\/wp\/v2\/product"}],"about":[{"href":"https:\/\/egidimadeinitaly.com\/en\/wp-json\/wp\/v2\/types\/product"}],"wp:featuredmedia":[{"embeddable":true,"href":"https:\/\/egidimadeinitaly.com\/en\/wp-json\/wp\/v2\/media\/119572"}],"wp:attachment":[{"href":"https:\/\/egidimadeinitaly.com\/en\/wp-json\/wp\/v2\/media?parent=95127"}],"wp:term":[{"taxonomy":"product_brand","embeddable":true,"href":"https:\/\/egidimadeinitaly.com\/en\/wp-json\/wp\/v2\/product_brand?post=95127"},{"taxonomy":"product_cat","embeddable":true,"href":"https:\/\/egidimadeinitaly.com\/en\/wp-json\/wp\/v2\/product_cat?post=95127"},{"taxonomy":"product_tag","embeddable":true,"href":"https:\/\/egidimadeinitaly.com\/en\/wp-json\/wp\/v2\/product_tag?post=95127"}],"curies":[{"name":"wp","href":"https:\/\/api.w.org\/{rel}","templated":true}]}}