{"id":126828,"date":"2026-05-05T23:01:07","date_gmt":"2026-05-05T22:01:07","guid":{"rendered":"https:\/\/egidimadeinitaly.com\/negozio\/senza-categoria\/salvador-dali-le-reve-onirique-litografia\/"},"modified":"2026-05-05T23:50:11","modified_gmt":"2026-05-05T22:50:11","slug":"salvador-dali-le-reve-onirique-color-lithograph","status":"publish","type":"product","link":"https:\/\/egidimadeinitaly.com\/en\/negozio\/modern-art\/modern-work-on-paper-en\/salvador-dali-le-reve-onirique-color-lithograph\/","title":{"rendered":"Salvador Dal\u00ec Le R\u00eave Onirique color lithograph"},"content":{"rendered":"<div class=\"wpb-content-wrapper\"><p>[vc_row][vc_column width=&#8221;1\/1&#8243;][vc_column_text uncode_shortcode_id=&#8221;973603&#8243;]<strong data-start=\"370\" data-end=\"404\">Salvador Dal\u00ed Le r\u00eave onirique<\/strong><\/p>\n<p data-start=\"305\" data-end=\"601\">This color lithograph by Salvador Dal\u00ed belongs to the series inspired by <em data-start=\"378\" data-end=\"407\">One Thousand and One Nights<\/em>. The composition reveals <a href=\"https:\/\/www.salvador-dali.org\/en\/\">Dal\u00ed\u2019s visionary and surreal imagination<\/a> through fantastic creatures, distorted animals and dreamlike figures suspended between narrative, illusion and the unconscious.<\/p>\n<p data-start=\"603\" data-end=\"877\">The work is distinguished by vivid colors and excellent impression quality. Signed, numbered and bearing the publisher\u2019s blind stamp, it is a refined example of Dal\u00ed\u2019s graphic production and an attractive work for collectors of modern works on paper.<\/p>\n<p>[\/vc_column_text][\/vc_column][\/vc_row]<\/p>\n<\/div>","protected":false},"excerpt":{"rendered":"<p>*Le r\u00eave onirique*, a colour lithograph created by Salvador Dal\u00ed in 1974. The print is part of a series of illustrations dedicated to *The Thousand and One Nights*, a theme the artist had begun working on as early as the 1960s. Signed in pencil and numbered <strong data-start=\"124\" data-end=\"134\">34\/195<\/strong> in the lower margin.<br data-start=\"155\" data-end=\"158\" \/>Blind stamp of <strong data-start=\"173\" data-end=\"227\">Soci\u00e9t\u00e9 d\u2019\u00c9ditions d\u2019Art Les Heures Claires, Paris<\/strong> in the lower left.<\/p>\n<p>Salvador Dal\u00ed is one of the most famous and recognisable figures in 20th-century art. A painter, printmaker, draughtsman, sculptor, set designer and creator of images destined to become part of the collective imagination, Dal\u00ed is regarded as one of the definitive icons of Surrealism.<\/p>\n<p data-start=\"1241\" data-end=\"1481\">\n","protected":false},"featured_media":126825,"template":"","meta":{"_acf_changed":false},"product_brand":[],"product_cat":[6376,6413],"product_tag":[],"class_list":{"0":"post-126828","1":"product","2":"type-product","3":"status-publish","4":"has-post-thumbnail","6":"product_cat-modern-art","7":"product_cat-modern-work-on-paper-en","9":"first","10":"instock","11":"taxable","12":"shipping-taxable","13":"product-type-simple"},"acf":[],"yoast_head":"<!-- This site is optimized with the Yoast SEO Premium plugin v27.5 (Yoast SEO v27.5) - https:\/\/yoast.com\/product\/yoast-seo-premium-wordpress\/ -->\n<title>Salvador Dal\u00ec Le R\u00eave Onirique color lithograph - Egidi MadeinItaly<\/title>\n<meta name=\"description\" content=\"Salvador Dal\u00ed Le r\u00eave onirique, 1974 color lithograph, signed and numbered 34\/195, published by Les Heures Claires Paris for sale on Egidi MadeinItaly\" \/>\n<meta name=\"robots\" content=\"index, follow, max-snippet:-1, max-image-preview:large, max-video-preview:-1\" \/>\n<link rel=\"canonical\" href=\"https:\/\/egidimadeinitaly.com\/en\/negozio\/modern-art\/modern-work-on-paper-en\/salvador-dali-le-reve-onirique-color-lithograph\/\" \/>\n<meta property=\"og:locale\" content=\"en_US\" \/>\n<meta property=\"og:type\" content=\"article\" \/>\n<meta property=\"og:title\" content=\"Salvador Dal\u00ec Le R\u00eave Onirique color lithograph\" \/>\n<meta property=\"og:description\" content=\"*Le r\u00eave onirique*, a colour lithograph created by Salvador Dal\u00ed in 1974. The print is part of a series of illustrations dedicated to *The Thousand and One Nights*, a theme the artist had begun working on as early as the 1960s. Signed in pencil and numbered 34\/195 in the lower margin.Blind stamp of Soci\u00e9t\u00e9 d\u2019\u00c9ditions d\u2019Art Les Heures Claires, Paris in the lower left.  Salvador Dal\u00ed is one of the most famous and recognisable figures in 20th-century art. A painter, printmaker, draughtsman, sculptor, set designer and creator of images destined to become part of the collective imagination, Dal\u00ed is regarded as one of the definitive icons of Surrealism.\" \/>\n<meta property=\"og:url\" content=\"https:\/\/egidimadeinitaly.com\/en\/negozio\/modern-art\/modern-work-on-paper-en\/salvador-dali-le-reve-onirique-color-lithograph\/\" \/>\n<meta property=\"og:site_name\" content=\"Egidi MadeinItaly\" \/>\n<meta property=\"article:publisher\" content=\"https:\/\/www.facebook.com\/egidimadeinitaly\/\" \/>\n<meta property=\"article:modified_time\" content=\"2026-05-05T22:50:11+00:00\" \/>\n<meta property=\"og:image\" content=\"https:\/\/egidimadeinitaly.com\/v25\/wp-content\/uploads\/2025\/11\/Salvador-Dali-Le-reve-onirique-.jpg\" \/>\n\t<meta property=\"og:image:width\" content=\"1984\" \/>\n\t<meta property=\"og:image:height\" content=\"1984\" \/>\n\t<meta property=\"og:image:type\" content=\"image\/jpeg\" \/>\n<script type=\"application\/ld+json\" class=\"yoast-schema-graph\">{\"@context\":\"https:\\\/\\\/schema.org\",\"@graph\":[{\"@type\":\"WebPage\",\"@id\":\"https:\\\/\\\/egidimadeinitaly.com\\\/en\\\/negozio\\\/modern-art\\\/modern-work-on-paper-en\\\/salvador-dali-le-reve-onirique-color-lithograph\\\/\",\"url\":\"https:\\\/\\\/egidimadeinitaly.com\\\/en\\\/negozio\\\/modern-art\\\/modern-work-on-paper-en\\\/salvador-dali-le-reve-onirique-color-lithograph\\\/\",\"name\":\"Salvador Dal\u00ec Le R\u00eave Onirique color lithograph - Egidi MadeinItaly\",\"isPartOf\":{\"@id\":\"https:\\\/\\\/egidimadeinitaly.com\\\/en\\\/#website\"},\"primaryImageOfPage\":{\"@id\":\"https:\\\/\\\/egidimadeinitaly.com\\\/en\\\/negozio\\\/modern-art\\\/modern-work-on-paper-en\\\/salvador-dali-le-reve-onirique-color-lithograph\\\/#primaryimage\"},\"image\":{\"@id\":\"https:\\\/\\\/egidimadeinitaly.com\\\/en\\\/negozio\\\/modern-art\\\/modern-work-on-paper-en\\\/salvador-dali-le-reve-onirique-color-lithograph\\\/#primaryimage\"},\"thumbnailUrl\":\"https:\\\/\\\/egidimadeinitaly.com\\\/v25\\\/wp-content\\\/uploads\\\/2025\\\/11\\\/Salvador-Dali-Le-reve-onirique-.jpg\",\"datePublished\":\"2026-05-05T22:01:07+00:00\",\"dateModified\":\"2026-05-05T22:50:11+00:00\",\"description\":\"Salvador Dal\u00ed Le r\u00eave onirique, 1974 color lithograph, signed and numbered 34\\\/195, published by Les Heures Claires Paris for sale on Egidi MadeinItaly\",\"breadcrumb\":{\"@id\":\"https:\\\/\\\/egidimadeinitaly.com\\\/en\\\/negozio\\\/modern-art\\\/modern-work-on-paper-en\\\/salvador-dali-le-reve-onirique-color-lithograph\\\/#breadcrumb\"},\"inLanguage\":\"en-US\",\"potentialAction\":[{\"@type\":\"ReadAction\",\"target\":[\"https:\\\/\\\/egidimadeinitaly.com\\\/en\\\/negozio\\\/modern-art\\\/modern-work-on-paper-en\\\/salvador-dali-le-reve-onirique-color-lithograph\\\/\"]}]},{\"@type\":\"ImageObject\",\"inLanguage\":\"en-US\",\"@id\":\"https:\\\/\\\/egidimadeinitaly.com\\\/en\\\/negozio\\\/modern-art\\\/modern-work-on-paper-en\\\/salvador-dali-le-reve-onirique-color-lithograph\\\/#primaryimage\",\"url\":\"https:\\\/\\\/egidimadeinitaly.com\\\/v25\\\/wp-content\\\/uploads\\\/2025\\\/11\\\/Salvador-Dali-Le-reve-onirique-.jpg\",\"contentUrl\":\"https:\\\/\\\/egidimadeinitaly.com\\\/v25\\\/wp-content\\\/uploads\\\/2025\\\/11\\\/Salvador-Dali-Le-reve-onirique-.jpg\",\"width\":1984,\"height\":1984,\"caption\":\"Le r\u00eave onirique, 1974, signed and numbered colour lithograph 34\\\/195\"},{\"@type\":\"BreadcrumbList\",\"@id\":\"https:\\\/\\\/egidimadeinitaly.com\\\/en\\\/negozio\\\/modern-art\\\/modern-work-on-paper-en\\\/salvador-dali-le-reve-onirique-color-lithograph\\\/#breadcrumb\",\"itemListElement\":[{\"@type\":\"ListItem\",\"position\":1,\"name\":\"Home\",\"item\":\"https:\\\/\\\/egidimadeinitaly.com\\\/en\\\/\"},{\"@type\":\"ListItem\",\"position\":2,\"name\":\"Products\",\"item\":\"https:\\\/\\\/egidimadeinitaly.com\\\/en\\\/shop\\\/\"},{\"@type\":\"ListItem\",\"position\":3,\"name\":\"Modern art\",\"item\":\"https:\\\/\\\/egidimadeinitaly.com\\\/en\\\/product-category\\\/modern-art\\\/\"},{\"@type\":\"ListItem\",\"position\":4,\"name\":\"Modern work on paper\",\"item\":\"https:\\\/\\\/egidimadeinitaly.com\\\/en\\\/product-category\\\/modern-art\\\/modern-work-on-paper-en\\\/\"},{\"@type\":\"ListItem\",\"position\":5,\"name\":\"Salvador Dal\u00ec Le R\u00eave Onirique color lithograph\"}]},{\"@type\":\"WebSite\",\"@id\":\"https:\\\/\\\/egidimadeinitaly.com\\\/en\\\/#website\",\"url\":\"https:\\\/\\\/egidimadeinitaly.com\\\/en\\\/\",\"name\":\"Egidi MadeinItaly\",\"description\":\"Fine Art\",\"potentialAction\":[{\"@type\":\"SearchAction\",\"target\":{\"@type\":\"EntryPoint\",\"urlTemplate\":\"https:\\\/\\\/egidimadeinitaly.com\\\/en\\\/?s={search_term_string}\"},\"query-input\":{\"@type\":\"PropertyValueSpecification\",\"valueRequired\":true,\"valueName\":\"search_term_string\"}}],\"inLanguage\":\"en-US\"}]}<\/script>\n<!-- \/ Yoast SEO Premium plugin. -->","yoast_head_json":{"title":"Salvador Dal\u00ec Le R\u00eave Onirique color lithograph - Egidi MadeinItaly","description":"Salvador Dal\u00ed Le r\u00eave onirique, 1974 color lithograph, signed and numbered 34\/195, published by Les Heures Claires Paris for sale on Egidi MadeinItaly","robots":{"index":"index","follow":"follow","max-snippet":"max-snippet:-1","max-image-preview":"max-image-preview:large","max-video-preview":"max-video-preview:-1"},"canonical":"https:\/\/egidimadeinitaly.com\/en\/negozio\/modern-art\/modern-work-on-paper-en\/salvador-dali-le-reve-onirique-color-lithograph\/","og_locale":"en_US","og_type":"article","og_title":"Salvador Dal\u00ec Le R\u00eave Onirique color lithograph","og_description":"*Le r\u00eave onirique*, a colour lithograph created by Salvador Dal\u00ed in 1974. The print is part of a series of illustrations dedicated to *The Thousand and One Nights*, a theme the artist had begun working on as early as the 1960s. Signed in pencil and numbered 34\/195 in the lower margin.Blind stamp of Soci\u00e9t\u00e9 d\u2019\u00c9ditions d\u2019Art Les Heures Claires, Paris in the lower left.  Salvador Dal\u00ed is one of the most famous and recognisable figures in 20th-century art. A painter, printmaker, draughtsman, sculptor, set designer and creator of images destined to become part of the collective imagination, Dal\u00ed is regarded as one of the definitive icons of Surrealism.","og_url":"https:\/\/egidimadeinitaly.com\/en\/negozio\/modern-art\/modern-work-on-paper-en\/salvador-dali-le-reve-onirique-color-lithograph\/","og_site_name":"Egidi MadeinItaly","article_publisher":"https:\/\/www.facebook.com\/egidimadeinitaly\/","article_modified_time":"2026-05-05T22:50:11+00:00","og_image":[{"width":1984,"height":1984,"url":"https:\/\/egidimadeinitaly.com\/v25\/wp-content\/uploads\/2025\/11\/Salvador-Dali-Le-reve-onirique-.jpg","type":"image\/jpeg"}],"schema":{"@context":"https:\/\/schema.org","@graph":[{"@type":"WebPage","@id":"https:\/\/egidimadeinitaly.com\/en\/negozio\/modern-art\/modern-work-on-paper-en\/salvador-dali-le-reve-onirique-color-lithograph\/","url":"https:\/\/egidimadeinitaly.com\/en\/negozio\/modern-art\/modern-work-on-paper-en\/salvador-dali-le-reve-onirique-color-lithograph\/","name":"Salvador Dal\u00ec Le R\u00eave Onirique color lithograph - Egidi MadeinItaly","isPartOf":{"@id":"https:\/\/egidimadeinitaly.com\/en\/#website"},"primaryImageOfPage":{"@id":"https:\/\/egidimadeinitaly.com\/en\/negozio\/modern-art\/modern-work-on-paper-en\/salvador-dali-le-reve-onirique-color-lithograph\/#primaryimage"},"image":{"@id":"https:\/\/egidimadeinitaly.com\/en\/negozio\/modern-art\/modern-work-on-paper-en\/salvador-dali-le-reve-onirique-color-lithograph\/#primaryimage"},"thumbnailUrl":"https:\/\/egidimadeinitaly.com\/v25\/wp-content\/uploads\/2025\/11\/Salvador-Dali-Le-reve-onirique-.jpg","datePublished":"2026-05-05T22:01:07+00:00","dateModified":"2026-05-05T22:50:11+00:00","description":"Salvador Dal\u00ed Le r\u00eave onirique, 1974 color lithograph, signed and numbered 34\/195, published by Les Heures Claires Paris for sale on Egidi MadeinItaly","breadcrumb":{"@id":"https:\/\/egidimadeinitaly.com\/en\/negozio\/modern-art\/modern-work-on-paper-en\/salvador-dali-le-reve-onirique-color-lithograph\/#breadcrumb"},"inLanguage":"en-US","potentialAction":[{"@type":"ReadAction","target":["https:\/\/egidimadeinitaly.com\/en\/negozio\/modern-art\/modern-work-on-paper-en\/salvador-dali-le-reve-onirique-color-lithograph\/"]}]},{"@type":"ImageObject","inLanguage":"en-US","@id":"https:\/\/egidimadeinitaly.com\/en\/negozio\/modern-art\/modern-work-on-paper-en\/salvador-dali-le-reve-onirique-color-lithograph\/#primaryimage","url":"https:\/\/egidimadeinitaly.com\/v25\/wp-content\/uploads\/2025\/11\/Salvador-Dali-Le-reve-onirique-.jpg","contentUrl":"https:\/\/egidimadeinitaly.com\/v25\/wp-content\/uploads\/2025\/11\/Salvador-Dali-Le-reve-onirique-.jpg","width":1984,"height":1984,"caption":"Le r\u00eave onirique, 1974, signed and numbered colour lithograph 34\/195"},{"@type":"BreadcrumbList","@id":"https:\/\/egidimadeinitaly.com\/en\/negozio\/modern-art\/modern-work-on-paper-en\/salvador-dali-le-reve-onirique-color-lithograph\/#breadcrumb","itemListElement":[{"@type":"ListItem","position":1,"name":"Home","item":"https:\/\/egidimadeinitaly.com\/en\/"},{"@type":"ListItem","position":2,"name":"Products","item":"https:\/\/egidimadeinitaly.com\/en\/shop\/"},{"@type":"ListItem","position":3,"name":"Modern art","item":"https:\/\/egidimadeinitaly.com\/en\/product-category\/modern-art\/"},{"@type":"ListItem","position":4,"name":"Modern work on paper","item":"https:\/\/egidimadeinitaly.com\/en\/product-category\/modern-art\/modern-work-on-paper-en\/"},{"@type":"ListItem","position":5,"name":"Salvador Dal\u00ec Le R\u00eave Onirique color lithograph"}]},{"@type":"WebSite","@id":"https:\/\/egidimadeinitaly.com\/en\/#website","url":"https:\/\/egidimadeinitaly.com\/en\/","name":"Egidi MadeinItaly","description":"Fine Art","potentialAction":[{"@type":"SearchAction","target":{"@type":"EntryPoint","urlTemplate":"https:\/\/egidimadeinitaly.com\/en\/?s={search_term_string}"},"query-input":{"@type":"PropertyValueSpecification","valueRequired":true,"valueName":"search_term_string"}}],"inLanguage":"en-US"}]}},"_links":{"self":[{"href":"https:\/\/egidimadeinitaly.com\/en\/wp-json\/wp\/v2\/product\/126828","targetHints":{"allow":["GET"]}}],"collection":[{"href":"https:\/\/egidimadeinitaly.com\/en\/wp-json\/wp\/v2\/product"}],"about":[{"href":"https:\/\/egidimadeinitaly.com\/en\/wp-json\/wp\/v2\/types\/product"}],"wp:featuredmedia":[{"embeddable":true,"href":"https:\/\/egidimadeinitaly.com\/en\/wp-json\/wp\/v2\/media\/126825"}],"wp:attachment":[{"href":"https:\/\/egidimadeinitaly.com\/en\/wp-json\/wp\/v2\/media?parent=126828"}],"wp:term":[{"taxonomy":"product_brand","embeddable":true,"href":"https:\/\/egidimadeinitaly.com\/en\/wp-json\/wp\/v2\/product_brand?post=126828"},{"taxonomy":"product_cat","embeddable":true,"href":"https:\/\/egidimadeinitaly.com\/en\/wp-json\/wp\/v2\/product_cat?post=126828"},{"taxonomy":"product_tag","embeddable":true,"href":"https:\/\/egidimadeinitaly.com\/en\/wp-json\/wp\/v2\/product_tag?post=126828"}],"curies":[{"name":"wp","href":"https:\/\/api.w.org\/{rel}","templated":true}]}}