{"id":126340,"date":"2025-12-16T11:31:25","date_gmt":"2025-12-16T10:31:25","guid":{"rendered":"https:\/\/egidimadeinitaly.com\/?post_type=product&#038;p=126340"},"modified":"2025-12-16T13:07:01","modified_gmt":"2025-12-16T12:07:01","slug":"salvador-dali-la-sirene","status":"publish","type":"product","link":"https:\/\/egidimadeinitaly.com\/en\/negozio\/modern-art\/modern-work-on-paper-en\/salvador-dali-la-sirene\/","title":{"rendered":"Salvador Dal\u00ed La sir\u00e8ne"},"content":{"rendered":"<div class=\"wpb-content-wrapper\"><p>[vc_row][vc_column width=&#8221;1\/1&#8243;][vc_column_text uncode_shortcode_id=&#8221;910188&#8243;]<\/p>\n<p data-start=\"4720\" data-end=\"5003\">In the 1970s, Salvador Dal\u00ed devoted considerable attention to fine art printmaking, viewing it as an essential medium for disseminating his symbolic universe. <em data-start=\"4870\" data-end=\"4881\">La sir\u00e8ne<\/em> reflects this mature phase, reinterpreting classical mythology through Freudian psychoanalysis and Surrealist aesthetics.<\/p>\n<p>[\/vc_column_text][\/vc_column][\/vc_row]<\/p>\n<\/div>","protected":false},"excerpt":{"rendered":"<p data-start=\"3865\" data-end=\"4085\"><em data-start=\"3865\" data-end=\"3876\"><strong data-start=\"3913\" data-end=\"3930\">Salvador Dal\u00ed <\/strong>La sir\u00e8ne<\/em> (The mermaid) is an original lithograph hand-signed in pencil by the genius of Surrealism, produced in the 1970s and associated with the renowned graphic series inspired by <em data-start=\"4014\" data-end=\"4038\">Les Chants de Maldoror<\/em> by <strong data-start=\"4042\" data-end=\"4084\">Isidore Ducasse (Comte de Lautr\u00e9amont)<\/strong>.<\/p>\n<p data-start=\"4087\" data-end=\"4410\">The composition depicts a nude female figure, conceived as a siren, suspended between sensual presence and dreamlike dissolution. Her torso rises above a vividly colored rocky arch framing a calm, timeless seascape. An archaic vessel crosses the water, while small human figures on the shore function as symbolic presences.<\/p>\n<p data-start=\"4412\" data-end=\"4684\">Salvador Dal\u00ed orchestrates a refined dialogue between <strong data-start=\"4457\" data-end=\"4494\">myth, desire, and the unconscious<\/strong>, merging body and landscape through his paranoiac-critical method. The tension between delicate graphic lines and intense chromatic passages defines the elegance of his mature graphic work.<\/p>\n","protected":false},"featured_media":126318,"template":"","meta":{"_acf_changed":false},"product_brand":[],"product_cat":[6376,6413],"product_tag":[6765],"class_list":{"0":"post-126340","1":"product","2":"type-product","3":"status-publish","4":"has-post-thumbnail","6":"product_cat-modern-art","7":"product_cat-modern-work-on-paper-en","8":"product_tag-surrealismo","10":"first","11":"outofstock","12":"taxable","13":"shipping-taxable","14":"product-type-simple"},"acf":[],"yoast_head":"<!-- This site is optimized with the Yoast SEO Premium plugin v27.3 (Yoast SEO v27.4) - https:\/\/yoast.com\/product\/yoast-seo-premium-wordpress\/ -->\n<title>Salvador Dal\u00ed La sir\u00e8ne - Egidi MadeinItaly<\/title>\n<meta name=\"description\" content=\"Salvador Dali La sir\u00e8ne (the mermaid) Original signed lithograph 1970s surrealist artwork i nspired by Les Chants de Maldoror by le Comte de Lautr\u00e9amont\" \/>\n<meta name=\"robots\" content=\"index, follow, max-snippet:-1, max-image-preview:large, max-video-preview:-1\" \/>\n<link rel=\"canonical\" href=\"https:\/\/egidimadeinitaly.com\/en\/negozio\/modern-art\/modern-work-on-paper-en\/salvador-dali-la-sirene\/\" \/>\n<meta property=\"og:locale\" content=\"en_US\" \/>\n<meta property=\"og:type\" content=\"article\" \/>\n<meta property=\"og:title\" content=\"Salvador Dal\u00ed La sir\u00e8ne\" \/>\n<meta property=\"og:description\" content=\"Salvador Dal\u00ed La sir\u00e8ne (The mermaid) is an original lithograph hand-signed in pencil by the genius of Surrealism, produced in the 1970s and associated with the renowned graphic series inspired by Les Chants de Maldoror by Isidore Ducasse (Comte de Lautr\u00e9amont). The composition depicts a nude female figure, conceived as a siren, suspended between sensual presence and dreamlike dissolution. Her torso rises above a vividly colored rocky arch framing a calm, timeless seascape. An archaic vessel crosses the water, while small human figures on the shore function as symbolic presences. Salvador Dal\u00ed orchestrates a refined dialogue between myth, desire, and the unconscious, merging body and landscape through his paranoiac-critical method. The tension between delicate graphic lines and intense chromatic passages defines the elegance of his mature graphic work.\" \/>\n<meta property=\"og:url\" content=\"https:\/\/egidimadeinitaly.com\/en\/negozio\/modern-art\/modern-work-on-paper-en\/salvador-dali-la-sirene\/\" \/>\n<meta property=\"og:site_name\" content=\"Egidi MadeinItaly\" \/>\n<meta property=\"article:publisher\" content=\"https:\/\/www.facebook.com\/egidimadeinitaly\/\" \/>\n<meta property=\"article:modified_time\" content=\"2025-12-16T12:07:01+00:00\" \/>\n<meta property=\"og:image\" content=\"https:\/\/egidimadeinitaly.com\/v25\/wp-content\/uploads\/2025\/12\/salvator-dali-la-sirene-dettaglio-firma.jpg\" \/>\n\t<meta property=\"og:image:width\" content=\"1984\" \/>\n\t<meta property=\"og:image:height\" content=\"1984\" \/>\n\t<meta property=\"og:image:type\" content=\"image\/jpeg\" \/>\n<script type=\"application\/ld+json\" class=\"yoast-schema-graph\">{\"@context\":\"https:\\\/\\\/schema.org\",\"@graph\":[{\"@type\":\"WebPage\",\"@id\":\"https:\\\/\\\/egidimadeinitaly.com\\\/en\\\/negozio\\\/modern-art\\\/modern-work-on-paper-en\\\/salvador-dali-la-sirene\\\/\",\"url\":\"https:\\\/\\\/egidimadeinitaly.com\\\/en\\\/negozio\\\/modern-art\\\/modern-work-on-paper-en\\\/salvador-dali-la-sirene\\\/\",\"name\":\"Salvador Dal\u00ed La sir\u00e8ne - Egidi MadeinItaly\",\"isPartOf\":{\"@id\":\"https:\\\/\\\/egidimadeinitaly.com\\\/en\\\/#website\"},\"primaryImageOfPage\":{\"@id\":\"https:\\\/\\\/egidimadeinitaly.com\\\/en\\\/negozio\\\/modern-art\\\/modern-work-on-paper-en\\\/salvador-dali-la-sirene\\\/#primaryimage\"},\"image\":{\"@id\":\"https:\\\/\\\/egidimadeinitaly.com\\\/en\\\/negozio\\\/modern-art\\\/modern-work-on-paper-en\\\/salvador-dali-la-sirene\\\/#primaryimage\"},\"thumbnailUrl\":\"https:\\\/\\\/egidimadeinitaly.com\\\/v25\\\/wp-content\\\/uploads\\\/2025\\\/12\\\/salvator-dali-la-sirene-dettaglio-firma.jpg\",\"datePublished\":\"2025-12-16T10:31:25+00:00\",\"dateModified\":\"2025-12-16T12:07:01+00:00\",\"description\":\"Salvador Dali La sir\u00e8ne (the mermaid) Original signed lithograph 1970s surrealist artwork i nspired by Les Chants de Maldoror by le Comte de Lautr\u00e9amont\",\"breadcrumb\":{\"@id\":\"https:\\\/\\\/egidimadeinitaly.com\\\/en\\\/negozio\\\/modern-art\\\/modern-work-on-paper-en\\\/salvador-dali-la-sirene\\\/#breadcrumb\"},\"inLanguage\":\"en-US\",\"potentialAction\":[{\"@type\":\"ReadAction\",\"target\":[\"https:\\\/\\\/egidimadeinitaly.com\\\/en\\\/negozio\\\/modern-art\\\/modern-work-on-paper-en\\\/salvador-dali-la-sirene\\\/\"]}]},{\"@type\":\"ImageObject\",\"inLanguage\":\"en-US\",\"@id\":\"https:\\\/\\\/egidimadeinitaly.com\\\/en\\\/negozio\\\/modern-art\\\/modern-work-on-paper-en\\\/salvador-dali-la-sirene\\\/#primaryimage\",\"url\":\"https:\\\/\\\/egidimadeinitaly.com\\\/v25\\\/wp-content\\\/uploads\\\/2025\\\/12\\\/salvator-dali-la-sirene-dettaglio-firma.jpg\",\"contentUrl\":\"https:\\\/\\\/egidimadeinitaly.com\\\/v25\\\/wp-content\\\/uploads\\\/2025\\\/12\\\/salvator-dali-la-sirene-dettaglio-firma.jpg\",\"width\":1984,\"height\":1984,\"caption\":\"Dettaglio ravvicinato della firma a matita di Salvador Dal\u00ed sulla litografia \\\"La Sirene\\\", con accenni al paesaggio multicolore surrealista in basso\"},{\"@type\":\"BreadcrumbList\",\"@id\":\"https:\\\/\\\/egidimadeinitaly.com\\\/en\\\/negozio\\\/modern-art\\\/modern-work-on-paper-en\\\/salvador-dali-la-sirene\\\/#breadcrumb\",\"itemListElement\":[{\"@type\":\"ListItem\",\"position\":1,\"name\":\"Home\",\"item\":\"https:\\\/\\\/egidimadeinitaly.com\\\/en\\\/\"},{\"@type\":\"ListItem\",\"position\":2,\"name\":\"Products\",\"item\":\"https:\\\/\\\/egidimadeinitaly.com\\\/en\\\/shop\\\/\"},{\"@type\":\"ListItem\",\"position\":3,\"name\":\"Modern art\",\"item\":\"https:\\\/\\\/egidimadeinitaly.com\\\/en\\\/product-category\\\/modern-art\\\/\"},{\"@type\":\"ListItem\",\"position\":4,\"name\":\"Modern work on paper\",\"item\":\"https:\\\/\\\/egidimadeinitaly.com\\\/en\\\/product-category\\\/modern-art\\\/modern-work-on-paper-en\\\/\"},{\"@type\":\"ListItem\",\"position\":5,\"name\":\"Salvador Dal\u00ed La sir\u00e8ne\"}]},{\"@type\":\"WebSite\",\"@id\":\"https:\\\/\\\/egidimadeinitaly.com\\\/en\\\/#website\",\"url\":\"https:\\\/\\\/egidimadeinitaly.com\\\/en\\\/\",\"name\":\"Egidi MadeinItaly\",\"description\":\"Fine Art\",\"potentialAction\":[{\"@type\":\"SearchAction\",\"target\":{\"@type\":\"EntryPoint\",\"urlTemplate\":\"https:\\\/\\\/egidimadeinitaly.com\\\/en\\\/?s={search_term_string}\"},\"query-input\":{\"@type\":\"PropertyValueSpecification\",\"valueRequired\":true,\"valueName\":\"search_term_string\"}}],\"inLanguage\":\"en-US\"}]}<\/script>\n<!-- \/ Yoast SEO Premium plugin. -->","yoast_head_json":{"title":"Salvador Dal\u00ed La sir\u00e8ne - Egidi MadeinItaly","description":"Salvador Dali La sir\u00e8ne (the mermaid) Original signed lithograph 1970s surrealist artwork i nspired by Les Chants de Maldoror by le Comte de Lautr\u00e9amont","robots":{"index":"index","follow":"follow","max-snippet":"max-snippet:-1","max-image-preview":"max-image-preview:large","max-video-preview":"max-video-preview:-1"},"canonical":"https:\/\/egidimadeinitaly.com\/en\/negozio\/modern-art\/modern-work-on-paper-en\/salvador-dali-la-sirene\/","og_locale":"en_US","og_type":"article","og_title":"Salvador Dal\u00ed La sir\u00e8ne","og_description":"Salvador Dal\u00ed La sir\u00e8ne (The mermaid) is an original lithograph hand-signed in pencil by the genius of Surrealism, produced in the 1970s and associated with the renowned graphic series inspired by Les Chants de Maldoror by Isidore Ducasse (Comte de Lautr\u00e9amont). The composition depicts a nude female figure, conceived as a siren, suspended between sensual presence and dreamlike dissolution. Her torso rises above a vividly colored rocky arch framing a calm, timeless seascape. An archaic vessel crosses the water, while small human figures on the shore function as symbolic presences. Salvador Dal\u00ed orchestrates a refined dialogue between myth, desire, and the unconscious, merging body and landscape through his paranoiac-critical method. The tension between delicate graphic lines and intense chromatic passages defines the elegance of his mature graphic work.","og_url":"https:\/\/egidimadeinitaly.com\/en\/negozio\/modern-art\/modern-work-on-paper-en\/salvador-dali-la-sirene\/","og_site_name":"Egidi MadeinItaly","article_publisher":"https:\/\/www.facebook.com\/egidimadeinitaly\/","article_modified_time":"2025-12-16T12:07:01+00:00","og_image":[{"width":1984,"height":1984,"url":"https:\/\/egidimadeinitaly.com\/v25\/wp-content\/uploads\/2025\/12\/salvator-dali-la-sirene-dettaglio-firma.jpg","type":"image\/jpeg"}],"schema":{"@context":"https:\/\/schema.org","@graph":[{"@type":"WebPage","@id":"https:\/\/egidimadeinitaly.com\/en\/negozio\/modern-art\/modern-work-on-paper-en\/salvador-dali-la-sirene\/","url":"https:\/\/egidimadeinitaly.com\/en\/negozio\/modern-art\/modern-work-on-paper-en\/salvador-dali-la-sirene\/","name":"Salvador Dal\u00ed La sir\u00e8ne - Egidi MadeinItaly","isPartOf":{"@id":"https:\/\/egidimadeinitaly.com\/en\/#website"},"primaryImageOfPage":{"@id":"https:\/\/egidimadeinitaly.com\/en\/negozio\/modern-art\/modern-work-on-paper-en\/salvador-dali-la-sirene\/#primaryimage"},"image":{"@id":"https:\/\/egidimadeinitaly.com\/en\/negozio\/modern-art\/modern-work-on-paper-en\/salvador-dali-la-sirene\/#primaryimage"},"thumbnailUrl":"https:\/\/egidimadeinitaly.com\/v25\/wp-content\/uploads\/2025\/12\/salvator-dali-la-sirene-dettaglio-firma.jpg","datePublished":"2025-12-16T10:31:25+00:00","dateModified":"2025-12-16T12:07:01+00:00","description":"Salvador Dali La sir\u00e8ne (the mermaid) Original signed lithograph 1970s surrealist artwork i nspired by Les Chants de Maldoror by le Comte de Lautr\u00e9amont","breadcrumb":{"@id":"https:\/\/egidimadeinitaly.com\/en\/negozio\/modern-art\/modern-work-on-paper-en\/salvador-dali-la-sirene\/#breadcrumb"},"inLanguage":"en-US","potentialAction":[{"@type":"ReadAction","target":["https:\/\/egidimadeinitaly.com\/en\/negozio\/modern-art\/modern-work-on-paper-en\/salvador-dali-la-sirene\/"]}]},{"@type":"ImageObject","inLanguage":"en-US","@id":"https:\/\/egidimadeinitaly.com\/en\/negozio\/modern-art\/modern-work-on-paper-en\/salvador-dali-la-sirene\/#primaryimage","url":"https:\/\/egidimadeinitaly.com\/v25\/wp-content\/uploads\/2025\/12\/salvator-dali-la-sirene-dettaglio-firma.jpg","contentUrl":"https:\/\/egidimadeinitaly.com\/v25\/wp-content\/uploads\/2025\/12\/salvator-dali-la-sirene-dettaglio-firma.jpg","width":1984,"height":1984,"caption":"Dettaglio ravvicinato della firma a matita di Salvador Dal\u00ed sulla litografia \"La Sirene\", con accenni al paesaggio multicolore surrealista in basso"},{"@type":"BreadcrumbList","@id":"https:\/\/egidimadeinitaly.com\/en\/negozio\/modern-art\/modern-work-on-paper-en\/salvador-dali-la-sirene\/#breadcrumb","itemListElement":[{"@type":"ListItem","position":1,"name":"Home","item":"https:\/\/egidimadeinitaly.com\/en\/"},{"@type":"ListItem","position":2,"name":"Products","item":"https:\/\/egidimadeinitaly.com\/en\/shop\/"},{"@type":"ListItem","position":3,"name":"Modern art","item":"https:\/\/egidimadeinitaly.com\/en\/product-category\/modern-art\/"},{"@type":"ListItem","position":4,"name":"Modern work on paper","item":"https:\/\/egidimadeinitaly.com\/en\/product-category\/modern-art\/modern-work-on-paper-en\/"},{"@type":"ListItem","position":5,"name":"Salvador Dal\u00ed La sir\u00e8ne"}]},{"@type":"WebSite","@id":"https:\/\/egidimadeinitaly.com\/en\/#website","url":"https:\/\/egidimadeinitaly.com\/en\/","name":"Egidi MadeinItaly","description":"Fine Art","potentialAction":[{"@type":"SearchAction","target":{"@type":"EntryPoint","urlTemplate":"https:\/\/egidimadeinitaly.com\/en\/?s={search_term_string}"},"query-input":{"@type":"PropertyValueSpecification","valueRequired":true,"valueName":"search_term_string"}}],"inLanguage":"en-US"}]}},"_links":{"self":[{"href":"https:\/\/egidimadeinitaly.com\/en\/wp-json\/wp\/v2\/product\/126340","targetHints":{"allow":["GET"]}}],"collection":[{"href":"https:\/\/egidimadeinitaly.com\/en\/wp-json\/wp\/v2\/product"}],"about":[{"href":"https:\/\/egidimadeinitaly.com\/en\/wp-json\/wp\/v2\/types\/product"}],"wp:featuredmedia":[{"embeddable":true,"href":"https:\/\/egidimadeinitaly.com\/en\/wp-json\/wp\/v2\/media\/126318"}],"wp:attachment":[{"href":"https:\/\/egidimadeinitaly.com\/en\/wp-json\/wp\/v2\/media?parent=126340"}],"wp:term":[{"taxonomy":"product_brand","embeddable":true,"href":"https:\/\/egidimadeinitaly.com\/en\/wp-json\/wp\/v2\/product_brand?post=126340"},{"taxonomy":"product_cat","embeddable":true,"href":"https:\/\/egidimadeinitaly.com\/en\/wp-json\/wp\/v2\/product_cat?post=126340"},{"taxonomy":"product_tag","embeddable":true,"href":"https:\/\/egidimadeinitaly.com\/en\/wp-json\/wp\/v2\/product_tag?post=126340"}],"curies":[{"name":"wp","href":"https:\/\/api.w.org\/{rel}","templated":true}]}}