{"id":119905,"date":"2024-10-28T09:49:40","date_gmt":"2024-10-28T08:49:40","guid":{"rendered":"https:\/\/egidimadeinitaly.com\/?post_type=product&#038;p=119905"},"modified":"2024-10-28T10:06:30","modified_gmt":"2024-10-28T09:06:30","slug":"tomas-martin-rebollo-work","status":"publish","type":"product","link":"https:\/\/egidimadeinitaly.com\/en\/negozio\/antique-art\/old-master-painting-en\/tomas-martin-rebollo-work\/","title":{"rendered":"Tomas Mart\u00edn Rebollo Work"},"content":{"rendered":"<p>The work is enriched by a beautiful ebonized wood frame <em>\u00e0 guilloch\u00e9e<\/em>.<\/p>\n","protected":false},"excerpt":{"rendered":"<p>Panel depicting a popular pilgrimage, signed by <strong>Tom\u00e1s Mart\u00edn Rebollo<\/strong> (Granada, 1858 &#8211; Madrid, 1919), a painter from Granada who began with still life and, after discovering the work of Mariano Fortuny, moved on to popular scenes. The back of the work bears inventory number 47, the painter&#8217;s signature and the title &#8216;<em>Una romeria<\/em>&#8216;.<\/p>\n","protected":false},"featured_media":119900,"template":"","meta":{"_acf_changed":false},"product_brand":[],"product_cat":[6373,6407],"product_tag":[],"class_list":{"0":"post-119905","1":"product","2":"type-product","3":"status-publish","4":"has-post-thumbnail","6":"product_cat-antique-art","7":"product_cat-old-master-painting-en","9":"first","10":"outofstock","11":"taxable","12":"shipping-taxable","13":"product-type-simple"},"acf":[],"yoast_head":"<!-- This site is optimized with the Yoast SEO Premium plugin v27.5 (Yoast SEO v27.5) - https:\/\/yoast.com\/product\/yoast-seo-premium-wordpress\/ -->\n<title>Tomas Mart\u00edn Rebollo Work - Egidi MadeinItaly<\/title>\n<meta name=\"description\" content=\"Panel depicting a popular pilgrimage signed by Tom\u00e1s Mart\u00edn Rebollo a painter from Granada Late 19th century for sale on Egidi MadeinItaly\" \/>\n<meta name=\"robots\" content=\"index, follow, max-snippet:-1, max-image-preview:large, max-video-preview:-1\" \/>\n<link rel=\"canonical\" href=\"https:\/\/egidimadeinitaly.com\/en\/product\/antique-art\/old-master-painting-en\/tomas-martin-rebollo-work\/\" \/>\n<meta property=\"og:locale\" content=\"en_US\" \/>\n<meta property=\"og:type\" content=\"article\" \/>\n<meta property=\"og:title\" content=\"Tomas Mart\u00edn Rebollo Work\" \/>\n<meta property=\"og:description\" content=\"Panel depicting a popular pilgrimage, signed by Tom\u00e1s Mart\u00edn Rebollo (Granada, 1858 - Madrid, 1919), a painter from Granada who began with still life and, after discovering the work of Mariano Fortuny, moved on to popular scenes. The back of the work bears inventory number 47, the painter&#039;s signature and the title &#039;Una romeria&#039;.\" \/>\n<meta property=\"og:url\" content=\"https:\/\/egidimadeinitaly.com\/en\/product\/antique-art\/old-master-painting-en\/tomas-martin-rebollo-work\/\" \/>\n<meta property=\"og:site_name\" content=\"Egidi MadeinItaly\" \/>\n<meta property=\"article:publisher\" content=\"https:\/\/www.facebook.com\/egidimadeinitaly\/\" \/>\n<meta property=\"article:modified_time\" content=\"2024-10-28T09:06:30+00:00\" \/>\n<meta property=\"og:image\" content=\"https:\/\/egidimadeinitaly.com\/v25\/wp-content\/uploads\/2024\/10\/tomas-martin-rebollo-Scampagnata-scaled.webp\" \/>\n\t<meta property=\"og:image:width\" content=\"2560\" \/>\n\t<meta property=\"og:image:height\" content=\"2560\" \/>\n\t<meta property=\"og:image:type\" content=\"image\/webp\" \/>\n<script type=\"application\/ld+json\" class=\"yoast-schema-graph\">{\"@context\":\"https:\\\/\\\/schema.org\",\"@graph\":[{\"@type\":\"WebPage\",\"@id\":\"https:\\\/\\\/egidimadeinitaly.com\\\/en\\\/negozio\\\/antique-art\\\/old-master-painting-en\\\/tomas-martin-rebollo-work\\\/\",\"url\":\"https:\\\/\\\/egidimadeinitaly.com\\\/en\\\/product\\\/antique-art\\\/old-master-painting-en\\\/tomas-martin-rebollo-work\\\/\",\"name\":\"Tomas Mart\u00edn Rebollo Work - Egidi MadeinItaly\",\"isPartOf\":{\"@id\":\"https:\\\/\\\/egidimadeinitaly.com\\\/en\\\/#website\"},\"primaryImageOfPage\":{\"@id\":\"https:\\\/\\\/egidimadeinitaly.com\\\/en\\\/product\\\/antique-art\\\/old-master-painting-en\\\/tomas-martin-rebollo-work\\\/#primaryimage\"},\"image\":{\"@id\":\"https:\\\/\\\/egidimadeinitaly.com\\\/en\\\/product\\\/antique-art\\\/old-master-painting-en\\\/tomas-martin-rebollo-work\\\/#primaryimage\"},\"thumbnailUrl\":\"https:\\\/\\\/egidimadeinitaly.com\\\/v25\\\/wp-content\\\/uploads\\\/2024\\\/10\\\/tomas-martin-rebollo-Scampagnata-scaled.webp\",\"datePublished\":\"2024-10-28T08:49:40+00:00\",\"dateModified\":\"2024-10-28T09:06:30+00:00\",\"description\":\"Panel depicting a popular pilgrimage signed by Tom\u00e1s Mart\u00edn Rebollo a painter from Granada Late 19th century for sale on Egidi MadeinItaly\",\"breadcrumb\":{\"@id\":\"https:\\\/\\\/egidimadeinitaly.com\\\/en\\\/product\\\/antique-art\\\/old-master-painting-en\\\/tomas-martin-rebollo-work\\\/#breadcrumb\"},\"inLanguage\":\"en-US\",\"potentialAction\":[{\"@type\":\"ReadAction\",\"target\":[\"https:\\\/\\\/egidimadeinitaly.com\\\/en\\\/product\\\/antique-art\\\/old-master-painting-en\\\/tomas-martin-rebollo-work\\\/\"]}]},{\"@type\":\"ImageObject\",\"inLanguage\":\"en-US\",\"@id\":\"https:\\\/\\\/egidimadeinitaly.com\\\/en\\\/product\\\/antique-art\\\/old-master-painting-en\\\/tomas-martin-rebollo-work\\\/#primaryimage\",\"url\":\"https:\\\/\\\/egidimadeinitaly.com\\\/v25\\\/wp-content\\\/uploads\\\/2024\\\/10\\\/tomas-martin-rebollo-Scampagnata-scaled.webp\",\"contentUrl\":\"https:\\\/\\\/egidimadeinitaly.com\\\/v25\\\/wp-content\\\/uploads\\\/2024\\\/10\\\/tomas-martin-rebollo-Scampagnata-scaled.webp\",\"width\":2560,\"height\":2560,\"caption\":\"Popular pilgrimage\"},{\"@type\":\"BreadcrumbList\",\"@id\":\"https:\\\/\\\/egidimadeinitaly.com\\\/en\\\/product\\\/antique-art\\\/old-master-painting-en\\\/tomas-martin-rebollo-work\\\/#breadcrumb\",\"itemListElement\":[{\"@type\":\"ListItem\",\"position\":1,\"name\":\"Home\",\"item\":\"https:\\\/\\\/egidimadeinitaly.com\\\/en\\\/\"},{\"@type\":\"ListItem\",\"position\":2,\"name\":\"Products\",\"item\":\"https:\\\/\\\/egidimadeinitaly.com\\\/en\\\/shop\\\/\"},{\"@type\":\"ListItem\",\"position\":3,\"name\":\"Antique art\",\"item\":\"https:\\\/\\\/egidimadeinitaly.com\\\/en\\\/product-category\\\/antique-art\\\/\"},{\"@type\":\"ListItem\",\"position\":4,\"name\":\"Old master painting\",\"item\":\"https:\\\/\\\/egidimadeinitaly.com\\\/en\\\/product-category\\\/antique-art\\\/old-master-painting-en\\\/\"},{\"@type\":\"ListItem\",\"position\":5,\"name\":\"Tomas Mart\u00edn Rebollo Work\"}]},{\"@type\":\"WebSite\",\"@id\":\"https:\\\/\\\/egidimadeinitaly.com\\\/en\\\/#website\",\"url\":\"https:\\\/\\\/egidimadeinitaly.com\\\/en\\\/\",\"name\":\"Egidi MadeinItaly\",\"description\":\"Fine Art\",\"potentialAction\":[{\"@type\":\"SearchAction\",\"target\":{\"@type\":\"EntryPoint\",\"urlTemplate\":\"https:\\\/\\\/egidimadeinitaly.com\\\/en\\\/?s={search_term_string}\"},\"query-input\":{\"@type\":\"PropertyValueSpecification\",\"valueRequired\":true,\"valueName\":\"search_term_string\"}}],\"inLanguage\":\"en-US\"}]}<\/script>\n<!-- \/ Yoast SEO Premium plugin. -->","yoast_head_json":{"title":"Tomas Mart\u00edn Rebollo Work - Egidi MadeinItaly","description":"Panel depicting a popular pilgrimage signed by Tom\u00e1s Mart\u00edn Rebollo a painter from Granada Late 19th century for sale on Egidi MadeinItaly","robots":{"index":"index","follow":"follow","max-snippet":"max-snippet:-1","max-image-preview":"max-image-preview:large","max-video-preview":"max-video-preview:-1"},"canonical":"https:\/\/egidimadeinitaly.com\/en\/product\/antique-art\/old-master-painting-en\/tomas-martin-rebollo-work\/","og_locale":"en_US","og_type":"article","og_title":"Tomas Mart\u00edn Rebollo Work","og_description":"Panel depicting a popular pilgrimage, signed by Tom\u00e1s Mart\u00edn Rebollo (Granada, 1858 - Madrid, 1919), a painter from Granada who began with still life and, after discovering the work of Mariano Fortuny, moved on to popular scenes. The back of the work bears inventory number 47, the painter's signature and the title 'Una romeria'.","og_url":"https:\/\/egidimadeinitaly.com\/en\/product\/antique-art\/old-master-painting-en\/tomas-martin-rebollo-work\/","og_site_name":"Egidi MadeinItaly","article_publisher":"https:\/\/www.facebook.com\/egidimadeinitaly\/","article_modified_time":"2024-10-28T09:06:30+00:00","og_image":[{"width":2560,"height":2560,"url":"https:\/\/egidimadeinitaly.com\/v25\/wp-content\/uploads\/2024\/10\/tomas-martin-rebollo-Scampagnata-scaled.webp","type":"image\/webp"}],"schema":{"@context":"https:\/\/schema.org","@graph":[{"@type":"WebPage","@id":"https:\/\/egidimadeinitaly.com\/en\/negozio\/antique-art\/old-master-painting-en\/tomas-martin-rebollo-work\/","url":"https:\/\/egidimadeinitaly.com\/en\/product\/antique-art\/old-master-painting-en\/tomas-martin-rebollo-work\/","name":"Tomas Mart\u00edn Rebollo Work - Egidi MadeinItaly","isPartOf":{"@id":"https:\/\/egidimadeinitaly.com\/en\/#website"},"primaryImageOfPage":{"@id":"https:\/\/egidimadeinitaly.com\/en\/product\/antique-art\/old-master-painting-en\/tomas-martin-rebollo-work\/#primaryimage"},"image":{"@id":"https:\/\/egidimadeinitaly.com\/en\/product\/antique-art\/old-master-painting-en\/tomas-martin-rebollo-work\/#primaryimage"},"thumbnailUrl":"https:\/\/egidimadeinitaly.com\/v25\/wp-content\/uploads\/2024\/10\/tomas-martin-rebollo-Scampagnata-scaled.webp","datePublished":"2024-10-28T08:49:40+00:00","dateModified":"2024-10-28T09:06:30+00:00","description":"Panel depicting a popular pilgrimage signed by Tom\u00e1s Mart\u00edn Rebollo a painter from Granada Late 19th century for sale on Egidi MadeinItaly","breadcrumb":{"@id":"https:\/\/egidimadeinitaly.com\/en\/product\/antique-art\/old-master-painting-en\/tomas-martin-rebollo-work\/#breadcrumb"},"inLanguage":"en-US","potentialAction":[{"@type":"ReadAction","target":["https:\/\/egidimadeinitaly.com\/en\/product\/antique-art\/old-master-painting-en\/tomas-martin-rebollo-work\/"]}]},{"@type":"ImageObject","inLanguage":"en-US","@id":"https:\/\/egidimadeinitaly.com\/en\/product\/antique-art\/old-master-painting-en\/tomas-martin-rebollo-work\/#primaryimage","url":"https:\/\/egidimadeinitaly.com\/v25\/wp-content\/uploads\/2024\/10\/tomas-martin-rebollo-Scampagnata-scaled.webp","contentUrl":"https:\/\/egidimadeinitaly.com\/v25\/wp-content\/uploads\/2024\/10\/tomas-martin-rebollo-Scampagnata-scaled.webp","width":2560,"height":2560,"caption":"Popular pilgrimage"},{"@type":"BreadcrumbList","@id":"https:\/\/egidimadeinitaly.com\/en\/product\/antique-art\/old-master-painting-en\/tomas-martin-rebollo-work\/#breadcrumb","itemListElement":[{"@type":"ListItem","position":1,"name":"Home","item":"https:\/\/egidimadeinitaly.com\/en\/"},{"@type":"ListItem","position":2,"name":"Products","item":"https:\/\/egidimadeinitaly.com\/en\/shop\/"},{"@type":"ListItem","position":3,"name":"Antique art","item":"https:\/\/egidimadeinitaly.com\/en\/product-category\/antique-art\/"},{"@type":"ListItem","position":4,"name":"Old master painting","item":"https:\/\/egidimadeinitaly.com\/en\/product-category\/antique-art\/old-master-painting-en\/"},{"@type":"ListItem","position":5,"name":"Tomas Mart\u00edn Rebollo Work"}]},{"@type":"WebSite","@id":"https:\/\/egidimadeinitaly.com\/en\/#website","url":"https:\/\/egidimadeinitaly.com\/en\/","name":"Egidi MadeinItaly","description":"Fine Art","potentialAction":[{"@type":"SearchAction","target":{"@type":"EntryPoint","urlTemplate":"https:\/\/egidimadeinitaly.com\/en\/?s={search_term_string}"},"query-input":{"@type":"PropertyValueSpecification","valueRequired":true,"valueName":"search_term_string"}}],"inLanguage":"en-US"}]}},"_links":{"self":[{"href":"https:\/\/egidimadeinitaly.com\/en\/wp-json\/wp\/v2\/product\/119905","targetHints":{"allow":["GET"]}}],"collection":[{"href":"https:\/\/egidimadeinitaly.com\/en\/wp-json\/wp\/v2\/product"}],"about":[{"href":"https:\/\/egidimadeinitaly.com\/en\/wp-json\/wp\/v2\/types\/product"}],"wp:featuredmedia":[{"embeddable":true,"href":"https:\/\/egidimadeinitaly.com\/en\/wp-json\/wp\/v2\/media\/119900"}],"wp:attachment":[{"href":"https:\/\/egidimadeinitaly.com\/en\/wp-json\/wp\/v2\/media?parent=119905"}],"wp:term":[{"taxonomy":"product_brand","embeddable":true,"href":"https:\/\/egidimadeinitaly.com\/en\/wp-json\/wp\/v2\/product_brand?post=119905"},{"taxonomy":"product_cat","embeddable":true,"href":"https:\/\/egidimadeinitaly.com\/en\/wp-json\/wp\/v2\/product_cat?post=119905"},{"taxonomy":"product_tag","embeddable":true,"href":"https:\/\/egidimadeinitaly.com\/en\/wp-json\/wp\/v2\/product_tag?post=119905"}],"curies":[{"name":"wp","href":"https:\/\/api.w.org\/{rel}","templated":true}]}}