{"id":117044,"date":"2023-12-05T17:41:35","date_gmt":"2023-12-05T16:41:35","guid":{"rendered":"https:\/\/egidimadeinitaly.com\/?post_type=product&#038;p=117044"},"modified":"2023-12-21T10:24:55","modified_gmt":"2023-12-21T09:24:55","slug":"nino-caffe-painting","status":"publish","type":"product","link":"https:\/\/egidimadeinitaly.com\/en\/negozio\/modern-art\/modern-work-on-paper-en\/nino-caffe-painting\/","title":{"rendered":"Nino Caff\u00e8 painting"},"content":{"rendered":"<p><strong>Nino Caff\u00e8<\/strong> (1909\u20131975) painter, engraver.<br \/>\nIn 1938, he took part in the Venice Biennale.<\/p>\n<p>He spent the war period in Urbino. His house was across from the Cathedral and from the window he could see seminarians, who became his young priests.<\/p>\n<p>They would be his favorite subject to paint, earning <strong>him the nickname, the painter of priests<\/strong>.<\/p>\n","protected":false},"excerpt":{"rendered":"<p><strong>Nino Caff\u00e8<\/strong>, painting on paper, mixed media.<\/p>\n<p>Vestizione di un pretino (Vestments of a Young Priest)<br \/>\nSigned bottom center: Caff\u00e8.<\/p>\n<p>The piece&#8217;s measurements including the frame are inch 18 \u00b9\/\u2082 x 11 \u00b9\/\u2082<\/p>\n<p>Young priests in 1950s Rome were one of Nino Caff\u00e8&#8217;s favorite painting subjects.<\/p>\n","protected":false},"featured_media":117022,"template":"","meta":{"_acf_changed":false},"product_brand":[],"product_cat":[6376,6413],"product_tag":[],"class_list":{"0":"post-117044","1":"product","2":"type-product","3":"status-publish","4":"has-post-thumbnail","6":"product_cat-modern-art","7":"product_cat-modern-work-on-paper-en","9":"first","10":"instock","11":"taxable","12":"shipping-taxable","13":"product-type-simple"},"acf":[],"yoast_head":"<!-- This site is optimized with the Yoast SEO Premium plugin v27.3 (Yoast SEO v27.4) - https:\/\/yoast.com\/product\/yoast-seo-premium-wordpress\/ -->\n<title>Nino Caff\u00e8 painting - Egidi MadeinItaly<\/title>\n<meta name=\"description\" content=\"Nino Caff\u00e8 Mixed media on paper depicting vestments of a young priest. this very recurring subject to the artist is for sale on Egidi MadeinItaly\" \/>\n<meta name=\"robots\" content=\"index, follow, max-snippet:-1, max-image-preview:large, max-video-preview:-1\" \/>\n<link rel=\"canonical\" href=\"https:\/\/egidimadeinitaly.com\/en\/product\/modern-art\/modern-work-on-paper-en\/nino-caffe-painting\/\" \/>\n<meta property=\"og:locale\" content=\"en_US\" \/>\n<meta property=\"og:type\" content=\"article\" \/>\n<meta property=\"og:title\" content=\"Nino Caff\u00e8 painting\" \/>\n<meta property=\"og:description\" content=\"Nino Caff\u00e8, painting on paper, mixed media.  Vestizione di un pretino (Vestments of a Young Priest) Signed bottom center: Caff\u00e8.  The piece&#039;s measurements including the frame are inch 18 \u00b9\/\u2082 x 11 \u00b9\/\u2082  Young priests in 1950s Rome were one of Nino Caff\u00e8&#039;s favorite painting subjects.\" \/>\n<meta property=\"og:url\" content=\"https:\/\/egidimadeinitaly.com\/en\/product\/modern-art\/modern-work-on-paper-en\/nino-caffe-painting\/\" \/>\n<meta property=\"og:site_name\" content=\"Egidi MadeinItaly\" \/>\n<meta property=\"article:publisher\" content=\"https:\/\/www.facebook.com\/egidimadeinitaly\/\" \/>\n<meta property=\"article:modified_time\" content=\"2023-12-21T09:24:55+00:00\" \/>\n<meta property=\"og:image\" content=\"https:\/\/egidimadeinitaly.com\/wp-content\/uploads\/2023\/12\/Nino-Caffe-dipinto-scaled-e1704119937317.jpg\" \/>\n\t<meta property=\"og:image:width\" content=\"900\" \/>\n\t<meta property=\"og:image:height\" content=\"900\" \/>\n\t<meta property=\"og:image:type\" content=\"image\/jpeg\" \/>\n<script type=\"application\/ld+json\" class=\"yoast-schema-graph\">{\"@context\":\"https:\\\/\\\/schema.org\",\"@graph\":[{\"@type\":\"WebPage\",\"@id\":\"https:\\\/\\\/egidimadeinitaly.com\\\/en\\\/negozio\\\/modern-art\\\/modern-work-on-paper-en\\\/nino-caffe-painting\\\/\",\"url\":\"https:\\\/\\\/egidimadeinitaly.com\\\/en\\\/product\\\/modern-art\\\/modern-work-on-paper-en\\\/nino-caffe-painting\\\/\",\"name\":\"Nino Caff\u00e8 painting - Egidi MadeinItaly\",\"isPartOf\":{\"@id\":\"https:\\\/\\\/egidimadeinitaly.com\\\/en\\\/#website\"},\"primaryImageOfPage\":{\"@id\":\"https:\\\/\\\/egidimadeinitaly.com\\\/en\\\/product\\\/modern-art\\\/modern-work-on-paper-en\\\/nino-caffe-painting\\\/#primaryimage\"},\"image\":{\"@id\":\"https:\\\/\\\/egidimadeinitaly.com\\\/en\\\/product\\\/modern-art\\\/modern-work-on-paper-en\\\/nino-caffe-painting\\\/#primaryimage\"},\"thumbnailUrl\":\"https:\\\/\\\/egidimadeinitaly.com\\\/v25\\\/wp-content\\\/uploads\\\/2023\\\/12\\\/Nino-Caffe-dipinto-scaled-e1704119937317.jpg\",\"datePublished\":\"2023-12-05T16:41:35+00:00\",\"dateModified\":\"2023-12-21T09:24:55+00:00\",\"description\":\"Nino Caff\u00e8 Mixed media on paper depicting vestments of a young priest. this very recurring subject to the artist is for sale on Egidi MadeinItaly\",\"breadcrumb\":{\"@id\":\"https:\\\/\\\/egidimadeinitaly.com\\\/en\\\/product\\\/modern-art\\\/modern-work-on-paper-en\\\/nino-caffe-painting\\\/#breadcrumb\"},\"inLanguage\":\"en-US\",\"potentialAction\":[{\"@type\":\"ReadAction\",\"target\":[\"https:\\\/\\\/egidimadeinitaly.com\\\/en\\\/product\\\/modern-art\\\/modern-work-on-paper-en\\\/nino-caffe-painting\\\/\"]}]},{\"@type\":\"ImageObject\",\"inLanguage\":\"en-US\",\"@id\":\"https:\\\/\\\/egidimadeinitaly.com\\\/en\\\/product\\\/modern-art\\\/modern-work-on-paper-en\\\/nino-caffe-painting\\\/#primaryimage\",\"url\":\"https:\\\/\\\/egidimadeinitaly.com\\\/v25\\\/wp-content\\\/uploads\\\/2023\\\/12\\\/Nino-Caffe-dipinto-scaled-e1704119937317.jpg\",\"contentUrl\":\"https:\\\/\\\/egidimadeinitaly.com\\\/v25\\\/wp-content\\\/uploads\\\/2023\\\/12\\\/Nino-Caffe-dipinto-scaled-e1704119937317.jpg\",\"width\":900,\"height\":900,\"caption\":\"Nino Caff\u00e8 painting\"},{\"@type\":\"BreadcrumbList\",\"@id\":\"https:\\\/\\\/egidimadeinitaly.com\\\/en\\\/product\\\/modern-art\\\/modern-work-on-paper-en\\\/nino-caffe-painting\\\/#breadcrumb\",\"itemListElement\":[{\"@type\":\"ListItem\",\"position\":1,\"name\":\"Home\",\"item\":\"https:\\\/\\\/egidimadeinitaly.com\\\/en\\\/\"},{\"@type\":\"ListItem\",\"position\":2,\"name\":\"Products\",\"item\":\"https:\\\/\\\/egidimadeinitaly.com\\\/en\\\/shop\\\/\"},{\"@type\":\"ListItem\",\"position\":3,\"name\":\"Modern art\",\"item\":\"https:\\\/\\\/egidimadeinitaly.com\\\/en\\\/product-category\\\/modern-art\\\/\"},{\"@type\":\"ListItem\",\"position\":4,\"name\":\"Modern work on paper\",\"item\":\"https:\\\/\\\/egidimadeinitaly.com\\\/en\\\/product-category\\\/modern-art\\\/modern-work-on-paper-en\\\/\"},{\"@type\":\"ListItem\",\"position\":5,\"name\":\"Nino Caff\u00e8 painting\"}]},{\"@type\":\"WebSite\",\"@id\":\"https:\\\/\\\/egidimadeinitaly.com\\\/en\\\/#website\",\"url\":\"https:\\\/\\\/egidimadeinitaly.com\\\/en\\\/\",\"name\":\"Egidi MadeinItaly\",\"description\":\"Fine Art\",\"potentialAction\":[{\"@type\":\"SearchAction\",\"target\":{\"@type\":\"EntryPoint\",\"urlTemplate\":\"https:\\\/\\\/egidimadeinitaly.com\\\/en\\\/?s={search_term_string}\"},\"query-input\":{\"@type\":\"PropertyValueSpecification\",\"valueRequired\":true,\"valueName\":\"search_term_string\"}}],\"inLanguage\":\"en-US\"}]}<\/script>\n<!-- \/ Yoast SEO Premium plugin. -->","yoast_head_json":{"title":"Nino Caff\u00e8 painting - Egidi MadeinItaly","description":"Nino Caff\u00e8 Mixed media on paper depicting vestments of a young priest. this very recurring subject to the artist is for sale on Egidi MadeinItaly","robots":{"index":"index","follow":"follow","max-snippet":"max-snippet:-1","max-image-preview":"max-image-preview:large","max-video-preview":"max-video-preview:-1"},"canonical":"https:\/\/egidimadeinitaly.com\/en\/product\/modern-art\/modern-work-on-paper-en\/nino-caffe-painting\/","og_locale":"en_US","og_type":"article","og_title":"Nino Caff\u00e8 painting","og_description":"Nino Caff\u00e8, painting on paper, mixed media.  Vestizione di un pretino (Vestments of a Young Priest) Signed bottom center: Caff\u00e8.  The piece's measurements including the frame are inch 18 \u00b9\/\u2082 x 11 \u00b9\/\u2082  Young priests in 1950s Rome were one of Nino Caff\u00e8's favorite painting subjects.","og_url":"https:\/\/egidimadeinitaly.com\/en\/product\/modern-art\/modern-work-on-paper-en\/nino-caffe-painting\/","og_site_name":"Egidi MadeinItaly","article_publisher":"https:\/\/www.facebook.com\/egidimadeinitaly\/","article_modified_time":"2023-12-21T09:24:55+00:00","og_image":[{"width":900,"height":900,"url":"https:\/\/egidimadeinitaly.com\/wp-content\/uploads\/2023\/12\/Nino-Caffe-dipinto-scaled-e1704119937317.jpg","type":"image\/jpeg"}],"schema":{"@context":"https:\/\/schema.org","@graph":[{"@type":"WebPage","@id":"https:\/\/egidimadeinitaly.com\/en\/negozio\/modern-art\/modern-work-on-paper-en\/nino-caffe-painting\/","url":"https:\/\/egidimadeinitaly.com\/en\/product\/modern-art\/modern-work-on-paper-en\/nino-caffe-painting\/","name":"Nino Caff\u00e8 painting - Egidi MadeinItaly","isPartOf":{"@id":"https:\/\/egidimadeinitaly.com\/en\/#website"},"primaryImageOfPage":{"@id":"https:\/\/egidimadeinitaly.com\/en\/product\/modern-art\/modern-work-on-paper-en\/nino-caffe-painting\/#primaryimage"},"image":{"@id":"https:\/\/egidimadeinitaly.com\/en\/product\/modern-art\/modern-work-on-paper-en\/nino-caffe-painting\/#primaryimage"},"thumbnailUrl":"https:\/\/egidimadeinitaly.com\/v25\/wp-content\/uploads\/2023\/12\/Nino-Caffe-dipinto-scaled-e1704119937317.jpg","datePublished":"2023-12-05T16:41:35+00:00","dateModified":"2023-12-21T09:24:55+00:00","description":"Nino Caff\u00e8 Mixed media on paper depicting vestments of a young priest. this very recurring subject to the artist is for sale on Egidi MadeinItaly","breadcrumb":{"@id":"https:\/\/egidimadeinitaly.com\/en\/product\/modern-art\/modern-work-on-paper-en\/nino-caffe-painting\/#breadcrumb"},"inLanguage":"en-US","potentialAction":[{"@type":"ReadAction","target":["https:\/\/egidimadeinitaly.com\/en\/product\/modern-art\/modern-work-on-paper-en\/nino-caffe-painting\/"]}]},{"@type":"ImageObject","inLanguage":"en-US","@id":"https:\/\/egidimadeinitaly.com\/en\/product\/modern-art\/modern-work-on-paper-en\/nino-caffe-painting\/#primaryimage","url":"https:\/\/egidimadeinitaly.com\/v25\/wp-content\/uploads\/2023\/12\/Nino-Caffe-dipinto-scaled-e1704119937317.jpg","contentUrl":"https:\/\/egidimadeinitaly.com\/v25\/wp-content\/uploads\/2023\/12\/Nino-Caffe-dipinto-scaled-e1704119937317.jpg","width":900,"height":900,"caption":"Nino Caff\u00e8 painting"},{"@type":"BreadcrumbList","@id":"https:\/\/egidimadeinitaly.com\/en\/product\/modern-art\/modern-work-on-paper-en\/nino-caffe-painting\/#breadcrumb","itemListElement":[{"@type":"ListItem","position":1,"name":"Home","item":"https:\/\/egidimadeinitaly.com\/en\/"},{"@type":"ListItem","position":2,"name":"Products","item":"https:\/\/egidimadeinitaly.com\/en\/shop\/"},{"@type":"ListItem","position":3,"name":"Modern art","item":"https:\/\/egidimadeinitaly.com\/en\/product-category\/modern-art\/"},{"@type":"ListItem","position":4,"name":"Modern work on paper","item":"https:\/\/egidimadeinitaly.com\/en\/product-category\/modern-art\/modern-work-on-paper-en\/"},{"@type":"ListItem","position":5,"name":"Nino Caff\u00e8 painting"}]},{"@type":"WebSite","@id":"https:\/\/egidimadeinitaly.com\/en\/#website","url":"https:\/\/egidimadeinitaly.com\/en\/","name":"Egidi MadeinItaly","description":"Fine Art","potentialAction":[{"@type":"SearchAction","target":{"@type":"EntryPoint","urlTemplate":"https:\/\/egidimadeinitaly.com\/en\/?s={search_term_string}"},"query-input":{"@type":"PropertyValueSpecification","valueRequired":true,"valueName":"search_term_string"}}],"inLanguage":"en-US"}]}},"_links":{"self":[{"href":"https:\/\/egidimadeinitaly.com\/en\/wp-json\/wp\/v2\/product\/117044","targetHints":{"allow":["GET"]}}],"collection":[{"href":"https:\/\/egidimadeinitaly.com\/en\/wp-json\/wp\/v2\/product"}],"about":[{"href":"https:\/\/egidimadeinitaly.com\/en\/wp-json\/wp\/v2\/types\/product"}],"wp:featuredmedia":[{"embeddable":true,"href":"https:\/\/egidimadeinitaly.com\/en\/wp-json\/wp\/v2\/media\/117022"}],"wp:attachment":[{"href":"https:\/\/egidimadeinitaly.com\/en\/wp-json\/wp\/v2\/media?parent=117044"}],"wp:term":[{"taxonomy":"product_brand","embeddable":true,"href":"https:\/\/egidimadeinitaly.com\/en\/wp-json\/wp\/v2\/product_brand?post=117044"},{"taxonomy":"product_cat","embeddable":true,"href":"https:\/\/egidimadeinitaly.com\/en\/wp-json\/wp\/v2\/product_cat?post=117044"},{"taxonomy":"product_tag","embeddable":true,"href":"https:\/\/egidimadeinitaly.com\/en\/wp-json\/wp\/v2\/product_tag?post=117044"}],"curies":[{"name":"wp","href":"https:\/\/api.w.org\/{rel}","templated":true}]}}